{"id":6665,"date":"2023-01-10T06:59:08","date_gmt":"2023-01-10T06:59:08","guid":{"rendered":"https:\/\/esraaslanlaw.com\/tajircilik-hukugy\/"},"modified":"2023-07-18T10:50:32","modified_gmt":"2023-07-18T10:50:32","slug":"tajircilik-hukugy","status":"publish","type":"page","link":"https:\/\/esraaslanlaw.com\/tm\/tajircilik-hukugy\/","title":{"rendered":"T\u00e4jir\u00e7ilik hukugy"},"content":{"rendered":"<section id=\"bt_bb_section69f4b804d3666\" class=\"bt_bb_section bt_bb_color_scheme_10 bt_bb_layout_boxed_1200 bt_bb_vertical_align_top bt_bb_top_spacing_large bt_bb_bottom_spacing_large\" style=\"; --section-primary-color:#ffffff; --section-secondary-color:#343b57;\" data-bt-override-class=\"null\"><div class=\"bt_bb_background_image_holder_wrapper\"><div class=\"bt_bb_background_image_holder btLazyLoadBackground\"  data-background_image_src=\"https:\/\/esraaslanlaw.com\/wp-content\/uploads\/2019\/10\/hero_about.jpg\" data-parallax-zoom-start=\"1\" data-parallax-zoom-end=\"1\" data-parallax-blur-start=\"0\" data-parallax-blur-end=\"0\" data-parallax-opacity-start=\"1\" data-parallax-opacity-end=\"1\" style=\" background-image: url(&#039;https:\/\/esraaslanlaw.com\/wp-content\/plugins\/bold-page-builder\/img\/blank.gif&#039;);\"><\/div><\/div><div class=\"bt_bb_port\"><div class=\"bt_bb_cell\"><div class=\"bt_bb_cell_inner\"><div class=\"bt_bb_row_wrapper\"><div  class=\"bt_bb_row\"  data-bt-override-class=\"{}\"><div  class=\"bt_bb_column col-md-12 col-ms-12 bt_bb_align_center bt_bb_animation_fade_in animate bt_bb_padding_normal bt_bb_animation_fade_in animate\"  data-width=\"12\"><div class=\"bt_bb_column_content bt_bb_vertical_align_top\"><div class=\"bt_bb_column_content_inner\"><div class=\"bt_bb_separator bt_bb_border_style_none bt_bb_bottom_spacing_medium bt_bb_hidden_xs bt_bb_hidden_ms bt_bb_hidden_sm\" data-bt-override-class=\"null\"><\/div><header data-bb-version=\"4.5.5\" class=\"bt_bb_headline bt_bb_subheadline_text_transform_default bt_bb_color_scheme_6 bt_bb_dash_none bt_bb_size_extralarge bt_bb_align_inherit\" style=\"; --primary-color:#ffffff; --secondary-color:#367eb5;\" data-bt-override-class=\"{&quot;bt_bb_align_&quot;:{&quot;current_class&quot;:&quot;bt_bb_align_inherit&quot;,&quot;xxl&quot;:&quot;inherit&quot;}}\"><h1 class=\"bt_bb_headline_tag\"><span class=\"bt_bb_headline_content\"><span>T\u00e4jir\u00e7ilik Hukugy<\/span><\/span><\/h1><\/header><div class=\"bt_bb_separator bt_bb_border_style_none bt_bb_bottom_spacing_normal bt_bb_hidden_xs bt_bb_hidden_ms bt_bb_hidden_sm\" data-bt-override-class=\"null\"><\/div><\/div><\/div><\/div><\/div><\/div><\/div><!-- cell_inner --><\/div><!-- cell --><\/div><!-- port --><\/section><section id=\"bt_bb_section69f4b804d3ea2\" class=\"bt_bb_section bt_bb_layout_boxed_1200 bt_bb_vertical_align_top bt_bb_top_spacing_normal bt_bb_bottom_spacing_normal bt_bb_negative_margin_large\"  data-bt-override-class=\"null\"><div class=\"bt_bb_port\"><div class=\"bt_bb_cell\"><div class=\"bt_bb_cell_inner\"><div class=\"bt_bb_row_wrapper\"><div  class=\"bt_bb_row\"  data-bt-override-class=\"{}\"><div  class=\"bt_bb_column col-md-12 col-ms-12 bt_bb_align_left bt_bb_padding_normal\"  data-width=\"12\"><div class=\"bt_bb_column_content bt_bb_vertical_align_top\"><div class=\"bt_bb_column_content_inner\"><div class=\"bt_bb_separator bt_bb_border_style_none bt_bb_bottom_spacing_large bt_bb_hidden_xs bt_bb_hidden_ms bt_bb_hidden_sm\" data-bt-override-class=\"null\"><\/div><\/div><\/div><\/div><\/div><\/div><div class=\"bt_bb_row_wrapper\"><div  class=\"bt_bb_row bt_bb_layout_special btOverlapLeft\"  data-bt-override-class=\"{}\"><div  class=\"bt_bb_column col-md-8 col-ms-12 bt_bb_align_left bt_bb_animation_fade_in animate bt_bb_padding_normal bt_bb_animation_fade_in animate\"  data-width=\"8\"><div class=\"bt_bb_column_content bt_bb_vertical_align_top\"><div class=\"bt_bb_column_content_inner\"><div class=\"bt_bb_separator bt_bb_border_style_none bt_bb_bottom_spacing_normal\" data-bt-override-class=\"null\"><\/div><div  class=\"bt_bb_text\" ><p>S\u00f6wda kanuny t\u00e4jir\u00e7ilik amallaryny kadala\u015fdyr\u00fdan kanuny\u0148 \u015fahasydyr.<\/p>\n<p>Bu makalada t\u00e4jir\u00e7ilik hukugy meselelerine, t\u00e4jir\u00e7ilik hukuk aklaw\u00e7ysyna we t\u00e4jir\u00e7ilik hukuk a\u00fdratynlyklaryna \u00fcns bereris.<\/p>\n<p>S\u00f6wda kanunlary:<\/p>\n<ul>\n<li><strong>S\u00f6wda kompani\u00fdalary:<\/strong> S\u00f6wda kanuny s\u00f6wda kompani\u00fdalary bilen baglany\u015fykly meseleleri d\u00fczg\u00fcnle\u015fdir\u00fd\u00e4r. Mysal \u00fc\u00e7in, pa\u00fddarlar jemgy\u00fdetleri, kooperatiwler \u00fdaly t\u00e4jir\u00e7ilik kompani\u00fdalary t\u00e4jir\u00e7ilik kanunlaryna degi\u015flidir.<\/li>\n<li><strong>S\u00f6wda \u015fertnamalary:<\/strong> S\u00f6wda kanuny t\u00e4jir\u00e7ilik \u015fertnamalary bilen baglany\u015fykly meseleleri d\u00fczg\u00fcnle\u015fdir\u00fd\u00e4r. Mysal \u00fc\u00e7in, satuw \u015fertnamalary, satyn aly\u015f \u015fertnamalary \u00fdaly t\u00e4jir\u00e7ilik \u015fertnamalary t\u00e4jir\u00e7ilik kanunlaryna degi\u015flidir.<\/li>\n<li><strong>S\u00f6wda d\u00fczg\u00fcni:<\/strong> S\u00f6wda kanuny t\u00e4jir\u00e7ilik re regimeimi bilen baglany\u015fykly meseleleri d\u00fczg\u00fcnle\u015fdir\u00fd\u00e4r. Mysal \u00fc\u00e7in, s\u00f6wdany liberalla\u015fdyrmak we s\u00f6wdany kadala\u015fdyrmak \u00fdaly s\u00f6wda re regimeimi meseleleri t\u00e4jir\u00e7ilik kanunlaryny\u0148 temasydyr.<\/li>\n<li><strong>S\u00f6wda d\u00fczg\u00fcnle\u015fdirmesi:<\/strong> S\u00f6wda kanuny s\u00f6wdany kadala\u015fdyrmak bilen baglany\u015fykly meseleleri d\u00fczg\u00fcnle\u015fdir\u00fd\u00e4r. Mysal \u00fc\u00e7in, s\u00f6wdany\u0148 \u00f6\u0148\u00fcni almak we s\u00f6wdany azaltmak \u00fdaly s\u00f6wdany d\u00fczg\u00fcnle\u015fdirmek meseleleri t\u00e4jir\u00e7ilik kanunlaryny\u0148 temasydyr.<\/li>\n<\/ul>\n<p><strong>S\u00f6wda kanuny<\/strong>, Bu, s\u00f6wda amallaryny kadala\u015fdyr\u00fdan we s\u00f6wda kompani\u00fdalary, t\u00e4jir\u00e7ilik \u015fertnamalary, s\u00f6wda d\u00fczg\u00fcni we s\u00f6wdany kadala\u015fdyrmak \u00fdaly meseleleri d\u00fczg\u00fcnle\u015fdir\u00fd\u00e4n kanuny\u0148 \u015fahasydyr. \u015ee\u00fdlelik bilen, s\u00f6wda amallary kanuna la\u00fdyklykda amala a\u015fyryl\u00fdar we adalat \u00fcpj\u00fcn edil\u00fd\u00e4r.<\/p>\n<h3>S\u00f6wda kanuny a\u00fdratynlyklary<\/h3>\n<p>S\u00f6wda kanuny a\u00fdratynlyklary \u015fulary \u00f6z i\u00e7ine al\u00fdar:<\/p>\n<ol>\n<li>S\u00f6wda d\u00fczg\u00fcnle\u015fdir\u00fd\u00e4n kanun b\u00f6l\u00fcmi<\/li>\n<\/ol>\n<p>S\u00f6wda kanuny t\u00e4jir\u00e7ilik amallaryny kadala\u015fdyr\u00fdan we \u015fonu\u0148 \u00fc\u00e7in s\u00f6wdany d\u00fczg\u00fcnle\u015fdir\u00fd\u00e4n kanuny\u0148 \u015fahasydyr.<\/p>\n<ol start=\"2\">\n<li>I\u015f amallaryny \u00f6z i\u00e7ine al\u00fdar<\/li>\n<\/ol>\n<p>S\u00f6wda kanuny t\u00e4jir\u00e7ilik amallaryny \u00f6z i\u00e7ine al\u00fdar we \u015fonu\u0148 \u00fc\u00e7in t\u00e4jir\u00e7ilik amallary bilen baglany\u015fykly meseleleri d\u00fczg\u00fcnle\u015fdir\u00fd\u00e4r.<\/p>\n<ol start=\"3\">\n<li>hususy hukuk b\u00f6l\u00fcmi<\/li>\n<\/ol>\n<p>S\u00f6wda kanuny hususy kanunlary\u0148 bir \u015fahasy bolup, \u015fonu\u0148 \u00fc\u00e7in hususy kanunlary\u0148 kadalaryna la\u00fdyklykda d\u00fczg\u00fcnle\u015fdiril\u00fd\u00e4r.<\/p>\n<ol start=\"4\">\n<li>S\u00f6wda kompani\u00fdalaryna degi\u015flidir<\/li>\n<\/ol>\n<p>S\u00f6wda kanuny s\u00f6wda kompani\u00fdalaryna degi\u015flidir we \u015fonu\u0148 \u00fc\u00e7in s\u00f6wda kompani\u00fdalary bilen baglany\u015fykly meseleleri d\u00fczg\u00fcnle\u015fdir\u00fd\u00e4r.<\/p>\n<ol start=\"5\">\n<li>S\u00f6wda \u015fertnamalaryna degi\u015flidir<\/li>\n<\/ol>\n<p><strong>S\u00f6wda kanuny<\/strong>,S\u00f6wda \u015fertnamalaryna degi\u015flidir we \u015fonu\u0148 \u00fc\u00e7in s\u00f6wda \u015fertnamasy meselelerini d\u00fczg\u00fcnle\u015fdir\u00fd\u00e4r.<\/p>\n<p>S\u00f6wda kanuny s\u00f6wda, t\u00e4jir\u00e7ilik amallaryny, s\u00f6wda kompani\u00fdalaryny we t\u00e4jir\u00e7ilik \u015fertnamalaryny d\u00fczg\u00fcnle\u015fdir\u00fd\u00e4r. Bu a\u00fdratynlyklary\u0148 k\u00f6megi bilen t\u00e4jir\u00e7ilik kanuny t\u00e4jir\u00e7ilik amallaryny kanuna la\u00fdyklykda kadala\u015fdyr\u00fdar we adalaty \u00fcpj\u00fcn ed\u00fd\u00e4r.<\/p>\n<h2>S\u00f6wda hukuk aklaw\u00e7ysy<\/h2>\n<p><strong>t\u00e4jir\u00e7ilik aklaw\u00e7ysy,<\/strong>T\u00e4jir\u00e7ilik hukugy meselelerinde hukuk maslahatyny we goragy \u00fcpj\u00fcn ed\u00fd\u00e4n aklaw\u00e7y. S\u00f6wda hukuk aklaw\u00e7ysy s\u00f6wda kompani\u00fdalary, t\u00e4jir\u00e7ilik \u015fertnamalary, s\u00f6wda re regimeimi we s\u00f6wdany d\u00fczg\u00fcnle\u015fdirmek \u00fdaly meselelerde maslahat bermek arkaly s\u00f6wdada adalatlylygy we tertip-d\u00fczg\u00fcni \u00fcpj\u00fcn ed\u00fd\u00e4r. \u015eonu\u0148 \u00fc\u00e7in bu \u00f6r\u00e4n m\u00f6h\u00fcmdir.<\/p>\n<h3>S\u00f6wda hukugyny\u0148 k\u00e4bir temalary:<\/h3>\n<h4>S\u00f6wda biznesi kanuny<\/h4>\n<p>S\u00f6wda biznesi kanuny, bir \u00fdurtdaky teleke\u00e7ilik k\u00e4rhanalaryny\u0148 i\u015fine degi\u015fli kanunlary \u00f6z i\u00e7ine al\u00fdan kanuny\u0148 bir \u015fahasydyr. S\u00f6wda biznes kanuny s\u00f6wda kompani\u00fdalary, kooperatiwler we k\u00f6p\u00e7\u00fclikle\u00fdin k\u00e4rhanalar \u00fdaly t\u00e4jir\u00e7ilik k\u00e4rhanalaryny\u0148 hukuk gurlu\u015fyny we hukuk kadalaryny \u00f6z i\u00e7ine al\u00fdar. Mundan ba\u015fga-da, t\u00e4jir\u00e7ilik k\u00e4rhanalaryny dolandyrmak, t\u00e4jir\u00e7ilik k\u00e4rhanalaryny\u0148 arasyndaky amallar, t\u00e4jir\u00e7ilik k\u00e4rhanalaryny\u0148 i\u015fg\u00e4rleri bilen baglany\u015fykly kanuny d\u00fczg\u00fcnler we t\u00e4jir\u00e7ilik k\u00e4rhanalaryny\u0148 d\u00fcrli bor\u00e7namalary t\u00e4jir\u00e7ilik k\u00e4rhanalaryny\u0148 kanunlaryny\u0148 \u00e7\u00e4ginde hem bahalandyryl\u00fdar. S\u00f6wda biznesi kanuny hususy kanuny\u0148 ki\u00e7i b\u00f6l\u00fcmi hasaplan\u00fdar. S\u00f6wda biznesi kanuny bir \u00fdurtdaky teleke\u00e7ilik k\u00e4rhanalaryna netijeli i\u015flem\u00e4ge we b\u00e4sde\u015flige ukyplylygyny saklamak arkaly ykdysady \u00f6s\u00fc\u015fe go\u015fant go\u015fmaga m\u00fcmkin\u00e7ilik ber\u00fd\u00e4r.<\/p>\n<h4>De\u0148iz kanuny<\/h4>\n<p>De\u0148iz kanuny de\u0148iz transporty we de\u0148iz s\u00f6wdasy bilen baglany\u015fykly hukuk kadalaryny \u00f6z i\u00e7ine al\u00fdan kanuny\u0148 bir \u015fahasydyr. De\u0148iz kanuny de\u0148iz transporty bilen me\u015fgullan\u00fdan g\u00e4mileri\u0148 gurlu\u015fy, howpsuzlygy, i\u015f \u015fertleri we jogapk\u00e4r\u00e7iligi \u00fdaly meseleleri \u00f6z i\u00e7ine al\u00fdar. Mundan ba\u015fga-da, de\u0148iz s\u00f6wdasynda ulanyl\u00fdan \u015fertnamalar, ulag \u015fertnamalary, \u00e4ti\u00fda\u00e7landyry\u015flar we de\u0148iz s\u00f6wdasy bilen baglany\u015fykly be\u00fdleki kanuny d\u00fczg\u00fcnler de\u0148iz s\u00f6wda kanunlaryny\u0148 \u00e7\u00e4ginde hem g\u00f6z \u00f6\u0148\u00fcnde tutul\u00fdar. De\u0148iz hukugy halkara hukugyny\u0148 ki\u00e7i b\u00f6l\u00fcmi hasaplan\u00fdar we de\u0148iz transporty we de\u0148iz s\u00f6wdasy bilen baglany\u015fykly kanuny d\u00fczg\u00fcnleri\u0148 \u00fderine \u00fdetirilmegini \u00fcpj\u00fcn ed\u00fd\u00e4r. De\u0148iz kanuny d\u00fcrli halkara konwensi\u00fdalary we de\u0148iz transporty we de\u0148iz s\u00f6wdasy bilen baglany\u015fykly \u015fertnamalar bilen d\u00fczg\u00fcnle\u015fdiril\u00fd\u00e4r. Bu \u015fertnamalary\u0148 arasynda De\u0148iz t\u00e4jir\u00e7ilik hukugy \u015fertnamasy i\u0148 m\u00f6h\u00fcmdir.<\/p>\n<h4>Insuranceti\u00fda\u00e7landyry\u015f kanuny<\/h4>\n<p>Insuranceti\u00fda\u00e7landyry\u015f kanuny \u00e4ti\u00fda\u00e7landyry\u015f amallary bilen baglany\u015fykly kanuny d\u00fczg\u00fcnleri \u00f6z i\u00e7ine al\u00fdan kanuny\u0148 bir \u015fahasydyr. Insuranceti\u00fda\u00e7landyry\u015f kanuny \u00e4ti\u00fda\u00e7landyry\u015f \u015fertnamalary, ga\u00fdtadan \u00fdazmak, \u00e4ti\u00fda\u00e7landyry\u015f t\u00f6legleri, \u00e4ti\u00fda\u00e7landyrylan jogapk\u00e4r\u00e7ilikler we \u00e4ti\u00fda\u00e7landyry\u015f kompani\u00fdalaryny\u0148 jogapk\u00e4r\u00e7iligi \u00fdaly temalary \u00f6z i\u00e7ine al\u00fdar. Insuranceti\u00fda\u00e7landyry\u015f kanuny \u015fahsy\u00fdetleri\u0148 we edaralary\u0148 \u00e4ti\u00fda\u00e7landyry\u015f amallarynda ulanyl\u00fdan kanuny d\u00fczg\u00fcnleri bilen belli bir t\u00f6legi\u0148 \u00f6wezine \u00e4ti\u00fda\u00e7landyry\u015f kompani\u00fdalary \u00fc\u00e7in belli bir t\u00f6wekgel\u00e7iligi \u00fcpj\u00fcn ed\u00fd\u00e4r. Insuranceti\u00fda\u00e7landyry\u015f kanuny hususy kanuny\u0148 ki\u00e7i b\u00f6l\u00fcmi hasaplan\u00fdar we \u00e4ti\u00fda\u00e7landyry\u015f amallary bilen baglany\u015fykly kanuny d\u00fczg\u00fcnleri\u0148 \u00fderine \u00fdetirilmegini \u00fcpj\u00fcn ed\u00fd\u00e4r. \u00e4ti\u00fda\u00e7landyry\u015f amallaryny\u0148 ygtybarly we adalatly \u00fderine \u00fdetirilmegini \u00fcpj\u00fcn ed\u00fd\u00e4r, \u015fe\u00fdle hem \u00e4ti\u00fda\u00e7landyry\u015f amallarynda taraplary\u0148 arasynda \u00fd\u00fcze \u00e7ykyp biljek jedelleri\u0148 \u00e7\u00f6z\u00fclmeginde m\u00f6h\u00fcm rol o\u00fdna\u00fdar.<\/p>\n<h4>Geple\u015fik resminamalary kanuny<\/h4>\n<p>Geple\u015fik gurallary kanuny, geple\u015fik gurallaryny\u0148 kanuny kadalaryny \u00f6z i\u00e7ine al\u00fdan bir \u015fahadyr. Geple\u015fik resminamalary belli bir gymmaty bolan we d\u00fcrli hukuklary be\u00fdan ed\u00fd\u00e4n resminamalardyr. Geple\u015fik resminamalarynda pa\u00fdnamalar, obligasi\u00fdalar we hasapla\u015fyklar, karz we debet kartlary, \u00e7ekler, wekseller we eml\u00e4k resminamalary bar. Geple\u015fik gurallary kanuny, resminamalary bermek, bermek, bermek, \u00fc\u00fdtgetmek we t\u00f6lemek \u00fdaly meseleleri \u00f6z i\u00e7ine al\u00fdar. Mundan ba\u015fga-da, gymmatly kagyzlardaky hukuklary goramak we ge\u00e7irmek, gymmatly kagyzlary\u0148 ogurlanmagy we bankrot kanuny \u00fdaly meseleler gymmatly kagyzlar kanunyny\u0148 \u00e7\u00e4ginde hem bahalandyryl\u00fdar.<\/p>\n<h4>Korporatiw hukuk<\/h4>\n<p><strong>korporatiw kanunlar<\/strong>, Bu, bir \u00fdurtdaky kompani\u00fdalary\u0148 hukuk gurlu\u015fyny we i\u015fini \u00f6z i\u00e7ine al\u00fdan kanun \u015fahasydyr.<\/p>\n<\/div><\/div><\/div><\/div><div  class=\"bt_bb_column col-md-4 col-ms-12 bt_bb_align_left bt_bb_animation_fade_in animate bt_bb_icon_color_scheme_6 bt_bb_padding_normal bt_bb_animation_fade_in animate\"  data-width=\"4\"><div class=\"bt_bb_column_content bt_bb_vertical_align_top\"><div class=\"bt_bb_column_content_inner\"><header data-bb-version=\"4.5.5\" class=\"bt_bb_headline bt_bb_subheadline_text_transform_default bt_bb_color_scheme_14 bt_bb_dash_none bt_bb_size_normal bt_bb_align_inherit\" style=\"; --primary-color:#343b57; --secondary-color:#367eb5;\" data-bt-override-class=\"{&quot;bt_bb_align_&quot;:{&quot;current_class&quot;:&quot;bt_bb_align_inherit&quot;,&quot;xxl&quot;:&quot;inherit&quot;}}\"><h5 class=\"bt_bb_headline_tag\"><span class=\"bt_bb_headline_content\"><span>Be\u00fdleki Hyzmatlarymyz<\/span><\/span><\/h5><\/header><div class=\"bt_bb_separator bt_bb_border_style_none bt_bb_bottom_spacing_small\" data-bt-override-class=\"null\"><\/div><div class=\"bt_bb_link\"><a href=\"http:\/\/esraaslanlaw.com\/aile-hukuku\/\" target=\"_self\" class=\"bt_bb_link_content\" title=\"Ma\u015fgala kanuny\"><span class=\"bt_bb_link_text\">Ma\u015fgala kanuny<\/span><\/a><\/div><div class=\"bt_bb_separator bt_bb_border_style_none\" data-bt-override-class=\"null\"><\/div><div class=\"bt_bb_link\"><a href=\"http:\/\/esraaslanlaw.com\/ceza-hukuku\/\" target=\"_self\" class=\"bt_bb_link_content\" title=\"Jena\u00fdat kanuny\"><span class=\"bt_bb_link_text\">Jena\u00fdat kanuny<\/span><\/a><\/div><div class=\"bt_bb_separator bt_bb_border_style_none\" data-bt-override-class=\"null\"><\/div><div class=\"bt_bb_link\"><a href=\"http:\/\/esraaslanlaw.com\/gayrimenkul-hukuku\/\" target=\"_self\" class=\"bt_bb_link_content\" title=\"Gozgalma\u00fdan eml\u00e4k kanuny\"><span class=\"bt_bb_link_text\">Gozgalma\u00fdan eml\u00e4k kanuny<\/span><\/a><\/div><div class=\"bt_bb_separator bt_bb_border_style_none\" data-bt-override-class=\"null\"><\/div><div class=\"bt_bb_link\"><a href=\"http:\/\/esraaslanlaw.com\/idare-hukuku\/\" target=\"_self\" class=\"bt_bb_link_content\" title=\"Galplyk kanuny\"><span class=\"bt_bb_link_text\">Galplyk kanuny<\/span><\/a><\/div><div class=\"bt_bb_separator bt_bb_border_style_none\" data-bt-override-class=\"null\"><\/div><div class=\"bt_bb_link\"><a href=\"http:\/\/esraaslanlaw.com\/is-hukuku\/\" target=\"_self\" class=\"bt_bb_link_content\" title=\"I\u015few\u00fcrlik kanuny\"><span class=\"bt_bb_link_text\">I\u015few\u00fcrlik kanuny<\/span><\/a><\/div><div class=\"bt_bb_separator bt_bb_border_style_none\" data-bt-override-class=\"null\"><\/div><div class=\"bt_bb_link\"><a href=\"http:\/\/esraaslanlaw.com\/miras-hukuku\/\" target=\"_self\" class=\"bt_bb_link_content\" title=\"Miras kanuny\"><span class=\"bt_bb_link_text\">Miras kanuny<\/span><\/a><\/div><div class=\"bt_bb_separator bt_bb_border_style_none\" data-bt-override-class=\"null\"><\/div><div class=\"bt_bb_link\"><a href=\"http:\/\/esraaslanlaw.com\/sigorta-ve-tazminat-hukuku\/\" target=\"_self\" class=\"bt_bb_link_content\" title=\"Insuranceti\u00fda\u00e7landyry\u015f we \u00f6wezini dolmak kanuny\"><span class=\"bt_bb_link_text\">Insuranceti\u00fda\u00e7landyry\u015f we \u00f6wezini dolmak kanuny<\/span><\/a><\/div><div class=\"bt_bb_separator bt_bb_border_style_none\" data-bt-override-class=\"null\"><\/div><div class=\"bt_bb_link\"><a href=\"http:\/\/esraaslanlaw.com\/ticaret-hukuku\/\" target=\"_self\" class=\"bt_bb_link_content\" title=\"T\u00e4jir\u00e7ilik hukugy\"><span class=\"bt_bb_link_text\">T\u00e4jir\u00e7ilik hukugy<\/span><\/a><\/div><div class=\"bt_bb_separator bt_bb_border_style_none\" data-bt-override-class=\"null\"><\/div><\/div><\/div><\/div><\/div><\/div><\/div><!-- cell_inner --><\/div><!-- cell --><\/div><!-- port --><\/section>","protected":false},"excerpt":{"rendered":"","protected":false},"author":1,"featured_media":0,"parent":0,"menu_order":0,"comment_status":"closed","ping_status":"closed","template":"","meta":[],"yoast_head":"<!-- This site is optimized with the Yoast SEO plugin v20.12 - https:\/\/yoast.com\/wordpress\/plugins\/seo\/ -->\n<title>T\u00e4jir\u00e7ilik hukugy - Avukat Esra Aslan<\/title>\n<meta name=\"robots\" content=\"index, follow, max-snippet:-1, max-image-preview:large, max-video-preview:-1\" \/>\n<link rel=\"canonical\" href=\"https:\/\/esraaslanlaw.com\/tm\/tajircilik-hukugy\/\" \/>\n<meta property=\"og:locale\" content=\"en_US\" \/>\n<meta property=\"og:type\" content=\"article\" \/>\n<meta property=\"og:title\" content=\"T\u00e4jir\u00e7ilik hukugy - Avukat Esra Aslan\" \/>\n<meta property=\"og:url\" content=\"https:\/\/esraaslanlaw.com\/tm\/tajircilik-hukugy\/\" \/>\n<meta property=\"og:site_name\" content=\"Avukat Esra Aslan\" \/>\n<meta property=\"article:modified_time\" content=\"2023-07-18T10:50:32+00:00\" \/>\n<meta name=\"twitter:card\" content=\"summary_large_image\" \/>\n<meta name=\"twitter:label1\" content=\"Est. reading time\" \/>\n\t<meta name=\"twitter:data1\" content=\"8 minutes\" \/>\n<script type=\"application\/ld+json\" class=\"yoast-schema-graph\">{\"@context\":\"https:\/\/schema.org\",\"@graph\":[{\"@type\":\"WebPage\",\"@id\":\"https:\/\/esraaslanlaw.com\/tm\/tajircilik-hukugy\/\",\"url\":\"https:\/\/esraaslanlaw.com\/tm\/tajircilik-hukugy\/\",\"name\":\"T\u00e4jir\u00e7ilik hukugy - Avukat Esra Aslan\",\"isPartOf\":{\"@id\":\"https:\/\/esraaslanlaw.com\/#website\"},\"datePublished\":\"2023-01-10T06:59:08+00:00\",\"dateModified\":\"2023-07-18T10:50:32+00:00\",\"breadcrumb\":{\"@id\":\"https:\/\/esraaslanlaw.com\/tm\/tajircilik-hukugy\/#breadcrumb\"},\"inLanguage\":\"tm-TM\",\"potentialAction\":[{\"@type\":\"ReadAction\",\"target\":[\"https:\/\/esraaslanlaw.com\/tm\/tajircilik-hukugy\/\"]}]},{\"@type\":\"BreadcrumbList\",\"@id\":\"https:\/\/esraaslanlaw.com\/tm\/tajircilik-hukugy\/#breadcrumb\",\"itemListElement\":[{\"@type\":\"ListItem\",\"position\":1,\"name\":\"Anasayfa\",\"item\":\"https:\/\/esraaslanlaw.com\/tm\/\"},{\"@type\":\"ListItem\",\"position\":2,\"name\":\"T\u00e4jir\u00e7ilik hukugy\"}]},{\"@type\":\"WebSite\",\"@id\":\"https:\/\/esraaslanlaw.com\/#website\",\"url\":\"https:\/\/esraaslanlaw.com\/\",\"name\":\"Avukat Esra Aslan\",\"description\":\"\",\"publisher\":{\"@id\":\"https:\/\/esraaslanlaw.com\/#organization\"},\"potentialAction\":[{\"@type\":\"SearchAction\",\"target\":{\"@type\":\"EntryPoint\",\"urlTemplate\":\"https:\/\/esraaslanlaw.com\/?s={search_term_string}\"},\"query-input\":\"required name=search_term_string\"}],\"inLanguage\":\"tm-TM\"},{\"@type\":\"Organization\",\"@id\":\"https:\/\/esraaslanlaw.com\/#organization\",\"name\":\"Avukat Esra Aslan\",\"url\":\"https:\/\/esraaslanlaw.com\/\",\"logo\":{\"@type\":\"ImageObject\",\"inLanguage\":\"tm-TM\",\"@id\":\"https:\/\/esraaslanlaw.com\/#\/schema\/logo\/image\/\",\"url\":\"http:\/\/esraaslanlaw.com\/wp-content\/uploads\/2022\/12\/logo-aslan-demir-hukuk.png\",\"contentUrl\":\"http:\/\/esraaslanlaw.com\/wp-content\/uploads\/2022\/12\/logo-aslan-demir-hukuk.png\",\"width\":531,\"height\":190,\"caption\":\"Avukat Esra Aslan\"},\"image\":{\"@id\":\"https:\/\/esraaslanlaw.com\/#\/schema\/logo\/image\/\"}}]}<\/script>\n<!-- \/ Yoast SEO plugin. -->","yoast_head_json":{"title":"T\u00e4jir\u00e7ilik hukugy - Avukat Esra Aslan","robots":{"index":"index","follow":"follow","max-snippet":"max-snippet:-1","max-image-preview":"max-image-preview:large","max-video-preview":"max-video-preview:-1"},"canonical":"https:\/\/esraaslanlaw.com\/tm\/tajircilik-hukugy\/","og_locale":"en_US","og_type":"article","og_title":"T\u00e4jir\u00e7ilik hukugy - Avukat Esra Aslan","og_url":"https:\/\/esraaslanlaw.com\/tm\/tajircilik-hukugy\/","og_site_name":"Avukat Esra Aslan","article_modified_time":"2023-07-18T10:50:32+00:00","twitter_card":"summary_large_image","twitter_misc":{"Est. reading time":"8 minutes"},"schema":{"@context":"https:\/\/schema.org","@graph":[{"@type":"WebPage","@id":"https:\/\/esraaslanlaw.com\/tm\/tajircilik-hukugy\/","url":"https:\/\/esraaslanlaw.com\/tm\/tajircilik-hukugy\/","name":"T\u00e4jir\u00e7ilik hukugy - Avukat Esra Aslan","isPartOf":{"@id":"https:\/\/esraaslanlaw.com\/#website"},"datePublished":"2023-01-10T06:59:08+00:00","dateModified":"2023-07-18T10:50:32+00:00","breadcrumb":{"@id":"https:\/\/esraaslanlaw.com\/tm\/tajircilik-hukugy\/#breadcrumb"},"inLanguage":"tm-TM","potentialAction":[{"@type":"ReadAction","target":["https:\/\/esraaslanlaw.com\/tm\/tajircilik-hukugy\/"]}]},{"@type":"BreadcrumbList","@id":"https:\/\/esraaslanlaw.com\/tm\/tajircilik-hukugy\/#breadcrumb","itemListElement":[{"@type":"ListItem","position":1,"name":"Anasayfa","item":"https:\/\/esraaslanlaw.com\/tm\/"},{"@type":"ListItem","position":2,"name":"T\u00e4jir\u00e7ilik hukugy"}]},{"@type":"WebSite","@id":"https:\/\/esraaslanlaw.com\/#website","url":"https:\/\/esraaslanlaw.com\/","name":"Avukat Esra Aslan","description":"","publisher":{"@id":"https:\/\/esraaslanlaw.com\/#organization"},"potentialAction":[{"@type":"SearchAction","target":{"@type":"EntryPoint","urlTemplate":"https:\/\/esraaslanlaw.com\/?s={search_term_string}"},"query-input":"required name=search_term_string"}],"inLanguage":"tm-TM"},{"@type":"Organization","@id":"https:\/\/esraaslanlaw.com\/#organization","name":"Avukat Esra Aslan","url":"https:\/\/esraaslanlaw.com\/","logo":{"@type":"ImageObject","inLanguage":"tm-TM","@id":"https:\/\/esraaslanlaw.com\/#\/schema\/logo\/image\/","url":"http:\/\/esraaslanlaw.com\/wp-content\/uploads\/2022\/12\/logo-aslan-demir-hukuk.png","contentUrl":"http:\/\/esraaslanlaw.com\/wp-content\/uploads\/2022\/12\/logo-aslan-demir-hukuk.png","width":531,"height":190,"caption":"Avukat Esra Aslan"},"image":{"@id":"https:\/\/esraaslanlaw.com\/#\/schema\/logo\/image\/"}}]}},"_links":{"self":[{"href":"https:\/\/esraaslanlaw.com\/tm\/wp-json\/wp\/v2\/pages\/6665"}],"collection":[{"href":"https:\/\/esraaslanlaw.com\/tm\/wp-json\/wp\/v2\/pages"}],"about":[{"href":"https:\/\/esraaslanlaw.com\/tm\/wp-json\/wp\/v2\/types\/page"}],"author":[{"embeddable":true,"href":"https:\/\/esraaslanlaw.com\/tm\/wp-json\/wp\/v2\/users\/1"}],"replies":[{"embeddable":true,"href":"https:\/\/esraaslanlaw.com\/tm\/wp-json\/wp\/v2\/comments?post=6665"}],"version-history":[{"count":2,"href":"https:\/\/esraaslanlaw.com\/tm\/wp-json\/wp\/v2\/pages\/6665\/revisions"}],"predecessor-version":[{"id":7013,"href":"https:\/\/esraaslanlaw.com\/tm\/wp-json\/wp\/v2\/pages\/6665\/revisions\/7013"}],"wp:attachment":[{"href":"https:\/\/esraaslanlaw.com\/tm\/wp-json\/wp\/v2\/media?parent=6665"}],"curies":[{"name":"wp","href":"https:\/\/api.w.org\/{rel}","templated":true}]}}