{"id":6664,"date":"2023-01-10T06:53:42","date_gmt":"2023-01-10T06:53:42","guid":{"rendered":"https:\/\/esraaslanlaw.com\/insurancetiyaclandyrys-we-owezini-dolmak-kanuny\/"},"modified":"2023-07-18T10:49:52","modified_gmt":"2023-07-18T10:49:52","slug":"insurancetiyaclandyrys-we-owezini-dolmak-kanuny","status":"publish","type":"page","link":"https:\/\/esraaslanlaw.com\/tm\/insurancetiyaclandyrys-we-owezini-dolmak-kanuny\/","title":{"rendered":"Insuranceti\u00fda\u00e7landyry\u015f we \u00f6wezini dolmak kanuny"},"content":{"rendered":"<section id=\"bt_bb_section69f9f346084c7\" class=\"bt_bb_section bt_bb_color_scheme_10 bt_bb_layout_boxed_1200 bt_bb_vertical_align_top bt_bb_top_spacing_large bt_bb_bottom_spacing_large\" style=\"; --section-primary-color:#ffffff; --section-secondary-color:#343b57;\" data-bt-override-class=\"null\"><div class=\"bt_bb_background_image_holder_wrapper\"><div class=\"bt_bb_background_image_holder btLazyLoadBackground\"  data-background_image_src=\"https:\/\/esraaslanlaw.com\/wp-content\/uploads\/2019\/10\/hero_about.jpg\" data-parallax-zoom-start=\"1\" data-parallax-zoom-end=\"1\" data-parallax-blur-start=\"0\" data-parallax-blur-end=\"0\" data-parallax-opacity-start=\"1\" data-parallax-opacity-end=\"1\" style=\" background-image: url(&#039;https:\/\/esraaslanlaw.com\/wp-content\/plugins\/bold-page-builder\/img\/blank.gif&#039;);\"><\/div><\/div><div class=\"bt_bb_port\"><div class=\"bt_bb_cell\"><div class=\"bt_bb_cell_inner\"><div class=\"bt_bb_row_wrapper\"><div  class=\"bt_bb_row\"  data-bt-override-class=\"{}\"><div  class=\"bt_bb_column col-md-12 col-ms-12 bt_bb_align_center bt_bb_animation_fade_in animate bt_bb_padding_normal bt_bb_animation_fade_in animate\"  data-width=\"12\"><div class=\"bt_bb_column_content bt_bb_vertical_align_top\"><div class=\"bt_bb_column_content_inner\"><div class=\"bt_bb_separator bt_bb_border_style_none bt_bb_bottom_spacing_medium bt_bb_hidden_xs bt_bb_hidden_ms bt_bb_hidden_sm\" data-bt-override-class=\"null\"><\/div><header data-bb-version=\"4.5.5\" class=\"bt_bb_headline bt_bb_subheadline_text_transform_default bt_bb_color_scheme_6 bt_bb_dash_none bt_bb_size_extralarge bt_bb_align_inherit\" style=\"; --primary-color:#ffffff; --secondary-color:#367eb5;\" data-bt-override-class=\"{&quot;bt_bb_align_&quot;:{&quot;current_class&quot;:&quot;bt_bb_align_inherit&quot;,&quot;xxl&quot;:&quot;inherit&quot;}}\"><h1 class=\"bt_bb_headline_tag\"><span class=\"bt_bb_headline_content\"><span>Insuranceti\u00fda\u00e7landyry\u015f We \u00d6wezini Dolmak Kanuny<\/span><\/span><\/h1><\/header><div class=\"bt_bb_separator bt_bb_border_style_none bt_bb_bottom_spacing_normal bt_bb_hidden_xs bt_bb_hidden_ms bt_bb_hidden_sm\" data-bt-override-class=\"null\"><\/div><\/div><\/div><\/div><\/div><\/div><\/div><!-- cell_inner --><\/div><!-- cell --><\/div><!-- port --><\/section><section id=\"bt_bb_section69f9f346088e9\" class=\"bt_bb_section bt_bb_layout_boxed_1200 bt_bb_vertical_align_top bt_bb_top_spacing_normal bt_bb_bottom_spacing_normal bt_bb_negative_margin_large\"  data-bt-override-class=\"null\"><div class=\"bt_bb_port\"><div class=\"bt_bb_cell\"><div class=\"bt_bb_cell_inner\"><div class=\"bt_bb_row_wrapper\"><div  class=\"bt_bb_row\"  data-bt-override-class=\"{}\"><div  class=\"bt_bb_column col-md-12 col-ms-12 bt_bb_align_left bt_bb_padding_normal\"  data-width=\"12\"><div class=\"bt_bb_column_content bt_bb_vertical_align_top\"><div class=\"bt_bb_column_content_inner\"><div class=\"bt_bb_separator bt_bb_border_style_none bt_bb_bottom_spacing_large bt_bb_hidden_xs bt_bb_hidden_ms bt_bb_hidden_sm\" data-bt-override-class=\"null\"><\/div><\/div><\/div><\/div><\/div><\/div><div class=\"bt_bb_row_wrapper\"><div  class=\"bt_bb_row bt_bb_layout_special btOverlapLeft\"  data-bt-override-class=\"{}\"><div  class=\"bt_bb_column col-md-8 col-ms-12 bt_bb_align_left bt_bb_animation_fade_in animate bt_bb_padding_normal bt_bb_animation_fade_in animate\"  data-width=\"8\"><div class=\"bt_bb_column_content bt_bb_vertical_align_top\"><div class=\"bt_bb_column_content_inner\"><div class=\"bt_bb_separator bt_bb_border_style_none bt_bb_bottom_spacing_normal\" data-bt-override-class=\"null\"><\/div><div  class=\"bt_bb_text\" ><p><strong>Sigorta hukuku<\/strong>, Insuranceti\u00fda\u00e7landyry\u015f amallary bilen baglany\u015fykly kanuny d\u00fczg\u00fcnleri \u00f6z i\u00e7ine al\u00fdan kanuny\u0148 bir \u015fahasy. Insuranceti\u00fda\u00e7landyry\u015f kanuny \u00e4ti\u00fda\u00e7landyry\u015f \u015fertnamalary, ga\u00fdtadan \u00fdazmak, \u00e4ti\u00fda\u00e7landyry\u015f t\u00f6legleri, \u00e4ti\u00fda\u00e7landyrylan jogapk\u00e4r\u00e7ilikler we \u00e4ti\u00fda\u00e7landyry\u015f kompani\u00fdalaryny\u0148 jogapk\u00e4r\u00e7iligi \u00fdaly temalary \u00f6z i\u00e7ine al\u00fdar. Insuranceti\u00fda\u00e7landyry\u015f kanuny \u015fahsy\u00fdetleri\u0148 we edaralary\u0148 \u00e4ti\u00fda\u00e7landyry\u015f amallarynda ulanyl\u00fdan kanuny d\u00fczg\u00fcnleri bilen belli bir t\u00f6legi\u0148 \u00f6wezine \u00e4ti\u00fda\u00e7landyry\u015f kompani\u00fdalary \u00fc\u00e7in belli bir t\u00f6wekgel\u00e7iligi \u00fcpj\u00fcn ed\u00fd\u00e4r. Insuranceti\u00fda\u00e7landyry\u015f kanuny hususy kanuny\u0148 ki\u00e7i b\u00f6l\u00fcmi hasaplan\u00fdar we \u00e4ti\u00fda\u00e7landyry\u015f amallary bilen baglany\u015fykly kanuny d\u00fczg\u00fcnleri\u0148 \u00fderine \u00fdetirilmegini \u00fcpj\u00fcn ed\u00fd\u00e4r.<\/p>\n<p><strong>Kompensasi\u00fda kanuny<\/strong> Ba\u015fga bir tarapdan, adama ba\u015fga birini\u0148 \u00fdetiren zy\u00fdanyny\u0148 \u00f6wezini dolmak \u00fc\u00e7in ulanyl\u00fdan kanun \u015fahasydyr. Kompensasi\u00fda kanuny \u00fdaralanan adamy\u0148 \u00f6wezini dolmak \u00fc\u00e7in edilen kanuny \u00e7\u00e4releri \u00f6z i\u00e7ine al\u00fdar. Kompensasi\u00fda kanuny hususy kanuny\u0148 ki\u00e7i b\u00f6l\u00fcmi hasaplan\u00fdar we \u00fdaralanan adamy\u0148 \u00f6wezini dolmak \u00fc\u00e7in kanuny kadalary\u0148 \u00fderine \u00fdetirilmegini \u00fcpj\u00fcn ed\u00fd\u00e4r.<\/p>\n<p><strong>Insuranceti\u00fda\u00e7landyry\u015f we \u00f6wezini dolmak kanuny<\/strong> \u0131nsuranceti\u00fda\u00e7landyry\u015f kanunyny\u0148 arasyndaky esasy tapawut \u00e4ti\u00fda\u00e7landyry\u015f amallary bilen baglany\u015fykly kanuny d\u00fczg\u00fcnleri \u00f6z i\u00e7ine al\u00fdar, \u00f6wezini dolmak kanuny bolsa bir adamy\u0148 be\u00fdlekisini\u0148 \u00e7eken \u00fditgisini\u0148 \u00f6wezini dolmak \u00fc\u00e7in ulanyl\u00fdan kanuny d\u00fczg\u00fcnleri \u00f6z i\u00e7ine al\u00fdar.<\/p>\n<h2>Traffol hel\u00e4k\u00e7iligi seb\u00e4pli maddy we ahlak \u00f6wezini dolmak<\/h2>\n<p>Trafficol hadysalaryndan gelip \u00e7yk\u00fdan maddy we ahlak \u00f6wezini dolmak hukugy \u00fdol hadysalarynda zeper \u00fdeten adamlary\u0148 hukuklaryny gora\u00fdar. Mali\u00fde \u00f6wezini dolmak hukugy, \u00fdol hel\u00e4k\u00e7iliginden d\u00f6r\u00e4n fiziki \u00fditgileri\u0148 we mali\u00fde \u00fditgilerini\u0148 \u00f6wezini dolmak \u00fc\u00e7in ulanyl\u00fdan kanuny d\u00fczg\u00fcn. Kompensasi\u00fda hukugy, \u015fikes \u00fdeten adamy\u0148 \u015fikesini\u0148, \u00f6l\u00fcmini\u0148 \u00fda-da maddy \u00fditgisini\u0148 \u00f6wezini dolmak \u00fc\u00e7in ulanyl\u00fdar.<\/p>\n<p>Ahlak \u00f6wezini dolmak hukugy, \u00fdol hadysasy seb\u00e4pli \u00fd\u00fcze \u00e7ykan akyl zy\u00fdanyny\u0148 \u00f6wezini dolmak \u00fc\u00e7in ulanyl\u00fdan kanuny d\u00fczg\u00fcn. Kompensasi\u00fda hukugy, \u015fikes \u00fdeten adamy\u0148 \u00fdol hadysasy seb\u00e4pli \u00fd\u00fcze \u00e7ykan akyl hasratyny\u0148 \u00f6wezini dolmak \u00fc\u00e7in ulanyl\u00fdar. Trafficol hadysalaryndan gelip \u00e7yk\u00fdan maddy we ahlak \u00f6wezini dolmak hukugy \u00f6wezini dolmak kanunyny\u0148 \u00e7\u00e4ginde bahalandyryl\u00fdar we \u00fdaralanan adamy\u0148 hukuklaryny gora\u00fdar.<\/p>\n<h2>Gynamalar seb\u00e4pli material we ahlak \u00f6wezini dolmak<\/h2>\n<p>Gynamalar seb\u00e4pli pul we pul d\u00e4l zy\u00fdanlara bolan hukuk, adamy\u0148 gynamalar seb\u00e4pli \u00e7eken \u015fahsy we ahlak ta\u00fddan \u00f6wezini dolmak \u00fc\u00e7in ulanyl\u00fdan kanuny d\u00fczg\u00fcn. Gynamalar, bir adamy\u0148 bilkastla\u00fdyn we me\u00fdletin ba\u015fga birine zy\u00fdan \u00fdetir\u00fd\u00e4n \u00fda-da ba\u015fga birini\u0148 hukuklaryny boz\u00fdan \u00fdagda\u00fddyr. Gynamalar seb\u00e4pli maddy \u00f6wezini dolmak hukugy, gynamalar seb\u00e4pli \u00e7ekilen fiziki \u00fditgileri\u0148 we mali\u00fde \u00fditgilerini\u0148 \u00f6wezini dolmak \u00fc\u00e7in ulanyl\u00fdar. Gynamalar seb\u00e4pli maddy d\u00e4l zy\u00fdanlar, gynamalar seb\u00e4pli \u00e7ekilen akyl hasratyny\u0148 \u00f6wezini dolmak \u00fc\u00e7in ulanyl\u00fdar. Gynamalar seb\u00e4pli pul we pul d\u00e4l zy\u00fdana bolan hukuk \u00f6wezini dolmak kanunyny\u0148 \u00e7\u00e4ginde bahalandyryl\u00fdar.<\/p>\n<h2>Goldaw \u00fdetmez\u00e7iligi \u00fc\u00e7in \u00f6wezini dolmak<\/h2>\n<p>Goldawdan mahrum etmek \u00fc\u00e7in \u00f6wezini dolmak, ba\u015fga birini\u0148 \u00f6l\u00fcmi seb\u00e4pli bir adamy\u0148 \u00fditiren goldawyny\u0148 \u00f6wezini dolmak \u00fc\u00e7in ulanyl\u00fdan kanuny tertipdir. Goldawy\u0148 \u00fditirilmegi \u00fc\u00e7in \u00f6wezini dolmak \u00f6wezini dolmak kanunyny\u0148 \u00e7\u00e4ginde bahalandyryl\u00fdar we \u00f6len adamy\u0148 ma\u015fgala agzalaryna beril\u00fd\u00e4n \u00f6wez t\u00f6legi.<\/p>\n<h2>Beden bitewiligini bozmak \u00fc\u00e7in \u00f6wezini dolmak talaplary<\/h2>\n<p>Beden b\u00fctewiligini bozmak seb\u00e4pli \u00f6wezini dolmak kazy\u00fdet i\u015fi, adamy\u0148 beden bitewiligini\u0148 bozulmagy netijesinde \u00e7ekilen zy\u00fdany\u0148 \u00f6wezini dolmak \u00fc\u00e7in kazy\u00fdet i\u015fi. Beden b\u00fctewiligini bozmak seb\u00e4pli \u00f6wezini dolmak kazy\u00fdet i\u015fi, adamy\u0148 beden bitewiligini\u0148 bozulmagy netijesinde \u00e7ekilen zy\u00fdany\u0148 \u00f6wezini dolmak \u00fc\u00e7in kazy\u00fdet i\u015fi. Bedeni\u0148 bitewiligini bozmak seb\u00e4pli \u00f6wezini dolmak \u00fdagda\u00fdlary \u00f6wezini dolmak kanunyny\u0148 \u00e7\u00e4ginde bahalandyryl\u00fdar we beden bitewiligini\u0148 bozulmagy netijesinde maddy we ahlak ta\u00fddan \u00fdetirilen zy\u00fdany\u0148 \u00f6wezini dolmak \u00fc\u00e7in talap edil\u00fd\u00e4r.<\/p>\n<h2>I\u015f hadysasy, maddy we ahlak \u00f6wezini dolmak seb\u00e4pli tagallany\u0148 \u00fditmegi<\/h2>\n<p>I\u015f hadysalary seb\u00e4pli g\u00fc\u00fdj\u00fc\u0148 \u00fditirilmegi, adamy\u0148 i\u015f hadysalary zerarly \u00e7eken \u00fditgilerini\u0148 \u00f6wezini dolmak \u00fc\u00e7in ulanyl\u00fdan kanuny d\u00fczg\u00fcn. H\u00fcn\u00e4r hadysalary, adamy\u0148 i\u015f \u00fderinde \u00fda-da i\u015f \u00fderini\u0148 da\u015fyndaky gatna\u015fygy wagtynda \u00fd\u00fcze \u00e7ykan betbagt\u00e7ylyklary \u00fda-da \u015fikesleri \u00f6z i\u00e7ine al\u00fdar. I\u015f hadysalary seb\u00e4pli g\u00fc\u00fdj\u00fc\u0148 \u00fditmegi, adamy\u0148 i\u015f hadysasy zerarly \u00e7eken maddy we ahlak ta\u00fddan \u00f6wezini dolmak \u00fc\u00e7in ulanyl\u00fdan kanuny d\u00fczg\u00fcn.<\/p>\n<h2>Special\u00f6rite h\u00fcn\u00e4rmen hasabatyny ta\u00fd\u00fdarlamak, aktual hasap<\/h2>\n<p>Hususy bilermenleri\u0148 hasabaty, kazy\u00fdet i\u015fini\u0148 predmetini bir adamy\u0148 \u00fda-da edarany\u0148 gatna\u015f\u00fdan tarapyndan der\u0148emek we hasabat bermek \u00fc\u00e7in \u00fd\u00f6rite bellenen h\u00fcn\u00e4rmen tarapyndan ta\u00fd\u00fdarlanan resminama. Hususy bilermenleri\u0148 hasabaty, kazy\u00fdet i\u015fini\u0148 predmetlerine jikme-jik g\u00f6zden ge\u00e7irmegi\u0148 we baha bermegi\u0148 netijesinde ta\u00fd\u00fdarlan\u00fdar. Hususy bilermenleri\u0148 hasabaty, kazy\u00fdet i\u015flerini\u0148 jikme-jik g\u00f6zden ge\u00e7irilmegi we bahalandyrylmagy netijesinde ta\u00fd\u00fdarlan\u00fdar we kazy\u00fdet i\u015fini\u0148 temalary barada ob\u00fdektiw maglumatlary \u00f6z i\u00e7ine al\u00fdar.<\/p>\n<p>Hasap hasaby, \u00e4ti\u00fda\u00e7landyr\u00fdan tarapyndan \u00e4ti\u00fda\u00e7landyry\u015f kompani\u00fdalaryna t\u00f6lenen t\u00f6legleri hasaplamak prosesi. Hasapla\u015fyk hasaby, \u00e4ti\u00fda\u00e7landyr\u00fdan tarapyndan \u00e4ti\u00fda\u00e7landyry\u015f kompani\u00fdalaryna t\u00f6lenen t\u00f6legleri\u0148 n\u00e4hili pa\u00fdlanjakdygyny we ha\u00fdsy nyrhlarda hasaplanjakdygyny g\u00f6rkez\u00fd\u00e4r. Hasap hasaby \u00e4ti\u00fda\u00e7landyr\u00fdan tarapyndan \u00e4ti\u00fda\u00e7landyry\u015f kompani\u00fdalaryna t\u00f6lenen t\u00f6legleri\u0148 dogry pa\u00fdlanmagyny we t\u00f6lenmegini \u00fcpj\u00fcn ed\u00fd\u00e4r.<\/p>\n<h2>Insuranceti\u00fda\u00e7landyry\u015f we \u00f6wezini dolmak kanunyny\u0148 artykma\u00e7lyklary n\u00e4me?<\/h2>\n<p>Insuranceti\u00fda\u00e7landyry\u015f kanuny \u00e4ti\u00fda\u00e7landyry\u015f amallary bilen baglany\u015fykly kanuny kadalary \u00f6z i\u00e7ine al\u00fdan we \u00e4ti\u00fda\u00e7landyrylanlary\u0148 belli bir t\u00f6legi\u0148 \u00f6wezine \u00e4ti\u00fda\u00e7landyry\u015f kompani\u00fdalaryna belli bir t\u00f6wekgel\u00e7iligi \u00fcpj\u00fcn ed\u00fd\u00e4n kanunydyr. \u015eol seb\u00e4pli \u00e4ti\u00fda\u00e7landyr\u00fdanlary\u0148 \u00e4ti\u00fda\u00e7landyry\u015f amallarynda ulanyl\u00fdan kanuny kadalar bilen goralmagyny \u00fcpj\u00fcn ed\u00fd\u00e4r.<\/p>\n<p>Kompensasi\u00fda kanuny, be\u00fdleki tarapdan, ba\u015fga bir adamy\u0148 \u00e7eken zy\u00fdanyny\u0148 \u00f6wezini dolmak \u00fc\u00e7in ulanyl\u00fdan kanuny\u0148 \u015fahasy bolup, \u00fdaralanan adamy\u0148 \u00f6wezini dolmak \u00fc\u00e7in kanuny \u00e7\u00e4releri \u00f6z i\u00e7ine al\u00fdar. Kompensasi\u00fda kanuny \u00fdaralanan adamy\u0148 hukuklaryny gora\u00fdar we zy\u00fdany\u0148 \u00f6wezini dolmak \u00fc\u00e7in ulanyl\u00fdan kanuny kadalary\u0148 \u00fderine \u00fdetirilmegini \u00fcpj\u00fcn ed\u00fd\u00e4r. \u015ee\u00fdlelik bilen g\u00fcndelik durmu\u015fda adalaty \u00fcpj\u00fcn ed\u00fd\u00e4r.<\/p>\n<\/div><\/div><\/div><\/div><div  class=\"bt_bb_column col-md-4 col-ms-12 bt_bb_align_left bt_bb_animation_fade_in animate bt_bb_icon_color_scheme_6 bt_bb_padding_normal bt_bb_animation_fade_in animate\"  data-width=\"4\"><div class=\"bt_bb_column_content bt_bb_vertical_align_top\"><div class=\"bt_bb_column_content_inner\"><header data-bb-version=\"4.5.5\" class=\"bt_bb_headline bt_bb_subheadline_text_transform_default bt_bb_color_scheme_14 bt_bb_dash_none bt_bb_size_normal bt_bb_align_inherit\" style=\"; --primary-color:#343b57; --secondary-color:#367eb5;\" data-bt-override-class=\"{&quot;bt_bb_align_&quot;:{&quot;current_class&quot;:&quot;bt_bb_align_inherit&quot;,&quot;xxl&quot;:&quot;inherit&quot;}}\"><h5 class=\"bt_bb_headline_tag\"><span class=\"bt_bb_headline_content\"><span>Be\u00fdleki Hyzmatlarymyz<\/span><\/span><\/h5><\/header><div class=\"bt_bb_separator bt_bb_border_style_none bt_bb_bottom_spacing_small\" data-bt-override-class=\"null\"><\/div><div class=\"bt_bb_link\"><a href=\"http:\/\/esraaslanlaw.com\/aile-hukuku\/\" target=\"_self\" class=\"bt_bb_link_content\" title=\"Ma\u015fgala kanuny\"><span class=\"bt_bb_link_text\">Ma\u015fgala kanuny<\/span><\/a><\/div><div class=\"bt_bb_separator bt_bb_border_style_none\" data-bt-override-class=\"null\"><\/div><div class=\"bt_bb_link\"><a href=\"http:\/\/esraaslanlaw.com\/ceza-hukuku\/\" target=\"_self\" class=\"bt_bb_link_content\" title=\"Jena\u00fdat kanuny\"><span class=\"bt_bb_link_text\">Jena\u00fdat kanuny<\/span><\/a><\/div><div class=\"bt_bb_separator bt_bb_border_style_none\" data-bt-override-class=\"null\"><\/div><div class=\"bt_bb_link\"><a href=\"http:\/\/esraaslanlaw.com\/gayrimenkul-hukuku\/\" target=\"_self\" class=\"bt_bb_link_content\" title=\"Gozgalma\u00fdan eml\u00e4k kanuny\"><span class=\"bt_bb_link_text\">Gozgalma\u00fdan eml\u00e4k kanuny<\/span><\/a><\/div><div class=\"bt_bb_separator bt_bb_border_style_none\" data-bt-override-class=\"null\"><\/div><div class=\"bt_bb_link\"><a href=\"http:\/\/esraaslanlaw.com\/idare-hukuku\/\" target=\"_self\" class=\"bt_bb_link_content\" title=\"Galplyk kanuny\"><span class=\"bt_bb_link_text\">Galplyk kanuny<\/span><\/a><\/div><div class=\"bt_bb_separator bt_bb_border_style_none\" data-bt-override-class=\"null\"><\/div><div class=\"bt_bb_link\"><a href=\"http:\/\/esraaslanlaw.com\/is-hukuku\/\" target=\"_self\" class=\"bt_bb_link_content\" title=\"I\u015few\u00fcrlik kanuny\"><span class=\"bt_bb_link_text\">I\u015few\u00fcrlik kanuny<\/span><\/a><\/div><div class=\"bt_bb_separator bt_bb_border_style_none\" data-bt-override-class=\"null\"><\/div><div class=\"bt_bb_link\"><a href=\"http:\/\/esraaslanlaw.com\/miras-hukuku\/\" target=\"_self\" class=\"bt_bb_link_content\" title=\"Miras kanuny\"><span class=\"bt_bb_link_text\">Miras kanuny<\/span><\/a><\/div><div class=\"bt_bb_separator bt_bb_border_style_none\" data-bt-override-class=\"null\"><\/div><div class=\"bt_bb_link\"><a href=\"http:\/\/esraaslanlaw.com\/sigorta-ve-tazminat-hukuku\/\" target=\"_self\" class=\"bt_bb_link_content\" title=\"Insuranceti\u00fda\u00e7landyry\u015f we \u00f6wezini dolmak kanuny\"><span class=\"bt_bb_link_text\">Insuranceti\u00fda\u00e7landyry\u015f we \u00f6wezini dolmak kanuny<\/span><\/a><\/div><div class=\"bt_bb_separator bt_bb_border_style_none\" data-bt-override-class=\"null\"><\/div><div class=\"bt_bb_link\"><a href=\"http:\/\/esraaslanlaw.com\/ticaret-hukuku\/\" target=\"_self\" class=\"bt_bb_link_content\" title=\"T\u00e4jir\u00e7ilik hukugy\"><span class=\"bt_bb_link_text\">T\u00e4jir\u00e7ilik hukugy<\/span><\/a><\/div><div class=\"bt_bb_separator bt_bb_border_style_none\" data-bt-override-class=\"null\"><\/div><\/div><\/div><\/div><\/div><\/div><\/div><!-- cell_inner --><\/div><!-- cell --><\/div><!-- port --><\/section>","protected":false},"excerpt":{"rendered":"","protected":false},"author":1,"featured_media":0,"parent":0,"menu_order":0,"comment_status":"closed","ping_status":"closed","template":"","meta":[],"yoast_head":"<!-- This site is optimized with the Yoast SEO plugin v20.12 - https:\/\/yoast.com\/wordpress\/plugins\/seo\/ -->\n<title>Insuranceti\u00fda\u00e7landyry\u015f we \u00f6wezini dolmak kanuny - Avukat Esra Aslan<\/title>\n<meta name=\"robots\" content=\"index, follow, max-snippet:-1, max-image-preview:large, max-video-preview:-1\" \/>\n<link rel=\"canonical\" href=\"https:\/\/esraaslanlaw.com\/tm\/insurancetiyaclandyrys-we-owezini-dolmak-kanuny\/\" \/>\n<meta property=\"og:locale\" content=\"en_US\" \/>\n<meta property=\"og:type\" content=\"article\" \/>\n<meta property=\"og:title\" content=\"Insuranceti\u00fda\u00e7landyry\u015f we \u00f6wezini dolmak kanuny - Avukat Esra Aslan\" \/>\n<meta property=\"og:url\" content=\"https:\/\/esraaslanlaw.com\/tm\/insurancetiyaclandyrys-we-owezini-dolmak-kanuny\/\" \/>\n<meta property=\"og:site_name\" content=\"Avukat Esra Aslan\" \/>\n<meta property=\"article:modified_time\" content=\"2023-07-18T10:49:52+00:00\" \/>\n<meta name=\"twitter:card\" content=\"summary_large_image\" \/>\n<meta name=\"twitter:label1\" content=\"Est. reading time\" \/>\n\t<meta name=\"twitter:data1\" content=\"8 minutes\" \/>\n<script type=\"application\/ld+json\" class=\"yoast-schema-graph\">{\"@context\":\"https:\/\/schema.org\",\"@graph\":[{\"@type\":\"WebPage\",\"@id\":\"https:\/\/esraaslanlaw.com\/tm\/insurancetiyaclandyrys-we-owezini-dolmak-kanuny\/\",\"url\":\"https:\/\/esraaslanlaw.com\/tm\/insurancetiyaclandyrys-we-owezini-dolmak-kanuny\/\",\"name\":\"Insuranceti\u00fda\u00e7landyry\u015f we \u00f6wezini dolmak kanuny - Avukat Esra Aslan\",\"isPartOf\":{\"@id\":\"https:\/\/esraaslanlaw.com\/#website\"},\"datePublished\":\"2023-01-10T06:53:42+00:00\",\"dateModified\":\"2023-07-18T10:49:52+00:00\",\"breadcrumb\":{\"@id\":\"https:\/\/esraaslanlaw.com\/tm\/insurancetiyaclandyrys-we-owezini-dolmak-kanuny\/#breadcrumb\"},\"inLanguage\":\"tm-TM\",\"potentialAction\":[{\"@type\":\"ReadAction\",\"target\":[\"https:\/\/esraaslanlaw.com\/tm\/insurancetiyaclandyrys-we-owezini-dolmak-kanuny\/\"]}]},{\"@type\":\"BreadcrumbList\",\"@id\":\"https:\/\/esraaslanlaw.com\/tm\/insurancetiyaclandyrys-we-owezini-dolmak-kanuny\/#breadcrumb\",\"itemListElement\":[{\"@type\":\"ListItem\",\"position\":1,\"name\":\"Anasayfa\",\"item\":\"https:\/\/esraaslanlaw.com\/tm\/\"},{\"@type\":\"ListItem\",\"position\":2,\"name\":\"Insuranceti\u00fda\u00e7landyry\u015f we \u00f6wezini dolmak kanuny\"}]},{\"@type\":\"WebSite\",\"@id\":\"https:\/\/esraaslanlaw.com\/#website\",\"url\":\"https:\/\/esraaslanlaw.com\/\",\"name\":\"Avukat Esra Aslan\",\"description\":\"\",\"publisher\":{\"@id\":\"https:\/\/esraaslanlaw.com\/#organization\"},\"potentialAction\":[{\"@type\":\"SearchAction\",\"target\":{\"@type\":\"EntryPoint\",\"urlTemplate\":\"https:\/\/esraaslanlaw.com\/?s={search_term_string}\"},\"query-input\":\"required name=search_term_string\"}],\"inLanguage\":\"tm-TM\"},{\"@type\":\"Organization\",\"@id\":\"https:\/\/esraaslanlaw.com\/#organization\",\"name\":\"Avukat Esra Aslan\",\"url\":\"https:\/\/esraaslanlaw.com\/\",\"logo\":{\"@type\":\"ImageObject\",\"inLanguage\":\"tm-TM\",\"@id\":\"https:\/\/esraaslanlaw.com\/#\/schema\/logo\/image\/\",\"url\":\"http:\/\/esraaslanlaw.com\/wp-content\/uploads\/2022\/12\/logo-aslan-demir-hukuk.png\",\"contentUrl\":\"http:\/\/esraaslanlaw.com\/wp-content\/uploads\/2022\/12\/logo-aslan-demir-hukuk.png\",\"width\":531,\"height\":190,\"caption\":\"Avukat Esra Aslan\"},\"image\":{\"@id\":\"https:\/\/esraaslanlaw.com\/#\/schema\/logo\/image\/\"}}]}<\/script>\n<!-- \/ Yoast SEO plugin. -->","yoast_head_json":{"title":"Insuranceti\u00fda\u00e7landyry\u015f we \u00f6wezini dolmak kanuny - Avukat Esra Aslan","robots":{"index":"index","follow":"follow","max-snippet":"max-snippet:-1","max-image-preview":"max-image-preview:large","max-video-preview":"max-video-preview:-1"},"canonical":"https:\/\/esraaslanlaw.com\/tm\/insurancetiyaclandyrys-we-owezini-dolmak-kanuny\/","og_locale":"en_US","og_type":"article","og_title":"Insuranceti\u00fda\u00e7landyry\u015f we \u00f6wezini dolmak kanuny - Avukat Esra Aslan","og_url":"https:\/\/esraaslanlaw.com\/tm\/insurancetiyaclandyrys-we-owezini-dolmak-kanuny\/","og_site_name":"Avukat Esra Aslan","article_modified_time":"2023-07-18T10:49:52+00:00","twitter_card":"summary_large_image","twitter_misc":{"Est. reading time":"8 minutes"},"schema":{"@context":"https:\/\/schema.org","@graph":[{"@type":"WebPage","@id":"https:\/\/esraaslanlaw.com\/tm\/insurancetiyaclandyrys-we-owezini-dolmak-kanuny\/","url":"https:\/\/esraaslanlaw.com\/tm\/insurancetiyaclandyrys-we-owezini-dolmak-kanuny\/","name":"Insuranceti\u00fda\u00e7landyry\u015f we \u00f6wezini dolmak kanuny - Avukat Esra Aslan","isPartOf":{"@id":"https:\/\/esraaslanlaw.com\/#website"},"datePublished":"2023-01-10T06:53:42+00:00","dateModified":"2023-07-18T10:49:52+00:00","breadcrumb":{"@id":"https:\/\/esraaslanlaw.com\/tm\/insurancetiyaclandyrys-we-owezini-dolmak-kanuny\/#breadcrumb"},"inLanguage":"tm-TM","potentialAction":[{"@type":"ReadAction","target":["https:\/\/esraaslanlaw.com\/tm\/insurancetiyaclandyrys-we-owezini-dolmak-kanuny\/"]}]},{"@type":"BreadcrumbList","@id":"https:\/\/esraaslanlaw.com\/tm\/insurancetiyaclandyrys-we-owezini-dolmak-kanuny\/#breadcrumb","itemListElement":[{"@type":"ListItem","position":1,"name":"Anasayfa","item":"https:\/\/esraaslanlaw.com\/tm\/"},{"@type":"ListItem","position":2,"name":"Insuranceti\u00fda\u00e7landyry\u015f we \u00f6wezini dolmak kanuny"}]},{"@type":"WebSite","@id":"https:\/\/esraaslanlaw.com\/#website","url":"https:\/\/esraaslanlaw.com\/","name":"Avukat Esra Aslan","description":"","publisher":{"@id":"https:\/\/esraaslanlaw.com\/#organization"},"potentialAction":[{"@type":"SearchAction","target":{"@type":"EntryPoint","urlTemplate":"https:\/\/esraaslanlaw.com\/?s={search_term_string}"},"query-input":"required name=search_term_string"}],"inLanguage":"tm-TM"},{"@type":"Organization","@id":"https:\/\/esraaslanlaw.com\/#organization","name":"Avukat Esra Aslan","url":"https:\/\/esraaslanlaw.com\/","logo":{"@type":"ImageObject","inLanguage":"tm-TM","@id":"https:\/\/esraaslanlaw.com\/#\/schema\/logo\/image\/","url":"http:\/\/esraaslanlaw.com\/wp-content\/uploads\/2022\/12\/logo-aslan-demir-hukuk.png","contentUrl":"http:\/\/esraaslanlaw.com\/wp-content\/uploads\/2022\/12\/logo-aslan-demir-hukuk.png","width":531,"height":190,"caption":"Avukat Esra Aslan"},"image":{"@id":"https:\/\/esraaslanlaw.com\/#\/schema\/logo\/image\/"}}]}},"_links":{"self":[{"href":"https:\/\/esraaslanlaw.com\/tm\/wp-json\/wp\/v2\/pages\/6664"}],"collection":[{"href":"https:\/\/esraaslanlaw.com\/tm\/wp-json\/wp\/v2\/pages"}],"about":[{"href":"https:\/\/esraaslanlaw.com\/tm\/wp-json\/wp\/v2\/types\/page"}],"author":[{"embeddable":true,"href":"https:\/\/esraaslanlaw.com\/tm\/wp-json\/wp\/v2\/users\/1"}],"replies":[{"embeddable":true,"href":"https:\/\/esraaslanlaw.com\/tm\/wp-json\/wp\/v2\/comments?post=6664"}],"version-history":[{"count":1,"href":"https:\/\/esraaslanlaw.com\/tm\/wp-json\/wp\/v2\/pages\/6664\/revisions"}],"predecessor-version":[{"id":7012,"href":"https:\/\/esraaslanlaw.com\/tm\/wp-json\/wp\/v2\/pages\/6664\/revisions\/7012"}],"wp:attachment":[{"href":"https:\/\/esraaslanlaw.com\/tm\/wp-json\/wp\/v2\/media?parent=6664"}],"curies":[{"name":"wp","href":"https:\/\/api.w.org\/{rel}","templated":true}]}}