{"id":6662,"date":"2022-07-07T12:23:24","date_gmt":"2022-07-07T12:23:24","guid":{"rendered":"https:\/\/esraaslanlaw.com\/miras-kanuny\/"},"modified":"2023-07-18T10:49:23","modified_gmt":"2023-07-18T10:49:23","slug":"miras-kanuny","status":"publish","type":"page","link":"https:\/\/esraaslanlaw.com\/tm\/miras-kanuny\/","title":{"rendered":"Miras kanuny"},"content":{"rendered":"<section id=\"bt_bb_section69f9f3454520f\" class=\"bt_bb_section bt_bb_color_scheme_10 bt_bb_layout_boxed_1200 bt_bb_vertical_align_top bt_bb_top_spacing_large bt_bb_bottom_spacing_large\" style=\"; --section-primary-color:#ffffff; --section-secondary-color:#343b57;\" data-bt-override-class=\"null\"><div class=\"bt_bb_background_image_holder_wrapper\"><div class=\"bt_bb_background_image_holder btLazyLoadBackground\"  data-background_image_src=\"https:\/\/esraaslanlaw.com\/wp-content\/uploads\/2019\/10\/hero_about.jpg\" data-parallax-zoom-start=\"1\" data-parallax-zoom-end=\"1\" data-parallax-blur-start=\"0\" data-parallax-blur-end=\"0\" data-parallax-opacity-start=\"1\" data-parallax-opacity-end=\"1\" style=\" background-image: url(&#039;https:\/\/esraaslanlaw.com\/wp-content\/plugins\/bold-page-builder\/img\/blank.gif&#039;);\"><\/div><\/div><div class=\"bt_bb_port\"><div class=\"bt_bb_cell\"><div class=\"bt_bb_cell_inner\"><div class=\"bt_bb_row_wrapper\"><div  class=\"bt_bb_row\"  data-bt-override-class=\"{}\"><div  class=\"bt_bb_column col-md-12 col-ms-12 bt_bb_align_center bt_bb_animation_fade_in animate bt_bb_padding_normal bt_bb_animation_fade_in animate\"  data-width=\"12\"><div class=\"bt_bb_column_content bt_bb_vertical_align_top\"><div class=\"bt_bb_column_content_inner\"><div class=\"bt_bb_separator bt_bb_border_style_none bt_bb_bottom_spacing_medium bt_bb_hidden_xs bt_bb_hidden_ms bt_bb_hidden_sm\" data-bt-override-class=\"null\"><\/div><header data-bb-version=\"4.5.5\" class=\"bt_bb_headline bt_bb_subheadline_text_transform_default bt_bb_color_scheme_6 bt_bb_dash_none bt_bb_size_extralarge bt_bb_align_inherit\" style=\"; --primary-color:#ffffff; --secondary-color:#367eb5;\" data-bt-override-class=\"{&quot;bt_bb_align_&quot;:{&quot;current_class&quot;:&quot;bt_bb_align_inherit&quot;,&quot;xxl&quot;:&quot;inherit&quot;}}\"><h1 class=\"bt_bb_headline_tag\"><span class=\"bt_bb_headline_content\"><span>Miras Kazy\u00fdet \u0130\u015fi<\/span><\/span><\/h1><\/header><div class=\"bt_bb_separator bt_bb_border_style_none bt_bb_bottom_spacing_normal bt_bb_hidden_xs bt_bb_hidden_ms bt_bb_hidden_sm\" data-bt-override-class=\"null\"><\/div><\/div><\/div><\/div><\/div><\/div><\/div><!-- cell_inner --><\/div><!-- cell --><\/div><!-- port --><\/section><section id=\"bt_bb_section69f9f34545b33\" class=\"bt_bb_section bt_bb_layout_boxed_1200 bt_bb_vertical_align_top bt_bb_top_spacing_normal bt_bb_bottom_spacing_normal bt_bb_negative_margin_large\"  data-bt-override-class=\"null\"><div class=\"bt_bb_port\"><div class=\"bt_bb_cell\"><div class=\"bt_bb_cell_inner\"><div class=\"bt_bb_row_wrapper\"><div  class=\"bt_bb_row\"  data-bt-override-class=\"{}\"><div  class=\"bt_bb_column col-md-12 col-ms-12 bt_bb_align_left bt_bb_padding_normal\"  data-width=\"12\"><div class=\"bt_bb_column_content bt_bb_vertical_align_top\"><div class=\"bt_bb_column_content_inner\"><div class=\"bt_bb_separator bt_bb_border_style_none bt_bb_bottom_spacing_large bt_bb_hidden_xs bt_bb_hidden_ms bt_bb_hidden_sm\" data-bt-override-class=\"null\"><\/div><\/div><\/div><\/div><\/div><\/div><div class=\"bt_bb_row_wrapper\"><div  class=\"bt_bb_row bt_bb_layout_special btOverlapLeft\"  data-bt-override-class=\"{}\"><div  class=\"bt_bb_column col-md-8 col-ms-12 bt_bb_align_left bt_bb_animation_fade_in animate bt_bb_padding_normal bt_bb_animation_fade_in animate\"  data-width=\"8\"><div class=\"bt_bb_column_content bt_bb_vertical_align_top\"><div class=\"bt_bb_column_content_inner\"><div class=\"bt_bb_separator bt_bb_border_style_none bt_bb_bottom_spacing_normal\" data-bt-override-class=\"null\"><\/div><div  class=\"bt_bb_text\" ><p><strong>Ma\u015fgala Mirasy<\/strong>, Bu mirasd\u00fc\u015feri\u0148 gozgalma\u00fdan eml\u00e4k we merhumy\u0148 galdyran maddy gymmaty \u00fdaly harytlary pa\u00fdla\u015fmakda mirasd\u00fc\u015ferleri\u0148 arasyndaky d\u00fc\u015f\u00fcni\u015fmezlik netijesinde \u00fd\u00fcze \u00e7ykan kazy\u00fdet i\u015fi.<\/p>\n<p>Bor\u00e7lar kodeksini\u0148, T\u00fcrki\u00fd\u00e4ni\u0148 ra\u00fdat kodeksini\u0148 we \u00fder bellige aly\u015f kanunyny\u0148 d\u00fczg\u00fcnleri bilen tamamlanan bu kazy\u00fdet i\u015fi d\u00fcrli g\u00f6rn\u00fc\u015fde berlip bilner.<\/p>\n<p>Miras kazy\u00fdet i\u015fini\u0148 \u00e7\u00e4ginde mirasd\u00fc\u015ferler tarapyndan a\u015fakdaky kazy\u00fdet i\u015flerini alyp bolar;<\/p>\n<ol>\n<li>rasion meselesi<\/li>\n<li>Tenkis meselesi<\/li>\n<li>\u015eertnamany \u00fdatyrmak<\/li>\n<li>Miras \u015fahadatnamasyny \u00fdatyrmak \u00fc\u00e7in \u00e7\u00e4re<\/li>\n<li>Miras \u015fertnamasyny\u0148 \u00fdatyrylmagy<\/li>\n<li>Taksim we Izale-i \u015eu\u00fdu wakalary<\/li>\n<\/ol>\n<p><strong>Esra Aslan hukuk firmasy<\/strong> baryp g\u00f6rmek arkaly <strong>ma\u015fgala mirasy<\/strong> Bu mesele barada has gi\u0148i\u015fle\u00fdin maglumat alyp bilersi\u0148iz we ynan\u00e7 hatyny berip, i\u015fi\u0148izi\u0148 i\u0148 amatly \u015fertlerde \u00fderine \u00fdetirilmegini \u00fcpj\u00fcn edip bilersi\u0148iz.<\/p>\n<p><strong>Miras kazy\u00fdet i\u015flerinde ha\u00fdsy meseleler bar?<\/strong><\/p>\n<p><strong>ma\u015fgala mirasy <\/strong>Gi\u0148 gurlu\u015fy bar. Hususan-da, i\u0148 uzyn hadysalary\u0148 arasynda. Bu \u00e7ar\u00e7uwada g\u00f6rkezilen mowzuklar a\u015fakdakylar;<\/p>\n<ol>\n<li>Wes\u00fdetnamany\u0148 miras almagy gadagan edilen mirasd\u00fc\u015ferler barmy<\/li>\n<li>Wes\u00fdetnama bilen mirasd\u00fc\u015ferleri\u0148 arasynda mirasdan \u00fd\u00fcz \u00f6w\u00fcrmek barmy<\/li>\n<li>Mirasdarlardan \u00fda-da \u00fc\u00e7\u00fcnji taraplary\u0148 ha\u00fdsydyr birini\u0148 eml\u00e4gi mirasdan alyp ga\u00e7andygy.<\/li>\n<li>Kanuny mirasd\u00fc\u015ferler kim, her pa\u00fd n\u00e4\u00e7e<\/li>\n<li>Wes\u00fdetnama miras galan eml\u00e4gi\u0148 umumy bahasy<\/li>\n<li>Miras\u00e7yny\u0148 saglygyndaky mirasd\u00fc\u015ferleri\u0148 birine ge\u00e7irilendigi \u00fda-da \u00fdokdugy<\/li>\n<\/ol>\n<p>Miras kanunyny\u0148 gi\u0148 gerime e\u00fde bolandygy seb\u00e4pli, miras meselesind\u00e4ki jedelleri\u0148 seb\u00e4bine g\u00f6r\u00e4 d\u00fcrli miras kazy\u00fdetleri gozgalyp bilner.<\/p>\n<p><strong>Miras kazy\u00fdet i\u015flerini\u0148 g\u00f6rn\u00fc\u015fleri ha\u00fdsylar?<\/strong><\/p>\n<p><strong>Ma\u015fgala mirasy <\/strong>d\u00fcrli g\u00f6rn\u00fc\u015fde a\u00e7ylyp bilner. \u015ee\u00fdle-de bolsa, i\u0148 k\u00f6p \u00fda\u00fdran g\u00f6rn\u00fc\u015fler a\u015fakdakylardyr;<\/p>\n<ol>\n<li>Mirasdarlary\u0148 talap edijilere bolan hukugyny goramak \u00fc\u00e7in tab\u015fyrylyp bilinjek miras talap arzasy<\/li>\n<li>Eml\u00e4gi\u0148 bikanun getirilen halatynda a\u00e7ylyp bilinjek \u015fertnamany \u00fdatyrmak we hasaba aly\u015f i\u015fi<\/li>\n<li>Miras \u015fertnamasy \u00fda-da islegi seb\u00e4pli mirasy\u0148 gadagan edilmegi seb\u00e4pli a\u00e7ylyp bilinjek mirasy \u00fdatyrmak bo\u00fdun\u00e7a \u00e7\u00e4re<\/li>\n<li>Miras kanuny \u00fdatyry\u015f kazy\u00fdet i\u015finde galan \u00e4ti\u00fda\u00e7lyk pa\u00fdlary k\u00f6p bolanda gar\u015fylyk seb\u00e4pli a\u00e7yldy<\/li>\n<li>Miras \u015fahadatnamasyny\u0148 \u00fdatyrylmagy \u00fc\u00e7in kazy\u00fdet i\u015fi, mirasd\u00fc\u015fer \u00f6lenden so\u0148 mirasd\u00fc\u015ferlik \u015fahadatnamasy bolmadyklar tarapyndan a\u00e7ylyp bilner.<\/li>\n<li>Miras \u015fertnamasyndaky gapma-gar\u015fylyklar seb\u00e4pli berlip bilinjek miras \u015fertnamalaryny \u00fdatyrmak \u00fc\u00e7in \u00e7\u00e4re<\/li>\n<\/ol>\n<p><strong>Ma\u015fgala mirasy<\/strong>Ygty\u00fdarly \u00fdurisdiksi\u00fda ilkinji kazy\u00fdet. Bu \u00fdagda\u00fdlary\u0148 k\u00f6p wagt alyp biljekdigi seb\u00e4pli, tejribeli hukuk firmalary bilen i\u015flemek has gowy netijelere k\u00f6mek edip biler.<\/p>\n<p><strong>Miras kanunynda mirasdar kim bolup biler?<\/strong><\/p>\n<p>Miras meselesinde k\u00f6plen\u00e7 mirasdar bolup bil\u00fd\u00e4n meseleleri\u0148 arasynda. <strong>Adam mirasyny isl\u00e4nine galdyryp bilermi? <\/strong>Soraga seretse\u0148, hawa jogap berip bolar; \u00fd\u00f6ne olary\u0148 hemmesini \u00fdekeje adama berip bolmaz. Hukuk mirasdarlary \u00e4hli \u00fdagda\u00fdlarda pa\u00fd al\u00fdarlar. Ra\u00fdat kodeksini\u0148 \u00e7\u00e4ginde, adam \u00f6lmezinden ozal wes\u00fdet bermek bilen mirasyny islendik adama \/ adama galdyryp biler.<\/p>\n<p>Merhumy\u0148 galdyran mirasy dereje ulgamy bilen pa\u00fdla\u015fyl\u00fdar. Bu nukda\u00fdnazardan, birinji, ikinji we \u00fc\u00e7\u00fcnji \u00fdaly 3 d\u00fcrli klassifikasi\u00fda bar;<\/p>\n<ol>\n<li>Birinji synpda \u00e7agalary we agtyklary bar.<\/li>\n<li>Ikinji \u00fderde ene, kakasy, doganlary we \u00fdegenleri bar.<\/li>\n<li>\u00dc\u00e7\u00fcnji \u00fderde onu\u0148 ene-atasy bar.<\/li>\n<\/ol>\n<p>\u015ee\u00fdle-de bolsa <strong>ma\u015fgala mirasy <\/strong>.Okarda bell\u00e4p ge\u00e7i\u015fimiz \u00fdaly, ba\u015fga bir mirasd\u00fc\u015fer bellenip bilinjek zat.<\/p>\n<p><strong>Miras we hossarlyk kanuny bo\u00fdun\u00e7a ha\u00fdsy kazy\u00fdet i\u015fi a\u00e7yl\u00fdar?<\/strong><\/p>\n<p>Miras kanuny gaty gi\u0148 d\u00fc\u015f\u00fcnje. \u015eol seb\u00e4pli bu \u00e7\u00e4kde d\u00fcrli kazy\u00fdet i\u015fi gozgalyp bilner. Bulary\u0148 k\u00e4biri a\u015fakdakylar;<\/p>\n<ol>\n<li>mirasdan mahrum etmek meselesi<\/li>\n<li>Mirasdan \u00fd\u00fcz \u00f6w\u00fcrmek bilen baglany\u015fykly wakalar<\/li>\n<li>Miras seb\u00e4pli talaplar<\/li>\n<li>Tenkis hadysalary<\/li>\n<li>Gozgalma\u00fdan eml\u00e4k tapmak we dolandyrmak<\/li>\n<li>miras \u015fertnamasy<\/li>\n<li>Isl\u00e4r<\/li>\n<li>\u00d6l\u00fcm bilen baglany\u015fykly tyg\u015fytlamalary \u00fdatyrmak<\/li>\n<li>Mirasdan \u00fd\u00fcz \u00f6w\u00fcrmek \u015fertnamasy<\/li>\n<li>\u00f6l\u00fcm \u015fertnamasyna \u00e7enli<\/li>\n<\/ol>\n<p><strong>ma\u015fgala mirasy <\/strong>kontekstinde bolup biler.<\/p>\n<p><strong>Miras kazy\u00fdet i\u015flerinde kanuny miras\u00e7ylar kimler?<\/strong><\/p>\n<p>Adam \u00f6lenden so\u0148 galan algylar we harytlara miras di\u00fdil\u00fd\u00e4r. Miras\u00e7ylary\u0148 arasynda pa\u00fdla\u015fylsa-da, k\u00e4bir \u00fdagda\u00fdlarda problemalar \u00fd\u00fcze \u00e7ykyp biler. <strong>ma\u015fgala mirasy <\/strong>aklaw\u00e7ylar we hukuk firmalary hem bu \u00fdere gir\u00fd\u00e4r.<\/p>\n<p>Mirasdarlar hukuk bo\u00fdun\u00e7a iki klasa b\u00f6l\u00fcn\u00fd\u00e4rler. Bular bellenen we kanuny mirasdarlar g\u00f6rn\u00fc\u015finde,<\/p>\n<ol>\n<li>Agtygy,<\/li>\n<li>\u00c7aga,<\/li>\n<li>atasy \u00fda-da enesi,<\/li>\n<li>Spouser-a\u00fdal,<\/li>\n<li>Kaka,<\/li>\n<li>Eje,<\/li>\n<li>Doganlar kanuny mirasdarlary emele getir\u00fd\u00e4rler.<\/li>\n<\/ol>\n<p>\u015ee\u00fdle-de bolsa, mirasdarlar hem bellenip bilner.<\/p>\n<p><strong>Miras meselesinde wes\u00fdet n\u00e4me?<\/strong><\/p>\n<p>Adamlar janyny \u00fditirmezden ozal pullaryny, gymmat bahaly zatlaryny \u00fda-da gozgalma\u00fdan eml\u00e4klerini isleg bildir\u00fd\u00e4n adama \/ adama go\u00fdup bilerler. Wes\u00fdet edilmese, kanuny \u015fahslara beril\u00fd\u00e4r.<\/p>\n<p>Wes\u00fdeti 15 \u00fda\u015fdan uly we akylly adam ta\u00fd\u00fdarlap biler. T\u00fcrk ra\u00fdat kodeksinde 531. Makalada wezipeli adamy\u0148 gol\u00fdazma \u00fda-da mirasd\u00fc\u015fer tarapyndan dilden edilip bilinjekdigi a\u00fddyl\u00fdar.<\/p>\n<p>Resmi wes\u00fdetnama notarius, magistr \u00fda-da ygty\u00fdarly i\u015fg\u00e4ri\u0148 \u00f6\u0148\u00fcnde edil\u00fd\u00e4r. Be\u00fdleki tarapdan, gol\u00fdazma, adamy\u0148 \u00f6zi tarapyndan ta\u00fd\u00fdarlanan wes\u00fdetdir. Munu\u0148 \u00fc\u00e7in ol \u00f6z \u00fdazan senesini, senesini \u00fdazmaly we \u00fdene \u00f6z \u00fdazgysynda gol \u00e7ekmeli.<\/p>\n<p>Be\u00fdleki tarapdan, dilden isleg, be\u00fdleki iki g\u00f6rn\u00fc\u015fi edip bolma\u00fdan uru\u015f \u00fda-da agyr kesel \u00fdaly adatdan da\u015fary \u00fdagda\u00fdlarda ta\u00fd\u00fdarlan\u00fdar. Pa\u00fdla\u015fmakda kyn\u00e7ylyk bar bolsa, <strong>Mirasda d\u00fc\u015f\u00fcni\u015fmezlik bar bolsa n\u00e4me bol\u00fdar? <\/strong>kazy\u00fdet i\u015fi dowam etdirilip bilner.<\/p>\n<p><strong>Miras ha\u00fdsy \u015fertlerde pa\u00fdla\u015fyl\u00fdar?<\/strong><\/p>\n<p><strong>ma\u015fgala mirasy<\/strong>mirasy\u0148 ha\u00fdsy \u015fertlerde pa\u00fdla\u015fyljakdygy barada uly sorag belgisi. Adamy\u0148 wes\u00fdet galdyrandygyna \u00fda-da \u00fdokdugyna baglylykda tapawutlan\u00fdar. Isleg galmasa, mirasd\u00fc\u015feri\u0148 \u00fdan\u00fdolda\u015fy diri bolsa we nesilleri bilen mirasdar bolsa, \u00bc diri galan \u00fdan\u00fdolda\u015fyna, galan \u00be \u00e7agalary\u0148 arasynda de\u0148 pa\u00fdlanar.<\/p>\n<p>Dogry \u00e4r-a\u00fdal mirasd\u00fc\u015feri\u0148 ene-atasy bilen miras\u00e7y bolsa, \u00fdarysy \u00e4r-a\u00fdalyna, \u00fdarysy ene-atasyna. Eger diri galan \u00e4r-a\u00fdal mirasd\u00fc\u015feri\u0148 ene-atalary bilen bilelikde miras alsa, \u00e4r-a\u00fdaly\u0148 ene-atalary arasynda de\u0148 b\u00f6l\u00fcn\u00fd\u00e4r.<\/p>\n<p>Spouser-a\u00fdal diri d\u00e4l bolsa, nesil bar bolsa nesilleri\u0148 arasynda, nesil \u00fdok bolsa \u00fdokarky nesilleri\u0148 arasynda de\u0148 b\u00f6l\u00fcn\u00fd\u00e4r.<\/p>\n<\/div><\/div><\/div><\/div><div  class=\"bt_bb_column col-md-4 col-ms-12 bt_bb_align_left bt_bb_animation_fade_in animate bt_bb_icon_color_scheme_6 bt_bb_padding_normal bt_bb_animation_fade_in animate\"  data-width=\"4\"><div class=\"bt_bb_column_content bt_bb_vertical_align_top\"><div class=\"bt_bb_column_content_inner\"><header data-bb-version=\"4.5.5\" class=\"bt_bb_headline bt_bb_subheadline_text_transform_default bt_bb_color_scheme_14 bt_bb_dash_none bt_bb_size_normal bt_bb_align_inherit\" style=\"; --primary-color:#343b57; --secondary-color:#367eb5;\" data-bt-override-class=\"{&quot;bt_bb_align_&quot;:{&quot;current_class&quot;:&quot;bt_bb_align_inherit&quot;,&quot;xxl&quot;:&quot;inherit&quot;}}\"><h5 class=\"bt_bb_headline_tag\"><span class=\"bt_bb_headline_content\"><span>Be\u00fdleki Hyzmatlarymyz<\/span><\/span><\/h5><\/header><div class=\"bt_bb_separator bt_bb_border_style_none bt_bb_bottom_spacing_small\" data-bt-override-class=\"null\"><\/div><div class=\"bt_bb_link\"><a href=\"http:\/\/esraaslanlaw.com\/aile-hukuku\/\" target=\"_self\" class=\"bt_bb_link_content\" title=\"Ma\u015fgala kanuny\"><span class=\"bt_bb_link_text\">Ma\u015fgala kanuny<\/span><\/a><\/div><div class=\"bt_bb_separator bt_bb_border_style_none\" data-bt-override-class=\"null\"><\/div><div class=\"bt_bb_link\"><a href=\"http:\/\/esraaslanlaw.com\/ceza-hukuku\/\" target=\"_self\" class=\"bt_bb_link_content\" title=\"Jena\u00fdat kanuny\"><span class=\"bt_bb_link_text\">Jena\u00fdat kanuny<\/span><\/a><\/div><div class=\"bt_bb_separator bt_bb_border_style_none\" data-bt-override-class=\"null\"><\/div><div class=\"bt_bb_link\"><a href=\"http:\/\/esraaslanlaw.com\/gayrimenkul-hukuku\/\" target=\"_self\" class=\"bt_bb_link_content\" title=\"Gozgalma\u00fdan eml\u00e4k kanuny\"><span class=\"bt_bb_link_text\">Gozgalma\u00fdan eml\u00e4k kanuny<\/span><\/a><\/div><div class=\"bt_bb_separator bt_bb_border_style_none\" data-bt-override-class=\"null\"><\/div><div class=\"bt_bb_link\"><a href=\"http:\/\/esraaslanlaw.com\/idare-hukuku\/\" target=\"_self\" class=\"bt_bb_link_content\" title=\"Galplyk kanuny\"><span class=\"bt_bb_link_text\">Galplyk kanuny<\/span><\/a><\/div><div class=\"bt_bb_separator bt_bb_border_style_none\" data-bt-override-class=\"null\"><\/div><div class=\"bt_bb_link\"><a href=\"http:\/\/esraaslanlaw.com\/is-hukuku\/\" target=\"_self\" class=\"bt_bb_link_content\" title=\"I\u015few\u00fcrlik kanuny\"><span class=\"bt_bb_link_text\">I\u015few\u00fcrlik kanuny<\/span><\/a><\/div><div class=\"bt_bb_separator bt_bb_border_style_none\" data-bt-override-class=\"null\"><\/div><div class=\"bt_bb_link\"><a href=\"http:\/\/esraaslanlaw.com\/miras-hukuku\/\" target=\"_self\" class=\"bt_bb_link_content\" title=\"Miras kanuny\"><span class=\"bt_bb_link_text\">Miras kanuny<\/span><\/a><\/div><div class=\"bt_bb_separator bt_bb_border_style_none\" data-bt-override-class=\"null\"><\/div><div class=\"bt_bb_link\"><a href=\"http:\/\/esraaslanlaw.com\/sigorta-ve-tazminat-hukuku\/\" target=\"_self\" class=\"bt_bb_link_content\" title=\"Insuranceti\u00fda\u00e7landyry\u015f we \u00f6wezini dolmak kanuny\"><span class=\"bt_bb_link_text\">Insuranceti\u00fda\u00e7landyry\u015f we \u00f6wezini dolmak kanuny<\/span><\/a><\/div><div class=\"bt_bb_separator bt_bb_border_style_none\" data-bt-override-class=\"null\"><\/div><div class=\"bt_bb_link\"><a href=\"http:\/\/esraaslanlaw.com\/ticaret-hukuku\/\" target=\"_self\" class=\"bt_bb_link_content\" title=\"T\u00e4jir\u00e7ilik hukugy\"><span class=\"bt_bb_link_text\">T\u00e4jir\u00e7ilik hukugy<\/span><\/a><\/div><div class=\"bt_bb_separator bt_bb_border_style_none\" data-bt-override-class=\"null\"><\/div><\/div><\/div><\/div><\/div><\/div><\/div><!-- cell_inner --><\/div><!-- cell --><\/div><!-- port --><\/section>","protected":false},"excerpt":{"rendered":"","protected":false},"author":1,"featured_media":0,"parent":0,"menu_order":0,"comment_status":"closed","ping_status":"closed","template":"","meta":[],"yoast_head":"<!-- This site is optimized with the Yoast SEO plugin v20.12 - https:\/\/yoast.com\/wordpress\/plugins\/seo\/ -->\n<title>Miras kanuny - Avukat Esra Aslan<\/title>\n<meta name=\"robots\" content=\"index, follow, max-snippet:-1, max-image-preview:large, max-video-preview:-1\" \/>\n<link rel=\"canonical\" href=\"https:\/\/esraaslanlaw.com\/tm\/miras-kanuny\/\" \/>\n<meta property=\"og:locale\" content=\"en_US\" \/>\n<meta property=\"og:type\" content=\"article\" \/>\n<meta property=\"og:title\" content=\"Miras kanuny - Avukat Esra Aslan\" \/>\n<meta property=\"og:url\" content=\"https:\/\/esraaslanlaw.com\/tm\/miras-kanuny\/\" \/>\n<meta property=\"og:site_name\" content=\"Avukat Esra Aslan\" \/>\n<meta property=\"article:modified_time\" content=\"2023-07-18T10:49:23+00:00\" \/>\n<meta name=\"twitter:card\" content=\"summary_large_image\" \/>\n<meta name=\"twitter:label1\" content=\"Est. reading time\" \/>\n\t<meta name=\"twitter:data1\" content=\"8 minutes\" \/>\n<script type=\"application\/ld+json\" class=\"yoast-schema-graph\">{\"@context\":\"https:\/\/schema.org\",\"@graph\":[{\"@type\":\"WebPage\",\"@id\":\"https:\/\/esraaslanlaw.com\/tm\/miras-kanuny\/\",\"url\":\"https:\/\/esraaslanlaw.com\/tm\/miras-kanuny\/\",\"name\":\"Miras kanuny - Avukat Esra Aslan\",\"isPartOf\":{\"@id\":\"https:\/\/esraaslanlaw.com\/#website\"},\"datePublished\":\"2022-07-07T12:23:24+00:00\",\"dateModified\":\"2023-07-18T10:49:23+00:00\",\"breadcrumb\":{\"@id\":\"https:\/\/esraaslanlaw.com\/tm\/miras-kanuny\/#breadcrumb\"},\"inLanguage\":\"tm-TM\",\"potentialAction\":[{\"@type\":\"ReadAction\",\"target\":[\"https:\/\/esraaslanlaw.com\/tm\/miras-kanuny\/\"]}]},{\"@type\":\"BreadcrumbList\",\"@id\":\"https:\/\/esraaslanlaw.com\/tm\/miras-kanuny\/#breadcrumb\",\"itemListElement\":[{\"@type\":\"ListItem\",\"position\":1,\"name\":\"Anasayfa\",\"item\":\"https:\/\/esraaslanlaw.com\/tm\/\"},{\"@type\":\"ListItem\",\"position\":2,\"name\":\"Miras kanuny\"}]},{\"@type\":\"WebSite\",\"@id\":\"https:\/\/esraaslanlaw.com\/#website\",\"url\":\"https:\/\/esraaslanlaw.com\/\",\"name\":\"Avukat Esra Aslan\",\"description\":\"\",\"publisher\":{\"@id\":\"https:\/\/esraaslanlaw.com\/#organization\"},\"potentialAction\":[{\"@type\":\"SearchAction\",\"target\":{\"@type\":\"EntryPoint\",\"urlTemplate\":\"https:\/\/esraaslanlaw.com\/?s={search_term_string}\"},\"query-input\":\"required name=search_term_string\"}],\"inLanguage\":\"tm-TM\"},{\"@type\":\"Organization\",\"@id\":\"https:\/\/esraaslanlaw.com\/#organization\",\"name\":\"Avukat Esra Aslan\",\"url\":\"https:\/\/esraaslanlaw.com\/\",\"logo\":{\"@type\":\"ImageObject\",\"inLanguage\":\"tm-TM\",\"@id\":\"https:\/\/esraaslanlaw.com\/#\/schema\/logo\/image\/\",\"url\":\"http:\/\/esraaslanlaw.com\/wp-content\/uploads\/2022\/12\/logo-aslan-demir-hukuk.png\",\"contentUrl\":\"http:\/\/esraaslanlaw.com\/wp-content\/uploads\/2022\/12\/logo-aslan-demir-hukuk.png\",\"width\":531,\"height\":190,\"caption\":\"Avukat Esra Aslan\"},\"image\":{\"@id\":\"https:\/\/esraaslanlaw.com\/#\/schema\/logo\/image\/\"}}]}<\/script>\n<!-- \/ Yoast SEO plugin. -->","yoast_head_json":{"title":"Miras kanuny - Avukat Esra Aslan","robots":{"index":"index","follow":"follow","max-snippet":"max-snippet:-1","max-image-preview":"max-image-preview:large","max-video-preview":"max-video-preview:-1"},"canonical":"https:\/\/esraaslanlaw.com\/tm\/miras-kanuny\/","og_locale":"en_US","og_type":"article","og_title":"Miras kanuny - Avukat Esra Aslan","og_url":"https:\/\/esraaslanlaw.com\/tm\/miras-kanuny\/","og_site_name":"Avukat Esra Aslan","article_modified_time":"2023-07-18T10:49:23+00:00","twitter_card":"summary_large_image","twitter_misc":{"Est. reading time":"8 minutes"},"schema":{"@context":"https:\/\/schema.org","@graph":[{"@type":"WebPage","@id":"https:\/\/esraaslanlaw.com\/tm\/miras-kanuny\/","url":"https:\/\/esraaslanlaw.com\/tm\/miras-kanuny\/","name":"Miras kanuny - Avukat Esra Aslan","isPartOf":{"@id":"https:\/\/esraaslanlaw.com\/#website"},"datePublished":"2022-07-07T12:23:24+00:00","dateModified":"2023-07-18T10:49:23+00:00","breadcrumb":{"@id":"https:\/\/esraaslanlaw.com\/tm\/miras-kanuny\/#breadcrumb"},"inLanguage":"tm-TM","potentialAction":[{"@type":"ReadAction","target":["https:\/\/esraaslanlaw.com\/tm\/miras-kanuny\/"]}]},{"@type":"BreadcrumbList","@id":"https:\/\/esraaslanlaw.com\/tm\/miras-kanuny\/#breadcrumb","itemListElement":[{"@type":"ListItem","position":1,"name":"Anasayfa","item":"https:\/\/esraaslanlaw.com\/tm\/"},{"@type":"ListItem","position":2,"name":"Miras kanuny"}]},{"@type":"WebSite","@id":"https:\/\/esraaslanlaw.com\/#website","url":"https:\/\/esraaslanlaw.com\/","name":"Avukat Esra Aslan","description":"","publisher":{"@id":"https:\/\/esraaslanlaw.com\/#organization"},"potentialAction":[{"@type":"SearchAction","target":{"@type":"EntryPoint","urlTemplate":"https:\/\/esraaslanlaw.com\/?s={search_term_string}"},"query-input":"required name=search_term_string"}],"inLanguage":"tm-TM"},{"@type":"Organization","@id":"https:\/\/esraaslanlaw.com\/#organization","name":"Avukat Esra Aslan","url":"https:\/\/esraaslanlaw.com\/","logo":{"@type":"ImageObject","inLanguage":"tm-TM","@id":"https:\/\/esraaslanlaw.com\/#\/schema\/logo\/image\/","url":"http:\/\/esraaslanlaw.com\/wp-content\/uploads\/2022\/12\/logo-aslan-demir-hukuk.png","contentUrl":"http:\/\/esraaslanlaw.com\/wp-content\/uploads\/2022\/12\/logo-aslan-demir-hukuk.png","width":531,"height":190,"caption":"Avukat Esra Aslan"},"image":{"@id":"https:\/\/esraaslanlaw.com\/#\/schema\/logo\/image\/"}}]}},"_links":{"self":[{"href":"https:\/\/esraaslanlaw.com\/tm\/wp-json\/wp\/v2\/pages\/6662"}],"collection":[{"href":"https:\/\/esraaslanlaw.com\/tm\/wp-json\/wp\/v2\/pages"}],"about":[{"href":"https:\/\/esraaslanlaw.com\/tm\/wp-json\/wp\/v2\/types\/page"}],"author":[{"embeddable":true,"href":"https:\/\/esraaslanlaw.com\/tm\/wp-json\/wp\/v2\/users\/1"}],"replies":[{"embeddable":true,"href":"https:\/\/esraaslanlaw.com\/tm\/wp-json\/wp\/v2\/comments?post=6662"}],"version-history":[{"count":2,"href":"https:\/\/esraaslanlaw.com\/tm\/wp-json\/wp\/v2\/pages\/6662\/revisions"}],"predecessor-version":[{"id":7011,"href":"https:\/\/esraaslanlaw.com\/tm\/wp-json\/wp\/v2\/pages\/6662\/revisions\/7011"}],"wp:attachment":[{"href":"https:\/\/esraaslanlaw.com\/tm\/wp-json\/wp\/v2\/media?parent=6662"}],"curies":[{"name":"wp","href":"https:\/\/api.w.org\/{rel}","templated":true}]}}