{"id":6652,"date":"2022-07-07T12:09:26","date_gmt":"2022-07-07T12:09:26","guid":{"rendered":"https:\/\/esraaslanlaw.com\/isewurlik-kanuny\/"},"modified":"2023-07-18T10:48:41","modified_gmt":"2023-07-18T10:48:41","slug":"isewurlik-kanuny","status":"publish","type":"page","link":"https:\/\/esraaslanlaw.com\/tm\/isewurlik-kanuny\/","title":{"rendered":"I\u015few\u00fcrlik kanuny"},"content":{"rendered":"<section id=\"bt_bb_section69f32b8c17361\" class=\"bt_bb_section bt_bb_color_scheme_10 bt_bb_layout_boxed_1200 bt_bb_vertical_align_top bt_bb_top_spacing_large bt_bb_bottom_spacing_large\" style=\"; --section-primary-color:#ffffff; --section-secondary-color:#343b57;\" data-bt-override-class=\"null\"><div class=\"bt_bb_background_image_holder_wrapper\"><div class=\"bt_bb_background_image_holder btLazyLoadBackground\"  data-background_image_src=\"https:\/\/esraaslanlaw.com\/wp-content\/uploads\/2019\/10\/hero_about.jpg\" data-parallax-zoom-start=\"1\" data-parallax-zoom-end=\"1\" data-parallax-blur-start=\"0\" data-parallax-blur-end=\"0\" data-parallax-opacity-start=\"1\" data-parallax-opacity-end=\"1\" style=\" background-image: url(&#039;https:\/\/esraaslanlaw.com\/wp-content\/plugins\/bold-page-builder\/img\/blank.gif&#039;);\"><\/div><\/div><div class=\"bt_bb_port\"><div class=\"bt_bb_cell\"><div class=\"bt_bb_cell_inner\"><div class=\"bt_bb_row_wrapper\"><div  class=\"bt_bb_row\"  data-bt-override-class=\"{}\"><div  class=\"bt_bb_column col-md-12 col-ms-12 bt_bb_align_center bt_bb_animation_fade_in animate bt_bb_padding_normal bt_bb_animation_fade_in animate\"  data-width=\"12\"><div class=\"bt_bb_column_content bt_bb_vertical_align_top\"><div class=\"bt_bb_column_content_inner\"><div class=\"bt_bb_separator bt_bb_border_style_none bt_bb_bottom_spacing_medium bt_bb_hidden_xs bt_bb_hidden_ms bt_bb_hidden_sm\" data-bt-override-class=\"null\"><\/div><header data-bb-version=\"4.5.5\" class=\"bt_bb_headline bt_bb_subheadline_text_transform_default bt_bb_color_scheme_6 bt_bb_dash_none bt_bb_size_extralarge bt_bb_align_inherit\" style=\"; --primary-color:#ffffff; --secondary-color:#367eb5;\" data-bt-override-class=\"{&quot;bt_bb_align_&quot;:{&quot;current_class&quot;:&quot;bt_bb_align_inherit&quot;,&quot;xxl&quot;:&quot;inherit&quot;}}\"><h1 class=\"bt_bb_headline_tag\"><span class=\"bt_bb_headline_content\"><span>I\u015few\u00fcrlik kanuny<\/span><\/span><\/h1><\/header><div class=\"bt_bb_separator bt_bb_border_style_none bt_bb_bottom_spacing_normal bt_bb_hidden_xs bt_bb_hidden_ms bt_bb_hidden_sm\" data-bt-override-class=\"null\"><\/div><\/div><\/div><\/div><\/div><\/div><\/div><!-- cell_inner --><\/div><!-- cell --><\/div><!-- port --><\/section><section id=\"bt_bb_section69f32b8c17c21\" class=\"bt_bb_section bt_bb_layout_boxed_1200 bt_bb_vertical_align_top bt_bb_top_spacing_normal bt_bb_bottom_spacing_normal bt_bb_negative_margin_large\"  data-bt-override-class=\"null\"><div class=\"bt_bb_port\"><div class=\"bt_bb_cell\"><div class=\"bt_bb_cell_inner\"><div class=\"bt_bb_row_wrapper\"><div  class=\"bt_bb_row\"  data-bt-override-class=\"{}\"><div  class=\"bt_bb_column col-md-12 col-ms-12 bt_bb_align_left bt_bb_padding_normal\"  data-width=\"12\"><div class=\"bt_bb_column_content bt_bb_vertical_align_top\"><div class=\"bt_bb_column_content_inner\"><div class=\"bt_bb_separator bt_bb_border_style_none bt_bb_bottom_spacing_large bt_bb_hidden_xs bt_bb_hidden_ms bt_bb_hidden_sm\" data-bt-override-class=\"null\"><\/div><\/div><\/div><\/div><\/div><\/div><div class=\"bt_bb_row_wrapper\"><div  class=\"bt_bb_row bt_bb_layout_special btOverlapLeft\"  data-bt-override-class=\"{}\"><div  class=\"bt_bb_column col-md-8 col-ms-12 bt_bb_align_left bt_bb_animation_fade_in animate bt_bb_padding_normal bt_bb_animation_fade_in animate\"  data-width=\"8\"><div class=\"bt_bb_column_content bt_bb_vertical_align_top\"><div class=\"bt_bb_column_content_inner\"><div class=\"bt_bb_separator bt_bb_border_style_none bt_bb_bottom_spacing_normal\" data-bt-override-class=\"null\"><\/div><div  class=\"bt_bb_text\" ><p><strong>Z\u00e4hmet kanunyny\u0148 kesgitlemesi n\u00e4me<\/strong>? Adat\u00e7a i\u015fg\u00e4ri\u0148 we i\u015f berijini\u0148 arasyndaky baglany\u015fygy \u00fcpj\u00fcn ed\u00fd\u00e4n we kanuny kadalary\u0148 \u00e7\u00e4ginde d\u00f6wlet bilen gatna\u015fyklary g\u00f6zden ge\u00e7ir\u00fd\u00e4n hukuk bor\u00e7namasyna z\u00e4hmet kanuny di\u00fdil\u00fd\u00e4r. Z\u00e4hmet kanuny h\u00f6km\u00fcnde hem bellidir.<\/p>\n<p>Z\u00e4hmet kanuny di\u0148e hyzmat \u015fertnamasyny\u0148 taraplaryny\u0148 arasyndaky gatna\u015fyklary d\u00fczg\u00fcnle\u015fdirme\u00fd\u00e4r. \u015ee\u00fdle hem, taraplary\u0148 hersini\u0148 agza bolup biljek guramalary bilen gatna\u015fygy barada. \u015eonu\u0148 \u00fc\u00e7in iki d\u00fcrli g\u00f6rn\u00fc\u015f bar, \u015fahsy we k\u00f6p\u00e7\u00fclikle\u00fdin z\u00e4hmet kanuny.<\/p>\n<p><strong>Esra Aslan hukuk firmasy<\/strong>Z\u00e4hmet kanunlary barada has gi\u0148i\u015fle\u00fdin maglumat web sahypasyna girip, ynan\u00e7 hatyny berip, i\u015fi\u0148izi\u0148 i\u0148 amatly \u015fertlerde \u00fderine \u00fdetirilmegini \u00fcpj\u00fcn edip bilersi\u0148iz.<\/p>\n<p><strong>Z\u00e4hmet kanuny bilen ha\u00fdsy kazy\u00fdet i\u015fi a\u00e7yl\u00fdar?<\/strong><\/p>\n<p><strong>Z\u00e4hmet kanuny n\u00e4me <\/strong>gi\u0148 gerime e\u00fde. Bu nukda\u00fdnazardan z\u00e4hmet we i\u015fg\u00e4rleri\u0148 algylary hem bu mesel\u00e4 degi\u015flidir. Bu kontekstde:<\/p>\n<ol>\n<li>A\u00fdry-a\u00fdry t\u00f6leg meselesi<\/li>\n<li>Kompensasi\u00fda barada bildiri\u015f<\/li>\n<li>Mobbing seb\u00e4pli kompensasi\u00fda meselesi<\/li>\n<li>I\u015fe kazy\u00fdet i\u015fi<\/li>\n<li>Zy\u00fdanly \u00f6wezini dolmak kazy\u00fdet i\u015fi<\/li>\n<li>Balans m\u00f6hletini\u0148 \u00fdygymy<\/li>\n<li>De\u0148 bejergini\u0148 \u00f6wezini dolmak meselesi<\/li>\n<li>Bo\u015f wagt \u00f6wezini dolmak meselesi<\/li>\n<li>\u00d6wezini dolmak \u00fc\u00e7in kazy\u00fdet i\u015fi<\/li>\n<li>K\u00e4rde\u015fler arkala\u015fygyny\u0148 \u00f6wezini dolmak meselesi<\/li>\n<li>T\u00f6leg talaplary kazy\u00fdeti<\/li>\n<li>I\u015f wagtyndan artyk t\u00f6leg kazy\u00fdet i\u015fi<\/li>\n<li>Leaveyllyk rugsat t\u00f6legi<\/li>\n<li>Andol we nahar t\u00f6legleri<\/li>\n<li>Premium \u00fdygym kazy\u00fdet i\u015fi<\/li>\n<li>Milli dyn\u00e7 aly\u015f we umumy dyn\u00e7 aly\u015f (UBGT) t\u00f6leg meselesi<\/li>\n<li>Nika \u00f6wezini dolmak meselesi<\/li>\n<li>Harby \u00f6wezini dolmak meselesi<\/li>\n<li>Pensi\u00fda \u00f6wezini dolmak meselesi<\/li>\n<li>T\u00e4ze i\u015f g\u00f6zleg rugsady<\/li>\n<\/ol>\n<p><strong>Z\u00e4hmet kanuny n\u00e4me<\/strong> \u015ee\u00fdle hem, Z\u00e4hmet kanunlaryny anyklamak kazy\u00fdetleri bar. Bu kontekstde, hyzmatlary kesgitlemek meselesi, esasy girdejini kesgitlemek meselesi we be\u00fdleki kesgitlemek \u00fdagda\u00fdlary bar. Edil \u015fonu\u0148 \u00fdaly-da, i\u015f hel\u00e4k\u00e7iligi we h\u00fcn\u00e4r keseli bilen baglany\u015fykly birn\u00e4\u00e7e \u00fdagda\u00fd bar. Bular hem a\u015fakdaky \u00fdaly seljerilip bilner;<\/p>\n<ol>\n<li>Bu zatlar, Ma\u00fdyplyk derejesini kesgitlemek meselesinde a\u015fakdaky \u00fdaly g\u00f6zden ge\u00e7irilip bilner;<\/li>\n<li>Institut tarapyndan kesgitlenen ma\u00fdyplyk derejesine gar\u015fylyk<\/li>\n<li>\u00d6ld\u00fcriji i\u015f hel\u00e4k\u00e7iligi seb\u00e4pli goldawdan mahrum etmek meselesi<\/li>\n<li>I\u015f hel\u00e4k\u00e7iligi seb\u00e4pli kazy\u00fdet i\u015flerine \u00fd\u00fcz tutu\u0148<\/li>\n<li>I\u015f hel\u00e4k\u00e7iligi seb\u00e4pli material \u00f6wezini dolmak meselesi<\/li>\n<li>Hemi\u015felik ukypsyzlyk derejesini kesgitlemek \u00fc\u00e7in waka<\/li>\n<li>I\u015f hel\u00e4k\u00e7iligi seb\u00e4pli ahlak \u00f6wezini dolmak \u00fc\u00e7in kazy\u00fdet i\u015fi<\/li>\n<\/ol>\n<p><strong>Z\u00e4hmet kanuny n\u00e4me <\/strong>A\u00fdry-a\u00fdry we k\u00f6p\u00e7\u00fclikle\u00fdin z\u00e4hmet kanuny g\u00f6rn\u00fc\u015finde iki synp bar. Bulardan ba\u015fga-da, Z\u00e4hmet kanunyny\u0148 \u00e7\u00e4gind\u00e4ki \u00fdagda\u00fdlar hem \u015fu g\u00f6rn\u00fc\u015fde.<\/p>\n<p><strong>I\u015few\u00fcrlik \u015eaham\u00e7alary N\u00e4me?<\/strong><\/p>\n<p><strong>Z\u00e4hmet kanuny n\u00e4me? <\/strong>esasan iki a\u00fdry synpy \u00f6z i\u00e7ine al\u00fdar we ikisi hem d\u00fcrli. A\u00fdry-a\u00fdry teleke\u00e7ilik kanuny ki\u00e7i k\u00e4rhanalary \u00f6z i\u00e7ine al\u00fdar. \u015eertnama bo\u00fdun\u00e7a kesgitlenen t\u00f6leg bilen,<\/p>\n<ol>\n<li>I\u015f \u015fertleri,<\/li>\n<li>Premium,<\/li>\n<li>Bonus,<\/li>\n<li>Sosial Hukuklar,<\/li>\n<li>i\u015fini ta\u015fla,<\/li>\n<li>Kompensasi\u00fda \u00fdaly meseleler okuw ugruny emele getir\u00fd\u00e4r.<\/li>\n<\/ol>\n<p>Kollektiwle\u00fdin z\u00e4hmet kanuny, be\u00fdleki tarapdan, k\u00e4rde\u015fler arkala\u015fygy bilen i\u015f berijini\u0148 arasynda uly k\u00e4rhanalarda hukuk gatna\u015fyklaryny \u00f6z i\u00e7ine al\u00fdar. \u015eu nukda\u00fdnazardan <strong>z\u00e4hmet kanuny n\u00e4me<\/strong>, \u015fahalaryna g\u00f6r\u00e4 tapawutlan\u00fdar. K\u00f6p\u00e7\u00fclikle\u00fdin \u00fdagda\u00fdda k\u00e4rde\u015fler arkala\u015fygy d\u00f6retmek we agza bolmak \u00fdaly meseleleri \u00f6z i\u00e7ine al\u00fdar.<\/p>\n<p><strong>Z\u00e4hmet kanuny bo\u00fdun\u00e7a ha\u00fdsy hyzmatlar h\u00f6d\u00fcrlen\u00fd\u00e4r?<\/strong><\/p>\n<p>Z\u00e4hmet kanuny, kanun\u00e7ylygy\u0148 \u00e7\u00e4ginde z\u00e4hmet kanun\u00e7ylygyndan gelip \u00e7yk\u00fdan a\u00fdry-a\u00fdry we korporatiw m\u00fc\u015fderileri\u0148 \u00e4hli jedellerini \u00e7\u00f6zmekde m\u00fc\u015fderilere wekil\u00e7ilik ed\u00fd\u00e4r. Bu nukda\u00fdnazardan, a\u015fakdaky \u00fdaly hyzmatlar i\u015fg\u00e4r-i\u015f berijini\u0148 hyzmat gatna\u015fyklaryna esaslan\u00fdar;<\/p>\n<ol>\n<li>Islendik audit \u00e7ar\u00e7uwasy bo\u00fdun\u00e7a jedelleri \u00e7\u00f6zmek<\/li>\n<li>Zy\u00fdanlary yzarlamak, i\u015f \u00fderind\u00e4ki betbagt\u00e7ylyklardan so\u0148 h\u00fcn\u00e4r saglygy we howpsuzlygy \u00e7\u00e4ginde \u00fd\u00fcze \u00e7ykdy<\/li>\n<li>I\u015f ta\u015fla\u00fdy\u015f we gulplama \u00fdaly i\u015flerde i\u015fg\u00e4ri\u0148 \u00fda-da i\u015f berijini\u0148 adyndan geple\u015fikleri dowam etdirmek<\/li>\n<li>I\u015f berij\u00e4 gar\u015fy salyn\u00fdan jerimelere her d\u00fcrli gar\u015fylyk g\u00f6rkezmek<\/li>\n<li>Adalatsyz i\u015fden \u00e7ykarylandygy seb\u00e4pli bildiri\u015f t\u00f6legi, i\u015fden a\u00fdrylmak, i\u015f wagtyndan artyk hak t\u00f6lemek, umumy dyn\u00e7 aly\u015f we \u00fdyllyk t\u00f6len\u00fd\u00e4n z\u00e4hmet rugsady \u00fdaly \u00f6wezini dolmak.<\/li>\n<li>Z\u00e4hmet \u015fertnamasy adalatsyz \u00fdatyrylan halatynda, ga\u00fdtadan i\u015flemek baradaky kazy\u00fdete \u00fd\u00fcz tutu\u0148<\/li>\n<li>I\u015f beriji bilen i\u015fg\u00e4ri\u0148 arasyndaky \u015fertnama we kanuny bor\u00e7namalardan gelip \u00e7yk\u00fdan jedelleri \u00e7\u00f6zmek<\/li>\n<li>I\u015f beriji bilen i\u015fg\u00e4r gatna\u015fyklaryny\u0148 \u00e7\u00e4ginde z\u00e4hmet \u015fertnamasyny d\u00f6retmek<\/li>\n<\/ol>\n<p>K\u00f6p\u00e7\u00fclikle\u00fdin we <strong>A\u00fdry-a\u00fdry z\u00e4hmet kanuny <\/strong>Esra Aslan hukuk firmasy bilen habarla\u015fsa\u0148yz, jikme-jik maglumat alyp bilersi\u0148iz.<\/p>\n<p><strong>Z\u00e4hmet kanunyny\u0148 a\u00fdratynlyklary ha\u00fdsylar?<\/strong><\/p>\n<p>Z\u00e4hmet kanunynda, i\u015f berijini\u0148 i\u015fle\u00fd\u00e4n i\u015fg\u00e4ri\u0148 z\u00e4hmetini\u0148 netijesini almagy \u00fc\u00e7in \u00f6z\u00fcne la\u00fdyk a\u00fdlyk hakyny\u0148 \u00fcnsden d\u00fc\u015f\u00fcrilmezligi, i\u015f\u00e7ini\u0148 hukuklaryny goramagy\u0148 esasy d\u00fczg\u00fcni.<strong>Z\u00e4hmet kanunyny\u0148 a\u00fdratynlyklary ha\u00fdsylar <\/strong>Bulardan ba\u015fga-da gaty gi\u0148.<\/p>\n<p>Bu nukda\u00fdnazardan, karar kabul ediji ha\u00fdsydyr bir \u00fdagda\u00fdda d\u00fc\u015f\u00fcni\u015fmezlik \u00fda-da ikirji\u0148lenme \u00fd\u00fcze \u00e7ykan halatynda i\u015fg\u00e4ri\u0148 pe\u00fddasyna teswirler bermegi ba\u015farmalydyr. I\u015f\u00e7ini\u0148 \u015fahsy\u00fdetine ileri tutul\u00fdar we \u015fertnama i\u015f berijini\u0148 we i\u015f\u00e7ini\u0148 bu \u00fdagda\u00fdda \u00f6zara bor\u00e7namalaryna esaslanyp \u015fertnamany\u0148 \u00e7\u00e4ginde dowam ed\u00fd\u00e4r.<\/p>\n<p>Z\u00e4hmet kanuny, adat\u00e7a, hususy kanunlary\u0148 \u00f6l\u00e7eglerini \u00f6z i\u00e7ine al\u00fdar. Bulardan ba\u015fga-da i\u015f\u00e7ileri\u0148 algylary hem bar. Muny \u00fdygnamak \u00fc\u00e7in, kazy\u00fdet i\u015fine \u00fd\u00fcz tutmazdan ara\u00e7ylyk amallaryny \u00fderine \u00fdetirmek h\u00f6kmandyr.<\/p>\n<p>Bu nukda\u00fdnazardan ylala\u015fyk bagla\u015fylmaly. \u015ee\u00fdle-de bolsa, bu o\u0148yn netije bermese, kazy\u00fdet i\u015fi gozgap biler. Umuman a\u00fddylanda, kazy\u00fdet i\u015flerinde bar bolan \u015fa\u00fdatlary \u00fda-da i\u015f \u00fderind\u00e4ki \u00fdazgylary g\u00f6z \u00f6\u0148\u00fcnde tutmak arkaly amala a\u015fyrylyp bilner.<\/p>\n<p><strong>Z\u00e4hmet kanunyny\u0148 esasy \u00fd\u00f6relgeleri ha\u00fdsylar?<\/strong><\/p>\n<p><strong>Z\u00e4hmet kanunyny\u0148 esasy d\u00fc\u015f\u00fcnjeleri ha\u00fdsylar <\/strong>gaty gi\u0148dir. Z\u00e4hmet kanuny i\u015f\u00e7ini\u0148 hukuklaryny goramak \u00fc\u00e7in \u00fd\u00fcze \u00e7ykdy. Mundan ba\u015fga-da, sosial adalat we jemgy\u00fdet\u00e7ilik pe\u00fddasy \u00fdaly maksatlary hem bar. Bular birn\u00e4\u00e7e s\u00f6zba\u015fy bilen toparlanandyr, olary\u0148 k\u00e4biri i\u015f\u00e7ini goramak, i\u015f\u00e7ini\u0148 pe\u00fddasyna d\u00fc\u015f\u00fcndiri\u015f we i\u015f\u00e7ini\u0148 \u015fahsy\u00fdetini kesgitlemek.<\/p>\n<p>\u015ee\u00fdle hem <strong>Z\u00e4hmet kanuny No. 4857<\/strong> 2-de Makalada i\u015fg\u00e4r, i\u015f beriji, i\u015f \u00fderi, i\u015f gatna\u015fyklary, i\u015f berijini\u0148 wekili, esasy i\u015f beriji bilen ki\u00e7i i\u015f beriji gatna\u015fyklary \u00fdaly mowzuklar agzal\u00fdar. Esra Aslan Hukuk Ofisine baryp, z\u00e4hmet kanunlary barada has jikme-jik maglumat alyp bilersi\u0148iz we ynan\u00e7 hatyny berip, i\u015fi\u0148izi\u0148 i\u0148 amatly \u015fertlerde \u00fderine \u00fdetirilmegini \u00fcpj\u00fcn edip bilersi\u0148iz.<\/p>\n<\/div><\/div><\/div><\/div><div  class=\"bt_bb_column col-md-4 col-ms-12 bt_bb_align_left bt_bb_animation_fade_in animate bt_bb_icon_color_scheme_6 bt_bb_padding_normal bt_bb_animation_fade_in animate\"  data-width=\"4\"><div class=\"bt_bb_column_content bt_bb_vertical_align_top\"><div class=\"bt_bb_column_content_inner\"><header data-bb-version=\"4.5.5\" class=\"bt_bb_headline bt_bb_subheadline_text_transform_default bt_bb_color_scheme_14 bt_bb_dash_none bt_bb_size_normal bt_bb_align_inherit\" style=\"; --primary-color:#343b57; --secondary-color:#367eb5;\" data-bt-override-class=\"{&quot;bt_bb_align_&quot;:{&quot;current_class&quot;:&quot;bt_bb_align_inherit&quot;,&quot;xxl&quot;:&quot;inherit&quot;}}\"><h5 class=\"bt_bb_headline_tag\"><span class=\"bt_bb_headline_content\"><span>Be\u00fdleki Hyzmatlarymyz<\/span><\/span><\/h5><\/header><div class=\"bt_bb_separator bt_bb_border_style_none bt_bb_bottom_spacing_small\" data-bt-override-class=\"null\"><\/div><div class=\"bt_bb_link\"><a href=\"http:\/\/esraaslanlaw.com\/aile-hukuku\/\" target=\"_self\" class=\"bt_bb_link_content\" title=\"Ma\u015fgala kanuny\"><span class=\"bt_bb_link_text\">Ma\u015fgala kanuny<\/span><\/a><\/div><div class=\"bt_bb_separator bt_bb_border_style_none\" data-bt-override-class=\"null\"><\/div><div class=\"bt_bb_link\"><a href=\"http:\/\/esraaslanlaw.com\/ceza-hukuku\/\" target=\"_self\" class=\"bt_bb_link_content\" title=\"Jena\u00fdat kanuny\"><span class=\"bt_bb_link_text\">Jena\u00fdat kanuny<\/span><\/a><\/div><div class=\"bt_bb_separator bt_bb_border_style_none\" data-bt-override-class=\"null\"><\/div><div class=\"bt_bb_link\"><a href=\"http:\/\/esraaslanlaw.com\/gayrimenkul-hukuku\/\" target=\"_self\" class=\"bt_bb_link_content\" title=\"Gozgalma\u00fdan eml\u00e4k kanuny\"><span class=\"bt_bb_link_text\">Gozgalma\u00fdan eml\u00e4k kanuny<\/span><\/a><\/div><div class=\"bt_bb_separator bt_bb_border_style_none\" data-bt-override-class=\"null\"><\/div><div class=\"bt_bb_link\"><a href=\"http:\/\/esraaslanlaw.com\/idare-hukuku\/\" target=\"_self\" class=\"bt_bb_link_content\" title=\"Galplyk kanuny\"><span class=\"bt_bb_link_text\">Galplyk kanuny<\/span><\/a><\/div><div class=\"bt_bb_separator bt_bb_border_style_none\" data-bt-override-class=\"null\"><\/div><div class=\"bt_bb_link\"><a href=\"http:\/\/esraaslanlaw.com\/is-hukuku\/\" target=\"_self\" class=\"bt_bb_link_content\" title=\"I\u015few\u00fcrlik kanuny\"><span class=\"bt_bb_link_text\">I\u015few\u00fcrlik kanuny<\/span><\/a><\/div><div class=\"bt_bb_separator bt_bb_border_style_none\" data-bt-override-class=\"null\"><\/div><div class=\"bt_bb_link\"><a href=\"http:\/\/esraaslanlaw.com\/miras-hukuku\/\" target=\"_self\" class=\"bt_bb_link_content\" title=\"Miras kanuny\"><span class=\"bt_bb_link_text\">Miras kanuny<\/span><\/a><\/div><div class=\"bt_bb_separator bt_bb_border_style_none\" data-bt-override-class=\"null\"><\/div><div class=\"bt_bb_link\"><a href=\"http:\/\/esraaslanlaw.com\/sigorta-ve-tazminat-hukuku\/\" target=\"_self\" class=\"bt_bb_link_content\" title=\"Insuranceti\u00fda\u00e7landyry\u015f we \u00f6wezini dolmak kanuny\"><span class=\"bt_bb_link_text\">Insuranceti\u00fda\u00e7landyry\u015f we \u00f6wezini dolmak kanuny<\/span><\/a><\/div><div class=\"bt_bb_separator bt_bb_border_style_none\" data-bt-override-class=\"null\"><\/div><div class=\"bt_bb_link\"><a href=\"http:\/\/esraaslanlaw.com\/ticaret-hukuku\/\" target=\"_self\" class=\"bt_bb_link_content\" title=\"T\u00e4jir\u00e7ilik hukugy\"><span class=\"bt_bb_link_text\">T\u00e4jir\u00e7ilik hukugy<\/span><\/a><\/div><div class=\"bt_bb_separator bt_bb_border_style_none\" data-bt-override-class=\"null\"><\/div><\/div><\/div><\/div><\/div><\/div><\/div><!-- cell_inner --><\/div><!-- cell --><\/div><!-- port --><\/section>","protected":false},"excerpt":{"rendered":"","protected":false},"author":1,"featured_media":0,"parent":0,"menu_order":0,"comment_status":"closed","ping_status":"closed","template":"","meta":[],"yoast_head":"<!-- This site is optimized with the Yoast SEO plugin v20.12 - https:\/\/yoast.com\/wordpress\/plugins\/seo\/ -->\n<title>I\u015few\u00fcrlik kanuny - Avukat Esra Aslan<\/title>\n<meta name=\"robots\" content=\"index, follow, max-snippet:-1, max-image-preview:large, max-video-preview:-1\" \/>\n<link rel=\"canonical\" href=\"https:\/\/esraaslanlaw.com\/tm\/isewurlik-kanuny\/\" \/>\n<meta property=\"og:locale\" content=\"en_US\" \/>\n<meta property=\"og:type\" content=\"article\" \/>\n<meta property=\"og:title\" content=\"I\u015few\u00fcrlik kanuny - Avukat Esra Aslan\" \/>\n<meta property=\"og:url\" content=\"https:\/\/esraaslanlaw.com\/tm\/isewurlik-kanuny\/\" \/>\n<meta property=\"og:site_name\" content=\"Avukat Esra Aslan\" \/>\n<meta property=\"article:modified_time\" content=\"2023-07-18T10:48:41+00:00\" \/>\n<meta name=\"twitter:card\" content=\"summary_large_image\" \/>\n<meta name=\"twitter:label1\" content=\"Est. reading time\" \/>\n\t<meta name=\"twitter:data1\" content=\"8 minutes\" \/>\n<script type=\"application\/ld+json\" class=\"yoast-schema-graph\">{\"@context\":\"https:\/\/schema.org\",\"@graph\":[{\"@type\":\"WebPage\",\"@id\":\"https:\/\/esraaslanlaw.com\/tm\/isewurlik-kanuny\/\",\"url\":\"https:\/\/esraaslanlaw.com\/tm\/isewurlik-kanuny\/\",\"name\":\"I\u015few\u00fcrlik kanuny - Avukat Esra Aslan\",\"isPartOf\":{\"@id\":\"https:\/\/esraaslanlaw.com\/#website\"},\"datePublished\":\"2022-07-07T12:09:26+00:00\",\"dateModified\":\"2023-07-18T10:48:41+00:00\",\"breadcrumb\":{\"@id\":\"https:\/\/esraaslanlaw.com\/tm\/isewurlik-kanuny\/#breadcrumb\"},\"inLanguage\":\"tm-TM\",\"potentialAction\":[{\"@type\":\"ReadAction\",\"target\":[\"https:\/\/esraaslanlaw.com\/tm\/isewurlik-kanuny\/\"]}]},{\"@type\":\"BreadcrumbList\",\"@id\":\"https:\/\/esraaslanlaw.com\/tm\/isewurlik-kanuny\/#breadcrumb\",\"itemListElement\":[{\"@type\":\"ListItem\",\"position\":1,\"name\":\"Anasayfa\",\"item\":\"https:\/\/esraaslanlaw.com\/tm\/\"},{\"@type\":\"ListItem\",\"position\":2,\"name\":\"I\u015few\u00fcrlik kanuny\"}]},{\"@type\":\"WebSite\",\"@id\":\"https:\/\/esraaslanlaw.com\/#website\",\"url\":\"https:\/\/esraaslanlaw.com\/\",\"name\":\"Avukat Esra Aslan\",\"description\":\"\",\"publisher\":{\"@id\":\"https:\/\/esraaslanlaw.com\/#organization\"},\"potentialAction\":[{\"@type\":\"SearchAction\",\"target\":{\"@type\":\"EntryPoint\",\"urlTemplate\":\"https:\/\/esraaslanlaw.com\/?s={search_term_string}\"},\"query-input\":\"required name=search_term_string\"}],\"inLanguage\":\"tm-TM\"},{\"@type\":\"Organization\",\"@id\":\"https:\/\/esraaslanlaw.com\/#organization\",\"name\":\"Avukat Esra Aslan\",\"url\":\"https:\/\/esraaslanlaw.com\/\",\"logo\":{\"@type\":\"ImageObject\",\"inLanguage\":\"tm-TM\",\"@id\":\"https:\/\/esraaslanlaw.com\/#\/schema\/logo\/image\/\",\"url\":\"http:\/\/esraaslanlaw.com\/wp-content\/uploads\/2022\/12\/logo-aslan-demir-hukuk.png\",\"contentUrl\":\"http:\/\/esraaslanlaw.com\/wp-content\/uploads\/2022\/12\/logo-aslan-demir-hukuk.png\",\"width\":531,\"height\":190,\"caption\":\"Avukat Esra Aslan\"},\"image\":{\"@id\":\"https:\/\/esraaslanlaw.com\/#\/schema\/logo\/image\/\"}}]}<\/script>\n<!-- \/ Yoast SEO plugin. -->","yoast_head_json":{"title":"I\u015few\u00fcrlik kanuny - Avukat Esra Aslan","robots":{"index":"index","follow":"follow","max-snippet":"max-snippet:-1","max-image-preview":"max-image-preview:large","max-video-preview":"max-video-preview:-1"},"canonical":"https:\/\/esraaslanlaw.com\/tm\/isewurlik-kanuny\/","og_locale":"en_US","og_type":"article","og_title":"I\u015few\u00fcrlik kanuny - Avukat Esra Aslan","og_url":"https:\/\/esraaslanlaw.com\/tm\/isewurlik-kanuny\/","og_site_name":"Avukat Esra Aslan","article_modified_time":"2023-07-18T10:48:41+00:00","twitter_card":"summary_large_image","twitter_misc":{"Est. reading time":"8 minutes"},"schema":{"@context":"https:\/\/schema.org","@graph":[{"@type":"WebPage","@id":"https:\/\/esraaslanlaw.com\/tm\/isewurlik-kanuny\/","url":"https:\/\/esraaslanlaw.com\/tm\/isewurlik-kanuny\/","name":"I\u015few\u00fcrlik kanuny - Avukat Esra Aslan","isPartOf":{"@id":"https:\/\/esraaslanlaw.com\/#website"},"datePublished":"2022-07-07T12:09:26+00:00","dateModified":"2023-07-18T10:48:41+00:00","breadcrumb":{"@id":"https:\/\/esraaslanlaw.com\/tm\/isewurlik-kanuny\/#breadcrumb"},"inLanguage":"tm-TM","potentialAction":[{"@type":"ReadAction","target":["https:\/\/esraaslanlaw.com\/tm\/isewurlik-kanuny\/"]}]},{"@type":"BreadcrumbList","@id":"https:\/\/esraaslanlaw.com\/tm\/isewurlik-kanuny\/#breadcrumb","itemListElement":[{"@type":"ListItem","position":1,"name":"Anasayfa","item":"https:\/\/esraaslanlaw.com\/tm\/"},{"@type":"ListItem","position":2,"name":"I\u015few\u00fcrlik kanuny"}]},{"@type":"WebSite","@id":"https:\/\/esraaslanlaw.com\/#website","url":"https:\/\/esraaslanlaw.com\/","name":"Avukat Esra Aslan","description":"","publisher":{"@id":"https:\/\/esraaslanlaw.com\/#organization"},"potentialAction":[{"@type":"SearchAction","target":{"@type":"EntryPoint","urlTemplate":"https:\/\/esraaslanlaw.com\/?s={search_term_string}"},"query-input":"required name=search_term_string"}],"inLanguage":"tm-TM"},{"@type":"Organization","@id":"https:\/\/esraaslanlaw.com\/#organization","name":"Avukat Esra Aslan","url":"https:\/\/esraaslanlaw.com\/","logo":{"@type":"ImageObject","inLanguage":"tm-TM","@id":"https:\/\/esraaslanlaw.com\/#\/schema\/logo\/image\/","url":"http:\/\/esraaslanlaw.com\/wp-content\/uploads\/2022\/12\/logo-aslan-demir-hukuk.png","contentUrl":"http:\/\/esraaslanlaw.com\/wp-content\/uploads\/2022\/12\/logo-aslan-demir-hukuk.png","width":531,"height":190,"caption":"Avukat Esra Aslan"},"image":{"@id":"https:\/\/esraaslanlaw.com\/#\/schema\/logo\/image\/"}}]}},"_links":{"self":[{"href":"https:\/\/esraaslanlaw.com\/tm\/wp-json\/wp\/v2\/pages\/6652"}],"collection":[{"href":"https:\/\/esraaslanlaw.com\/tm\/wp-json\/wp\/v2\/pages"}],"about":[{"href":"https:\/\/esraaslanlaw.com\/tm\/wp-json\/wp\/v2\/types\/page"}],"author":[{"embeddable":true,"href":"https:\/\/esraaslanlaw.com\/tm\/wp-json\/wp\/v2\/users\/1"}],"replies":[{"embeddable":true,"href":"https:\/\/esraaslanlaw.com\/tm\/wp-json\/wp\/v2\/comments?post=6652"}],"version-history":[{"count":2,"href":"https:\/\/esraaslanlaw.com\/tm\/wp-json\/wp\/v2\/pages\/6652\/revisions"}],"predecessor-version":[{"id":7010,"href":"https:\/\/esraaslanlaw.com\/tm\/wp-json\/wp\/v2\/pages\/6652\/revisions\/7010"}],"wp:attachment":[{"href":"https:\/\/esraaslanlaw.com\/tm\/wp-json\/wp\/v2\/media?parent=6652"}],"curies":[{"name":"wp","href":"https:\/\/api.w.org\/{rel}","templated":true}]}}