{"id":6649,"date":"2023-01-10T06:00:03","date_gmt":"2023-01-10T06:00:03","guid":{"rendered":"https:\/\/esraaslanlaw.com\/galplyk-kanuny\/"},"modified":"2023-07-18T10:47:56","modified_gmt":"2023-07-18T10:47:56","slug":"galplyk-kanuny","status":"publish","type":"page","link":"https:\/\/esraaslanlaw.com\/tm\/galplyk-kanuny\/","title":{"rendered":"Galplyk kanuny"},"content":{"rendered":"<section id=\"bt_bb_section69f9f3335e0dc\" class=\"bt_bb_section bt_bb_color_scheme_10 bt_bb_layout_boxed_1200 bt_bb_vertical_align_top bt_bb_top_spacing_large bt_bb_bottom_spacing_large\" style=\"; --section-primary-color:#ffffff; --section-secondary-color:#343b57;\" data-bt-override-class=\"null\"><div class=\"bt_bb_background_image_holder_wrapper\"><div class=\"bt_bb_background_image_holder btLazyLoadBackground\"  data-background_image_src=\"https:\/\/esraaslanlaw.com\/wp-content\/uploads\/2019\/10\/hero_about.jpg\" data-parallax-zoom-start=\"1\" data-parallax-zoom-end=\"1\" data-parallax-blur-start=\"0\" data-parallax-blur-end=\"0\" data-parallax-opacity-start=\"1\" data-parallax-opacity-end=\"1\" style=\" background-image: url(&#039;https:\/\/esraaslanlaw.com\/wp-content\/plugins\/bold-page-builder\/img\/blank.gif&#039;);\"><\/div><\/div><div class=\"bt_bb_port\"><div class=\"bt_bb_cell\"><div class=\"bt_bb_cell_inner\"><div class=\"bt_bb_row_wrapper\"><div  class=\"bt_bb_row\"  data-bt-override-class=\"{}\"><div  class=\"bt_bb_column col-md-12 col-ms-12 bt_bb_align_center bt_bb_animation_fade_in animate bt_bb_padding_normal bt_bb_animation_fade_in animate\"  data-width=\"12\"><div class=\"bt_bb_column_content bt_bb_vertical_align_top\"><div class=\"bt_bb_column_content_inner\"><div class=\"bt_bb_separator bt_bb_border_style_none bt_bb_bottom_spacing_medium bt_bb_hidden_xs bt_bb_hidden_ms bt_bb_hidden_sm\" data-bt-override-class=\"null\"><\/div><header data-bb-version=\"4.5.5\" class=\"bt_bb_headline bt_bb_subheadline_text_transform_default bt_bb_color_scheme_6 bt_bb_dash_none bt_bb_size_extralarge bt_bb_align_inherit\" style=\"; --primary-color:#ffffff; --secondary-color:#367eb5;\" data-bt-override-class=\"{&quot;bt_bb_align_&quot;:{&quot;current_class&quot;:&quot;bt_bb_align_inherit&quot;,&quot;xxl&quot;:&quot;inherit&quot;}}\"><h1 class=\"bt_bb_headline_tag\"><span class=\"bt_bb_headline_content\"><span>Dolandyry\u015f Kanuny<\/span><\/span><\/h1><\/header><div class=\"bt_bb_separator bt_bb_border_style_none bt_bb_bottom_spacing_normal bt_bb_hidden_xs bt_bb_hidden_ms bt_bb_hidden_sm\" data-bt-override-class=\"null\"><\/div><\/div><\/div><\/div><\/div><\/div><\/div><!-- cell_inner --><\/div><!-- cell --><\/div><!-- port --><\/section><section id=\"bt_bb_section69f9f3335e6ca\" class=\"bt_bb_section bt_bb_layout_boxed_1200 bt_bb_vertical_align_top bt_bb_top_spacing_normal bt_bb_bottom_spacing_normal bt_bb_negative_margin_large\"  data-bt-override-class=\"null\"><div class=\"bt_bb_port\"><div class=\"bt_bb_cell\"><div class=\"bt_bb_cell_inner\"><div class=\"bt_bb_row_wrapper\"><div  class=\"bt_bb_row\"  data-bt-override-class=\"{}\"><div  class=\"bt_bb_column col-md-12 col-ms-12 bt_bb_align_left bt_bb_padding_normal\"  data-width=\"12\"><div class=\"bt_bb_column_content bt_bb_vertical_align_top\"><div class=\"bt_bb_column_content_inner\"><div class=\"bt_bb_separator bt_bb_border_style_none bt_bb_bottom_spacing_large bt_bb_hidden_xs bt_bb_hidden_ms bt_bb_hidden_sm\" data-bt-override-class=\"null\"><\/div><\/div><\/div><\/div><\/div><\/div><div class=\"bt_bb_row_wrapper\"><div  class=\"bt_bb_row bt_bb_layout_special btOverlapLeft\"  data-bt-override-class=\"{}\"><div  class=\"bt_bb_column col-md-8 col-ms-12 bt_bb_align_left bt_bb_animation_fade_in animate bt_bb_padding_normal bt_bb_animation_fade_in animate\"  data-width=\"8\"><div class=\"bt_bb_column_content bt_bb_vertical_align_top\"><div class=\"bt_bb_column_content_inner\"><div class=\"bt_bb_separator bt_bb_border_style_none bt_bb_bottom_spacing_normal\" data-bt-override-class=\"null\"><\/div><div  class=\"bt_bb_text\" ><p><strong>Dolandyry\u015f kanuny<\/strong>, d\u00f6wlet edaralaryny\u0148 dolandyryly\u015fyny we i\u015fini kadala\u015fdyr\u00fdan kanun b\u00f6l\u00fcmi, \u015fonu\u0148 \u00fc\u00e7in m\u00f6h\u00fcmdir. Dolandyry\u015f kanuny d\u00f6wlet edaralaryny\u0148 dolandyryly\u015fyny we i\u015fini kadala\u015fdyr\u00fdar. Mysal \u00fc\u00e7in, administratiw kanun d\u00f6wlet edaralaryny\u0148 i\u015fle\u00fd\u015fini, pul har\u00e7la\u00fdandyklaryny, i\u015fg\u00e4rleri n\u00e4dip i\u015fe al\u00fdandyklaryny we i\u015fle\u00fd\u015fini d\u00fczg\u00fcnle\u015fdir\u00fd\u00e4r. \u015ee\u00fdlelik bilen, d\u00f6wlet edaralaryny\u0148 i\u015fi adalatly we tertipli alnyp baryl\u00fdar.<\/p>\n<p><strong>Dolandyry\u015f kanuny<\/strong>, bu kanuny\u0148 m\u00f6h\u00fcm bir \u015fahasy bolup, d\u00f6wlet edaralaryny\u0148 dolandyryly\u015fyny we i\u015fini kadala\u015fdyr\u00fdar. Administratiw kanun, \u015fe\u00fdle hem d\u00f6wlet edaralary tarapyndan gele\u015fikleri\u0148 kanunylygyna g\u00f6zeg\u00e7ilik ed\u00fd\u00e4r we gele\u015fik bikanun bolsa, ony kanuny etm\u00e4ge synany\u015f\u00fdar. \u015ee\u00fdlelik bilen, d\u00f6wlet edaralaryny\u0148 i\u015fi adalatly we tertipli alnyp baryl\u00fdar we hukuk tertibi we adalat \u00fcpj\u00fcn edil\u00fd\u00e4r.<\/p>\n<h2>Administratiw hukuk a\u00fdratynlyklary<\/h2>\n<p>Dolandyry\u015f kanuny d\u00f6wlet edaralaryny\u0148 dolandyryly\u015fyny we i\u015fini kadala\u015fdyr\u00fdan kanuny\u0148 bir \u015fahasydyr we \u015fonu\u0148 \u00fc\u00e7in m\u00f6h\u00fcmdir. Dolandyry\u015f kanuny k\u00e4bir a\u00fdratynlyklary bolan kanuny\u0148 bir \u015fahasy we bu a\u00fdratynlyklar a\u015fakdakylar:<\/p>\n<ul>\n<li>Hususy kanunlar bilen b\u00f6l\u00fcn\u00fd\u00e4r. Dolandyry\u015f kanuny hususy kanunlardan b\u00f6l\u00fcnip, d\u00f6wlet edaralaryny\u0148 dolandyryly\u015fyny we i\u015fini kadala\u015fdyr\u00fdar. Hususy kanun, be\u00fdleki tarapdan, \u015fahsy adamlary\u0148 arasyndaky kanuny amallary d\u00fczg\u00fcnle\u015fdir\u00fd\u00e4r.<\/li>\n<li>D\u00fczeltme \u00fdok. Dolandyry\u015f kanuny hususy kanunlar \u00fdaly hususyla\u015fdyrylyp bilinmez. Hususy kanunlarda bol\u015fy \u00fdaly, administratiw hukuk meselelerinde hususy kanun d\u00fczg\u00fcnleri ulanylyp bilinmez.<\/li>\n<li>Hususy kanun d\u00fczg\u00fcnlerini\u0148 ulanylmagy. Dolandyry\u015f kanuny hususy kanun d\u00fczg\u00fcnlerini \u00f6z i\u00e7ine al\u00fdar, \u015fonu\u0148 \u00fc\u00e7in hususy kanun d\u00fczg\u00fcnleri hem administratiw kanunlary\u0148 \u00e7\u00e4ginde.<\/li>\n<li>Dolandyry\u015f hukugy kanuny\u0148 gara\u015fsyz \u015fahasydyr.<\/li>\n<li>Dolandyry\u015f hukugyny\u0148 maksady jemgy\u00fdeti\u0148 gyzyklanmasyny goramak.<\/li>\n<li>Kanuny\u0148 bu \u015fahasy de\u0148sizlige esaslan\u00fdar.<\/li>\n<\/ul>\n<h2>Administratiw hukuk \u00e7e\u015fmeleri<\/h2>\n<p>Dolandyry\u015f kanuny d\u00f6wlet edaralaryny\u0148 dolandyryly\u015fyny we i\u015fini kadala\u015fdyr\u00fdan kanuny\u0148 bir \u015fahasydyr we \u015fonu\u0148 \u00fc\u00e7in m\u00f6h\u00fcmdir. Dolandyry\u015f kanuny k\u00e4bir \u00e7e\u015fmeler bilen kanuny\u0148 bir \u015fahasy we bu \u00e7e\u015fmeler a\u015fakdakylar:<\/p>\n<ol>\n<li><strong>Konstitusi\u00fda<\/strong>: Konstitusi\u00fda administratiw kanunlar \u00fc\u00e7in i\u0148 m\u00f6h\u00fcm \u00e7e\u015fme bolup, administratiw hukuk meselelerinde konstitusi\u00fda d\u00fczg\u00fcnleri ulanyl\u00fdar.<\/li>\n<li><strong>Kanunlar:<\/strong> Kanunlar administratiw kanunlar \u00fc\u00e7in m\u00f6h\u00fcm \u00e7e\u015fmeler bolup, administratiw hukuk meselelerinde hukuk d\u00fczg\u00fcnleri ulanyl\u00fdar.<\/li>\n<li><strong>D\u00fczg\u00fcnnama:<\/strong> D\u00fczg\u00fcnnama administratiw kanunlar \u00fc\u00e7in m\u00f6h\u00fcm \u00e7e\u015fmeler bolup, administratiw hukuk meselelerinde kadala\u015fdyryjy d\u00fczg\u00fcnler ulanyl\u00fdar.<\/li>\n<li><strong>D\u00fczg\u00fcnnamalar:<\/strong>D\u00fczg\u00fcnnamalar administratiw kanunlar \u00fc\u00e7in m\u00f6h\u00fcm \u00e7e\u015fmeler bolup, d\u00fczg\u00fcnnamalary\u0148 d\u00fczg\u00fcnleri administratiw hukuk meselelerinde ulanyl\u00fdar.<\/li>\n<li><strong>Dolandyry\u015f kazy\u00fdet kararlary:<\/strong> Dolandyry\u015f kazy\u00fdet kararlary administratiw kanunlar \u00fc\u00e7in m\u00f6h\u00fcm \u00e7e\u015fmeler bolup, administratiw kazy\u00fdet kararlary administratiw hukuk meselelerinde ulanyl\u00fdar.<\/li>\n<li><strong>Halkara \u015fertnamalar:<\/strong> Uluslararas\u0131 anla\u015fmalar, idare hukuku i\u00e7in \u00f6nemli kaynaklard\u0131r ve idare hukuku konular\u0131nda uluslararas\u0131 anla\u015fmalar uygulan\u0131r.<\/li>\n<li><strong>Administratiw Hukuk Edebi\u00fdaty:<\/strong>Dolandyry\u015f hukuk edebi\u00fdaty administratiw hukuk \u00fc\u00e7in m\u00f6h\u00fcm \u00e7e\u015fme bolup, administratiw hukuk meselelerinde administratiw hukuk edebi\u00fdaty ulanyl\u00fdar.<\/li>\n<\/ol>\n<p>Bu \u00e7e\u015fmeler administratiw kanunlar \u00fc\u00e7in m\u00f6h\u00fcm \u00e7e\u015fmelerdir.<\/p>\n<h2>Administratiw hukuk aklaw\u00e7ysy<\/h2>\n<p><strong>Administratiw hukuk aklaw\u00e7ysy<\/strong>, Administratiw hukuk meselelerinde maslahat we goranmak hyzmatlaryny ber\u00fd\u00e4n aklaw\u00e7y. Administratiw hukuk aklaw\u00e7ysy, d\u00f6wlet edaralaryna administratiw hukuk meseleleri bo\u00fdun\u00e7a maslahat hyzmatlaryny ber\u00fd\u00e4r. \u015ee\u00fdlelik bilen, d\u00f6wlet edaralary administratiw hukuk meseleleri bo\u00fdun\u00e7a dogry kararlar kabul ed\u00fd\u00e4rler we kanuna la\u00fdyklykda hereket ed\u00fd\u00e4rler. Administratiw hukuk aklaw\u00e7ysy administratiw hukuk meselelerinde goranmak hyzmatlaryny hem ed\u00fd\u00e4r. Mysal \u00fc\u00e7in, administratiw hukuk aklaw\u00e7ysy administratiw hukuk meseleleri bo\u00fdun\u00e7a kazy\u00fdet i\u015flerinde goranmak hyzmatlaryny ed\u00fd\u00e4r. \u015ee\u00fdlelik bilen, administratiw hukuk meseleleri bo\u00fdun\u00e7a kazy\u00fdet i\u015flerinde adalatly netije alyn\u00fdar.<\/p>\n<h2>Administratiw \u00fdurisdiksi\u00fdada kazy\u00fdet i\u015flerini\u0148 g\u00f6rn\u00fc\u015fleri<\/h2>\n<p>Dolandyry\u015f \u00fdurisdiksi\u00fdasyndaky i\u015fleri\u0148 g\u00f6rn\u00fc\u015fleri administratiw \u00fdurisdiksi\u00fdada berlen kazy\u00fdet i\u015flerini\u0148 g\u00f6rn\u00fc\u015flerini kesgitle\u00fd\u00e4r. Administratiw adalat i\u015flerini\u0148 g\u00f6rn\u00fc\u015fleri:<\/p>\n<ul>\n<li>Administratiw hereketleri \u00fdatyrmak \u00fc\u00e7in \u00e7\u00e4re: Administratiw hereketleri \u00fdatyrmak \u00fc\u00e7in \u00e7\u00e4re, administrasi\u00fdany\u0148 hereketlerini\u0148 kanuna la\u00fdyk gel\u00fd\u00e4ndigi \u00fda-da \u00fdokdugy g\u00f6zden ge\u00e7iril\u00fd\u00e4r. Administrasi\u00fda tarapyndan edilen gele\u015fik kanuna la\u00fdyk gelmese, bu amal \u00fdatyrylar.<\/li>\n<li>Hukuk gora\u00fdjy kazy\u00fdet i\u015fi: Hukuk sanksi\u00fdasy, administrasi\u00fdany\u0148 hereketlerini\u0148 kanuna la\u00fdyk gel\u00fd\u00e4ndigi \u00fda-da \u00fdokdugy barlanyl\u00fdan kazy\u00fdet i\u015fi. Administrasi\u00fda tarapyndan g\u00f6r\u00fcl\u00fd\u00e4n \u00e7\u00e4reler kanuna la\u00fdyk gelmese, bu \u00e7\u00e4re sanksi\u00fda berler.<\/li>\n<li>Administratiw jerime:<\/li>\n<\/ul>\n<h2>Dolandyry\u015f kazy\u00fdetini\u0148 h\u00f6k\u00fcm ulgamy n\u00e4me?<\/h2>\n<p>Administratiw kazy\u00fdet, administratiw hukuk meseleleri bo\u00fdun\u00e7a kazy\u00fdet i\u015flerine sered\u00fd\u00e4n kazy\u00fdet edarasydyr.<\/p>\n<p>Dolandyry\u015f kazy\u00fdetini\u0148 kazy\u00fdet ulgamy a\u015fakdakylar:<\/p>\n<ol>\n<li>Kazy\u00fdet i\u015fi gozgaldy: Administratiw hukuk meseleleri bo\u00fdun\u00e7a kazy\u00fdet i\u015fi gozgaldy we bu kazy\u00fdet administratiw kazy\u00fdete iberildi.<\/li>\n<li>Fa\u00fdl g\u00f6zden ge\u00e7iril\u00fd\u00e4r: Kazy\u00fdet fa\u00fdly administratiw kazy\u00fdet tarapyndan g\u00f6zden ge\u00e7iril\u00fd\u00e4r we taraplary\u0148 goragy alyn\u00fdar.<\/li>\n<li>Kazy\u00fdet karar berdi: Administratiw kazy\u00fdet bu i\u015f barada karar ber\u00fd\u00e4r we bu karar taraplara habar beril\u00fd\u00e4r.<\/li>\n<li>Karara \u015fika\u00fdat edilip bilner: Administratiw kazy\u00fdeti\u0148 karary, Administratiw kazy\u00fdeti\u0148 i\u0148 \u00fdokary karary bolan D\u00f6wlet Ge\u0148e\u015fine \u015fika\u00fdat edilip bilner.<\/li>\n<\/ol>\n<p>Dolandyry\u015f kazy\u00fdetini\u0148 kazy\u00fdet ulgamy administratiw hukuk meseleleri bo\u00fdun\u00e7a kazy\u00fdet i\u015flerine sered\u00fd\u00e4n kazy\u00fdet edarasy bolup, kazy\u00fdet i\u015fi gozgal\u00fdar, fa\u00fdl g\u00f6zden ge\u00e7iril\u00fd\u00e4r, kazy\u00fdet karar ber\u00fd\u00e4r we karara \u015fika\u00fdat edilip bilner. Bu kazy\u00fdet ulgamyny\u0148 k\u00f6megi bilen administratiw hukuk meselelerinde adalatly kazy\u00fdet i\u015fi ge\u00e7iril\u00fd\u00e4r we adalat \u00fcpj\u00fcn edil\u00fd\u00e4r.<\/p>\n<h2>Dolandyry\u015f hereketini\u0148 elementleri ha\u00fdsylar?<\/h2>\n<p>Dolandyry\u015f \u00e7\u00e4resi, administrasi\u00fda tarapyndan kabul edilen kanuny \u00e7\u00e4re we administratiw hereketleri\u0148 kanuna la\u00fdyk gel\u00fd\u00e4ndigi barlan\u00fdar. Dolandyry\u015f \u00e7\u00e4resi a\u015fakdaky elementleri \u00f6z i\u00e7ine al\u00fdar:<\/p>\n<ol>\n<li>Dolandyry\u015fy\u0148 gurlu\u015fygy: Dolandyry\u015f \u00e7\u00e4resi, administrasi\u00fda tarapyndan \u00fderine \u00fdetirilen kanuny \u00e7\u00e4re. Mysal \u00fc\u00e7in, h\u00e4kimligi\u0148 gadaganlygy yglan etmegi administratiw \u00e7\u00e4re.<\/li>\n<li>Hukuk tarapy: Administratiw hereket kanun \u00fc\u00e7in kanuny hasaplan\u00fdar.<\/li>\n<li>D\u00fczg\u00fcnnama: Dolandyry\u015f \u00e7\u00e4releri d\u00fczg\u00fcnleri\u0148 \u00e7\u00e4ginde amala a\u015fyryl\u00fdar we bu d\u00fczg\u00fcnler kanuna la\u00fdyk gelmelidir.<\/li>\n<li>Dolandyry\u015f ygty\u00fdary: Dolandyry\u015f \u00e7\u00e4releri administrasi\u00fdany\u0148 kanuny ygty\u00fdarlyklaryny\u0148 \u00e7\u00e4ginde amala a\u015fyryl\u00fdar.<\/li>\n<li>Hukuk esaslary: Dolandyry\u015f \u00e7\u00e4releri hukuk bin\u00fdadyny\u0148 \u00e7\u00e4ginde amala a\u015fyryl\u00fdar.<\/li>\n<\/ol>\n<\/div><\/div><\/div><\/div><div  class=\"bt_bb_column col-md-4 col-ms-12 bt_bb_align_left bt_bb_animation_fade_in animate bt_bb_icon_color_scheme_6 bt_bb_padding_normal bt_bb_animation_fade_in animate\"  data-width=\"4\"><div class=\"bt_bb_column_content bt_bb_vertical_align_top\"><div class=\"bt_bb_column_content_inner\"><header data-bb-version=\"4.5.5\" class=\"bt_bb_headline bt_bb_subheadline_text_transform_default bt_bb_color_scheme_14 bt_bb_dash_none bt_bb_size_normal bt_bb_align_inherit\" style=\"; --primary-color:#343b57; --secondary-color:#367eb5;\" data-bt-override-class=\"{&quot;bt_bb_align_&quot;:{&quot;current_class&quot;:&quot;bt_bb_align_inherit&quot;,&quot;xxl&quot;:&quot;inherit&quot;}}\"><h5 class=\"bt_bb_headline_tag\"><span class=\"bt_bb_headline_content\"><span>Be\u00fdleki hyzmatlarymyz<\/span><\/span><\/h5><\/header><div class=\"bt_bb_separator bt_bb_border_style_none bt_bb_bottom_spacing_small\" data-bt-override-class=\"null\"><\/div><div class=\"bt_bb_link\"><a href=\"http:\/\/esraaslanlaw.com\/aile-hukuku\/\" target=\"_self\" class=\"bt_bb_link_content\" title=\"Ma\u015fgala kanuny\"><span class=\"bt_bb_link_text\">Ma\u015fgala kanuny<\/span><\/a><\/div><div class=\"bt_bb_separator bt_bb_border_style_none\" data-bt-override-class=\"null\"><\/div><div class=\"bt_bb_link\"><a href=\"http:\/\/esraaslanlaw.com\/ceza-hukuku\/\" target=\"_self\" class=\"bt_bb_link_content\" title=\"Jena\u00fdat kanuny\"><span class=\"bt_bb_link_text\">Jena\u00fdat kanuny<\/span><\/a><\/div><div class=\"bt_bb_separator bt_bb_border_style_none\" data-bt-override-class=\"null\"><\/div><div class=\"bt_bb_link\"><a href=\"http:\/\/esraaslanlaw.com\/gayrimenkul-hukuku\/\" target=\"_self\" class=\"bt_bb_link_content\" title=\"Gozgalma\u00fdan eml\u00e4k kanuny\"><span class=\"bt_bb_link_text\">Gozgalma\u00fdan eml\u00e4k kanuny<\/span><\/a><\/div><div class=\"bt_bb_separator bt_bb_border_style_none\" data-bt-override-class=\"null\"><\/div><div class=\"bt_bb_link\"><a href=\"http:\/\/esraaslanlaw.com\/idare-hukuku\/\" target=\"_self\" class=\"bt_bb_link_content\" title=\"Dolandyry\u015f kanuny\"><span class=\"bt_bb_link_text\">Dolandyry\u015f kanuny<\/span><\/a><\/div><div class=\"bt_bb_separator bt_bb_border_style_none\" data-bt-override-class=\"null\"><\/div><div class=\"bt_bb_link\"><a href=\"http:\/\/esraaslanlaw.com\/is-hukuku\/\" target=\"_self\" class=\"bt_bb_link_content\" title=\"I\u015few\u00fcrlik kanuny\"><span class=\"bt_bb_link_text\">I\u015few\u00fcrlik kanuny<\/span><\/a><\/div><div class=\"bt_bb_separator bt_bb_border_style_none\" data-bt-override-class=\"null\"><\/div><div class=\"bt_bb_link\"><a href=\"http:\/\/esraaslanlaw.com\/miras-hukuku\/\" target=\"_self\" class=\"bt_bb_link_content\" title=\"Miras kanuny\"><span class=\"bt_bb_link_text\">Miras kanuny<\/span><\/a><\/div><div class=\"bt_bb_separator bt_bb_border_style_none\" data-bt-override-class=\"null\"><\/div><div class=\"bt_bb_link\"><a href=\"http:\/\/esraaslanlaw.com\/sigorta-ve-tazminat-hukuku\/\" target=\"_self\" class=\"bt_bb_link_content\" title=\"Insuranceti\u00fda\u00e7landyry\u015f we \u00f6wezini dolmak kanuny\"><span class=\"bt_bb_link_text\">Insuranceti\u00fda\u00e7landyry\u015f we \u00f6wezini dolmak kanuny<\/span><\/a><\/div><div class=\"bt_bb_separator bt_bb_border_style_none\" data-bt-override-class=\"null\"><\/div><div class=\"bt_bb_link\"><a href=\"http:\/\/esraaslanlaw.com\/ticaret-hukuku\/\" target=\"_self\" class=\"bt_bb_link_content\" title=\"T\u00e4jir\u00e7ilik hukugy\"><span class=\"bt_bb_link_text\">T\u00e4jir\u00e7ilik hukugy<\/span><\/a><\/div><div class=\"bt_bb_separator bt_bb_border_style_none\" data-bt-override-class=\"null\"><\/div><\/div><\/div><\/div><\/div><\/div><\/div><!-- cell_inner --><\/div><!-- cell --><\/div><!-- port --><\/section>","protected":false},"excerpt":{"rendered":"","protected":false},"author":1,"featured_media":0,"parent":0,"menu_order":0,"comment_status":"closed","ping_status":"closed","template":"","meta":[],"yoast_head":"<!-- This site is optimized with the Yoast SEO plugin v20.12 - https:\/\/yoast.com\/wordpress\/plugins\/seo\/ -->\n<title>Galplyk kanuny - Avukat Esra Aslan<\/title>\n<meta name=\"robots\" content=\"index, follow, max-snippet:-1, max-image-preview:large, max-video-preview:-1\" \/>\n<link rel=\"canonical\" href=\"https:\/\/esraaslanlaw.com\/tm\/galplyk-kanuny\/\" \/>\n<meta property=\"og:locale\" content=\"en_US\" \/>\n<meta property=\"og:type\" content=\"article\" \/>\n<meta property=\"og:title\" content=\"Galplyk kanuny - Avukat Esra Aslan\" \/>\n<meta property=\"og:url\" content=\"https:\/\/esraaslanlaw.com\/tm\/galplyk-kanuny\/\" \/>\n<meta property=\"og:site_name\" content=\"Avukat Esra Aslan\" \/>\n<meta property=\"article:modified_time\" content=\"2023-07-18T10:47:56+00:00\" \/>\n<meta name=\"twitter:card\" content=\"summary_large_image\" \/>\n<meta name=\"twitter:label1\" content=\"Est. reading time\" \/>\n\t<meta name=\"twitter:data1\" content=\"8 minutes\" \/>\n<script type=\"application\/ld+json\" class=\"yoast-schema-graph\">{\"@context\":\"https:\/\/schema.org\",\"@graph\":[{\"@type\":\"WebPage\",\"@id\":\"https:\/\/esraaslanlaw.com\/tm\/galplyk-kanuny\/\",\"url\":\"https:\/\/esraaslanlaw.com\/tm\/galplyk-kanuny\/\",\"name\":\"Galplyk kanuny - Avukat Esra Aslan\",\"isPartOf\":{\"@id\":\"https:\/\/esraaslanlaw.com\/#website\"},\"datePublished\":\"2023-01-10T06:00:03+00:00\",\"dateModified\":\"2023-07-18T10:47:56+00:00\",\"breadcrumb\":{\"@id\":\"https:\/\/esraaslanlaw.com\/tm\/galplyk-kanuny\/#breadcrumb\"},\"inLanguage\":\"tm-TM\",\"potentialAction\":[{\"@type\":\"ReadAction\",\"target\":[\"https:\/\/esraaslanlaw.com\/tm\/galplyk-kanuny\/\"]}]},{\"@type\":\"BreadcrumbList\",\"@id\":\"https:\/\/esraaslanlaw.com\/tm\/galplyk-kanuny\/#breadcrumb\",\"itemListElement\":[{\"@type\":\"ListItem\",\"position\":1,\"name\":\"Anasayfa\",\"item\":\"https:\/\/esraaslanlaw.com\/tm\/\"},{\"@type\":\"ListItem\",\"position\":2,\"name\":\"Galplyk kanuny\"}]},{\"@type\":\"WebSite\",\"@id\":\"https:\/\/esraaslanlaw.com\/#website\",\"url\":\"https:\/\/esraaslanlaw.com\/\",\"name\":\"Avukat Esra Aslan\",\"description\":\"\",\"publisher\":{\"@id\":\"https:\/\/esraaslanlaw.com\/#organization\"},\"potentialAction\":[{\"@type\":\"SearchAction\",\"target\":{\"@type\":\"EntryPoint\",\"urlTemplate\":\"https:\/\/esraaslanlaw.com\/?s={search_term_string}\"},\"query-input\":\"required name=search_term_string\"}],\"inLanguage\":\"tm-TM\"},{\"@type\":\"Organization\",\"@id\":\"https:\/\/esraaslanlaw.com\/#organization\",\"name\":\"Avukat Esra Aslan\",\"url\":\"https:\/\/esraaslanlaw.com\/\",\"logo\":{\"@type\":\"ImageObject\",\"inLanguage\":\"tm-TM\",\"@id\":\"https:\/\/esraaslanlaw.com\/#\/schema\/logo\/image\/\",\"url\":\"http:\/\/esraaslanlaw.com\/wp-content\/uploads\/2022\/12\/logo-aslan-demir-hukuk.png\",\"contentUrl\":\"http:\/\/esraaslanlaw.com\/wp-content\/uploads\/2022\/12\/logo-aslan-demir-hukuk.png\",\"width\":531,\"height\":190,\"caption\":\"Avukat Esra Aslan\"},\"image\":{\"@id\":\"https:\/\/esraaslanlaw.com\/#\/schema\/logo\/image\/\"}}]}<\/script>\n<!-- \/ Yoast SEO plugin. -->","yoast_head_json":{"title":"Galplyk kanuny - Avukat Esra Aslan","robots":{"index":"index","follow":"follow","max-snippet":"max-snippet:-1","max-image-preview":"max-image-preview:large","max-video-preview":"max-video-preview:-1"},"canonical":"https:\/\/esraaslanlaw.com\/tm\/galplyk-kanuny\/","og_locale":"en_US","og_type":"article","og_title":"Galplyk kanuny - Avukat Esra Aslan","og_url":"https:\/\/esraaslanlaw.com\/tm\/galplyk-kanuny\/","og_site_name":"Avukat Esra Aslan","article_modified_time":"2023-07-18T10:47:56+00:00","twitter_card":"summary_large_image","twitter_misc":{"Est. reading time":"8 minutes"},"schema":{"@context":"https:\/\/schema.org","@graph":[{"@type":"WebPage","@id":"https:\/\/esraaslanlaw.com\/tm\/galplyk-kanuny\/","url":"https:\/\/esraaslanlaw.com\/tm\/galplyk-kanuny\/","name":"Galplyk kanuny - Avukat Esra Aslan","isPartOf":{"@id":"https:\/\/esraaslanlaw.com\/#website"},"datePublished":"2023-01-10T06:00:03+00:00","dateModified":"2023-07-18T10:47:56+00:00","breadcrumb":{"@id":"https:\/\/esraaslanlaw.com\/tm\/galplyk-kanuny\/#breadcrumb"},"inLanguage":"tm-TM","potentialAction":[{"@type":"ReadAction","target":["https:\/\/esraaslanlaw.com\/tm\/galplyk-kanuny\/"]}]},{"@type":"BreadcrumbList","@id":"https:\/\/esraaslanlaw.com\/tm\/galplyk-kanuny\/#breadcrumb","itemListElement":[{"@type":"ListItem","position":1,"name":"Anasayfa","item":"https:\/\/esraaslanlaw.com\/tm\/"},{"@type":"ListItem","position":2,"name":"Galplyk kanuny"}]},{"@type":"WebSite","@id":"https:\/\/esraaslanlaw.com\/#website","url":"https:\/\/esraaslanlaw.com\/","name":"Avukat Esra Aslan","description":"","publisher":{"@id":"https:\/\/esraaslanlaw.com\/#organization"},"potentialAction":[{"@type":"SearchAction","target":{"@type":"EntryPoint","urlTemplate":"https:\/\/esraaslanlaw.com\/?s={search_term_string}"},"query-input":"required name=search_term_string"}],"inLanguage":"tm-TM"},{"@type":"Organization","@id":"https:\/\/esraaslanlaw.com\/#organization","name":"Avukat Esra Aslan","url":"https:\/\/esraaslanlaw.com\/","logo":{"@type":"ImageObject","inLanguage":"tm-TM","@id":"https:\/\/esraaslanlaw.com\/#\/schema\/logo\/image\/","url":"http:\/\/esraaslanlaw.com\/wp-content\/uploads\/2022\/12\/logo-aslan-demir-hukuk.png","contentUrl":"http:\/\/esraaslanlaw.com\/wp-content\/uploads\/2022\/12\/logo-aslan-demir-hukuk.png","width":531,"height":190,"caption":"Avukat Esra Aslan"},"image":{"@id":"https:\/\/esraaslanlaw.com\/#\/schema\/logo\/image\/"}}]}},"_links":{"self":[{"href":"https:\/\/esraaslanlaw.com\/tm\/wp-json\/wp\/v2\/pages\/6649"}],"collection":[{"href":"https:\/\/esraaslanlaw.com\/tm\/wp-json\/wp\/v2\/pages"}],"about":[{"href":"https:\/\/esraaslanlaw.com\/tm\/wp-json\/wp\/v2\/types\/page"}],"author":[{"embeddable":true,"href":"https:\/\/esraaslanlaw.com\/tm\/wp-json\/wp\/v2\/users\/1"}],"replies":[{"embeddable":true,"href":"https:\/\/esraaslanlaw.com\/tm\/wp-json\/wp\/v2\/comments?post=6649"}],"version-history":[{"count":1,"href":"https:\/\/esraaslanlaw.com\/tm\/wp-json\/wp\/v2\/pages\/6649\/revisions"}],"predecessor-version":[{"id":7009,"href":"https:\/\/esraaslanlaw.com\/tm\/wp-json\/wp\/v2\/pages\/6649\/revisions\/7009"}],"wp:attachment":[{"href":"https:\/\/esraaslanlaw.com\/tm\/wp-json\/wp\/v2\/media?parent=6649"}],"curies":[{"name":"wp","href":"https:\/\/api.w.org\/{rel}","templated":true}]}}