{"id":6646,"date":"2018-09-10T12:47:51","date_gmt":"2018-09-10T12:47:51","guid":{"rendered":"https:\/\/esraaslanlaw.com\/biz-hakda\/"},"modified":"2023-07-18T10:44:51","modified_gmt":"2023-07-18T10:44:51","slug":"biz-hakda","status":"publish","type":"page","link":"https:\/\/esraaslanlaw.com\/tm\/biz-hakda\/","title":{"rendered":"Biz Hakda"},"content":{"rendered":"<section id=\"bt_bb_section69f9f334717b6\" class=\"bt_bb_section bt_bb_layout_wide bt_bb_vertical_align_top bt_bb_top_spacing_large bt_bb_bottom_spacing_large\"  data-bt-override-class=\"null\"><div class=\"bt_bb_background_image_holder_wrapper\"><div class=\"bt_bb_background_image_holder btLazyLoadBackground bt_bb_parallax\"  data-background_image_src=\"https:\/\/esraaslanlaw.com\/wp-content\/uploads\/2019\/10\/hero_about.jpg\" data-parallax=\"0.7\" data-parallax-offset=\"0\" data-parallax-zoom-start=\"1\" data-parallax-zoom-end=\"1\" data-parallax-blur-start=\"0\" data-parallax-blur-end=\"0\" data-parallax-opacity-start=\"1\" data-parallax-opacity-end=\"1\" style=\" background-image: url(&#039;https:\/\/esraaslanlaw.com\/wp-content\/plugins\/bold-page-builder\/img\/blank.gif&#039;);\"><\/div><\/div><div class=\"bt_bb_port\"><div class=\"bt_bb_cell\"><div class=\"bt_bb_cell_inner\"><div class=\"bt_bb_row_wrapper\"><div  class=\"bt_bb_row\"  data-bt-override-class=\"{}\"><div  class=\"bt_bb_column col-md-12 col-ms-12 bt_bb_align_center bt_bb_animation_fade_in animate bt_bb_padding_normal bt_bb_animation_fade_in animate\"  data-width=\"12\"><div class=\"bt_bb_column_content bt_bb_vertical_align_top\"><div class=\"bt_bb_column_content_inner\"><div class=\"bt_bb_separator bt_bb_border_style_none bt_bb_bottom_spacing_medium\" data-bt-override-class=\"null\"><\/div><header data-bb-version=\"4.5.5\" class=\"bt_bb_headline bt_bb_subheadline_text_transform_default bt_bb_color_scheme_6 bt_bb_dash_top bt_bb_size_extralarge bt_bb_align_inherit\" style=\"; --primary-color:#ffffff; --secondary-color:#367eb5;\" data-bt-override-class=\"{&quot;bt_bb_align_&quot;:{&quot;current_class&quot;:&quot;bt_bb_align_inherit&quot;,&quot;xxl&quot;:&quot;inherit&quot;}}\"><h1 class=\"bt_bb_headline_tag\"><span class=\"bt_bb_headline_content\"><span>Biz Hakda<\/span><\/span><\/h1><\/header><div class=\"bt_bb_separator bt_bb_border_style_none bt_bb_bottom_spacing_normal\" data-bt-override-class=\"null\"><\/div><header class=\"bt_bb_headline bt_bb_color_scheme_3 bt_bb_dash_none bt_bb_subheadline bt_bb_size_medium bt_bb_align_inherit btNoHeadline\" style=\"; --primary-color:#367eb5; --secondary-color:#191919;\" data-bt-override-class=\"{&quot;bt_bb_align_&quot;:{&quot;current_class&quot;:&quot;bt_bb_align_inherit&quot;,&quot;xxl&quot;:&quot;inherit&quot;,&quot;xl&quot;:&quot;inherit&quot;}}\"><div class=\"bt_bb_headline_subheadline\"> <strong>Aslan Demir Hukuk B\u00fcrosu<\/strong> <\/div><\/header><\/div><\/div><\/div><\/div><\/div><\/div><!-- cell_inner --><\/div><!-- cell --><\/div><!-- port --><\/section><section id=\"bt_bb_section69f9f33471ff5\" class=\"bt_bb_section bt_bb_layout_boxed_1200 bt_bb_vertical_align_top bt_bb_top_spacing_large bt_bb_bottom_spacing_large\"  data-bt-override-class=\"null\"><div class=\"bt_bb_port\"><div class=\"bt_bb_cell\"><div class=\"bt_bb_cell_inner\"><div class=\"bt_bb_row_wrapper\"><div  class=\"bt_bb_row\"  data-bt-override-class=\"{}\"><div  class=\"bt_bb_column col-md-4 col-ms-12 bt_bb_align_left bt_bb_animation_fade_in animate bt_bb_padding_normal bt_bb_animation_fade_in animate\"  data-width=\"4\"><div class=\"bt_bb_column_content bt_bb_vertical_align_top\"><div class=\"bt_bb_column_content_inner\"><header data-bb-version=\"4.5.5\" class=\"bt_bb_headline bt_bb_subheadline_text_transform_default bt_bb_color_scheme_14 bt_bb_dash_none bt_bb_size_normal bt_bb_align_inherit\" style=\"; --primary-color:#343b57; --secondary-color:#367eb5;\" data-bt-override-class=\"{&quot;bt_bb_align_&quot;:{&quot;current_class&quot;:&quot;bt_bb_align_inherit&quot;,&quot;xxl&quot;:&quot;inherit&quot;}}\"><h2 class=\"bt_bb_headline_tag\"><span class=\"bt_bb_headline_content\"><span> <strong>Biz Hakda<\/strong> <\/span><\/span><\/h2><\/header><div class=\"bt_bb_separator bt_bb_border_style_none bt_bb_bottom_spacing_normal\" data-bt-override-class=\"null\"><\/div><header class=\"bt_bb_headline bt_bb_color_scheme_14 bt_bb_dash_none bt_bb_superheadline bt_bb_size_medium bt_bb_align_inherit btNoHeadline\" style=\"; --primary-color:#343b57; --secondary-color:#367eb5;\" data-bt-override-class=\"{&quot;bt_bb_align_&quot;:{&quot;current_class&quot;:&quot;bt_bb_align_inherit&quot;,&quot;xxl&quot;:&quot;inherit&quot;,&quot;xl&quot;:&quot;inherit&quot;}}\"><h3 class=\"bt_bb_headline_tag\"><span class=\"bt_bb_headline_superheadline\">ESRA ASLAN<\/span><\/h3><\/header><div class=\"bt_bb_separator bt_bb_border_style_none bt_bb_bottom_spacing_extra_small\" data-bt-override-class=\"null\"><\/div><div  class=\"bt_bb_text\" ><p>2017-nji \u00fdylda Ankara uniwersitetini\u0148 hukuk fakultetini gutardy we orta derejeli i\u0148lis dilinde g\u00fcrle\u00fd\u00e4r. Ra\u00fdatlyk hukugy, administratiw hukuk we jena\u00fdat hukugy ugurlarynda i\u015fle\u00fd\u00e4r.<\/p>\n<p>B\u00fctin jemgy\u00fdet tarapyndan kanun\u00e7ylygy\u0148 \u00fd\u00f6relgesini kabul etmek we kabul etmek \u00fc\u00e7in bilermen bolan hukuk ugurlarynda i\u015flemegini dowam etdir\u00fd\u00e4n Esra Aslan, a\u00fdry-a\u00fdry m\u00fc\u015fderilerden ba\u015fga-da k\u00f6p edaralara we guramalara hukuk maslahat hyzmatlaryny bermegini dowam etdir\u00fd\u00e4r.<\/p>\n<p>Esra Aslan, &#8220;Adalat gijikdirildi adalat ink\u00e4r edil\u00fd\u00e4r&#8221; \u015fygaryny kabul edip, \u00e4hli i\u015flerinde uly \u00fcns we yhlas bilen i\u015flemek arkaly m\u00fc\u015fderilerini\u0148 hukuklaryny goramak esasy borjy hasapla\u00fdar.<\/p>\n<p>Esaslandyryjy<\/p>\n<\/div><div class=\"bt_bb_separator bt_bb_border_style_none bt_bb_bottom_spacing_normal bt_bb_hidden_md bt_bb_hidden_lg\" data-bt-override-class=\"null\"><\/div><\/div><\/div><\/div><div  class=\"bt_bb_column col-md-4 col-ms-12 bt_bb_align_left bt_bb_animation_fade_in animate bt_bb_padding_normal bt_bb_animation_fade_in animate\"  data-width=\"4\"><div class=\"bt_bb_column_content bt_bb_vertical_align_top\"><div class=\"bt_bb_column_content_inner\"><div class=\"bt_bb_separator bt_bb_border_style_none bt_bb_bottom_spacing_medium\" data-bt-override-class=\"null\"><\/div><div class=\"bt_bb_separator bt_bb_border_style_none bt_bb_bottom_spacing_extra_small\" data-bt-override-class=\"null\"><\/div><div class=\"bt_bb_separator bt_bb_border_style_none bt_bb_bottom_spacing_normal bt_bb_hidden_md bt_bb_hidden_lg\" data-bt-override-class=\"null\"><\/div><\/div><\/div><\/div><div  class=\"bt_bb_column col-md-4 col-ms-12 bt_bb_align_left bt_bb_animation_fade_in animate bt_bb_padding_normal bt_bb_animation_fade_in animate\"  data-width=\"4\"><div class=\"bt_bb_column_content bt_bb_vertical_align_top\"><div class=\"bt_bb_column_content_inner\"><div class=\"bt_bb_separator bt_bb_border_style_solid bt_bb_top_spacing_normal bt_bb_bottom_spacing_small bt_bb_color_gray\" data-bt-override-class=\"null\"><\/div><div class=\"bt_bb_service bt_bb_color_scheme_14 bt_bb_title_color_scheme_13 bt_bb_style_borderless bt_bb_size_normal bt_bb_shape_square bt_bb_align_left\"><span  data-ico-icon7stroke=\"&#xe662;\" class=\"bt_bb_icon_holder\"><\/span><div class=\"bt_bb_service_content\"><div class=\"bt_bb_service_content_title\">Ofisimiz<\/div><div class=\"bt_bb_service_content_text\">\u015ei\u015fli\/\u0130stanbul<\/div><\/div><\/div><div class=\"bt_bb_separator bt_bb_border_style_solid bt_bb_top_spacing_small bt_bb_bottom_spacing_small bt_bb_color_gray\" data-bt-override-class=\"null\"><\/div><div class=\"bt_bb_service bt_bb_color_scheme_14 bt_bb_title_color_scheme_13 bt_bb_style_borderless bt_bb_size_normal bt_bb_shape_square bt_bb_align_left\"><span  data-ico-icon7stroke=\"&#xe63b;\" class=\"bt_bb_icon_holder\"><\/span><div class=\"bt_bb_service_content\"><div class=\"bt_bb_service_content_title\">E-po\u00e7ta iberi\u0148<\/div><div class=\"bt_bb_service_content_text\">info@aslandemirhukuk.com<\/div><\/div><\/div><div class=\"bt_bb_separator bt_bb_border_style_solid bt_bb_top_spacing_small bt_bb_bottom_spacing_small bt_bb_color_gray\" data-bt-override-class=\"null\"><\/div><div class=\"bt_bb_service bt_bb_color_scheme_14 bt_bb_title_color_scheme_13 bt_bb_style_borderless bt_bb_size_normal bt_bb_shape_square bt_bb_align_left\"><span  data-ico-icon7stroke=\"&#xe670;\" class=\"bt_bb_icon_holder\"><\/span><div class=\"bt_bb_service_content\"><div class=\"bt_bb_service_content_title\">Telefon<\/div><div class=\"bt_bb_service_content_text\">0546 971 1484<\/div><\/div><\/div><div class=\"bt_bb_separator bt_bb_border_style_solid bt_bb_top_spacing_small bt_bb_bottom_spacing_small bt_bb_color_gray\" data-bt-override-class=\"null\"><\/div><div class=\"bt_bb_service bt_bb_color_scheme_14 bt_bb_title_color_scheme_13 bt_bb_style_borderless bt_bb_size_normal bt_bb_shape_square bt_bb_align_left\"><span  data-ico-icon7stroke=\"&#xe67e;\" class=\"bt_bb_icon_holder\"><\/span><div class=\"bt_bb_service_content\"><div class=\"bt_bb_service_content_title\">I\u015f Wagtymyz<\/div><div class=\"bt_bb_service_content_text\">Pazartesi - Cuma: 09.00 \u2013 18.00<\/div><\/div><\/div><div class=\"bt_bb_separator bt_bb_border_style_solid bt_bb_top_spacing_small bt_bb_color_gray\" data-bt-override-class=\"null\"><\/div><\/div><\/div><\/div><\/div><\/div><\/div><!-- cell_inner --><\/div><!-- cell --><\/div><!-- port --><\/section><section id=\"bt_bb_section69f9f33473772\" class=\"bt_bb_section bt_bb_layout_wide bt_bb_vertical_align_top\"  data-bt-override-class=\"null\"><div class=\"bt_bb_port\"><div class=\"bt_bb_cell\"><div class=\"bt_bb_cell_inner\"><div class=\"bt_bb_row_wrapper\"><div  class=\"bt_bb_row bt_bb_layout_special btOverlapRight\"  data-bt-override-class=\"{}\"><div  class=\"bt_bb_column col-md-6 col-sm-12 bt_bb_align_left bt_bb_animation_fade_in animate bt_bb_color_scheme_1 bt_bb_padding_normal bt_bb_animation_fade_in animate\"  data-width=\"6\"><div class=\"bt_bb_column_content bt_bb_vertical_align_top bt_bb_color_scheme_1 bt_bb_column_background_image\" style=\"background-image:url(&#039;&#039;);\"><div class=\"bt_bb_column_content_inner\"><header data-bb-version=\"4.5.5\" class=\"bt_bb_headline bt_bb_subheadline_text_transform_default bt_bb_color_scheme_6 bt_bb_dash_none bt_bb_superheadline bt_bb_size_medium bt_bb_align_inherit\" style=\"; --primary-color:#ffffff; --secondary-color:#367eb5;\" data-bt-override-class=\"{&quot;bt_bb_align_&quot;:{&quot;current_class&quot;:&quot;bt_bb_align_inherit&quot;,&quot;xxl&quot;:&quot;inherit&quot;}}\"><h3 class=\"bt_bb_headline_tag\"><span class=\"bt_bb_headline_superheadline\">Uzmanl\u0131k Alanlar\u0131m\u0131z<\/span><span class=\"bt_bb_headline_content\"><span> <strong>Esra Aslan hukuk firmasyu<\/strong>Elmydama sizi\u0148 \u00fdany\u0148yzda<\/span><\/span><\/h3><\/header><div class=\"bt_bb_separator bt_bb_border_style_none bt_bb_bottom_spacing_normal\" data-bt-override-class=\"null\"><\/div><div class=\"bt_bb_progress_bar bt_bb_color_scheme_accent bt_bb_style_filled\"><div class=\"bt_bb_progress_bar_text_above\"><div class=\"bt_bb_progress_bar_left_text\"><span>Aile Hukuku<\/span><\/div><div class=\"bt_bb_progress_bar_right_text\"><span>100%<\/span><\/div><\/div><div class=\"bt_bb_progress_bar_bg\"><div class=\"bt_bb_progress_bar_inner animate\" style=\"width:100%\"><\/div><\/div><\/div><div class=\"bt_bb_separator bt_bb_border_style_none bt_bb_bottom_spacing_small\" data-bt-override-class=\"null\"><\/div><div class=\"bt_bb_progress_bar bt_bb_color_scheme_accent bt_bb_style_filled\"><div class=\"bt_bb_progress_bar_text_above\"><div class=\"bt_bb_progress_bar_left_text\"><span>\u0130dare Hukuku<\/span><\/div><div class=\"bt_bb_progress_bar_right_text\"><span>100%<\/span><\/div><\/div><div class=\"bt_bb_progress_bar_bg\"><div class=\"bt_bb_progress_bar_inner animate\" style=\"width:100%\"><\/div><\/div><\/div><div class=\"bt_bb_separator bt_bb_border_style_none bt_bb_bottom_spacing_small\" data-bt-override-class=\"null\"><\/div><div class=\"bt_bb_progress_bar bt_bb_color_scheme_accent bt_bb_style_filled\"><div class=\"bt_bb_progress_bar_text_above\"><div class=\"bt_bb_progress_bar_left_text\"><span>\u0130\u015f Hukuku<\/span><\/div><div class=\"bt_bb_progress_bar_right_text\"><span>100%<\/span><\/div><\/div><div class=\"bt_bb_progress_bar_bg\"><div class=\"bt_bb_progress_bar_inner animate\" style=\"width:100%\"><\/div><\/div><\/div><div class=\"bt_bb_separator bt_bb_border_style_none bt_bb_bottom_spacing_small\" data-bt-override-class=\"null\"><\/div><div class=\"bt_bb_progress_bar bt_bb_color_scheme_accent bt_bb_style_filled\"><div class=\"bt_bb_progress_bar_text_above\"><div class=\"bt_bb_progress_bar_left_text\"><span>Ticaret Hukuku<\/span><\/div><div class=\"bt_bb_progress_bar_right_text\"><span>100%<\/span><\/div><\/div><div class=\"bt_bb_progress_bar_bg\"><div class=\"bt_bb_progress_bar_inner animate\" style=\"width:100%\"><\/div><\/div><\/div><div class=\"bt_bb_separator bt_bb_border_style_none bt_bb_bottom_spacing_normal bt_bb_hidden_md bt_bb_hidden_lg\" data-bt-override-class=\"null\"><\/div><\/div><\/div><\/div><div  class=\"bt_bb_column btWithIcon col-md-6 col-sm-12 bt_bb_align_left bt_bb_animation_fade_in animate bt_bb_icon_color_scheme_6 bt_bb_padding_normal bt_bb_animation_fade_in animate\"  data-width=\"6\"><div class=\"bt_bb_column_content bt_bb_vertical_align_top\"><div class=\"bt_bb_column_icon\"><span  data-ico-icon7stroke=\"&#xe62b;\" class=\"bt_bb_icon_holder\"><\/span><\/div><div class=\"bt_bb_column_content_inner\"><div class=\"bt_bb_row_wrapper\"><div  class=\"bt_bb_row_inner\"  data-bt-override-class=\"{}\"><div  class=\"bt_bb_column_inner col-md-6 col-sm-12 bt_bb_align_left bt_bb_vertical_align_top bt_bb_padding_normal\"  data-width=\"6\"><div class=\"bt_bb_column_inner_content\"><div class=\"bt_bb_service bt_bb_color_scheme_6 bt_bb_title_color_scheme_14 bt_bb_style_filled bt_bb_font_weight_semi-bold bt_bb_size_normal bt_bb_arrow_visible bt_bb_shape_square bt_bb_align_inherit\"><a href=\"#\"  target=\"_self\"  title=\"Jena\u00fdat kanuny\"  data-ico-law=\"&#xf10c;\" class=\"bt_bb_icon_holder\"><\/a><div class=\"bt_bb_service_content\"><a href=\"#\" target=\"_self\"><div class=\"bt_bb_service_content_title\">Jena\u00fdat kanuny<\/div><div class=\"bt_bb_service_content_arrow\"><\/div><\/a><\/div><\/div><div class=\"bt_bb_separator bt_bb_border_style_none bt_bb_bottom_spacing_normal\" data-bt-override-class=\"null\"><\/div><div class=\"bt_bb_service bt_bb_color_scheme_6 bt_bb_title_color_scheme_14 bt_bb_style_filled bt_bb_font_weight_semi-bold bt_bb_size_normal bt_bb_arrow_visible bt_bb_shape_square bt_bb_align_inherit\"><a href=\"#\"  target=\"_self\"  title=\"Gozgalma\u00fdan eml\u00e4k kanuny\"  data-ico-icon7stroke=\"&#xe648;\" class=\"bt_bb_icon_holder\"><\/a><div class=\"bt_bb_service_content\"><a href=\"#\" target=\"_self\"><div class=\"bt_bb_service_content_title\">Gozgalma\u00fdan eml\u00e4k kanuny<\/div><div class=\"bt_bb_service_content_arrow\"><\/div><\/a><\/div><\/div><div class=\"bt_bb_separator bt_bb_border_style_none bt_bb_bottom_spacing_normal\" data-bt-override-class=\"null\"><\/div><div class=\"bt_bb_service bt_bb_color_scheme_6 bt_bb_title_color_scheme_14 bt_bb_style_filled bt_bb_font_weight_semi-bold bt_bb_size_normal bt_bb_arrow_visible bt_bb_shape_square bt_bb_align_inherit\"><a href=\"#\"  target=\"_self\"  title=\"Dolandyry\u015f kanuny\"  data-ico-law=\"&#xf117;\" class=\"bt_bb_icon_holder\"><\/a><div class=\"bt_bb_service_content\"><a href=\"#\" target=\"_self\"><div class=\"bt_bb_service_content_title\">Dolandyry\u015f kanuny<\/div><div class=\"bt_bb_service_content_arrow\"><\/div><\/a><\/div><\/div><div class=\"bt_bb_separator bt_bb_border_style_none bt_bb_bottom_spacing_normal bt_bb_hidden_md bt_bb_hidden_lg\" data-bt-override-class=\"null\"><\/div><\/div><\/div><div  class=\"bt_bb_column_inner col-md-6 col-sm-12 bt_bb_align_left bt_bb_vertical_align_top bt_bb_padding_normal\"  data-width=\"6\"><div class=\"bt_bb_column_inner_content\"><div class=\"bt_bb_service bt_bb_color_scheme_6 bt_bb_title_color_scheme_14 bt_bb_style_filled bt_bb_font_weight_semi-bold bt_bb_size_normal bt_bb_arrow_visible bt_bb_shape_square bt_bb_align_inherit\"><a href=\"#\"  target=\"_self\"  title=\"I\u015few\u00fcrlik kanuny\"  data-ico-law=\"&#xf12c;\" class=\"bt_bb_icon_holder\"><\/a><div class=\"bt_bb_service_content\"><a href=\"#\" target=\"_self\"><div class=\"bt_bb_service_content_title\">I\u015few\u00fcrlik kanuny<\/div><div class=\"bt_bb_service_content_arrow\"><\/div><\/a><\/div><\/div><div class=\"bt_bb_separator bt_bb_border_style_none bt_bb_bottom_spacing_normal\" data-bt-override-class=\"null\"><\/div><div class=\"bt_bb_service bt_bb_color_scheme_6 bt_bb_title_color_scheme_14 bt_bb_style_filled bt_bb_font_weight_semi-bold bt_bb_size_normal bt_bb_arrow_visible bt_bb_shape_square bt_bb_align_inherit\"><a href=\"#\"  target=\"_self\"  title=\"Miras kanuny\"  data-ico-law=\"&#xf14d;\" class=\"bt_bb_icon_holder\"><\/a><div class=\"bt_bb_service_content\"><a href=\"#\" target=\"_self\"><div class=\"bt_bb_service_content_title\">Miras kanuny<\/div><div class=\"bt_bb_service_content_arrow\"><\/div><\/a><\/div><\/div><div class=\"bt_bb_separator bt_bb_border_style_none bt_bb_bottom_spacing_normal\" data-bt-override-class=\"null\"><\/div><div class=\"bt_bb_service bt_bb_color_scheme_6 bt_bb_title_color_scheme_14 bt_bb_style_filled bt_bb_font_weight_semi-bold bt_bb_size_normal bt_bb_arrow_visible bt_bb_shape_square bt_bb_align_inherit\"><a href=\"#\"  target=\"_self\"  title=\"Insuranceti\u00fda\u00e7landyry\u015f we \u00f6wezini dolmak kanuny\"  data-ico-dripicons=\"&#xe945;\" class=\"bt_bb_icon_holder\"><\/a><div class=\"bt_bb_service_content\"><a href=\"#\" target=\"_self\"><div class=\"bt_bb_service_content_title\">Insuranceti\u00fda\u00e7landyry\u015f we \u00f6wezini dolmak kanuny<\/div><div class=\"bt_bb_service_content_arrow\"><\/div><\/a><\/div><\/div><div class=\"bt_bb_separator bt_bb_border_style_none bt_bb_bottom_spacing_normal bt_bb_hidden_md bt_bb_hidden_lg\" data-bt-override-class=\"null\"><\/div><\/div><\/div><\/div><\/div><\/div><\/div><\/div><\/div><\/div><\/div><!-- cell_inner --><\/div><!-- cell --><\/div><!-- port --><\/section><section id=\"bt_bb_section69f9f334764e7\" class=\"bt_bb_section bt_bb_color_scheme_10 bt_bb_layout_wide bt_bb_vertical_align_top bt_bb_top_spacing_large bt_bb_bottom_spacing_large\" style=\"; --section-primary-color:#ffffff; --section-secondary-color:#343b57;\" data-bt-override-class=\"null\"><div class=\"bt_bb_port\"><div class=\"bt_bb_cell\"><div class=\"bt_bb_cell_inner\"><div class=\"bt_bb_row_wrapper\"><div  class=\"bt_bb_row\"  data-bt-override-class=\"{}\"><div  class=\"bt_bb_column col-md-12 col-ms-12 bt_bb_align_center bt_bb_animation_fade_in animate bt_bb_padding_normal bt_bb_animation_fade_in animate\"  data-width=\"12\"><div class=\"bt_bb_column_content bt_bb_vertical_align_top\"><div class=\"bt_bb_column_content_inner\"><header data-bb-version=\"4.5.5\" class=\"bt_bb_headline bt_bb_subheadline_text_transform_default bt_bb_color_scheme_1 bt_bb_dash_top bt_bb_size_normal bt_bb_align_inherit\" style=\"; --primary-color:#ffffff; --secondary-color:#191919;\" data-bt-override-class=\"{&quot;bt_bb_align_&quot;:{&quot;current_class&quot;:&quot;bt_bb_align_inherit&quot;,&quot;xxl&quot;:&quot;inherit&quot;}}\"><h3 class=\"bt_bb_headline_tag\"><span class=\"bt_bb_headline_content\"><span> <strong>Esra Aslan kanuny<\/strong>Habarla\u015fy\u0148<\/span><\/span><\/h3><\/header><div class=\"bt_bb_separator bt_bb_border_style_none bt_bb_bottom_spacing_80\" data-bt-override-class=\"null\"><\/div><div class=\"bt_bb_button bt_bb_color_scheme_6 bt_bb_icon_color_scheme_6 bt_bb_style_outline bt_bb_size_large bt_bb_width_inline bt_bb_shape_square btWithIcon\"><a href=\"tel:+905469711484\" target=\"_self\" class=\"bt_bb_link\" title=\"0546 971 1484\"><div class=\"bt_bb_icon\"><span  data-ico-icon7stroke=\"&#xe670;\" class=\"bt_bb_icon_holder\"><\/span><\/div><div class=\"bt_bb_link\"><span class=\"bt_bb_button_text\">0546 971 1484<\/span><\/div><\/a><\/div><\/div><\/div><\/div><\/div><\/div><\/div><!-- cell_inner --><\/div><!-- cell --><\/div><!-- port --><\/section>","protected":false},"excerpt":{"rendered":"","protected":false},"author":2,"featured_media":0,"parent":0,"menu_order":0,"comment_status":"closed","ping_status":"closed","template":"","meta":[],"yoast_head":"<!-- This site is optimized with the Yoast SEO plugin v20.12 - https:\/\/yoast.com\/wordpress\/plugins\/seo\/ -->\n<title>Biz Hakda - Avukat Esra Aslan<\/title>\n<meta name=\"robots\" content=\"index, follow, max-snippet:-1, max-image-preview:large, max-video-preview:-1\" \/>\n<link rel=\"canonical\" href=\"https:\/\/esraaslanlaw.com\/tm\/biz-hakda\/\" \/>\n<meta property=\"og:locale\" content=\"en_US\" \/>\n<meta property=\"og:type\" content=\"article\" \/>\n<meta property=\"og:title\" content=\"Biz Hakda - Avukat Esra Aslan\" \/>\n<meta property=\"og:url\" content=\"https:\/\/esraaslanlaw.com\/tm\/biz-hakda\/\" \/>\n<meta property=\"og:site_name\" content=\"Avukat Esra Aslan\" \/>\n<meta property=\"article:modified_time\" content=\"2023-07-18T10:44:51+00:00\" \/>\n<meta name=\"twitter:card\" content=\"summary_large_image\" \/>\n<meta name=\"twitter:label1\" content=\"Est. reading time\" \/>\n\t<meta name=\"twitter:data1\" content=\"7 minutes\" \/>\n<script type=\"application\/ld+json\" class=\"yoast-schema-graph\">{\"@context\":\"https:\/\/schema.org\",\"@graph\":[{\"@type\":\"WebPage\",\"@id\":\"https:\/\/esraaslanlaw.com\/tm\/biz-hakda\/\",\"url\":\"https:\/\/esraaslanlaw.com\/tm\/biz-hakda\/\",\"name\":\"Biz Hakda - Avukat Esra Aslan\",\"isPartOf\":{\"@id\":\"https:\/\/esraaslanlaw.com\/#website\"},\"datePublished\":\"2018-09-10T12:47:51+00:00\",\"dateModified\":\"2023-07-18T10:44:51+00:00\",\"breadcrumb\":{\"@id\":\"https:\/\/esraaslanlaw.com\/tm\/biz-hakda\/#breadcrumb\"},\"inLanguage\":\"tm-TM\",\"potentialAction\":[{\"@type\":\"ReadAction\",\"target\":[\"https:\/\/esraaslanlaw.com\/tm\/biz-hakda\/\"]}]},{\"@type\":\"BreadcrumbList\",\"@id\":\"https:\/\/esraaslanlaw.com\/tm\/biz-hakda\/#breadcrumb\",\"itemListElement\":[{\"@type\":\"ListItem\",\"position\":1,\"name\":\"Anasayfa\",\"item\":\"https:\/\/esraaslanlaw.com\/tm\/\"},{\"@type\":\"ListItem\",\"position\":2,\"name\":\"Biz Hakda\"}]},{\"@type\":\"WebSite\",\"@id\":\"https:\/\/esraaslanlaw.com\/#website\",\"url\":\"https:\/\/esraaslanlaw.com\/\",\"name\":\"Avukat Esra Aslan\",\"description\":\"\",\"publisher\":{\"@id\":\"https:\/\/esraaslanlaw.com\/#organization\"},\"potentialAction\":[{\"@type\":\"SearchAction\",\"target\":{\"@type\":\"EntryPoint\",\"urlTemplate\":\"https:\/\/esraaslanlaw.com\/?s={search_term_string}\"},\"query-input\":\"required name=search_term_string\"}],\"inLanguage\":\"tm-TM\"},{\"@type\":\"Organization\",\"@id\":\"https:\/\/esraaslanlaw.com\/#organization\",\"name\":\"Avukat Esra Aslan\",\"url\":\"https:\/\/esraaslanlaw.com\/\",\"logo\":{\"@type\":\"ImageObject\",\"inLanguage\":\"tm-TM\",\"@id\":\"https:\/\/esraaslanlaw.com\/#\/schema\/logo\/image\/\",\"url\":\"http:\/\/esraaslanlaw.com\/wp-content\/uploads\/2022\/12\/logo-aslan-demir-hukuk.png\",\"contentUrl\":\"http:\/\/esraaslanlaw.com\/wp-content\/uploads\/2022\/12\/logo-aslan-demir-hukuk.png\",\"width\":531,\"height\":190,\"caption\":\"Avukat Esra Aslan\"},\"image\":{\"@id\":\"https:\/\/esraaslanlaw.com\/#\/schema\/logo\/image\/\"}}]}<\/script>\n<!-- \/ Yoast SEO plugin. -->","yoast_head_json":{"title":"Biz Hakda - Avukat Esra Aslan","robots":{"index":"index","follow":"follow","max-snippet":"max-snippet:-1","max-image-preview":"max-image-preview:large","max-video-preview":"max-video-preview:-1"},"canonical":"https:\/\/esraaslanlaw.com\/tm\/biz-hakda\/","og_locale":"en_US","og_type":"article","og_title":"Biz Hakda - Avukat Esra Aslan","og_url":"https:\/\/esraaslanlaw.com\/tm\/biz-hakda\/","og_site_name":"Avukat Esra Aslan","article_modified_time":"2023-07-18T10:44:51+00:00","twitter_card":"summary_large_image","twitter_misc":{"Est. reading time":"7 minutes"},"schema":{"@context":"https:\/\/schema.org","@graph":[{"@type":"WebPage","@id":"https:\/\/esraaslanlaw.com\/tm\/biz-hakda\/","url":"https:\/\/esraaslanlaw.com\/tm\/biz-hakda\/","name":"Biz Hakda - Avukat Esra Aslan","isPartOf":{"@id":"https:\/\/esraaslanlaw.com\/#website"},"datePublished":"2018-09-10T12:47:51+00:00","dateModified":"2023-07-18T10:44:51+00:00","breadcrumb":{"@id":"https:\/\/esraaslanlaw.com\/tm\/biz-hakda\/#breadcrumb"},"inLanguage":"tm-TM","potentialAction":[{"@type":"ReadAction","target":["https:\/\/esraaslanlaw.com\/tm\/biz-hakda\/"]}]},{"@type":"BreadcrumbList","@id":"https:\/\/esraaslanlaw.com\/tm\/biz-hakda\/#breadcrumb","itemListElement":[{"@type":"ListItem","position":1,"name":"Anasayfa","item":"https:\/\/esraaslanlaw.com\/tm\/"},{"@type":"ListItem","position":2,"name":"Biz Hakda"}]},{"@type":"WebSite","@id":"https:\/\/esraaslanlaw.com\/#website","url":"https:\/\/esraaslanlaw.com\/","name":"Avukat Esra Aslan","description":"","publisher":{"@id":"https:\/\/esraaslanlaw.com\/#organization"},"potentialAction":[{"@type":"SearchAction","target":{"@type":"EntryPoint","urlTemplate":"https:\/\/esraaslanlaw.com\/?s={search_term_string}"},"query-input":"required name=search_term_string"}],"inLanguage":"tm-TM"},{"@type":"Organization","@id":"https:\/\/esraaslanlaw.com\/#organization","name":"Avukat Esra Aslan","url":"https:\/\/esraaslanlaw.com\/","logo":{"@type":"ImageObject","inLanguage":"tm-TM","@id":"https:\/\/esraaslanlaw.com\/#\/schema\/logo\/image\/","url":"http:\/\/esraaslanlaw.com\/wp-content\/uploads\/2022\/12\/logo-aslan-demir-hukuk.png","contentUrl":"http:\/\/esraaslanlaw.com\/wp-content\/uploads\/2022\/12\/logo-aslan-demir-hukuk.png","width":531,"height":190,"caption":"Avukat Esra Aslan"},"image":{"@id":"https:\/\/esraaslanlaw.com\/#\/schema\/logo\/image\/"}}]}},"_links":{"self":[{"href":"https:\/\/esraaslanlaw.com\/tm\/wp-json\/wp\/v2\/pages\/6646"}],"collection":[{"href":"https:\/\/esraaslanlaw.com\/tm\/wp-json\/wp\/v2\/pages"}],"about":[{"href":"https:\/\/esraaslanlaw.com\/tm\/wp-json\/wp\/v2\/types\/page"}],"author":[{"embeddable":true,"href":"https:\/\/esraaslanlaw.com\/tm\/wp-json\/wp\/v2\/users\/2"}],"replies":[{"embeddable":true,"href":"https:\/\/esraaslanlaw.com\/tm\/wp-json\/wp\/v2\/comments?post=6646"}],"version-history":[{"count":2,"href":"https:\/\/esraaslanlaw.com\/tm\/wp-json\/wp\/v2\/pages\/6646\/revisions"}],"predecessor-version":[{"id":7004,"href":"https:\/\/esraaslanlaw.com\/tm\/wp-json\/wp\/v2\/pages\/6646\/revisions\/7004"}],"wp:attachment":[{"href":"https:\/\/esraaslanlaw.com\/tm\/wp-json\/wp\/v2\/media?parent=6646"}],"curies":[{"name":"wp","href":"https:\/\/api.w.org\/{rel}","templated":true}]}}