{"id":6644,"date":"2022-07-07T12:02:20","date_gmt":"2022-07-07T12:02:20","guid":{"rendered":"https:\/\/esraaslanlaw.com\/gozgalmayan-emlak-kanuny\/"},"modified":"2023-07-18T10:47:34","modified_gmt":"2023-07-18T10:47:34","slug":"gozgalmayan-emlak-kanuny","status":"publish","type":"page","link":"https:\/\/esraaslanlaw.com\/tm\/gozgalmayan-emlak-kanuny\/","title":{"rendered":"Gozgalma\u00fdan eml\u00e4k kanuny"},"content":{"rendered":"<section id=\"bt_bb_section69f9f33369c87\" class=\"bt_bb_section bt_bb_color_scheme_10 bt_bb_layout_boxed_1200 bt_bb_vertical_align_top bt_bb_top_spacing_large bt_bb_bottom_spacing_large\" style=\"; --section-primary-color:#ffffff; --section-secondary-color:#343b57;\" data-bt-override-class=\"null\"><div class=\"bt_bb_background_image_holder_wrapper\"><div class=\"bt_bb_background_image_holder btLazyLoadBackground\"  data-background_image_src=\"https:\/\/esraaslanlaw.com\/wp-content\/uploads\/2019\/10\/hero_about.jpg\" data-parallax-zoom-start=\"1\" data-parallax-zoom-end=\"1\" data-parallax-blur-start=\"0\" data-parallax-blur-end=\"0\" data-parallax-opacity-start=\"1\" data-parallax-opacity-end=\"1\" style=\" background-image: url(&#039;https:\/\/esraaslanlaw.com\/wp-content\/plugins\/bold-page-builder\/img\/blank.gif&#039;);\"><\/div><\/div><div class=\"bt_bb_port\"><div class=\"bt_bb_cell\"><div class=\"bt_bb_cell_inner\"><div class=\"bt_bb_row_wrapper\"><div  class=\"bt_bb_row\"  data-bt-override-class=\"{}\"><div  class=\"bt_bb_column col-md-12 col-ms-12 bt_bb_align_center bt_bb_animation_fade_in animate bt_bb_padding_normal bt_bb_animation_fade_in animate\"  data-width=\"12\"><div class=\"bt_bb_column_content bt_bb_vertical_align_top\"><div class=\"bt_bb_column_content_inner\"><div class=\"bt_bb_separator bt_bb_border_style_none bt_bb_bottom_spacing_medium bt_bb_hidden_xs bt_bb_hidden_ms bt_bb_hidden_sm\" data-bt-override-class=\"null\"><\/div><header data-bb-version=\"4.5.5\" class=\"bt_bb_headline bt_bb_subheadline_text_transform_default bt_bb_color_scheme_6 bt_bb_dash_none bt_bb_size_extralarge bt_bb_align_inherit\" style=\"; --primary-color:#ffffff; --secondary-color:#367eb5;\" data-bt-override-class=\"{&quot;bt_bb_align_&quot;:{&quot;current_class&quot;:&quot;bt_bb_align_inherit&quot;,&quot;xxl&quot;:&quot;inherit&quot;}}\"><h1 class=\"bt_bb_headline_tag\"><span class=\"bt_bb_headline_content\"><span>Gozgalma\u00fdan eml\u00e4k kazy\u00fdet i\u015fi<\/span><\/span><\/h1><\/header><div class=\"bt_bb_separator bt_bb_border_style_none bt_bb_bottom_spacing_normal bt_bb_hidden_xs bt_bb_hidden_ms bt_bb_hidden_sm\" data-bt-override-class=\"null\"><\/div><\/div><\/div><\/div><\/div><\/div><\/div><!-- cell_inner --><\/div><!-- cell --><\/div><!-- port --><\/section><section id=\"bt_bb_section69f9f3336a1e5\" class=\"bt_bb_section bt_bb_layout_boxed_1200 bt_bb_vertical_align_top bt_bb_top_spacing_normal bt_bb_bottom_spacing_normal bt_bb_negative_margin_large\"  data-bt-override-class=\"null\"><div class=\"bt_bb_port\"><div class=\"bt_bb_cell\"><div class=\"bt_bb_cell_inner\"><div class=\"bt_bb_row_wrapper\"><div  class=\"bt_bb_row\"  data-bt-override-class=\"{}\"><div  class=\"bt_bb_column col-md-12 col-ms-12 bt_bb_align_left bt_bb_padding_normal\"  data-width=\"12\"><div class=\"bt_bb_column_content bt_bb_vertical_align_top\"><div class=\"bt_bb_column_content_inner\"><div class=\"bt_bb_separator bt_bb_border_style_none bt_bb_bottom_spacing_large bt_bb_hidden_xs bt_bb_hidden_ms bt_bb_hidden_sm\" data-bt-override-class=\"null\"><\/div><\/div><\/div><\/div><\/div><\/div><div class=\"bt_bb_row_wrapper\"><div  class=\"bt_bb_row bt_bb_layout_special btOverlapLeft\"  data-bt-override-class=\"{}\"><div  class=\"bt_bb_column col-md-8 col-ms-12 bt_bb_align_left bt_bb_animation_fade_in animate bt_bb_padding_normal bt_bb_animation_fade_in animate\"  data-width=\"8\"><div class=\"bt_bb_column_content bt_bb_vertical_align_top\"><div class=\"bt_bb_column_content_inner\"><div class=\"bt_bb_separator bt_bb_border_style_none bt_bb_bottom_spacing_normal\" data-bt-override-class=\"null\"><\/div><div  class=\"bt_bb_text\" ><p><strong>Gozgalma\u00fdan eml\u00e4k kanuny<\/strong>, eml\u00e4k kanunlary bilen baglany\u015fykly i\u015fleri\u0148 seredil\u00fd\u00e4n kanuny pudagyna degi\u015flidir. Gozgalma\u00fdan eml\u00e4k kanunyny\u0148 \u00e7\u00e4ginde we gozgalma\u00fdan eml\u00e4k \u00e7\u00e4ginde,<\/p>\n<ol>\n<li>Lander,<\/li>\n<li>Kwartira,<\/li>\n<li>Me\u00fdilnama,<\/li>\n<li>Binalar we \u00fda\u015fa\u00fdy\u015f ja\u00fdlary \u00fdaly gozgalma\u00fdan eml\u00e4k bilen baglany\u015fykly kazy\u00fdet i\u015fi bar.<\/li>\n<\/ol>\n<p>Gozgalma\u00fdan eml\u00e4k kanunlarynda kazy\u00fdet i\u015flerini\u0148 d\u00fcrli g\u00f6rn\u00fc\u015fleri bar. Bu \u00fdagda\u00fdlarda aklaw\u00e7ylary\u0148 maslahat bermek, \u00fdol g\u00f6rkezmek, kazy\u00fdet i\u015flerinde \u015fahsy\u00fdetleri\u0148 hukuklaryny goramak we \u00fdal\u0148y\u015flyklary azaltmak \u00fdaly wezipeleri bar. \u015ee\u00fdle hem \u00fder, \u00fda\u015fa\u00fdy\u015f ja\u00fdy we \u00fder \u00fdaly gozgalma\u00fdan zatlary gora\u00fdar.<\/p>\n<p><strong>Gozgalma\u00fdan eml\u00e4k kanuny <\/strong>Kazy\u00fdet i\u015fi adat\u00e7a k\u00f6p wagt al\u00fdar. G\u00f6zeg\u00e7ilik edilmeli i\u015fleri\u0148 g\u00f6rn\u00fc\u015flerini\u0148 arasynda. Adwokatlar bilen yzarlap, professional k\u00f6megi alyp bol\u00fdar. Stambul hukuk firmasyna baryp, gozgalma\u00fdan eml\u00e4k kazy\u00fdet i\u015fi barada has jikme-jik maglumat alyp bilersi\u0148iz we ynan\u00e7 hatyny berip, kazy\u00fdet i\u015fi\u0148izi\u0148 i\u0148 amatly \u015fertlerde \u00fderine \u00fdetirilmegini \u00fcpj\u00fcn edip bilersi\u0148iz.<\/p>\n<h2><strong>Gozgalma\u00fdan eml\u00e4k kazy\u00fdet i\u015flerini\u0148 g\u00f6rn\u00fc\u015fleri ha\u00fdsylar?<\/strong><\/h2>\n<p><strong>Gozgalma\u00fdan eml\u00e4k kanuny <\/strong>gi\u0148 gerimi \u00f6z i\u00e7ine al\u00fdar. Eml\u00e4k kanun\u00e7ylygyny\u0148 ki\u00e7i b\u00f6l\u00fcmi h\u00f6km\u00fcnde k\u00f6p sanly i\u015fi \u00f6z i\u00e7ine al\u00fdar. Esasan ki\u00e7i b\u00f6l\u00fcmlere b\u00f6l\u00fcnen hem bolsa, ba\u015fdan ge\u00e7iren meselelerini\u0148 \u00e7\u00e4ginde d\u00fcrli kazy\u00fdet mazmuny bolup biler. Bu hadysalary\u0148 k\u00e4biri<\/p>\n<ol>\n<li>Eli\u0148 \u00f6\u0148\u00fcni almak,<\/li>\n<li>Ousr-a\u00fdaly\u0148 arasyndaky adaty hyzmatda\u015flyk,<\/li>\n<li>Muris birle\u015fmesi,<\/li>\n<li>Ylala\u015fyk seb\u00e4pli \u015fertnamany\u0148 \u00fdatyrylmagy we hasaba alynmagy,<\/li>\n<li>N\u00e4dogry \u015fertnama bilen t\u00f6lenen pulu\u0148 yzyna ga\u00fdtarylmagy,<\/li>\n<li>Eml\u00e4gi almazdan konfiskasi\u00fda i\u015fi,<\/li>\n<li>Muvazaa meselesi,<\/li>\n<li>\u015eufa meselesi,<\/li>\n<li>Izale-i \u015euyu,<\/li>\n<li>Ady\u0148 kepilnamasynda b\u00f6lekle\u00fdin pa\u00fdnamalary\u0148 satuwyny\u0148 az \u00fda-da k\u00f6p\u00fcsini g\u00f6rkezmek,<\/li>\n<li>Kwartirany\u0148 \u00f6wezine gurlu\u015fyk \u015fertnamasy,<\/li>\n<li>Eml\u00e4k bahasyny kesgitlemek \u00fc\u00e7in kazy\u00fdet g\u00f6rn\u00fc\u015finde.<\/li>\n<\/ol>\n<p><strong>Gozgalma\u00fdan eml\u00e4k kazy\u00fdet i\u015flerini\u0148 g\u00f6rn\u00fc\u015fleri <\/strong>I\u0148 o\u0148at hukuk firmasy bilen i\u015flemek we hukuklary\u0148yzy goramak gaty m\u00f6h\u00fcmdir.<\/p>\n<h2><strong>K\u00e4rende we i\u015fden a\u00fdyrmak<\/strong><\/h2>\n<p>K\u00e4rende \u00fdagda\u00fdlary<strong> Gozgalma\u00fdan eml\u00e4k kanuny <\/strong>Gozgalma\u00fdan eml\u00e4k kanuny. Gozgalma\u00fdan eml\u00e4k e\u00fdesi \u00fda-da k\u00e4rende\u00e7i \u00fc\u00e7in a\u00e7ylyp bilner. K\u00e4rende bahasyny kesgitlemek, k\u00e4rende talaplary we g\u00f6\u00e7\u00fcrmek kazy\u00fdet i\u015fi \u00fdaly ki\u00e7i g\u00f6rn\u00fc\u015fleri bar.<\/p>\n<p>Olary\u0148 arasynda, TCO-ny\u0148 343, 344,345 we 346 kire\u00fd bahasyny\u0148 kesgitlenmegi. Olary\u0148 arasynda, TCO-ny\u0148 343, 344,345 we 346 kire\u00fd bahasyny\u0148 kesgitlenmegi. Seb\u00e4bi artdyrmak taraplar tarapyndan kesgitlen\u00fd\u00e4r we ondan ba\u015fga k\u00f6peldip bolma\u00fdar. K\u00e4rende kesgitlemek meselesini kesgitl\u00e4p bolma\u00fdan bolsa, gozgalma\u00fdan eml\u00e4k e\u00fdesi \u00fda-da k\u00e4rende\u00e7i tarapyndan a\u00e7yl\u00fdar.<\/p>\n<p>\u015ee\u00fdle kazy\u00fdet i\u015flerine Magistratlar kazy\u00fdeti sered\u00fd\u00e4r. Ewakuasi\u00fda \u00fdagda\u00fdlary \u015fertnamada g\u00f6rkezili\u015fi \u00fdaly k\u00e4rende t\u00f6legini t\u00f6leme\u00fd\u00e4n \u00fda-da gi\u00e7 t\u00f6le\u00fd\u00e4n k\u00e4rende\u00e7i \u00fc\u00e7in g\u00fc\u00fdje gir\u00fd\u00e4r. G\u00f6\u00e7\u00fcrmegi\u0148 seb\u00e4plerini\u0148 arasynda,<\/p>\n<ol>\n<li>T\u00e4zeden gurmak \u00fda-da abatlamak seb\u00e4pli ewakuasi\u00fda,<\/li>\n<li>Zerurlygy seb\u00e4pli ewakuasi\u00fda<\/li>\n<li>Bir k\u00e4rende \u00fdylynda iki sany dogry du\u00fddury\u015f seb\u00e4pli ewakuasi\u00fda,<\/li>\n<li>Gereksiz k\u00e4r seb\u00e4pli ewakuasi\u00fda,<\/li>\n<li>K\u00e4rende\u00e7ini\u0148 \u00fda-da \u00fdan\u00fdolda\u015fyny\u0148 \u015fol bir h\u00e4kimligi\u0148 \u00e7\u00e4ginde \u00fda\u015fa\u00fdy\u015f ja\u00fdy barlygy seb\u00e4pli g\u00f6\u00e7\u00fcrmek \u00fdaly g\u00f6rn\u00fc\u015fler bar.<\/li>\n<\/ol>\n<p>Izale-i \u015euyu hyzmatda\u015flygy \u00fdatyrmak \u00fc\u00e7in kazy\u00fdet i\u015fi a\u00e7dy.<strong>Gozgalma\u00fdan eml\u00e4k kanuny<\/strong>g\u00f6\u00e7\u00fcril\u00fd\u00e4n \u00fda-da gozgalma\u00fdan eml\u00e4k \u00fc\u00e7in a\u00e7ylyp bilner. A\u00e7mak hukugy hyzmatda\u015flara degi\u015flidir we bir adam tarapyndan a\u00e7ylyp bilner, \u00fda-da birn\u00e4\u00e7e hyzmatda\u015f bir hyzmatda\u015f \u00fc\u00e7in a\u00e7yp biler.<\/p>\n<p>Bu kontekstde i\u015fleri\u0148 iki g\u00f6rn\u00fc\u015fi bar. Bu, Taksimi\u0148 g\u00f6\u00e7\u00fcrmesi bilen hyzmatda\u015flygy\u0148 \u00fdatyrylmagy we satuwy\u0148 g\u00f6\u00e7\u00fcrmesi bilen hyzmatda\u015flygy\u0148 dargamagy bilen de\u0148dir.<\/p>\n<h2><strong>Eml\u00e4k hukugy<\/strong><\/h2>\n<p>Eml\u00e4k hukugy<strong>Gozgalma\u00fdan eml\u00e4k kanuny <\/strong>\u00fderle\u015f\u00fd\u00e4r. Bu, h\u00f6k\u00fcmet tarapyndan jemgy\u00fdet\u00e7ilik pe\u00fddasy \u00fc\u00e7in adamy\u0148 eml\u00e4gini satyn almagy \u00f6z i\u00e7ine al\u00fdar. Konstitusi\u00fda la\u00fdyklykda, d\u00f6wlet we o\u0148a degi\u015fli d\u00f6wlet edaralary gozgalma\u00fdan eml\u00e4kleri hususy e\u00fde\u00e7iligi\u0148 \u00e7\u00e4ginde alyp bilerler. \u015ee\u00fdle-de bolsa, eml\u00e4ge e\u00fde bolan tarap kazy\u00fdet i\u015fi a\u00e7yp biler.<\/p>\n<p>Kwartiralar we kwartiralar hem bu \u00e7ar\u00e7uwada. G\u00f6\u00e7\u00fcrmegi\u0148 k\u00e4bir g\u00f6rn\u00fc\u015fleri bar we olary\u0148 biri gyssagly eml\u00e4k. Bu gozgalma\u00fdan eml\u00e4gi\u0148 d\u00f6wlet tarapyndan derrew ele salynmagy. Jemgy\u00fdeti\u0148 gyzyklanmasyny gijikdirmezlik \u00fc\u00e7in kazy\u00fdet i\u015fi a\u00e7yl\u00fdar.<\/p>\n<p><strong>Gozgalma\u00fdan eml\u00e4k kanuny <\/strong>Ikinji g\u00f6rn\u00fc\u015f b\u00f6lekle\u00fdin eml\u00e4k. Bu gozgalma\u00fdan eml\u00e4gi\u0148 bir b\u00f6legini\u0148 eml\u00e4gi, tutu\u015flygyna d\u00e4l. Ondan so\u0148 gozgalma\u00fdan eml\u00e4gi\u0148 be\u00fdleki b\u00f6leginde gymmaty\u0148 \u00fditmegi bolup biler. G\u00f6rkezilen bahany\u0148 peselmegi gozgalma\u00fdan eml\u00e4gi\u0148 gymmaty bilen t\u00f6len\u00fd\u00e4r.<\/p>\n<p>\u015ee\u00fdle-de bolsa, \u00fdokarlanma g\u00f6zeg\u00e7ilik edilse, satyn alnan gozgalma\u00fdan eml\u00e4k bahasyndan a\u00fdryl\u00fdar. Barter bilen eml\u00e4k bermekde, eml\u00e4k talap edil\u00fd\u00e4n edarany\u0148 e\u00fde\u00e7iligind\u00e4ki ba\u015fga bir gozgalma\u00fdan eml\u00e4k bilen \u00fder \u00e7al\u015fylmagy.<\/p>\n<h2><strong>Reger bellige aly\u015f we hak t\u00f6lemek kazy\u00fdet i\u015fi<\/strong><\/h2>\n<p>Ady\u0148 \u015fertnamasyny \u00fdatyrmak we hasaba aly\u015f i\u015fi, <strong>Gozgalma\u00fdan eml\u00e4k kanuny<\/strong>umuman a\u00fddany\u0148da, \u00fder sanawyny\u0148 bikanun \u00fderle\u015fdirilmegini \u00f6z i\u00e7ine al\u00fdar. Gozgalma\u00fdan eml\u00e4k hukugyna e\u00fde bolan adam; gozgalma\u00fdan eml\u00e4k di\u00fden \u00fdaly a\u00e7yl\u00fdar. Bu kontekstde,<\/p>\n<ol>\n<li>Ygty\u00fdarlyklaryndan hy\u00fdanat\u00e7ylykly pe\u00fddalanmak,<\/li>\n<li>Miras kontrabanda,<\/li>\n<li>Sebitle\u015fdirmek programmasy,<\/li>\n<li>\u015eertnamada hasaba alnan adamy\u0148 kanuny ukybyny\u0148 \u00fdoklugy \u00fdaly seb\u00e4plere g\u00f6r\u00e4 a\u00e7ylyp bilner.<\/li>\n<\/ol>\n<p><strong>Gozgalma\u00fdan eml\u00e4k kanuny<\/strong>gozgalma\u00fdan eml\u00e4gi adalatsyz e\u00fdele\u00fd\u00e4n adama hak t\u00f6lemek kazy\u00fdet i\u015fi a\u00e7yl\u00fdar. Bu gi\u0148 ulanyl\u00fdan \u00fder we ilkinji kazy\u00fdet kazy\u00fdetlerine \u00fda-da Parahat\u00e7ylyk kazy\u00fdetlerine a\u00e7yl\u00fdar.<\/p>\n<p>Bu gozgalma\u00fdan eml\u00e4gi\u0148 \u00fderle\u015f\u00fd\u00e4n \u00fderinde a\u00e7yl\u00fdar.<\/p>\n<h2><strong>Gurlu\u015fyk \u015fertnamalary \u00fc\u00e7in kwartira<\/strong><\/h2>\n<p>Kwartirany\u0148 \u00f6wezine gurlu\u015fyk \u015fertnamalary, potrat\u00e7y bilen \u00fder pa\u00fddarlaryny\u0148 (\u015fahsy\u0148) \u00fda-da bar bolan binany\u0148 \u00fdykyljak we t\u00e4zeden guruljak \u00fderinde bagla\u015fylan \u015fertnamalardyr. Owner e\u00fdesi \u00fder pa\u00fdlaryny potrat\u00e7a ge\u00e7ir\u00fd\u00e4r we potrat\u00e7y bu ugurda gara\u015fsyz b\u00f6l\u00fcmleri gurmagy \u00f6z \u00fcst\u00fcne al\u00fdar.<\/p>\n<p>Potrat\u00e7y \u015fertnamada g\u00f6rkezilen m\u00f6hletde we tertipde gurlu\u015fygy ba\u015flamaly we tamamlamaly we \u00f6\u00fd e\u00fdesini\u0148 pa\u00fdy bolan kwartiralary bermeli. Bu nukda\u00fdnazardan, ta\u00fd\u00fdarlyk we baha bermek nukda\u00fdnazaryndan kanuny\u0148 m\u00f6h\u00fcm ugry.<\/p>\n<h2><strong>Gozgalma\u00fdan eml\u00e4k kazy\u00fdet i\u015finde hukuk firmalaryna n\u00e4me k\u00f6mek ed\u00fd\u00e4r?<\/strong><\/h2>\n<p><strong>Gozgalma\u00fdan eml\u00e4k kanuny <\/strong>Hukuk pudagynda hyzmatlar ber\u00fd\u00e4n hukuk b\u00f6l\u00fcmleri, m\u00fc\u015fderilerini\u0148 isleglerine g\u00f6r\u00e4 k\u00f6mek ber\u00fd\u00e4r. Bu nukda\u00fdnazardan k\u00e4bir meseleler a\u015fakdakylar;<\/p>\n<ol>\n<li>K\u00e4rende amallary<\/li>\n<li>Gozgalma\u00fdan eml\u00e4k satyn almak we satmak \u015fertnamalary<\/li>\n<li>Gozgalma\u00fdan eml\u00e4k<\/li>\n<li>Reger bellige aly\u015f amallary<\/li>\n<li>Gozgalma\u00fdan eml\u00e4k bilen baglany\u015fykly kanuny kesgitlemegi talap ed\u00fd\u00e4n \u00fdagda\u00fdlar<\/li>\n<li>Gozgalma\u00fdan eml\u00e4k mali\u00fdele\u015fdirilmegi<\/li>\n<li>Taslama baha bermek<\/li>\n<li>Gozgalma\u00fdan eml\u00e4k we eml\u00e4k dolandyry\u015fy<\/li>\n<\/ol>\n<p>Bu nedenle <strong>Gozgalma\u00fdan eml\u00e4k kanuny <\/strong>Gi\u0148 gurlu\u015fy bar. Stambul hukuk firmasyna baryp, gozgalma\u00fdan eml\u00e4k kazy\u00fdet i\u015fi barada has jikme-jik maglumat alyp bilersi\u0148iz we ynan\u00e7 hatyny berip, kazy\u00fdet i\u015fi\u0148izi\u0148 i\u0148 amatly \u015fertlerde \u00fderine \u00fdetirilmegini \u00fcpj\u00fcn edip bilersi\u0148iz.<\/p>\n<\/div><\/div><\/div><\/div><div  class=\"bt_bb_column col-md-4 col-ms-12 bt_bb_align_left bt_bb_animation_fade_in animate bt_bb_icon_color_scheme_6 bt_bb_padding_normal bt_bb_animation_fade_in animate\"  data-width=\"4\"><div class=\"bt_bb_column_content bt_bb_vertical_align_top\"><div class=\"bt_bb_column_content_inner\"><header data-bb-version=\"4.5.5\" class=\"bt_bb_headline bt_bb_subheadline_text_transform_default bt_bb_color_scheme_14 bt_bb_dash_none bt_bb_size_normal bt_bb_align_inherit\" style=\"; --primary-color:#343b57; --secondary-color:#367eb5;\" data-bt-override-class=\"{&quot;bt_bb_align_&quot;:{&quot;current_class&quot;:&quot;bt_bb_align_inherit&quot;,&quot;xxl&quot;:&quot;inherit&quot;}}\"><h5 class=\"bt_bb_headline_tag\"><span class=\"bt_bb_headline_content\"><span>Be\u00fdleki hyzmatlarymyz<\/span><\/span><\/h5><\/header><div class=\"bt_bb_separator bt_bb_border_style_none bt_bb_bottom_spacing_small\" data-bt-override-class=\"null\"><\/div><div class=\"bt_bb_link\"><a href=\"http:\/\/esraaslanlaw.com\/aile-hukuku\/\" target=\"_self\" class=\"bt_bb_link_content\" title=\"Ma\u015fgala kanuny\"><span class=\"bt_bb_link_text\">Ma\u015fgala kanuny<\/span><\/a><\/div><div class=\"bt_bb_separator bt_bb_border_style_none\" data-bt-override-class=\"null\"><\/div><div class=\"bt_bb_link\"><a href=\"http:\/\/esraaslanlaw.com\/ceza-hukuku\/\" target=\"_self\" class=\"bt_bb_link_content\" title=\"Jena\u00fdat kanuny\"><span class=\"bt_bb_link_text\">Jena\u00fdat kanuny<\/span><\/a><\/div><div class=\"bt_bb_separator bt_bb_border_style_none\" data-bt-override-class=\"null\"><\/div><div class=\"bt_bb_link\"><a href=\"http:\/\/esraaslanlaw.com\/gayrimenkul-hukuku\/\" target=\"_self\" class=\"bt_bb_link_content\" title=\"Gozgalma\u00fdan eml\u00e4k kanuny\"><span class=\"bt_bb_link_text\">Gozgalma\u00fdan eml\u00e4k kanuny<\/span><\/a><\/div><div class=\"bt_bb_separator bt_bb_border_style_none\" data-bt-override-class=\"null\"><\/div><div class=\"bt_bb_link\"><a href=\"http:\/\/esraaslanlaw.com\/idare-hukuku\/\" target=\"_self\" class=\"bt_bb_link_content\" title=\"Dolandyry\u015f kanuny\"><span class=\"bt_bb_link_text\">Dolandyry\u015f kanuny<\/span><\/a><\/div><div class=\"bt_bb_separator bt_bb_border_style_none\" data-bt-override-class=\"null\"><\/div><div class=\"bt_bb_link\"><a href=\"http:\/\/esraaslanlaw.com\/is-hukuku\/\" target=\"_self\" class=\"bt_bb_link_content\" title=\"I\u015few\u00fcrlik kanuny\"><span class=\"bt_bb_link_text\">I\u015few\u00fcrlik kanuny<\/span><\/a><\/div><div class=\"bt_bb_separator bt_bb_border_style_none\" data-bt-override-class=\"null\"><\/div><div class=\"bt_bb_link\"><a href=\"http:\/\/esraaslanlaw.com\/miras-hukuku\/\" target=\"_self\" class=\"bt_bb_link_content\" title=\"Miras kanuny\"><span class=\"bt_bb_link_text\">Miras kanuny<\/span><\/a><\/div><div class=\"bt_bb_separator bt_bb_border_style_none\" data-bt-override-class=\"null\"><\/div><div class=\"bt_bb_link\"><a href=\"http:\/\/esraaslanlaw.com\/sigorta-ve-tazminat-hukuku\/\" target=\"_self\" class=\"bt_bb_link_content\" title=\"Insuranceti\u00fda\u00e7landyry\u015f we \u00f6wezini dolmak kanuny\"><span class=\"bt_bb_link_text\">Insuranceti\u00fda\u00e7landyry\u015f we \u00f6wezini dolmak kanuny<\/span><\/a><\/div><div class=\"bt_bb_separator bt_bb_border_style_none\" data-bt-override-class=\"null\"><\/div><div class=\"bt_bb_link\"><a href=\"http:\/\/esraaslanlaw.com\/ticaret-hukuku\/\" target=\"_self\" class=\"bt_bb_link_content\" title=\"T\u00e4jir\u00e7ilik hukugy\"><span class=\"bt_bb_link_text\">T\u00e4jir\u00e7ilik hukugy<\/span><\/a><\/div><div class=\"bt_bb_separator bt_bb_border_style_none\" data-bt-override-class=\"null\"><\/div><\/div><\/div><\/div><\/div><\/div><\/div><!-- cell_inner --><\/div><!-- cell --><\/div><!-- port --><\/section>","protected":false},"excerpt":{"rendered":"","protected":false},"author":1,"featured_media":0,"parent":0,"menu_order":0,"comment_status":"closed","ping_status":"closed","template":"","meta":[],"yoast_head":"<!-- This site is optimized with the Yoast SEO plugin v20.12 - https:\/\/yoast.com\/wordpress\/plugins\/seo\/ -->\n<title>Gozgalma\u00fdan eml\u00e4k kanuny - Avukat Esra Aslan<\/title>\n<meta name=\"robots\" content=\"index, follow, max-snippet:-1, max-image-preview:large, max-video-preview:-1\" \/>\n<link rel=\"canonical\" href=\"https:\/\/esraaslanlaw.com\/tm\/gozgalmayan-emlak-kanuny\/\" \/>\n<meta property=\"og:locale\" content=\"en_US\" \/>\n<meta property=\"og:type\" content=\"article\" \/>\n<meta property=\"og:title\" content=\"Gozgalma\u00fdan eml\u00e4k kanuny - Avukat Esra Aslan\" \/>\n<meta property=\"og:url\" content=\"https:\/\/esraaslanlaw.com\/tm\/gozgalmayan-emlak-kanuny\/\" \/>\n<meta property=\"og:site_name\" content=\"Avukat Esra Aslan\" \/>\n<meta property=\"article:modified_time\" content=\"2023-07-18T10:47:34+00:00\" \/>\n<meta name=\"twitter:card\" content=\"summary_large_image\" \/>\n<meta name=\"twitter:label1\" content=\"Est. reading time\" \/>\n\t<meta name=\"twitter:data1\" content=\"8 minutes\" \/>\n<script type=\"application\/ld+json\" class=\"yoast-schema-graph\">{\"@context\":\"https:\/\/schema.org\",\"@graph\":[{\"@type\":\"WebPage\",\"@id\":\"https:\/\/esraaslanlaw.com\/tm\/gozgalmayan-emlak-kanuny\/\",\"url\":\"https:\/\/esraaslanlaw.com\/tm\/gozgalmayan-emlak-kanuny\/\",\"name\":\"Gozgalma\u00fdan eml\u00e4k kanuny - Avukat Esra Aslan\",\"isPartOf\":{\"@id\":\"https:\/\/esraaslanlaw.com\/#website\"},\"datePublished\":\"2022-07-07T12:02:20+00:00\",\"dateModified\":\"2023-07-18T10:47:34+00:00\",\"breadcrumb\":{\"@id\":\"https:\/\/esraaslanlaw.com\/tm\/gozgalmayan-emlak-kanuny\/#breadcrumb\"},\"inLanguage\":\"tm-TM\",\"potentialAction\":[{\"@type\":\"ReadAction\",\"target\":[\"https:\/\/esraaslanlaw.com\/tm\/gozgalmayan-emlak-kanuny\/\"]}]},{\"@type\":\"BreadcrumbList\",\"@id\":\"https:\/\/esraaslanlaw.com\/tm\/gozgalmayan-emlak-kanuny\/#breadcrumb\",\"itemListElement\":[{\"@type\":\"ListItem\",\"position\":1,\"name\":\"Anasayfa\",\"item\":\"https:\/\/esraaslanlaw.com\/tm\/\"},{\"@type\":\"ListItem\",\"position\":2,\"name\":\"Gozgalma\u00fdan eml\u00e4k kanuny\"}]},{\"@type\":\"WebSite\",\"@id\":\"https:\/\/esraaslanlaw.com\/#website\",\"url\":\"https:\/\/esraaslanlaw.com\/\",\"name\":\"Avukat Esra Aslan\",\"description\":\"\",\"publisher\":{\"@id\":\"https:\/\/esraaslanlaw.com\/#organization\"},\"potentialAction\":[{\"@type\":\"SearchAction\",\"target\":{\"@type\":\"EntryPoint\",\"urlTemplate\":\"https:\/\/esraaslanlaw.com\/?s={search_term_string}\"},\"query-input\":\"required name=search_term_string\"}],\"inLanguage\":\"tm-TM\"},{\"@type\":\"Organization\",\"@id\":\"https:\/\/esraaslanlaw.com\/#organization\",\"name\":\"Avukat Esra Aslan\",\"url\":\"https:\/\/esraaslanlaw.com\/\",\"logo\":{\"@type\":\"ImageObject\",\"inLanguage\":\"tm-TM\",\"@id\":\"https:\/\/esraaslanlaw.com\/#\/schema\/logo\/image\/\",\"url\":\"http:\/\/esraaslanlaw.com\/wp-content\/uploads\/2022\/12\/logo-aslan-demir-hukuk.png\",\"contentUrl\":\"http:\/\/esraaslanlaw.com\/wp-content\/uploads\/2022\/12\/logo-aslan-demir-hukuk.png\",\"width\":531,\"height\":190,\"caption\":\"Avukat Esra Aslan\"},\"image\":{\"@id\":\"https:\/\/esraaslanlaw.com\/#\/schema\/logo\/image\/\"}}]}<\/script>\n<!-- \/ Yoast SEO plugin. -->","yoast_head_json":{"title":"Gozgalma\u00fdan eml\u00e4k kanuny - Avukat Esra Aslan","robots":{"index":"index","follow":"follow","max-snippet":"max-snippet:-1","max-image-preview":"max-image-preview:large","max-video-preview":"max-video-preview:-1"},"canonical":"https:\/\/esraaslanlaw.com\/tm\/gozgalmayan-emlak-kanuny\/","og_locale":"en_US","og_type":"article","og_title":"Gozgalma\u00fdan eml\u00e4k kanuny - Avukat Esra Aslan","og_url":"https:\/\/esraaslanlaw.com\/tm\/gozgalmayan-emlak-kanuny\/","og_site_name":"Avukat Esra Aslan","article_modified_time":"2023-07-18T10:47:34+00:00","twitter_card":"summary_large_image","twitter_misc":{"Est. reading time":"8 minutes"},"schema":{"@context":"https:\/\/schema.org","@graph":[{"@type":"WebPage","@id":"https:\/\/esraaslanlaw.com\/tm\/gozgalmayan-emlak-kanuny\/","url":"https:\/\/esraaslanlaw.com\/tm\/gozgalmayan-emlak-kanuny\/","name":"Gozgalma\u00fdan eml\u00e4k kanuny - Avukat Esra Aslan","isPartOf":{"@id":"https:\/\/esraaslanlaw.com\/#website"},"datePublished":"2022-07-07T12:02:20+00:00","dateModified":"2023-07-18T10:47:34+00:00","breadcrumb":{"@id":"https:\/\/esraaslanlaw.com\/tm\/gozgalmayan-emlak-kanuny\/#breadcrumb"},"inLanguage":"tm-TM","potentialAction":[{"@type":"ReadAction","target":["https:\/\/esraaslanlaw.com\/tm\/gozgalmayan-emlak-kanuny\/"]}]},{"@type":"BreadcrumbList","@id":"https:\/\/esraaslanlaw.com\/tm\/gozgalmayan-emlak-kanuny\/#breadcrumb","itemListElement":[{"@type":"ListItem","position":1,"name":"Anasayfa","item":"https:\/\/esraaslanlaw.com\/tm\/"},{"@type":"ListItem","position":2,"name":"Gozgalma\u00fdan eml\u00e4k kanuny"}]},{"@type":"WebSite","@id":"https:\/\/esraaslanlaw.com\/#website","url":"https:\/\/esraaslanlaw.com\/","name":"Avukat Esra Aslan","description":"","publisher":{"@id":"https:\/\/esraaslanlaw.com\/#organization"},"potentialAction":[{"@type":"SearchAction","target":{"@type":"EntryPoint","urlTemplate":"https:\/\/esraaslanlaw.com\/?s={search_term_string}"},"query-input":"required name=search_term_string"}],"inLanguage":"tm-TM"},{"@type":"Organization","@id":"https:\/\/esraaslanlaw.com\/#organization","name":"Avukat Esra Aslan","url":"https:\/\/esraaslanlaw.com\/","logo":{"@type":"ImageObject","inLanguage":"tm-TM","@id":"https:\/\/esraaslanlaw.com\/#\/schema\/logo\/image\/","url":"http:\/\/esraaslanlaw.com\/wp-content\/uploads\/2022\/12\/logo-aslan-demir-hukuk.png","contentUrl":"http:\/\/esraaslanlaw.com\/wp-content\/uploads\/2022\/12\/logo-aslan-demir-hukuk.png","width":531,"height":190,"caption":"Avukat Esra Aslan"},"image":{"@id":"https:\/\/esraaslanlaw.com\/#\/schema\/logo\/image\/"}}]}},"_links":{"self":[{"href":"https:\/\/esraaslanlaw.com\/tm\/wp-json\/wp\/v2\/pages\/6644"}],"collection":[{"href":"https:\/\/esraaslanlaw.com\/tm\/wp-json\/wp\/v2\/pages"}],"about":[{"href":"https:\/\/esraaslanlaw.com\/tm\/wp-json\/wp\/v2\/types\/page"}],"author":[{"embeddable":true,"href":"https:\/\/esraaslanlaw.com\/tm\/wp-json\/wp\/v2\/users\/1"}],"replies":[{"embeddable":true,"href":"https:\/\/esraaslanlaw.com\/tm\/wp-json\/wp\/v2\/comments?post=6644"}],"version-history":[{"count":2,"href":"https:\/\/esraaslanlaw.com\/tm\/wp-json\/wp\/v2\/pages\/6644\/revisions"}],"predecessor-version":[{"id":7008,"href":"https:\/\/esraaslanlaw.com\/tm\/wp-json\/wp\/v2\/pages\/6644\/revisions\/7008"}],"wp:attachment":[{"href":"https:\/\/esraaslanlaw.com\/tm\/wp-json\/wp\/v2\/media?parent=6644"}],"curies":[{"name":"wp","href":"https:\/\/api.w.org\/{rel}","templated":true}]}}