{"id":6642,"date":"2022-07-07T11:00:41","date_gmt":"2022-07-07T11:00:41","guid":{"rendered":"https:\/\/esraaslanlaw.com\/jenayat-kanuny\/"},"modified":"2023-07-18T10:47:11","modified_gmt":"2023-07-18T10:47:11","slug":"jenayat-kanuny","status":"publish","type":"page","link":"https:\/\/esraaslanlaw.com\/tm\/jenayat-kanuny\/","title":{"rendered":"Jena\u00fdat kanuny"},"content":{"rendered":"<section id=\"bt_bb_section69f180bdefd37\" class=\"bt_bb_section bt_bb_color_scheme_10 bt_bb_layout_boxed_1200 bt_bb_vertical_align_top bt_bb_top_spacing_large bt_bb_bottom_spacing_large\" style=\"; --section-primary-color:#ffffff; --section-secondary-color:#343b57;\" data-bt-override-class=\"null\"><div class=\"bt_bb_background_image_holder_wrapper\"><div class=\"bt_bb_background_image_holder btLazyLoadBackground\"  data-background_image_src=\"https:\/\/esraaslanlaw.com\/wp-content\/uploads\/2019\/10\/hero_about.jpg\" data-parallax-zoom-start=\"1\" data-parallax-zoom-end=\"1\" data-parallax-blur-start=\"0\" data-parallax-blur-end=\"0\" data-parallax-opacity-start=\"1\" data-parallax-opacity-end=\"1\" style=\" background-image: url(&#039;https:\/\/esraaslanlaw.com\/wp-content\/plugins\/bold-page-builder\/img\/blank.gif&#039;);\"><\/div><\/div><div class=\"bt_bb_port\"><div class=\"bt_bb_cell\"><div class=\"bt_bb_cell_inner\"><div class=\"bt_bb_row_wrapper\"><div  class=\"bt_bb_row\"  data-bt-override-class=\"{}\"><div  class=\"bt_bb_column col-md-12 col-ms-12 bt_bb_align_center bt_bb_animation_fade_in animate bt_bb_padding_normal bt_bb_animation_fade_in animate\"  data-width=\"12\"><div class=\"bt_bb_column_content bt_bb_vertical_align_top\"><div class=\"bt_bb_column_content_inner\"><div class=\"bt_bb_separator bt_bb_border_style_none bt_bb_bottom_spacing_medium bt_bb_hidden_xs bt_bb_hidden_ms bt_bb_hidden_sm\" data-bt-override-class=\"null\"><\/div><header data-bb-version=\"4.5.5\" class=\"bt_bb_headline bt_bb_subheadline_text_transform_default bt_bb_color_scheme_6 bt_bb_dash_none bt_bb_size_extralarge bt_bb_align_inherit\" style=\"; --primary-color:#ffffff; --secondary-color:#367eb5;\" data-bt-override-class=\"{&quot;bt_bb_align_&quot;:{&quot;current_class&quot;:&quot;bt_bb_align_inherit&quot;,&quot;xxl&quot;:&quot;inherit&quot;}}\"><h1 class=\"bt_bb_headline_tag\"><span class=\"bt_bb_headline_content\"><span>Jena\u00fdat i\u015fi<\/span><\/span><\/h1><\/header><div class=\"bt_bb_separator bt_bb_border_style_none bt_bb_bottom_spacing_normal bt_bb_hidden_xs bt_bb_hidden_ms bt_bb_hidden_sm\" data-bt-override-class=\"null\"><\/div><\/div><\/div><\/div><\/div><\/div><\/div><!-- cell_inner --><\/div><!-- cell --><\/div><!-- port --><\/section><section id=\"bt_bb_section69f180bdf0296\" class=\"bt_bb_section bt_bb_layout_boxed_1200 bt_bb_vertical_align_top bt_bb_top_spacing_normal bt_bb_bottom_spacing_normal bt_bb_negative_margin_large\"  data-bt-override-class=\"null\"><div class=\"bt_bb_port\"><div class=\"bt_bb_cell\"><div class=\"bt_bb_cell_inner\"><div class=\"bt_bb_row_wrapper\"><div  class=\"bt_bb_row\"  data-bt-override-class=\"{}\"><div  class=\"bt_bb_column col-md-12 col-ms-12 bt_bb_align_left bt_bb_padding_normal\"  data-width=\"12\"><div class=\"bt_bb_column_content bt_bb_vertical_align_top\"><div class=\"bt_bb_column_content_inner\"><div class=\"bt_bb_separator bt_bb_border_style_none bt_bb_bottom_spacing_large bt_bb_hidden_xs bt_bb_hidden_ms bt_bb_hidden_sm\" data-bt-override-class=\"null\"><\/div><\/div><\/div><\/div><\/div><\/div><div class=\"bt_bb_row_wrapper\"><div  class=\"bt_bb_row bt_bb_layout_special btOverlapLeft\"  data-bt-override-class=\"{}\"><div  class=\"bt_bb_column col-md-8 col-ms-12 bt_bb_align_left bt_bb_animation_fade_in animate bt_bb_padding_normal bt_bb_animation_fade_in animate\"  data-width=\"8\"><div class=\"bt_bb_column_content bt_bb_vertical_align_top\"><div class=\"bt_bb_column_content_inner\"><div class=\"bt_bb_separator bt_bb_border_style_none bt_bb_bottom_spacing_normal\" data-bt-override-class=\"null\"><\/div><div  class=\"bt_bb_text\" ><p><strong>Stambulda jena\u00fdat i\u015fi<\/strong> hakda; Jena\u00fdat i\u015flerini, prokuratura tarapyndan a\u00fdyplama bilen bilelikde, adamy\u0148 jena\u00fdat edendigine \u00fdeterlik \u015f\u00fcbheli we subutnamalary bolan adamlary jogapk\u00e4r\u00e7ilige \u00e7ekmek \u00fc\u00e7in a\u00e7yk kazy\u00fdet i\u015fi h\u00f6km\u00fcnde d\u00fc\u015f\u00fcndirip bolar. Jena\u00fdat i\u015fini\u0148 h\u00e4si\u00fdetine garamazdan, getirilen jena\u00fdat i\u015flerini\u0148 hemmesi jemgy\u00fdet\u00e7ilik i\u015fi h\u00f6km\u00fcnde alnyp baryl\u00fdar. Munu\u0148 seb\u00e4bi, \u015fertler bar bolsa prokuratura kazy\u00fdet i\u015fini a\u00e7maly. Jena\u00fdat i\u015flerine garamak kazy\u00fdetleri agyr jeza we birinji kazy\u00fdet jezalaryna b\u00f6l\u00fcnen jena\u00fdat i\u015flerine a\u00fdratyn sered\u00fd\u00e4rler. Bu kazy\u00fdetler; Criminalokary Jena\u00fdat Kazy\u00fdeti we Birinji Kazy\u00fdet Jena\u00fdat Kazy\u00fdeti. Bu umumy kazy\u00fdetlerden ba\u015fga-da jena\u00fdat\u00e7yny\u0148 adyna we jena\u00fdaty\u0148 g\u00f6rn\u00fc\u015fine g\u00f6r\u00e4 jena\u00fdat i\u015flerine sered\u00fd\u00e4n ba\u015fga \u00fd\u00f6rite kazy\u00fdetler bar. Bular;<\/p>\n<ul>\n<li>Yetginjekler jena\u00fdat kazy\u00fdeti<\/li>\n<li>\u00fdetginjekler kazy\u00fdeti<\/li>\n<li>Intellektual we \u00f6n\u00fcm\u00e7ilik hukuklary jena\u00fdat kazy\u00fdeti<\/li>\n<\/ul>\n<p>Netijede, der\u0148ew tapgyryna girmedik we entek jena\u00fdat i\u015fi gozgalmadyk der\u0148ew i\u015fleri bilen baglany\u015fykly kararlar Parahat\u00e7ylyk Jena\u00fdat Kazy\u00fdeti tarapyndan beril\u00fd\u00e4r we bu i\u015f \u015fu g\u00f6rn\u00fc\u015fde i\u015fle\u00fd\u00e4r. Esra Aslan h\u00f6km\u00fcnde Stambuldaky adamlary\u0148 her d\u00fcrli jena\u00fdat i\u015flerine mahsus jena\u00fdat i\u015flerinde hyzmat ed\u00fd\u00e4ris.<\/p>\n<h2><strong>Jena\u00fdat i\u015fi n\u00e4me?<\/strong><\/h2>\n<p><strong>Jena\u00fdat i\u015fi n\u00e4me?<\/strong> Adamlary\u0148 g\u00fcn\u00e4k\u00e4r \u00fda-da pida bolup biljek jena\u00fdat i\u015flerini\u0148 iki g\u00f6rn\u00fc\u015fi bar. Bular agyr jeza we ilkinji kazy\u00fdet i\u015fi h\u00f6km\u00fcnde ik\u00e4 b\u00f6l\u00fcn\u00fd\u00e4r. Hukuk firmamyz bu i\u015fleri\u0148 kazy\u00fdet i\u015finde \u00e4hli zerur hyzmatlary h\u00f6d\u00fcrle\u00fd\u00e4r. Hyzmat ed\u00fd\u00e4n we jena\u00fdat i\u015flerini \u00f6z i\u00e7ine al\u00fdan jena\u00fdat i\u015flerimiz a\u015fakdakylar;<\/p>\n<p>Agyr jena\u00fdat i\u015fi;<\/p>\n<ul>\n<li>Jynsy ta\u00fddan kemsitmek \u00fda-da jyns ta\u00fddan zorlamak meselesi<\/li>\n<li>Bilge\u015fle\u00fdin adam \u00f6ld\u00fcrmek<\/li>\n<li>Pul galplygy meselesi<\/li>\n<li>Adam \u00f6ld\u00fcrmek synany\u015fygy<\/li>\n<li>Tala\u0148\u00e7ylyk \u00fda-da talamak meselesi<\/li>\n<li>Ussat galplyk kazy\u00fdet i\u015fi<\/li>\n<li>Seresapsyz hereket bilen \u00f6l\u00fcme seb\u00e4p bolan waka<\/li>\n<li>Resmi resminamany galpla\u015fdyrmak meselesi<\/li>\n<li>Seresapsyz \u00f6ld\u00fcrmek meselesi<\/li>\n<li>Ni\u00fdetden \u00fdokary bolmak bilen adam \u00f6ld\u00fcrmek<\/li>\n<li>Parahorluk meselesi<\/li>\n<li>Terror\u00e7ylyk guramasyny d\u00f6retmek, Terror\u00e7ylyk guramasynda \u00fderine \u00fdetiriji bolmak we Terror\u00e7ylyk guramasyna agza bolmak wakalary<\/li>\n<li>Eml\u00e4k meselesi<\/li>\n<li>Ne\u015fe \u00f6nd\u00fcrmek we adam s\u00f6wdasy bilen baglany\u015fykly jena\u00fdat i\u015fi<\/li>\n<li>Tala\u0148\u00e7ylyk meselesi<\/li>\n<\/ul>\n<p>Ilkinji kazy\u00fdet i\u015fi;<\/p>\n<ul>\n<li>Bilge\u015fle\u00fdin \u015fikes meselesi<\/li>\n<li>\u015eahsy durmu\u015fy\u0148 \u015fahsy durmu\u015fyny bozmak meselesi<\/li>\n<li>Seresapsyzlyk bilen \u015fikes<\/li>\n<li>Jynsy zorluk jena\u00fdat i\u015fi<\/li>\n<li>Ogurlyk i\u015fi<\/li>\n<li>Azatlykdan mahrum etmek meselesi<\/li>\n<li>Kiber jena\u00fdat i\u015fi<\/li>\n<li>Howp kazy\u00fdet i\u015fi<\/li>\n<li>\u015eantaj jena\u00fdat i\u015fi<\/li>\n<li>Sim\u00f6neke\u00fd galplyk i\u015fi<\/li>\n<li>Ne\u015feke\u015flik meselesi<\/li>\n<li>N\u00e4dogry i\u015f<\/li>\n<li>T\u00f6hmet meselesi<\/li>\n<li>K\u00e4millik \u00fda\u015fyna \u00fdetmedik bilen jynsy gatna\u015fyk<\/li>\n<li>Inga\u015fa\u00fdy\u015f ja\u00fd immunitetini bozmak meselesi<\/li>\n<li>I\u015f we z\u00e4hmet azatlygyny\u0148 bozulmagy barada kazy\u00fdet i\u015fi<\/li>\n<li>Falsealan \u015fa\u00fdatlar i\u015fi<\/li>\n<li>\u015eahsy Resminamada Galplyk Meselesi<\/li>\n<li>Tender Korrupsi\u00fda Gar\u015fy Jena\u00fdat \u0130\u015fi<\/li>\n<li>T\u00f6hmet kazy\u00fdet i\u015fi<\/li>\n<li>Eml\u00e4k zy\u00fdany barada jena\u00fdat i\u015fi<\/li>\n<\/ul>\n<h2><strong>Jena\u00fdat \u0130\u015fini N\u00e4dip A\u00e7maly?<\/strong><\/h2>\n<p><strong>Jena\u00fdat i\u015fini n\u00e4dip a\u00e7maly?<\/strong> Bu hakda maglumat almak islese\u0148iz; Bu i\u015fleri\u0148 a\u00e7ylmagy, edilen jena\u00fdaty\u0148 h\u00e4si\u00fdetine g\u00f6r\u00e4 \u00fc\u00fdtge\u00fd\u00e4r. \u015eika\u00fdat\u00e7y, zy\u00fdan \u00e7eken \u00fda-da \u00fdaralanan tarap tarapyndan \u015fika\u00fdat edilmese, prokuratura bu kazy\u00fdet i\u015flerini \u00f6zi a\u00e7yp bilmez we der\u0148ew ge\u00e7irip bilmez. \u015ee\u00fdle-de bolsa, \u015fika\u00fdat esasynda yzarlanmadyk be\u00fdleki jena\u00fdatlary\u0148 hemmesinde prokuratura \u00f6zba\u015fdak der\u0148ew ge\u00e7irip jena\u00fdat i\u015fine ba\u015flap biler. Prokuratura \u015fika\u00fdat, \u00fdazgarmak \u00fda-da ba\u015fga bir jena\u00fdat g\u00f6rn\u00fc\u015fi habar berilse we \u00f6wrenilse, awtomatiki usulda der\u0148ew i\u015fine ba\u015flap biler. Bu jena\u00fdat i\u015fi \u00fc\u00e7in \u015fika\u00fdat\u00e7y bolmasa-da, subutnamalary \u00fdygnamaga m\u00fcmkin\u00e7iligi bar.<\/p>\n<p><strong>Jena\u00fdat i\u015fi<\/strong> Bu proses, bu jeza berlen we jogapk\u00e4r bolan jena\u00fdat kazy\u00fdetinde wekil\u00e7ilik ed\u00fd\u00e4n aklaw\u00e7ysyna g\u00fcn\u00e4k\u00e4rleme bermekden ba\u015fla\u00fdar. Be\u00fdleki tarapdan, ygty\u00fdarly kazy\u00fdetleri\u0148 prokuraturasy, \u015fika\u00fdat edilmese-de, \u015fika\u00fdat \u00fda-da hasabat \u00fda-da \u015fika\u00fdat edilip bilinjek jena\u00fdatlarda berlen \u015fika\u00fdat bo\u00fdun\u00e7a \u00f6z-\u00f6z\u00fcnden hereket edip biler. Jena\u00fdat i\u015flerinde, prokuratura jena\u00fdaty\u0148 edilendigini \u00fda-da jena\u00fdaty\u0148 edilendigini, bu jena\u00fdaty\u0148 kim tarapyndan edilendigini we ha\u00fdsy jena\u00fdaty\u0148 edilendigini we kazy\u00fdet i\u015fini\u0148 dowam ed\u00fd\u00e4ndigini der\u0148e\u00fd\u00e4r.<\/p>\n<p>Prokuratura tarapyndan ge\u00e7irilen der\u0148ew bes edilen halatynda, der\u0148ew wagtynda toplanan we alnan subutnamalardan jena\u00fdaty\u0148 edilendigi \u00fd\u00fcze \u00e7ykarylsa, prokuratura jena\u00fdat i\u015fini a\u00e7\u00fdar. Prokuratura bu ugurda ge\u00e7irilen \u00e4hli der\u0148ewleri\u0148 netijesinde jena\u00fdat edildi di\u00fden netij\u00e4 gelende, a\u00fdyplama ta\u00fd\u00fdarla\u00fdar we jena\u00fdat i\u015fine ba\u015fla\u00fdar. Bu a\u00fdyplama seb\u00e4pli \u015f\u00fcbheli \u015f\u00fcbheli adamy\u0148 jena\u00fdat emele getir\u00fd\u00e4n hereketi we kanuny\u0148 \u00e7\u00e4ginde alnan \u00e4hli subutnamalary baglany\u015fdyrmak arkaly kazy\u00fdetde garalmagy talap edil\u00fd\u00e4r we bu i\u015fde g\u00fcn\u00e4k\u00e4rleri\u0148 kazy\u00fdet i\u015fi ba\u015flan\u00fdar. Prokuratura tarapyndan g\u00fcn\u00e4k\u00e4rlem\u00e4ni\u0148 berilmegi, bu temany\u0148 jena\u00fdatdygyny we jena\u00fdaty\u0148 edilendigine \u015f\u00fcbhelenmegi\u0148 \u00fdeterlikdigini g\u00f6rkez\u00fd\u00e4r. Sufficienteterlik \u015f\u00fcbheli a\u00fdyplamalarda, jena\u00fdatda g\u00fcman edil\u00fd\u00e4n adam kazy\u00fdet jogapk\u00e4r\u00e7iligine \u00e7ekilse, g\u00fcn\u00e4k\u00e4rlenmek \u00e4htimallygy has \u00fdokarydyr. Prokuratura tarapyndan ge\u00e7irilen der\u0148ewi\u0148 netijesinde \u00fdeterlik subutnamalar we \u00fdeterlik \u015f\u00fcbhe \u00fd\u00fcze \u00e7ykmadyk bolsa, jena\u00fdatda g\u00fcman edil\u00fd\u00e4nler \u00fc\u00e7in kazy\u00fdet jogapk\u00e4r\u00e7iligine \u00e7ekilmezlik karary \u00fd\u00fcze \u00e7yk\u00fdar.<\/p>\n<p>Prokuratura tarapyndan \u00fdazylan a\u00fdyplama bilen bilelikde gozgalan jena\u00fdat i\u015finde, karar ber\u00fd\u00e4n ygty\u00fdarly kazy\u00fdet, prokuratura tarapyndan berlen a\u00fdyplamada kem\u00e7ilikler bar bolsa, bu a\u00fdyplama kazy\u00fdete geleninden so\u0148 15 g\u00fcn\u00fc\u0148 i\u00e7inde prokuratura iberil\u00fd\u00e4r. Prokuratura kazy\u00fdeti\u0148 beren ekstradisi\u00fda kararyna gar\u015fy bolup biler, \u00fd\u00f6ne \u015fol bir wagty\u0148 \u00f6z\u00fcnde-de g\u00fcn\u00e4k\u00e4rlem\u00e4ni ga\u00fdtadan \u00e7ykarmak bilen \u00fdeterlik subutnamalary almak netijesinde \u015fol kazy\u00fdet i\u015fini a\u00e7\u00fdar. Bu a\u00fdyplama kazy\u00fdet tarapyndan kabul edilse, di\u0148leni\u015fige ta\u00fd\u00fdarlyk g\u00f6r\u00fcl\u00fd\u00e4r we kazy\u00fdet g\u00fcni kesgitlen\u00fd\u00e4r we kazy\u00fdet i\u015fi g\u00fcn\u00e4k\u00e4r we n\u00e4gilelik bildir\u00fd\u00e4n taraplary aklaw\u00e7ylary bilen bilelikde \u00e7agyrmakdan ba\u015fla\u00fdar.<\/p>\n<p><strong>Esra Aslan Kanuny<\/strong> biz \u00fdaly, \u00e4hli kanuny i\u015fleri\u0148izde size uly yhlas we z\u00e4hmet bilen hyzmat ed\u00fd\u00e4ris. Bize baryp g\u00f6rmek \u00fda-da habarla\u015fmak arkaly jena\u00fdat i\u015fi barada jikme-jik maglumat alyp bilersi\u0148iz we deslapky s\u00f6hbetde\u015flik ge\u00e7irip bilersi\u0148iz. Esra Aslan Hukuk h\u00f6km\u00fcnde, \u00fda\u015fa\u00fdan kanuny \u00fdagda\u00fdy\u0148yz \u00fc\u00e7in kazy\u00fdet i\u015fi\u0148izi\u0148 i\u0148 amatly \u015fertlerde \u00fderine \u00fdetirilmegini we tamamlanmagyny \u00fcpj\u00fcn etmek \u00fc\u00e7in bize ynan\u00e7 hatyny berip, bagtly gidip bilersi\u0148iz.<\/p>\n<\/div><\/div><\/div><\/div><div  class=\"bt_bb_column col-md-4 col-ms-12 bt_bb_align_left bt_bb_animation_fade_in animate bt_bb_icon_color_scheme_6 bt_bb_padding_normal bt_bb_animation_fade_in animate\"  data-width=\"4\"><div class=\"bt_bb_column_content bt_bb_vertical_align_top\"><div class=\"bt_bb_column_content_inner\"><header data-bb-version=\"4.5.5\" class=\"bt_bb_headline bt_bb_subheadline_text_transform_default bt_bb_color_scheme_14 bt_bb_dash_none bt_bb_size_normal bt_bb_align_inherit\" style=\"; --primary-color:#343b57; --secondary-color:#367eb5;\" data-bt-override-class=\"{&quot;bt_bb_align_&quot;:{&quot;current_class&quot;:&quot;bt_bb_align_inherit&quot;,&quot;xxl&quot;:&quot;inherit&quot;}}\"><h5 class=\"bt_bb_headline_tag\"><span class=\"bt_bb_headline_content\"><span>Be\u00fdleki hyzmatlarymyz<\/span><\/span><\/h5><\/header><div class=\"bt_bb_separator bt_bb_border_style_none bt_bb_bottom_spacing_small\" data-bt-override-class=\"null\"><\/div><div class=\"bt_bb_link\"><a href=\"http:\/\/esraaslanlaw.com\/aile-hukuku\/\" target=\"_self\" class=\"bt_bb_link_content\" title=\"Ma\u015fgala kanuny\"><span class=\"bt_bb_link_text\">Ma\u015fgala kanuny<\/span><\/a><\/div><div class=\"bt_bb_separator bt_bb_border_style_none\" data-bt-override-class=\"null\"><\/div><div class=\"bt_bb_link\"><a href=\"http:\/\/esraaslanlaw.com\/ceza-hukuku\/\" target=\"_self\" class=\"bt_bb_link_content\" title=\"Jena\u00fdat kanuny\"><span class=\"bt_bb_link_text\">Jena\u00fdat kanuny<\/span><\/a><\/div><div class=\"bt_bb_separator bt_bb_border_style_none\" data-bt-override-class=\"null\"><\/div><div class=\"bt_bb_link\"><a href=\"http:\/\/esraaslanlaw.com\/gayrimenkul-hukuku\/\" target=\"_self\" class=\"bt_bb_link_content\" title=\"Gozgalma\u00fdan eml\u00e4k kanuny\"><span class=\"bt_bb_link_text\">Gozgalma\u00fdan eml\u00e4k kanuny<\/span><\/a><\/div><div class=\"bt_bb_separator bt_bb_border_style_none\" data-bt-override-class=\"null\"><\/div><div class=\"bt_bb_link\"><a href=\"http:\/\/esraaslanlaw.com\/idare-hukuku\/\" target=\"_self\" class=\"bt_bb_link_content\" title=\"Dolandyry\u015f kanuny\"><span class=\"bt_bb_link_text\">Dolandyry\u015f kanuny<\/span><\/a><\/div><div class=\"bt_bb_separator bt_bb_border_style_none\" data-bt-override-class=\"null\"><\/div><div class=\"bt_bb_link\"><a href=\"http:\/\/esraaslanlaw.com\/is-hukuku\/\" target=\"_self\" class=\"bt_bb_link_content\" title=\"I\u015few\u00fcrlik kanuny\"><span class=\"bt_bb_link_text\">I\u015few\u00fcrlik kanuny<\/span><\/a><\/div><div class=\"bt_bb_separator bt_bb_border_style_none\" data-bt-override-class=\"null\"><\/div><div class=\"bt_bb_link\"><a href=\"http:\/\/esraaslanlaw.com\/miras-hukuku\/\" target=\"_self\" class=\"bt_bb_link_content\" title=\"Miras kanuny\"><span class=\"bt_bb_link_text\">Miras kanuny<\/span><\/a><\/div><div class=\"bt_bb_separator bt_bb_border_style_none\" data-bt-override-class=\"null\"><\/div><div class=\"bt_bb_link\"><a href=\"http:\/\/esraaslanlaw.com\/sigorta-ve-tazminat-hukuku\/\" target=\"_self\" class=\"bt_bb_link_content\" title=\"Insuranceti\u00fda\u00e7landyry\u015f we \u00f6wezini dolmak kanuny\"><span class=\"bt_bb_link_text\">Insuranceti\u00fda\u00e7landyry\u015f we \u00f6wezini dolmak kanuny<\/span><\/a><\/div><div class=\"bt_bb_separator bt_bb_border_style_none\" data-bt-override-class=\"null\"><\/div><div class=\"bt_bb_link\"><a href=\"http:\/\/esraaslanlaw.com\/ticaret-hukuku\/\" target=\"_self\" class=\"bt_bb_link_content\" title=\"T\u00e4jir\u00e7ilik hukugy\"><span class=\"bt_bb_link_text\">T\u00e4jir\u00e7ilik hukugy<\/span><\/a><\/div><div class=\"bt_bb_separator bt_bb_border_style_none\" data-bt-override-class=\"null\"><\/div><\/div><\/div><\/div><\/div><\/div><\/div><!-- cell_inner --><\/div><!-- cell --><\/div><!-- port --><\/section>","protected":false},"excerpt":{"rendered":"","protected":false},"author":1,"featured_media":0,"parent":0,"menu_order":0,"comment_status":"closed","ping_status":"closed","template":"","meta":[],"yoast_head":"<!-- This site is optimized with the Yoast SEO plugin v20.12 - https:\/\/yoast.com\/wordpress\/plugins\/seo\/ -->\n<title>Jena\u00fdat kanuny - Avukat Esra Aslan<\/title>\n<meta name=\"robots\" content=\"index, follow, max-snippet:-1, max-image-preview:large, max-video-preview:-1\" \/>\n<link rel=\"canonical\" href=\"https:\/\/esraaslanlaw.com\/tm\/jenayat-kanuny\/\" \/>\n<meta property=\"og:locale\" content=\"en_US\" \/>\n<meta property=\"og:type\" content=\"article\" \/>\n<meta property=\"og:title\" content=\"Jena\u00fdat kanuny - Avukat Esra Aslan\" \/>\n<meta property=\"og:url\" content=\"https:\/\/esraaslanlaw.com\/tm\/jenayat-kanuny\/\" \/>\n<meta property=\"og:site_name\" content=\"Avukat Esra Aslan\" \/>\n<meta property=\"article:modified_time\" content=\"2023-07-18T10:47:11+00:00\" \/>\n<meta name=\"twitter:card\" content=\"summary_large_image\" \/>\n<meta name=\"twitter:label1\" content=\"Est. reading time\" \/>\n\t<meta name=\"twitter:data1\" content=\"8 minutes\" \/>\n<script type=\"application\/ld+json\" class=\"yoast-schema-graph\">{\"@context\":\"https:\/\/schema.org\",\"@graph\":[{\"@type\":\"WebPage\",\"@id\":\"https:\/\/esraaslanlaw.com\/tm\/jenayat-kanuny\/\",\"url\":\"https:\/\/esraaslanlaw.com\/tm\/jenayat-kanuny\/\",\"name\":\"Jena\u00fdat kanuny - Avukat Esra Aslan\",\"isPartOf\":{\"@id\":\"https:\/\/esraaslanlaw.com\/#website\"},\"datePublished\":\"2022-07-07T11:00:41+00:00\",\"dateModified\":\"2023-07-18T10:47:11+00:00\",\"breadcrumb\":{\"@id\":\"https:\/\/esraaslanlaw.com\/tm\/jenayat-kanuny\/#breadcrumb\"},\"inLanguage\":\"tm-TM\",\"potentialAction\":[{\"@type\":\"ReadAction\",\"target\":[\"https:\/\/esraaslanlaw.com\/tm\/jenayat-kanuny\/\"]}]},{\"@type\":\"BreadcrumbList\",\"@id\":\"https:\/\/esraaslanlaw.com\/tm\/jenayat-kanuny\/#breadcrumb\",\"itemListElement\":[{\"@type\":\"ListItem\",\"position\":1,\"name\":\"Anasayfa\",\"item\":\"https:\/\/esraaslanlaw.com\/tm\/\"},{\"@type\":\"ListItem\",\"position\":2,\"name\":\"Jena\u00fdat kanuny\"}]},{\"@type\":\"WebSite\",\"@id\":\"https:\/\/esraaslanlaw.com\/#website\",\"url\":\"https:\/\/esraaslanlaw.com\/\",\"name\":\"Avukat Esra Aslan\",\"description\":\"\",\"publisher\":{\"@id\":\"https:\/\/esraaslanlaw.com\/#organization\"},\"potentialAction\":[{\"@type\":\"SearchAction\",\"target\":{\"@type\":\"EntryPoint\",\"urlTemplate\":\"https:\/\/esraaslanlaw.com\/?s={search_term_string}\"},\"query-input\":\"required name=search_term_string\"}],\"inLanguage\":\"tm-TM\"},{\"@type\":\"Organization\",\"@id\":\"https:\/\/esraaslanlaw.com\/#organization\",\"name\":\"Avukat Esra Aslan\",\"url\":\"https:\/\/esraaslanlaw.com\/\",\"logo\":{\"@type\":\"ImageObject\",\"inLanguage\":\"tm-TM\",\"@id\":\"https:\/\/esraaslanlaw.com\/#\/schema\/logo\/image\/\",\"url\":\"http:\/\/esraaslanlaw.com\/wp-content\/uploads\/2022\/12\/logo-aslan-demir-hukuk.png\",\"contentUrl\":\"http:\/\/esraaslanlaw.com\/wp-content\/uploads\/2022\/12\/logo-aslan-demir-hukuk.png\",\"width\":531,\"height\":190,\"caption\":\"Avukat Esra Aslan\"},\"image\":{\"@id\":\"https:\/\/esraaslanlaw.com\/#\/schema\/logo\/image\/\"}}]}<\/script>\n<!-- \/ Yoast SEO plugin. -->","yoast_head_json":{"title":"Jena\u00fdat kanuny - Avukat Esra Aslan","robots":{"index":"index","follow":"follow","max-snippet":"max-snippet:-1","max-image-preview":"max-image-preview:large","max-video-preview":"max-video-preview:-1"},"canonical":"https:\/\/esraaslanlaw.com\/tm\/jenayat-kanuny\/","og_locale":"en_US","og_type":"article","og_title":"Jena\u00fdat kanuny - Avukat Esra Aslan","og_url":"https:\/\/esraaslanlaw.com\/tm\/jenayat-kanuny\/","og_site_name":"Avukat Esra Aslan","article_modified_time":"2023-07-18T10:47:11+00:00","twitter_card":"summary_large_image","twitter_misc":{"Est. reading time":"8 minutes"},"schema":{"@context":"https:\/\/schema.org","@graph":[{"@type":"WebPage","@id":"https:\/\/esraaslanlaw.com\/tm\/jenayat-kanuny\/","url":"https:\/\/esraaslanlaw.com\/tm\/jenayat-kanuny\/","name":"Jena\u00fdat kanuny - Avukat Esra Aslan","isPartOf":{"@id":"https:\/\/esraaslanlaw.com\/#website"},"datePublished":"2022-07-07T11:00:41+00:00","dateModified":"2023-07-18T10:47:11+00:00","breadcrumb":{"@id":"https:\/\/esraaslanlaw.com\/tm\/jenayat-kanuny\/#breadcrumb"},"inLanguage":"tm-TM","potentialAction":[{"@type":"ReadAction","target":["https:\/\/esraaslanlaw.com\/tm\/jenayat-kanuny\/"]}]},{"@type":"BreadcrumbList","@id":"https:\/\/esraaslanlaw.com\/tm\/jenayat-kanuny\/#breadcrumb","itemListElement":[{"@type":"ListItem","position":1,"name":"Anasayfa","item":"https:\/\/esraaslanlaw.com\/tm\/"},{"@type":"ListItem","position":2,"name":"Jena\u00fdat kanuny"}]},{"@type":"WebSite","@id":"https:\/\/esraaslanlaw.com\/#website","url":"https:\/\/esraaslanlaw.com\/","name":"Avukat Esra Aslan","description":"","publisher":{"@id":"https:\/\/esraaslanlaw.com\/#organization"},"potentialAction":[{"@type":"SearchAction","target":{"@type":"EntryPoint","urlTemplate":"https:\/\/esraaslanlaw.com\/?s={search_term_string}"},"query-input":"required name=search_term_string"}],"inLanguage":"tm-TM"},{"@type":"Organization","@id":"https:\/\/esraaslanlaw.com\/#organization","name":"Avukat Esra Aslan","url":"https:\/\/esraaslanlaw.com\/","logo":{"@type":"ImageObject","inLanguage":"tm-TM","@id":"https:\/\/esraaslanlaw.com\/#\/schema\/logo\/image\/","url":"http:\/\/esraaslanlaw.com\/wp-content\/uploads\/2022\/12\/logo-aslan-demir-hukuk.png","contentUrl":"http:\/\/esraaslanlaw.com\/wp-content\/uploads\/2022\/12\/logo-aslan-demir-hukuk.png","width":531,"height":190,"caption":"Avukat Esra Aslan"},"image":{"@id":"https:\/\/esraaslanlaw.com\/#\/schema\/logo\/image\/"}}]}},"_links":{"self":[{"href":"https:\/\/esraaslanlaw.com\/tm\/wp-json\/wp\/v2\/pages\/6642"}],"collection":[{"href":"https:\/\/esraaslanlaw.com\/tm\/wp-json\/wp\/v2\/pages"}],"about":[{"href":"https:\/\/esraaslanlaw.com\/tm\/wp-json\/wp\/v2\/types\/page"}],"author":[{"embeddable":true,"href":"https:\/\/esraaslanlaw.com\/tm\/wp-json\/wp\/v2\/users\/1"}],"replies":[{"embeddable":true,"href":"https:\/\/esraaslanlaw.com\/tm\/wp-json\/wp\/v2\/comments?post=6642"}],"version-history":[{"count":2,"href":"https:\/\/esraaslanlaw.com\/tm\/wp-json\/wp\/v2\/pages\/6642\/revisions"}],"predecessor-version":[{"id":7007,"href":"https:\/\/esraaslanlaw.com\/tm\/wp-json\/wp\/v2\/pages\/6642\/revisions\/7007"}],"wp:attachment":[{"href":"https:\/\/esraaslanlaw.com\/tm\/wp-json\/wp\/v2\/media?parent=6642"}],"curies":[{"name":"wp","href":"https:\/\/api.w.org\/{rel}","templated":true}]}}