{"id":6636,"date":"2023-01-10T06:41:45","date_gmt":"2023-01-10T06:41:45","guid":{"rendered":"https:\/\/esraaslanlaw.com\/masgala-kanuny\/"},"modified":"2023-07-18T10:46:37","modified_gmt":"2023-07-18T10:46:37","slug":"masgala-kanuny","status":"publish","type":"page","link":"https:\/\/esraaslanlaw.com\/tm\/masgala-kanuny\/","title":{"rendered":"Ma\u015fgala kanuny"},"content":{"rendered":"<section id=\"bt_bb_section69f9f345421f8\" class=\"bt_bb_section bt_bb_color_scheme_10 bt_bb_layout_boxed_1200 bt_bb_vertical_align_top bt_bb_top_spacing_large bt_bb_bottom_spacing_large\" style=\"; --section-primary-color:#ffffff; --section-secondary-color:#343b57;\" data-bt-override-class=\"null\"><div class=\"bt_bb_background_image_holder_wrapper\"><div class=\"bt_bb_background_image_holder btLazyLoadBackground\"  data-background_image_src=\"https:\/\/esraaslanlaw.com\/wp-content\/uploads\/2019\/10\/hero_about.jpg\" data-parallax-zoom-start=\"1\" data-parallax-zoom-end=\"1\" data-parallax-blur-start=\"0\" data-parallax-blur-end=\"0\" data-parallax-opacity-start=\"1\" data-parallax-opacity-end=\"1\" style=\" background-image: url(&#039;https:\/\/esraaslanlaw.com\/wp-content\/plugins\/bold-page-builder\/img\/blank.gif&#039;);\"><\/div><\/div><div class=\"bt_bb_port\"><div class=\"bt_bb_cell\"><div class=\"bt_bb_cell_inner\"><div class=\"bt_bb_row_wrapper\"><div  class=\"bt_bb_row\"  data-bt-override-class=\"{}\"><div  class=\"bt_bb_column col-md-12 col-ms-12 bt_bb_align_center bt_bb_animation_fade_in animate bt_bb_padding_normal bt_bb_animation_fade_in animate\"  data-width=\"12\"><div class=\"bt_bb_column_content bt_bb_vertical_align_top\"><div class=\"bt_bb_column_content_inner\"><div class=\"bt_bb_separator bt_bb_border_style_none bt_bb_bottom_spacing_medium bt_bb_hidden_xs bt_bb_hidden_ms bt_bb_hidden_sm\" data-bt-override-class=\"null\"><\/div><header data-bb-version=\"4.5.5\" class=\"bt_bb_headline bt_bb_subheadline_text_transform_default bt_bb_color_scheme_6 bt_bb_dash_none bt_bb_size_extralarge bt_bb_align_inherit\" style=\"; --primary-color:#ffffff; --secondary-color:#367eb5;\" data-bt-override-class=\"{&quot;bt_bb_align_&quot;:{&quot;current_class&quot;:&quot;bt_bb_align_inherit&quot;,&quot;xxl&quot;:&quot;inherit&quot;}}\"><h1 class=\"bt_bb_headline_tag\"><span class=\"bt_bb_headline_content\"><span>Ma\u015fgala kanuny<\/span><\/span><\/h1><\/header><div class=\"bt_bb_separator bt_bb_border_style_none bt_bb_bottom_spacing_normal bt_bb_hidden_xs bt_bb_hidden_ms bt_bb_hidden_sm\" data-bt-override-class=\"null\"><\/div><\/div><\/div><\/div><\/div><\/div><\/div><!-- cell_inner --><\/div><!-- cell --><\/div><!-- port --><\/section><section id=\"bt_bb_section69f9f34542770\" class=\"bt_bb_section bt_bb_layout_boxed_1200 bt_bb_vertical_align_top bt_bb_top_spacing_normal bt_bb_bottom_spacing_normal bt_bb_negative_margin_large\"  data-bt-override-class=\"null\"><div class=\"bt_bb_port\"><div class=\"bt_bb_cell\"><div class=\"bt_bb_cell_inner\"><div class=\"bt_bb_row_wrapper\"><div  class=\"bt_bb_row\"  data-bt-override-class=\"{}\"><div  class=\"bt_bb_column col-md-12 col-ms-12 bt_bb_align_left bt_bb_padding_normal\"  data-width=\"12\"><div class=\"bt_bb_column_content bt_bb_vertical_align_top\"><div class=\"bt_bb_column_content_inner\"><div class=\"bt_bb_separator bt_bb_border_style_none bt_bb_bottom_spacing_large bt_bb_hidden_xs bt_bb_hidden_ms bt_bb_hidden_sm\" data-bt-override-class=\"null\"><\/div><\/div><\/div><\/div><\/div><\/div><div class=\"bt_bb_row_wrapper\"><div  class=\"bt_bb_row bt_bb_layout_special btOverlapLeft\"  data-bt-override-class=\"{}\"><div  class=\"bt_bb_column col-md-8 col-ms-12 bt_bb_align_left bt_bb_animation_fade_in animate bt_bb_padding_normal bt_bb_animation_fade_in animate\"  data-width=\"8\"><div class=\"bt_bb_column_content bt_bb_vertical_align_top\"><div class=\"bt_bb_column_content_inner\"><div class=\"bt_bb_separator bt_bb_border_style_none bt_bb_bottom_spacing_normal\" data-bt-override-class=\"null\"><\/div><div  class=\"bt_bb_text\" ><p><strong>Ma\u015fgala kanuny<\/strong>,Ma\u015fgalada bolup ge\u00e7\u00fd\u00e4n kanuny amallary dolandyrmagy we \u00e7\u00f6zmegi \u00f6z i\u00e7ine al\u00fdan ugur. Ma\u015fgala kanuny nika, a\u00fdryly\u015fmak, miras, \u00e7agalar we be\u00fdleki ma\u015fgala gatna\u015fyklary \u00fdaly temalary \u00f6z i\u00e7ine al\u00fdar.<\/p>\n<p>Bu tekstde<strong>Ma\u015fgala kanuny<\/strong> Temalar, <strong>Ma\u015fgala hukuk aklaw\u00e7ysy,<\/strong> Ma\u015fgala kanuny we ma\u015fgala kanunlary bo\u00fdun\u00e7a beril\u00fd\u00e4n hyzmatlary\u0148 \u00e4hmi\u00fdeti n\u00e4me? \u015ee\u00fdle zatlar hakda g\u00fcrle\u015feris. Has gi\u0148i\u015fle\u00fdin maglumat \u00fc\u00e7in makalany okamagy dowam etdirip bilersi\u0148iz.<\/p>\n<h2>Ma\u015fgala kanuny mowzuklary<\/h2>\n<p><strong>Ma\u015fgala kanuny ha\u00fdsy temalary \u00f6z i\u00e7ine al\u00fdar?<\/strong>: Ma\u015fgala kanuny, ma\u015fgalada bolup ge\u00e7\u00fd\u00e4n kanuny amallary dolandyrmagy we \u00e7\u00f6zmegi \u00f6z i\u00e7ine al\u00fdan ugur. Ma\u015fgala kanuny nika, a\u00fdryly\u015fmak, miras, \u00e7agalar we be\u00fdleki ma\u015fgala gatna\u015fyklary \u00fdaly temalary \u00f6z i\u00e7ine al\u00fdar. Ma\u015fgala kanuny nika, a\u00fdryly\u015fmak, miras, \u00e7agalar we be\u00fdleki ma\u015fgala gatna\u015fyklary \u00fdaly temalary \u00f6z i\u00e7ine al\u00fdar.<\/p>\n<ol>\n<li>Nika:<\/li>\n<\/ol>\n<p>Nika, iki adamy\u0148 birle\u015fip, umumy durmu\u015f gur\u00fdan \u015fertnamasydyr. Nikany\u0148 k\u00f6p kanuny netijeleri bar we nika wagtynda bagla\u015fylan \u015fertnama kanuny ta\u00fddan h\u00f6kmany.<\/p>\n<ol start=\"2\">\n<li>A\u00fdralyk:<\/li>\n<\/ol>\n<p>A\u00fdryly\u015fmagy nika \u015fertnamasyny\u0148 \u00fdatyrylmagy di\u00fdip hasaplamak bolar. A\u00fdryly\u015fmak nika \u015fertnamasyny\u0148 \u00fdatyrylmagy h\u00f6km\u00fcnde kabul edilip bilner we \u00e7agalary\u0148 geljegi we \u00e4r-a\u00fdaly\u0148 arasynda galan eml\u00e4gi b\u00f6lmek \u00fdaly meseleler a\u00fdryly\u015fmak wagtynda \u00e7\u00f6z\u00fclmelidir.<\/p>\n<ol start=\"3\">\n<li>Miras:<\/li>\n<\/ol>\n<p>Miras, adamy\u0148 \u00f6lenden so\u0148 galdyran eml\u00e4gini pa\u00fdlamak prosesi. Miras meselesi ma\u015fgala hukugy pudagynda m\u00f6h\u00fcm mesele we mirasy n\u00e4dip pa\u00fdlamalydygy barada kanunlar bar.<\/p>\n<ol start=\"4\">\n<li>\u00c7agalar:<\/li>\n<\/ol>\n<p>Ma\u015fgala kanuny meselelerini\u0148 arasynda \u00e7agalar i\u0148 m\u00f6h\u00fcm meseleleri\u0148 biridir. \u00c7aga seretmek, ideg we bilim \u00fdaly meseleler ma\u015fgala hukugy babatynda \u00e7\u00f6z\u00fcl\u00fd\u00e4r.<\/p>\n<ol start=\"5\">\n<li>Be\u00fdleki ma\u015fgala gatna\u015fyklary:<\/li>\n<\/ol>\n<p><strong>Ma\u015fgala kanuny<\/strong>, \u015ee\u00fdle hem be\u00fdleki ma\u015fgala gatna\u015fyklaryny \u00f6z i\u00e7ine al\u00fdar. Mysal \u00fc\u00e7in, ene-atalar bilen doganlary\u0148 arasyndaky gatna\u015fyklar \u00fdaly meseleler ma\u015fgala hukugy pudagynda g\u00f6zden ge\u00e7iril\u00fd\u00e4r.<\/p>\n<p>Bular ma\u015fgala hukugy pudagynda \u00f6wrenilen m\u00f6h\u00fcm mowzuklar. Ma\u015fgala hukuk aklaw\u00e7ysy ma\u015fgala hukugy bo\u00fdun\u00e7a \u00fd\u00f6ritele\u015fen we ma\u015fgala hukugy meselelerinde maslahat ber\u00fd\u00e4n hukuk aklaw\u00e7ysy.<\/p>\n<h2>Ma\u015fgala hukuk aklaw\u00e7ysy<\/h2>\n<p>Ma\u015fgala aklaw\u00e7ysy ma\u015fgala hukugy bo\u00fdun\u00e7a \u00fd\u00f6ritele\u015fen hukuk aklaw\u00e7ysydyr. Ma\u015fgala hukuk aklaw\u00e7ysy ma\u015fgala hukugy meseleleri bo\u00fdun\u00e7a maslahat ber\u00fd\u00e4r we ma\u015fgala kazy\u00fdet i\u015flerine g\u00f6zeg\u00e7ilik ed\u00fd\u00e4r. Ma\u015fgala aklaw\u00e7ysy ma\u015fgala kazy\u00fdet i\u015flerini yzarla\u00fdar.<\/p>\n<p><strong>Ma\u015fgala hukuk aklaw\u00e7ysyny\u0148 wezipeleri \u015fulary \u00f6z i\u00e7ine al\u00fdar:<\/strong><\/p>\n<ul>\n<li><strong>Ma\u015fgala kanunlary bo\u00fdun\u00e7a maslahat bermek:<\/strong> Ma\u015fgala aklaw\u00e7ysy ma\u015fgala hukugy meseleleri bo\u00fdun\u00e7a maslahat ber\u00fd\u00e4r we j\u00fcb\u00fctlere ma\u015fgala kanuny meseleleri barada habarly bolmaga k\u00f6mek ed\u00fd\u00e4r.<\/li>\n<li><strong>Ma\u015fgala kanuny bilen baglany\u015fykly a\u015fakdaky \u00fdagda\u00fdlar:<\/strong> Ma\u015fgala aklaw\u00e7ysy ma\u015fgala kazy\u00fdet i\u015flerini yzarla\u00fdar we bu \u00fdagda\u00fdlarda m\u00fc\u015fderilerine kanuny k\u00f6mek ber\u00fd\u00e4r.<\/li>\n<li><strong>Ma\u015fgala hukugy meseleleri bo\u00fdun\u00e7a okuw beri\u0148:<\/strong> Ma\u015fgala hukuk aklaw\u00e7ysy ma\u015fgala hukugy meseleleri bo\u00fdun\u00e7a okuw ber\u00fd\u00e4r we j\u00fcb\u00fctlere ma\u015fgala hukugy meseleleri barada has k\u00f6p zat \u00f6wrenm\u00e4ge k\u00f6mek ed\u00fd\u00e4r.<\/li>\n<li><strong>Ma\u015fgala hukugy meseleleri bo\u00fdun\u00e7a g\u00f6zleg ge\u00e7irmek:<\/strong> Ma\u015fgala hukuk aklaw\u00e7ysy ma\u015fgala hukugy meseleleri bo\u00fdun\u00e7a g\u00f6zleg ge\u00e7ir\u00fd\u00e4r we j\u00fcb\u00fctlere ma\u015fgala hukugy meseleleri barada has k\u00f6p zat \u00f6wrenm\u00e4ge k\u00f6mek ed\u00fd\u00e4r.<\/li>\n<\/ul>\n<p>Bu bor\u00e7lar, ma\u015fgala hukuk\u00e7ylaryny\u0148 \u00fderine \u00fdetir\u00fd\u00e4n m\u00f6h\u00fcm i\u015fleri.<\/p>\n<h2>Ma\u015fgala kanunlaryna la\u00fdyklykda edil\u00fd\u00e4n hyzmatlar<\/h2>\n<p>Ma\u015fgala kanuny, ma\u015fgalada bolup ge\u00e7\u00fd\u00e4n kanuny amallary dolandyrmagy we \u00e7\u00f6zmegi \u00f6z i\u00e7ine al\u00fdan ugur. Ma\u015fgala kanuny nika, a\u00fdryly\u015fmak, miras, \u00e7agalar we be\u00fdleki ma\u015fgala gatna\u015fyklary \u00fdaly temalary \u00f6z i\u00e7ine al\u00fdar. Ma\u015fgala kanunlaryny\u0148 \u00e7\u00e4ginde h\u00f6d\u00fcrlen\u00fd\u00e4n hyzmatlar hem bu meselelere \u00fcnsi jemle\u00fd\u00e4r.<\/p>\n<ul>\n<li>Nika hyzmatlary:<strong>Ma\u015fgala hukuk\u00e7ylary<\/strong>, \u00e4r-a\u00fdaly\u0148 nika kazy\u00fdet i\u015fini amala a\u015fyr\u00fdar we nika \u015fertnamalaryny ta\u00fd\u00fdarla\u00fdar. Mundan ba\u015fga-da, \u00e4r-a\u00fdaly\u0148 nika kazy\u00fdet i\u015fini d\u00fczg\u00fcnle\u015fdir\u00fd\u00e4n kanunlary be\u00fdan ed\u00fd\u00e4r we nika kazy\u00fdet i\u015flerini \u015fu kanunlara la\u00fdyklykda amala a\u015fyr\u00fdar.<\/li>\n<li>A\u00fdralyk hyzmatlary: Ma\u015fgala hukuk aklaw\u00e7ylary \u00e4r-a\u00fdaly\u0148 a\u00fdryly\u015fmak i\u015fine sered\u00fd\u00e4rler we a\u00fdryly\u015fmak d\u00f6wr\u00fcnde \u00e7agalary\u0148 geljegi, \u00e4r-a\u00fdaly\u0148 arasynda galan eml\u00e4gi b\u00f6lmek \u00fdaly meseleleri\u0148 \u00e7\u00f6zg\u00fctlerini h\u00f6d\u00fcrle\u00fd\u00e4rler.<\/li>\n<li>Miras hyzmatlary: Ma\u015fgala hukuk aklaw\u00e7ylary mirasy n\u00e4dip b\u00f6lmek we miras amallaryny dolandyrmak baradaky kanunlary d\u00fc\u015f\u00fcndir\u00fd\u00e4rler.<\/li>\n<li>\u00c7aga hyzmatlary: Ma\u015fgala hukuk aklaw\u00e7ylary \u00e7agalara seretmek, ideg etmek we terbi\u00fde bermek \u00fdaly meseleleri \u00e7\u00f6z\u00fd\u00e4rler.<\/li>\n<li>Ma\u015fgala gatna\u015fyklaryny\u0148 be\u00fdleki hyzmatlary: Ma\u015fgala hukuk\u00e7ylary, ene-atalar we doganlary\u0148 arasyndaky gatna\u015fyk \u00fdaly be\u00fdleki ma\u015fgala gatna\u015fyklaryny hem \u00e7\u00f6z\u00fd\u00e4rler.<\/li>\n<\/ul>\n<p>Bu hyzmatlar ma\u015fgala hukugy babatynda m\u00f6h\u00fcm hyzmatlardyr. Ma\u015fgala hukuk\u00e7ylary bu hyzmatlary ed\u00fd\u00e4rler we ma\u015fgala hukugy meselelerinde maslahat ber\u00fd\u00e4rler.<\/p>\n<h2>Ma\u015fgala kanunlaryny\u0148 \u00e4hmi\u00fdeti n\u00e4me?<\/h2>\n<p><strong>Ma\u015fgala kanuny<\/strong>,Ma\u015fgalada bolup ge\u00e7\u00fd\u00e4n kanuny amallary dolandyrmagy we \u00e7\u00f6zmegi \u00f6z i\u00e7ine al\u00fdan ugur. \u015ee\u00fdlelik bilen, ma\u015fgalany\u0148 i\u00e7inde adalatly we tertipli i\u015f gur\u015fawyny d\u00f6red\u00fd\u00e4r. Ma\u015fgala kanuny nika, a\u00fdryly\u015fmak, miras, \u00e7agalar we be\u00fdleki ma\u015fgala gatna\u015fyklary \u00fdaly temalary \u00f6z i\u00e7ine al\u00fdar. Ma\u015fgala kanuny, ma\u015fgalada bolup ge\u00e7\u00fd\u00e4n kanuny amallary dolandyrmagy we \u00e7\u00f6zmegi \u00f6z i\u00e7ine al\u00fdan ugur, \u015fonu\u0148 \u00fc\u00e7in bu m\u00f6h\u00fcmdir.<\/p>\n<h2>Ma\u015fgala kanunlaryndan gelip \u00e7yk\u00fdan borju\u0148 bozulmagy<\/h2>\n<p>Ma\u015fgala kanuny meselelerinden gelip \u00e7yk\u00fdan bor\u00e7namalary\u0148 bozulmagy ma\u015fgaladaky tertibi we adalaty bozup biler. Mysal \u00fc\u00e7in, nikala\u015fmak d\u00f6wr\u00fcnde bagla\u015fylan \u015fertnamany\u0148 d\u00fczg\u00fcnleri \u00fderine \u00fdetirilmedik halatynda, \u015fu \u015fertnamany\u0148 d\u00fczg\u00fcnlerini \u00fderine \u00fdetir\u00fd\u00e4n tarap zy\u00fdan \u00e7ekip biler. Edil \u015fonu\u0148 \u00fdaly-da, \u00e7agalara seretmek, ideg etmek we terbi\u00fdelemek baradaky bor\u00e7namalar bozulsa, \u00e7agalara zy\u00fdan \u00fdetip biler.<\/p>\n<p>\u015eonu\u0148 \u00fc\u00e7in ma\u015fgala hukugy bilen baglany\u015fykly \u00fd\u00fcze \u00e7yk\u00fdan bor\u00e7namalary\u0148 bozulmagy m\u00f6h\u00fcm mesele, \u015fonu\u0148 \u00fc\u00e7in bu bor\u00e7namalary\u0148 bozulmagyny\u0148 \u00f6\u0148\u00fcni almaly. Ma\u015fgala kanunlary bilen baglany\u015fykly \u00fd\u00fcze \u00e7yk\u00fdan bor\u00e7namalary\u0148 bozulmagyny\u0148 \u00f6\u0148\u00fcni alyp boljak bolsa, ma\u015fgalany\u0148 i\u00e7inde tertip-d\u00fczg\u00fcn we adalat \u00fcpj\u00fcn ediler we ma\u015fgaladaky dawa we dartgynlyk azalar.<\/p>\n<\/div><\/div><\/div><\/div><div  class=\"bt_bb_column col-md-4 col-ms-12 bt_bb_align_left bt_bb_animation_fade_in animate bt_bb_icon_color_scheme_6 bt_bb_padding_normal bt_bb_animation_fade_in animate\"  data-width=\"4\"><div class=\"bt_bb_column_content bt_bb_vertical_align_top\"><div class=\"bt_bb_column_content_inner\"><header data-bb-version=\"4.5.5\" class=\"bt_bb_headline bt_bb_subheadline_text_transform_default bt_bb_color_scheme_14 bt_bb_dash_none bt_bb_size_normal bt_bb_align_inherit\" style=\"; --primary-color:#343b57; --secondary-color:#367eb5;\" data-bt-override-class=\"{&quot;bt_bb_align_&quot;:{&quot;current_class&quot;:&quot;bt_bb_align_inherit&quot;,&quot;xxl&quot;:&quot;inherit&quot;}}\"><h5 class=\"bt_bb_headline_tag\"><span class=\"bt_bb_headline_content\"><span>Be\u00fdleki hyzmatlarymyz<\/span><\/span><\/h5><\/header><div class=\"bt_bb_separator bt_bb_border_style_none bt_bb_bottom_spacing_small\" data-bt-override-class=\"null\"><\/div><div class=\"bt_bb_link\"><a href=\"http:\/\/esraaslanlaw.com\/aile-hukuku\/\" target=\"_self\" class=\"bt_bb_link_content\" title=\"Ma\u015fgala kanuny\"><span class=\"bt_bb_link_text\">Ma\u015fgala kanuny<\/span><\/a><\/div><div class=\"bt_bb_separator bt_bb_border_style_none\" data-bt-override-class=\"null\"><\/div><div class=\"bt_bb_link\"><a href=\"http:\/\/esraaslanlaw.com\/ceza-hukuku\/\" target=\"_self\" class=\"bt_bb_link_content\" title=\"Jena\u00fdat kanuny\"><span class=\"bt_bb_link_text\">Jena\u00fdat kanuny<\/span><\/a><\/div><div class=\"bt_bb_separator bt_bb_border_style_none\" data-bt-override-class=\"null\"><\/div><div class=\"bt_bb_link\"><a href=\"http:\/\/esraaslanlaw.com\/gayrimenkul-hukuku\/\" target=\"_self\" class=\"bt_bb_link_content\" title=\"Gozgalma\u00fdan eml\u00e4k kanuny\"><span class=\"bt_bb_link_text\">Gozgalma\u00fdan eml\u00e4k kanuny<\/span><\/a><\/div><div class=\"bt_bb_separator bt_bb_border_style_none\" data-bt-override-class=\"null\"><\/div><div class=\"bt_bb_link\"><a href=\"http:\/\/esraaslanlaw.com\/idare-hukuku\/\" target=\"_self\" class=\"bt_bb_link_content\" title=\"Dolandyry\u015f kanuny\"><span class=\"bt_bb_link_text\">Dolandyry\u015f kanuny<\/span><\/a><\/div><div class=\"bt_bb_separator bt_bb_border_style_none\" data-bt-override-class=\"null\"><\/div><div class=\"bt_bb_link\"><a href=\"http:\/\/esraaslanlaw.com\/is-hukuku\/\" target=\"_self\" class=\"bt_bb_link_content\" title=\"I\u015few\u00fcrlik kanuny\"><span class=\"bt_bb_link_text\">I\u015few\u00fcrlik kanuny<\/span><\/a><\/div><div class=\"bt_bb_separator bt_bb_border_style_none\" data-bt-override-class=\"null\"><\/div><div class=\"bt_bb_link\"><a href=\"http:\/\/esraaslanlaw.com\/miras-hukuku\/\" target=\"_self\" class=\"bt_bb_link_content\" title=\"Miras kanuny\"><span class=\"bt_bb_link_text\">Miras kanuny<\/span><\/a><\/div><div class=\"bt_bb_separator bt_bb_border_style_none\" data-bt-override-class=\"null\"><\/div><div class=\"bt_bb_link\"><a href=\"http:\/\/esraaslanlaw.com\/sigorta-ve-tazminat-hukuku\/\" target=\"_self\" class=\"bt_bb_link_content\" title=\"Insuranceti\u00fda\u00e7landyry\u015f we \u00f6wezini dolmak kanuny\"><span class=\"bt_bb_link_text\">Insuranceti\u00fda\u00e7landyry\u015f we \u00f6wezini dolmak kanuny<\/span><\/a><\/div><div class=\"bt_bb_separator bt_bb_border_style_none\" data-bt-override-class=\"null\"><\/div><div class=\"bt_bb_link\"><a href=\"http:\/\/esraaslanlaw.com\/ticaret-hukuku\/\" target=\"_self\" class=\"bt_bb_link_content\" title=\"T\u00e4jir\u00e7ilik hukugy\"><span class=\"bt_bb_link_text\">T\u00e4jir\u00e7ilik hukugy<\/span><\/a><\/div><div class=\"bt_bb_separator bt_bb_border_style_none\" data-bt-override-class=\"null\"><\/div><\/div><\/div><\/div><\/div><\/div><\/div><!-- cell_inner --><\/div><!-- cell --><\/div><!-- port --><\/section>","protected":false},"excerpt":{"rendered":"","protected":false},"author":1,"featured_media":0,"parent":0,"menu_order":0,"comment_status":"closed","ping_status":"closed","template":"","meta":[],"yoast_head":"<!-- This site is optimized with the Yoast SEO plugin v20.12 - https:\/\/yoast.com\/wordpress\/plugins\/seo\/ -->\n<title>Ma\u015fgala kanuny - Avukat Esra Aslan<\/title>\n<meta name=\"robots\" content=\"index, follow, max-snippet:-1, max-image-preview:large, max-video-preview:-1\" \/>\n<link rel=\"canonical\" href=\"https:\/\/esraaslanlaw.com\/tm\/masgala-kanuny\/\" \/>\n<meta property=\"og:locale\" content=\"en_US\" \/>\n<meta property=\"og:type\" content=\"article\" \/>\n<meta property=\"og:title\" content=\"Ma\u015fgala kanuny - Avukat Esra Aslan\" \/>\n<meta property=\"og:url\" content=\"https:\/\/esraaslanlaw.com\/tm\/masgala-kanuny\/\" \/>\n<meta property=\"og:site_name\" content=\"Avukat Esra Aslan\" \/>\n<meta property=\"article:modified_time\" content=\"2023-07-18T10:46:37+00:00\" \/>\n<meta name=\"twitter:card\" content=\"summary_large_image\" \/>\n<meta name=\"twitter:label1\" content=\"Est. reading time\" \/>\n\t<meta name=\"twitter:data1\" content=\"8 minutes\" \/>\n<script type=\"application\/ld+json\" class=\"yoast-schema-graph\">{\"@context\":\"https:\/\/schema.org\",\"@graph\":[{\"@type\":\"WebPage\",\"@id\":\"https:\/\/esraaslanlaw.com\/tm\/masgala-kanuny\/\",\"url\":\"https:\/\/esraaslanlaw.com\/tm\/masgala-kanuny\/\",\"name\":\"Ma\u015fgala kanuny - Avukat Esra Aslan\",\"isPartOf\":{\"@id\":\"https:\/\/esraaslanlaw.com\/#website\"},\"datePublished\":\"2023-01-10T06:41:45+00:00\",\"dateModified\":\"2023-07-18T10:46:37+00:00\",\"breadcrumb\":{\"@id\":\"https:\/\/esraaslanlaw.com\/tm\/masgala-kanuny\/#breadcrumb\"},\"inLanguage\":\"tm-TM\",\"potentialAction\":[{\"@type\":\"ReadAction\",\"target\":[\"https:\/\/esraaslanlaw.com\/tm\/masgala-kanuny\/\"]}]},{\"@type\":\"BreadcrumbList\",\"@id\":\"https:\/\/esraaslanlaw.com\/tm\/masgala-kanuny\/#breadcrumb\",\"itemListElement\":[{\"@type\":\"ListItem\",\"position\":1,\"name\":\"Anasayfa\",\"item\":\"https:\/\/esraaslanlaw.com\/tm\/\"},{\"@type\":\"ListItem\",\"position\":2,\"name\":\"Ma\u015fgala kanuny\"}]},{\"@type\":\"WebSite\",\"@id\":\"https:\/\/esraaslanlaw.com\/#website\",\"url\":\"https:\/\/esraaslanlaw.com\/\",\"name\":\"Avukat Esra Aslan\",\"description\":\"\",\"publisher\":{\"@id\":\"https:\/\/esraaslanlaw.com\/#organization\"},\"potentialAction\":[{\"@type\":\"SearchAction\",\"target\":{\"@type\":\"EntryPoint\",\"urlTemplate\":\"https:\/\/esraaslanlaw.com\/?s={search_term_string}\"},\"query-input\":\"required name=search_term_string\"}],\"inLanguage\":\"tm-TM\"},{\"@type\":\"Organization\",\"@id\":\"https:\/\/esraaslanlaw.com\/#organization\",\"name\":\"Avukat Esra Aslan\",\"url\":\"https:\/\/esraaslanlaw.com\/\",\"logo\":{\"@type\":\"ImageObject\",\"inLanguage\":\"tm-TM\",\"@id\":\"https:\/\/esraaslanlaw.com\/#\/schema\/logo\/image\/\",\"url\":\"http:\/\/esraaslanlaw.com\/wp-content\/uploads\/2022\/12\/logo-aslan-demir-hukuk.png\",\"contentUrl\":\"http:\/\/esraaslanlaw.com\/wp-content\/uploads\/2022\/12\/logo-aslan-demir-hukuk.png\",\"width\":531,\"height\":190,\"caption\":\"Avukat Esra Aslan\"},\"image\":{\"@id\":\"https:\/\/esraaslanlaw.com\/#\/schema\/logo\/image\/\"}}]}<\/script>\n<!-- \/ Yoast SEO plugin. -->","yoast_head_json":{"title":"Ma\u015fgala kanuny - Avukat Esra Aslan","robots":{"index":"index","follow":"follow","max-snippet":"max-snippet:-1","max-image-preview":"max-image-preview:large","max-video-preview":"max-video-preview:-1"},"canonical":"https:\/\/esraaslanlaw.com\/tm\/masgala-kanuny\/","og_locale":"en_US","og_type":"article","og_title":"Ma\u015fgala kanuny - Avukat Esra Aslan","og_url":"https:\/\/esraaslanlaw.com\/tm\/masgala-kanuny\/","og_site_name":"Avukat Esra Aslan","article_modified_time":"2023-07-18T10:46:37+00:00","twitter_card":"summary_large_image","twitter_misc":{"Est. reading time":"8 minutes"},"schema":{"@context":"https:\/\/schema.org","@graph":[{"@type":"WebPage","@id":"https:\/\/esraaslanlaw.com\/tm\/masgala-kanuny\/","url":"https:\/\/esraaslanlaw.com\/tm\/masgala-kanuny\/","name":"Ma\u015fgala kanuny - Avukat Esra Aslan","isPartOf":{"@id":"https:\/\/esraaslanlaw.com\/#website"},"datePublished":"2023-01-10T06:41:45+00:00","dateModified":"2023-07-18T10:46:37+00:00","breadcrumb":{"@id":"https:\/\/esraaslanlaw.com\/tm\/masgala-kanuny\/#breadcrumb"},"inLanguage":"tm-TM","potentialAction":[{"@type":"ReadAction","target":["https:\/\/esraaslanlaw.com\/tm\/masgala-kanuny\/"]}]},{"@type":"BreadcrumbList","@id":"https:\/\/esraaslanlaw.com\/tm\/masgala-kanuny\/#breadcrumb","itemListElement":[{"@type":"ListItem","position":1,"name":"Anasayfa","item":"https:\/\/esraaslanlaw.com\/tm\/"},{"@type":"ListItem","position":2,"name":"Ma\u015fgala kanuny"}]},{"@type":"WebSite","@id":"https:\/\/esraaslanlaw.com\/#website","url":"https:\/\/esraaslanlaw.com\/","name":"Avukat Esra Aslan","description":"","publisher":{"@id":"https:\/\/esraaslanlaw.com\/#organization"},"potentialAction":[{"@type":"SearchAction","target":{"@type":"EntryPoint","urlTemplate":"https:\/\/esraaslanlaw.com\/?s={search_term_string}"},"query-input":"required name=search_term_string"}],"inLanguage":"tm-TM"},{"@type":"Organization","@id":"https:\/\/esraaslanlaw.com\/#organization","name":"Avukat Esra Aslan","url":"https:\/\/esraaslanlaw.com\/","logo":{"@type":"ImageObject","inLanguage":"tm-TM","@id":"https:\/\/esraaslanlaw.com\/#\/schema\/logo\/image\/","url":"http:\/\/esraaslanlaw.com\/wp-content\/uploads\/2022\/12\/logo-aslan-demir-hukuk.png","contentUrl":"http:\/\/esraaslanlaw.com\/wp-content\/uploads\/2022\/12\/logo-aslan-demir-hukuk.png","width":531,"height":190,"caption":"Avukat Esra Aslan"},"image":{"@id":"https:\/\/esraaslanlaw.com\/#\/schema\/logo\/image\/"}}]}},"_links":{"self":[{"href":"https:\/\/esraaslanlaw.com\/tm\/wp-json\/wp\/v2\/pages\/6636"}],"collection":[{"href":"https:\/\/esraaslanlaw.com\/tm\/wp-json\/wp\/v2\/pages"}],"about":[{"href":"https:\/\/esraaslanlaw.com\/tm\/wp-json\/wp\/v2\/types\/page"}],"author":[{"embeddable":true,"href":"https:\/\/esraaslanlaw.com\/tm\/wp-json\/wp\/v2\/users\/1"}],"replies":[{"embeddable":true,"href":"https:\/\/esraaslanlaw.com\/tm\/wp-json\/wp\/v2\/comments?post=6636"}],"version-history":[{"count":1,"href":"https:\/\/esraaslanlaw.com\/tm\/wp-json\/wp\/v2\/pages\/6636\/revisions"}],"predecessor-version":[{"id":7006,"href":"https:\/\/esraaslanlaw.com\/tm\/wp-json\/wp\/v2\/pages\/6636\/revisions\/7006"}],"wp:attachment":[{"href":"https:\/\/esraaslanlaw.com\/tm\/wp-json\/wp\/v2\/media?parent=6636"}],"curies":[{"name":"wp","href":"https:\/\/api.w.org\/{rel}","templated":true}]}}