{"id":6635,"date":"2023-01-10T06:59:08","date_gmt":"2023-01-10T06:59:08","guid":{"rendered":"https:\/\/esraaslanlaw.com\/ticar%c9%99t-huququ\/"},"modified":"2023-01-10T06:59:08","modified_gmt":"2023-01-10T06:59:08","slug":"ticar%c9%99t-huququ","status":"publish","type":"page","link":"https:\/\/esraaslanlaw.com\/az\/ticar%c9%99t-huququ\/","title":{"rendered":"ticar\u0259t h\u00fcququ"},"content":{"rendered":"<section id=\"bt_bb_section69e370d7c543c\" class=\"bt_bb_section bt_bb_color_scheme_10 bt_bb_layout_boxed_1200 bt_bb_vertical_align_top bt_bb_top_spacing_large bt_bb_bottom_spacing_large\" style=\"; --section-primary-color:#ffffff; --section-secondary-color:#343b57;\" data-bt-override-class=\"null\"><div class=\"bt_bb_background_image_holder_wrapper\"><div class=\"bt_bb_background_image_holder btLazyLoadBackground\"  data-background_image_src=\"https:\/\/esraaslanlaw.com\/wp-content\/uploads\/2019\/10\/hero_about.jpg\" data-parallax-zoom-start=\"1\" data-parallax-zoom-end=\"1\" data-parallax-blur-start=\"0\" data-parallax-blur-end=\"0\" data-parallax-opacity-start=\"1\" data-parallax-opacity-end=\"1\" style=\" background-image: url(&#039;https:\/\/esraaslanlaw.com\/wp-content\/plugins\/bold-page-builder\/img\/blank.gif&#039;);\"><\/div><\/div><div class=\"bt_bb_port\"><div class=\"bt_bb_cell\"><div class=\"bt_bb_cell_inner\"><div class=\"bt_bb_row_wrapper\"><div  class=\"bt_bb_row\"  data-bt-override-class=\"{}\"><div  class=\"bt_bb_column col-md-12 col-ms-12 bt_bb_align_center bt_bb_animation_fade_in animate bt_bb_padding_normal bt_bb_animation_fade_in animate\"  data-width=\"12\"><div class=\"bt_bb_column_content bt_bb_vertical_align_top\"><div class=\"bt_bb_column_content_inner\"><div class=\"bt_bb_separator bt_bb_border_style_none bt_bb_bottom_spacing_medium bt_bb_hidden_xs bt_bb_hidden_ms bt_bb_hidden_sm\" data-bt-override-class=\"null\"><\/div><header class=\"bt_bb_headline bt_bb_color_scheme_6 bt_bb_dash_none bt_bb_size_extralarge bt_bb_align_inherit\" style=\"; --primary-color:#ffffff; --secondary-color:#367eb5;\" data-bt-override-class=\"{&quot;bt_bb_align_&quot;:{&quot;current_class&quot;:&quot;bt_bb_align_inherit&quot;,&quot;xxl&quot;:&quot;inherit&quot;,&quot;xl&quot;:&quot;inherit&quot;}}\"><h1 class=\"bt_bb_headline_tag\"><span class=\"bt_bb_headline_content\"><span>Ticaret Hukuku<\/span><\/span><\/h1><\/header><div class=\"bt_bb_separator bt_bb_border_style_none bt_bb_bottom_spacing_normal bt_bb_hidden_xs bt_bb_hidden_ms bt_bb_hidden_sm\" data-bt-override-class=\"null\"><\/div><\/div><\/div><\/div><\/div><\/div><\/div><!-- cell_inner --><\/div><!-- cell --><\/div><!-- port --><\/section><section id=\"bt_bb_section69e370d7c5c6b\" class=\"bt_bb_section bt_bb_layout_boxed_1200 bt_bb_vertical_align_top bt_bb_top_spacing_normal bt_bb_bottom_spacing_normal bt_bb_negative_margin_large\"  data-bt-override-class=\"null\"><div class=\"bt_bb_port\"><div class=\"bt_bb_cell\"><div class=\"bt_bb_cell_inner\"><div class=\"bt_bb_row_wrapper\"><div  class=\"bt_bb_row\"  data-bt-override-class=\"{}\"><div  class=\"bt_bb_column col-md-12 col-ms-12 bt_bb_align_left bt_bb_padding_normal\"  data-width=\"12\"><div class=\"bt_bb_column_content bt_bb_vertical_align_top\"><div class=\"bt_bb_column_content_inner\"><div class=\"bt_bb_separator bt_bb_border_style_none bt_bb_bottom_spacing_large bt_bb_hidden_xs bt_bb_hidden_ms bt_bb_hidden_sm\" data-bt-override-class=\"null\"><\/div><\/div><\/div><\/div><\/div><\/div><div class=\"bt_bb_row_wrapper\"><div  class=\"bt_bb_row bt_bb_layout_special btOverlapLeft\"  data-bt-override-class=\"{}\"><div  class=\"bt_bb_column col-md-8 col-ms-12 bt_bb_align_left bt_bb_animation_fade_in animate bt_bb_padding_normal bt_bb_animation_fade_in animate\"  data-width=\"8\"><div class=\"bt_bb_column_content bt_bb_vertical_align_top\"><div class=\"bt_bb_column_content_inner\"><div class=\"bt_bb_separator bt_bb_border_style_none bt_bb_bottom_spacing_normal\" data-bt-override-class=\"null\"><\/div><div  class=\"bt_bb_text\" ><p>Ticar\u0259t h\u00fcququ ticar\u0259t \u0259m\u0259liyyatlar\u0131n\u0131 t\u0259nziml\u0259y\u0259n h\u00fcquq sah\u0259sidir.<\/p>\n<p>Bu yaz\u0131da biz ticar\u0259t h\u00fcququ m\u0259s\u0259l\u0259l\u0259rin\u0259, kommersiya h\u00fcququ v\u0259kilin\u0259 v\u0259 ticar\u0259t h\u00fcququ x\u00fcsusiyy\u0259tl\u0259rin\u0259 diqq\u0259t yetir\u0259c\u0259yik.<\/p>\n<p>Ticar\u0259t h\u00fcququ m\u00f6vzular\u0131na a\u015fa\u011f\u0131dak\u0131lar daxildir:<\/p>\n<ul>\n<li><strong>Ticar\u0259t \u015firk\u0259tl\u0259ri:<\/strong> Ticar\u0259t h\u00fcququ ticar\u0259t \u015firk\u0259tl\u0259ri il\u0259 ba\u011fl\u0131 m\u0259s\u0259l\u0259l\u0259ri t\u0259nziml\u0259yir. M\u0259s\u0259l\u0259n, s\u0259hmdar c\u0259miyy\u0259tl\u0259ri, kooperativl\u0259r kimi kommersiya c\u0259miyy\u0259tl\u0259ri ticar\u0259t h\u00fcququnun subyektl\u0259ridir.<\/li>\n<li><strong>Ticar\u0259t m\u00fcqavil\u0259l\u0259ri:<\/strong>Ticar\u0259t h\u00fcququ kommersiya m\u00fcqavil\u0259l\u0259ri il\u0259 ba\u011fl\u0131 m\u0259s\u0259l\u0259l\u0259ri t\u0259nziml\u0259yir. M\u0259s\u0259l\u0259n, alq\u0131-satq\u0131 m\u00fcqavil\u0259l\u0259ri, alq\u0131-satq\u0131 m\u00fcqavil\u0259l\u0259ri kimi kommersiya m\u00fcqavil\u0259l\u0259ri ticar\u0259t h\u00fcququnun subyektl\u0259ridir.<\/li>\n<li><strong>Ticar\u0259t rejimi:<\/strong> Ticar\u0259t h\u00fcququ kommersiya rejimi il\u0259 ba\u011fl\u0131 m\u0259s\u0259l\u0259l\u0259ri t\u0259nziml\u0259yir. M\u0259s\u0259l\u0259n, ticar\u0259tin liberalla\u015fd\u0131r\u0131lmas\u0131 v\u0259 ticar\u0259tin t\u0259nziml\u0259nm\u0259si kimi ticar\u0259t rejimi m\u0259s\u0259l\u0259l\u0259ri ticar\u0259t h\u00fcququnun subyektl\u0259ridir.<\/li>\n<li><strong>Ticar\u0259tin t\u0259nziml\u0259nm\u0259si:<\/strong> Ticar\u0259t h\u00fcququ ticar\u0259tin t\u0259nziml\u0259nm\u0259si il\u0259 ba\u011fl\u0131 m\u0259s\u0259l\u0259l\u0259ri t\u0259nziml\u0259yir. M\u0259s\u0259l\u0259n, ticar\u0259tin qar\u015f\u0131s\u0131n\u0131n al\u0131nmas\u0131 v\u0259 ticar\u0259tin azald\u0131lmas\u0131 kimi ticar\u0259tin t\u0259nziml\u0259nm\u0259si m\u0259s\u0259l\u0259l\u0259ri ticar\u0259t h\u00fcququnun subyektl\u0259ridir.<\/li>\n<\/ul>\n<p><strong>Kommersiya h\u00fcququ<\/strong>, Biznes \u0259m\u0259liyyatlar\u0131n\u0131 t\u0259nziml\u0259y\u0259n v\u0259 ticar\u0259t \u015firk\u0259tl\u0259ri, kommersiya m\u00fcqavil\u0259l\u0259ri, ticar\u0259t rejimi v\u0259 ticar\u0259tin t\u0259nziml\u0259nm\u0259si kimi m\u0259s\u0259l\u0259l\u0259ri t\u0259nziml\u0259y\u0259n h\u00fcquq sah\u0259sidir. Bununla da biznes \u0259m\u0259liyyatlar\u0131 qanunvericiliy\u0259 uy\u011fun h\u0259yata ke\u00e7irilir v\u0259 \u0259dal\u0259t t\u0259min olunur.<\/p>\n<h3>Kommersiya h\u00fcququnun x\u00fcsusiyy\u0259tl\u0259ri<\/h3>\n<p>Kommersiya h\u00fcququnun x\u00fcsusiyy\u0259tl\u0259rin\u0259 a\u015fa\u011f\u0131dak\u0131lar daxildir:<\/p>\n<ol>\n<li>Ticar\u0259ti T\u0259nziml\u0259y\u0259n H\u00fcquq \u015e\u00f6b\u0259si<\/li>\n<\/ol>\n<p>Ticar\u0259t h\u00fcququ kommersiya \u0259m\u0259liyyatlar\u0131n\u0131 t\u0259nziml\u0259y\u0259n v\u0259 buna g\u00f6r\u0259 d\u0259 ticar\u0259ti t\u0259nziml\u0259y\u0259n h\u00fcquq sah\u0259sidir.<\/p>\n<ol start=\"2\">\n<li>Biznes \u0259m\u0259liyyatlar\u0131 daxildir<\/li>\n<\/ol>\n<p>Ticar\u0259t h\u00fcququ kommersiya \u0259m\u0259liyyatlar\u0131n\u0131 \u0259hat\u0259 edir v\u0259 buna g\u00f6r\u0259 d\u0259 kommersiya \u0259m\u0259liyyatlar\u0131 il\u0259 ba\u011fl\u0131 m\u0259s\u0259l\u0259l\u0259ri t\u0259nziml\u0259yir.<\/p>\n<ol start=\"3\">\n<li>\u00d6z\u0259l h\u00fcquq b\u00f6lm\u0259si<\/li>\n<\/ol>\n<p>Ticar\u0259t h\u00fcququ x\u00fcsusi h\u00fcququn bir sah\u0259sidir v\u0259 buna g\u00f6r\u0259 d\u0259 x\u00fcsusi h\u00fcquq normalar\u0131na uy\u011fun olaraq t\u0259nziml\u0259nir.<\/p>\n<ol start=\"4\">\n<li>Ticar\u0259t \u015firk\u0259tl\u0259rin\u0259 aiddir<\/li>\n<\/ol>\n<p>Ticar\u0259t h\u00fcququ ticar\u0259t \u015firk\u0259tl\u0259rin\u0259 \u015famil edilir v\u0259 buna g\u00f6r\u0259 d\u0259 ticar\u0259t \u015firk\u0259tl\u0259ri il\u0259 ba\u011fl\u0131 m\u0259s\u0259l\u0259l\u0259ri t\u0259nziml\u0259yir.<\/p>\n<ol start=\"5\">\n<li>Ticar\u0259t m\u00fcqavil\u0259l\u0259rin\u0259 t\u0259tbiq edilir<\/li>\n<\/ol>\n<p><strong>Kommersiya h\u00fcququ<\/strong>,ticar\u0259t m\u00fcqavil\u0259l\u0259rin\u0259 aiddir v\u0259 buna g\u00f6r\u0259 d\u0259 ticar\u0259t m\u00fcqavil\u0259si m\u0259s\u0259l\u0259l\u0259rini t\u0259nziml\u0259yir.<\/p>\n<p>Ticar\u0259t h\u00fcququ ticar\u0259ti, ticar\u0259t \u0259m\u0259liyyatlar\u0131n\u0131, ticar\u0259t \u015firk\u0259tl\u0259rini v\u0259 kommersiya m\u00fcqavil\u0259l\u0259rini t\u0259nziml\u0259yir. Bu x\u00fcsusiyy\u0259tl\u0259ri say\u0259sind\u0259 ticar\u0259t h\u00fcququ ticar\u0259t \u0259m\u0259liyyatlar\u0131n\u0131 qanuna uy\u011fun olaraq t\u0259nziml\u0259yir v\u0259 \u0259dal\u0259ti t\u0259min edir.<\/p>\n<h2>Ticar\u0259t h\u00fcququ \u00fczr\u0259 m\u00fcv\u0259kkil<\/h2>\n<p><strong>Ticar\u0259t h\u00fcququ v\u0259kili,<\/strong> Ticar\u0259t h\u00fcququ m\u0259s\u0259l\u0259l\u0259rind\u0259 h\u00fcquqi m\u0259sl\u0259h\u0259t v\u0259 m\u00fcdafi\u0259ni h\u0259yata ke\u00e7ir\u0259n h\u00fcquq\u015f\u00fcnasd\u0131r. Ticar\u0259t h\u00fcquq\u015f\u00fcnas\u0131 ticar\u0259t \u015firk\u0259tl\u0259ri, kommersiya m\u00fcqavil\u0259l\u0259ri, ticar\u0259t rejimi v\u0259 ticar\u0259tin t\u0259nziml\u0259nm\u0259si kimi m\u0259s\u0259l\u0259l\u0259rd\u0259 m\u0259sl\u0259h\u0259t verm\u0259kl\u0259 ticar\u0259td\u0259 \u0259dal\u0259t v\u0259 nizam-intizam\u0131 t\u0259min edir. Buna g\u00f6r\u0259 d\u0259 \u00e7ox vacibdir.<\/p>\n<h3>Ticar\u0259t h\u00fcququnun b\u0259zi m\u00f6vzular\u0131:<\/h3>\n<h4>Kommersiya biznesi h\u00fcququ<\/h4>\n<p>Kommersiya biznes h\u00fcququ bir \u00f6lk\u0259d\u0259 biznes m\u00fc\u0259ssis\u0259l\u0259rinin f\u0259aliyy\u0259tin\u0259 aid qanunlar\u0131 \u0259hat\u0259 ed\u0259n h\u00fcquq sah\u0259sidir. Kommersiya biznesi h\u00fcququ ticar\u0259t \u015firk\u0259tl\u0259ri, kooperativl\u0259r v\u0259 kollektiv m\u00fc\u0259ssis\u0259l\u0259r kimi kommersiya m\u00fc\u0259ssis\u0259l\u0259rinin h\u00fcquqi strukturunu v\u0259 h\u00fcquqi t\u0259nziml\u0259m\u0259l\u0259rini \u0259hat\u0259 edir. Bundan \u0259lav\u0259, kommersiya m\u00fc\u0259ssis\u0259l\u0259rinin idar\u0259 edilm\u0259si il\u0259 ba\u011fl\u0131 h\u00fcquqi t\u0259nziml\u0259m\u0259l\u0259r, ticar\u0259t m\u00fc\u0259ssis\u0259l\u0259ri aras\u0131nda \u0259m\u0259liyyatlar, ticar\u0259t m\u00fc\u0259ssis\u0259l\u0259rinin i\u015f\u00e7il\u0259ri il\u0259 ba\u011fl\u0131 h\u00fcquqi t\u0259nziml\u0259m\u0259l\u0259r v\u0259 ticar\u0259t m\u00fc\u0259ssis\u0259l\u0259rinin m\u00fcxt\u0259lif \u00f6hd\u0259likl\u0259ri d\u0259 kommersiya m\u00fc\u0259ssis\u0259si h\u00fcququ \u00e7\u0259r\u00e7iv\u0259sind\u0259 qiym\u0259tl\u0259ndirilir. Kommersiya biznes h\u00fcququ x\u00fcsusi h\u00fcququn bir alt qolu hesab olunur. Kommersiya biznesi h\u00fcququ \u00f6lk\u0259d\u0259 biznes m\u00fc\u0259ssis\u0259l\u0259rinin s\u0259m\u0259r\u0259li f\u0259aliyy\u0259t g\u00f6st\u0259rm\u0259sin\u0259 v\u0259 r\u0259qab\u0259t qabiliyy\u0259tini qorumaqla iqtisadi inki\u015fafa t\u00f6hf\u0259 verm\u0259y\u0259 imkan verir.<\/p>\n<h4>D\u0259niz h\u00fcququ<\/h4>\n<p>D\u0259niz h\u00fcququ d\u0259niz n\u0259qliyyat\u0131 v\u0259 d\u0259niz ticar\u0259ti il\u0259 ba\u011fl\u0131 h\u00fcquqi t\u0259nziml\u0259m\u0259l\u0259ri \u0259hat\u0259 ed\u0259n h\u00fcquq sah\u0259sidir. D\u0259niz h\u00fcququ d\u0259niz n\u0259qliyyat\u0131 il\u0259 m\u0259\u015f\u011ful olan g\u0259mil\u0259rin qurulu\u015fu, t\u0259hl\u00fck\u0259sizliyi, i\u015f \u015f\u0259raiti v\u0259 m\u0259suliyy\u0259ti kimi m\u0259s\u0259l\u0259l\u0259ri \u0259hat\u0259 edir. Bundan \u0259lav\u0259, d\u0259niz ticar\u0259tind\u0259 istifad\u0259 edil\u0259n m\u00fcqavil\u0259l\u0259r, n\u0259qliyyat m\u00fcqavil\u0259l\u0259ri, s\u0131\u011fortalar v\u0259 d\u0259niz ticar\u0259ti il\u0259 ba\u011fl\u0131 dig\u0259r h\u00fcquqi t\u0259nziml\u0259m\u0259l\u0259r d\u0259 d\u0259niz ticar\u0259ti h\u00fcququ \u00e7\u0259r\u00e7iv\u0259sind\u0259 n\u0259z\u0259rd\u0259n ke\u00e7irilir. D\u0259niz ticar\u0259ti h\u00fcququ beyn\u0259lxalq h\u00fcququn bir alt qolu hesab olunur v\u0259 d\u0259niz n\u0259qliyyat\u0131 v\u0259 d\u0259niz ticar\u0259ti il\u0259 ba\u011fl\u0131 h\u00fcquqi t\u0259nziml\u0259m\u0259l\u0259rin h\u0259yata ke\u00e7irilm\u0259sini t\u0259min edir. D\u0259niz h\u00fcququ d\u0259niz n\u0259qliyyat\u0131 v\u0259 d\u0259niz ticar\u0259ti il\u0259 ba\u011fl\u0131 m\u00fcxt\u0259lif beyn\u0259lxalq konvensiyalar v\u0259 sazi\u015fl\u0259rl\u0259 t\u0259nziml\u0259nir. Bu m\u00fcqavil\u0259l\u0259r aras\u0131nda D\u0259niz Ticar\u0259t H\u00fcququ M\u00fcqavil\u0259si \u0259n m\u00fch\u00fcmd\u00fcr.<\/p>\n<h4>S\u0131\u011forta Qanunu<\/h4>\n<p>S\u0131\u011forta h\u00fcququ s\u0131\u011forta \u0259m\u0259liyyatlar\u0131 il\u0259 ba\u011fl\u0131 h\u00fcquqi t\u0259nziml\u0259m\u0259l\u0259ri \u0259hat\u0259 ed\u0259n h\u00fcquq sah\u0259sidir. S\u0131\u011forta h\u00fcququ s\u0131\u011forta m\u00fcqavil\u0259l\u0259ri, anderraytinq, s\u0131\u011forta haqlar\u0131, s\u0131\u011fortal\u0131n\u0131n \u00f6hd\u0259likl\u0259ri v\u0259 s\u0131\u011forta \u015firk\u0259tl\u0259rinin m\u0259suliyy\u0259tl\u0259ri kimi m\u00f6vzular\u0131 \u0259hat\u0259 edir. S\u0131\u011forta h\u00fcququ, s\u0131\u011forta \u0259m\u0259liyyatlar\u0131nda t\u0259tbiq edil\u0259n h\u00fcquqi t\u0259nziml\u0259m\u0259l\u0259rl\u0259 fiziki \u015f\u0259xsl\u0259rin v\u0259 qurumlar\u0131n m\u00fc\u0259yy\u0259n bir \u00f6d\u0259ni\u015f m\u00fcqabilind\u0259 s\u0131\u011forta \u015firk\u0259tl\u0259ri qar\u015f\u0131s\u0131nda m\u00fc\u0259yy\u0259n risk da\u015f\u0131mas\u0131n\u0131 t\u0259min edir. S\u0131\u011forta h\u00fcququ x\u00fcsusi h\u00fcququn bir alt sah\u0259si hesab olunur v\u0259 s\u0131\u011forta \u0259m\u0259liyyatlar\u0131 il\u0259 ba\u011fl\u0131 h\u00fcquqi t\u0259nziml\u0259m\u0259l\u0259rin h\u0259yata ke\u00e7irilm\u0259sini t\u0259min edir. s\u0131\u011forta \u0259m\u0259liyyatlar\u0131n\u0131n etibarl\u0131 v\u0259 \u0259dal\u0259tli \u015f\u0259kild\u0259 h\u0259yata ke\u00e7irilm\u0259sini t\u0259min edir v\u0259 h\u0259m\u00e7inin s\u0131\u011forta \u0259m\u0259liyyatlar\u0131nda t\u0259r\u0259fl\u0259r aras\u0131nda yarana bil\u0259c\u0259k m\u00fcbahis\u0259l\u0259rin h\u0259llind\u0259 rol oynay\u0131r.<\/p>\n<h4>Dan\u0131\u015f\u0131q s\u0259n\u0259dl\u0259ri qanunu<\/h4>\n<p>D\u00f6vriyy\u0259 s\u0259n\u0259dl\u0259ri h\u00fcququ d\u00f6vriyy\u0259 s\u0259n\u0259dl\u0259rinin h\u00fcquqi t\u0259nziml\u0259m\u0259l\u0259rini \u0259hat\u0259 ed\u0259n h\u00fcquq sah\u0259sidir. Dan\u0131\u015f\u0131q s\u0259n\u0259dl\u0259ri m\u00fc\u0259yy\u0259n d\u0259y\u0259r\u0259 malik olan v\u0259 m\u00fcxt\u0259lif h\u00fcquqlar\u0131 ifad\u0259 ed\u0259n s\u0259n\u0259dl\u0259rdir. M\u00fcbadil\u0259 edil\u0259 bil\u0259n s\u0259n\u0259dl\u0259r\u0259 s\u0259hml\u0259r, istiqrazlar v\u0259 veksell\u0259r, kredit v\u0259 debet kartlar\u0131, \u00e7ekl\u0259r, veksell\u0259r v\u0259 \u0259mlak s\u0259n\u0259dl\u0259ri daxildir. Da\u011f\u0131t\u0131m s\u0259n\u0259dl\u0259ri h\u00fcququ d\u00f6vriyy\u0259 s\u0259n\u0259dl\u0259rinin burax\u0131lmas\u0131, burax\u0131lmas\u0131, burax\u0131lmas\u0131, d\u0259yi\u015fdirilm\u0259si v\u0259 \u00f6d\u0259nilm\u0259si kimi m\u0259s\u0259l\u0259l\u0259ri \u0259hat\u0259 edir. Bundan \u0259lav\u0259, qiym\u0259tli ka\u011f\u0131zlar \u00fcz\u0259rind\u0259 h\u00fcquqlar\u0131n qorunmas\u0131 v\u0259 \u00f6t\u00fcr\u00fclm\u0259si, qiym\u0259tli ka\u011f\u0131zlar\u0131n m\u0259nims\u0259nilm\u0259si v\u0259 iflas qanunu kimi m\u0259s\u0259l\u0259l\u0259r d\u0259 qiym\u0259tli ka\u011f\u0131zlar qanunu \u00e7\u0259r\u00e7iv\u0259sind\u0259 n\u0259z\u0259rd\u0259n ke\u00e7irilir.<\/p>\n<h4>Korporativ h\u00fcquq<\/h4>\n<p><strong>Korporativ h\u00fcquq<\/strong>,\u00d6lk\u0259d\u0259ki \u015firk\u0259tl\u0259rin h\u00fcquqi strukturunu v\u0259 f\u0259aliyy\u0259tini \u0259hat\u0259 ed\u0259n h\u00fcquq sah\u0259sidir.<\/p>\n<\/div><\/div><\/div><\/div><div  class=\"bt_bb_column col-md-4 col-ms-12 bt_bb_align_left bt_bb_animation_fade_in animate bt_bb_icon_color_scheme_6 bt_bb_padding_normal bt_bb_animation_fade_in animate\"  data-width=\"4\"><div class=\"bt_bb_column_content bt_bb_vertical_align_top\"><div class=\"bt_bb_column_content_inner\"><header class=\"bt_bb_headline bt_bb_color_scheme_14 bt_bb_dash_none bt_bb_size_normal bt_bb_align_inherit\" style=\"; --primary-color:#343b57; --secondary-color:#367eb5;\" data-bt-override-class=\"{&quot;bt_bb_align_&quot;:{&quot;current_class&quot;:&quot;bt_bb_align_inherit&quot;,&quot;xxl&quot;:&quot;inherit&quot;,&quot;xl&quot;:&quot;inherit&quot;}}\"><h5 class=\"bt_bb_headline_tag\"><span class=\"bt_bb_headline_content\"><span>Di\u011fer Hizmetlerimiz<\/span><\/span><\/h5><\/header><div class=\"bt_bb_separator bt_bb_border_style_none bt_bb_bottom_spacing_small\" data-bt-override-class=\"null\"><\/div><div class=\"bt_bb_link\"><a href=\"http:\/\/esraaslanlaw.com\/aile-hukuku\/\" target=\"_self\" class=\"bt_bb_link_content\" title=\"Ail\u0259 h\u00fcququ\"><span class=\"bt_bb_link_text\">Ail\u0259 h\u00fcququ<\/span><\/a><\/div><div class=\"bt_bb_separator bt_bb_border_style_none\" data-bt-override-class=\"null\"><\/div><div class=\"bt_bb_link\"><a href=\"http:\/\/esraaslanlaw.com\/ceza-hukuku\/\" target=\"_self\" class=\"bt_bb_link_content\" title=\"Cinay\u0259t h\u00fcququ\"><span class=\"bt_bb_link_text\">Cinay\u0259t h\u00fcququ<\/span><\/a><\/div><div class=\"bt_bb_separator bt_bb_border_style_none\" data-bt-override-class=\"null\"><\/div><div class=\"bt_bb_link\"><a href=\"http:\/\/esraaslanlaw.com\/gayrimenkul-hukuku\/\" target=\"_self\" class=\"bt_bb_link_content\" title=\"Da\u015f\u0131nmaz \u018fmlak Qanunu\"><span class=\"bt_bb_link_text\">Da\u015f\u0131nmaz \u018fmlak Qanunu<\/span><\/a><\/div><div class=\"bt_bb_separator bt_bb_border_style_none\" data-bt-override-class=\"null\"><\/div><div class=\"bt_bb_link\"><a href=\"http:\/\/esraaslanlaw.com\/idare-hukuku\/\" target=\"_self\" class=\"bt_bb_link_content\" title=\"\u0130nzibati h\u00fcquq\"><span class=\"bt_bb_link_text\">\u0130nzibati h\u00fcquq<\/span><\/a><\/div><div class=\"bt_bb_separator bt_bb_border_style_none\" data-bt-override-class=\"null\"><\/div><div class=\"bt_bb_link\"><a href=\"http:\/\/esraaslanlaw.com\/is-hukuku\/\" target=\"_self\" class=\"bt_bb_link_content\" title=\"Biznes qanunu\"><span class=\"bt_bb_link_text\">Biznes qanunu<\/span><\/a><\/div><div class=\"bt_bb_separator bt_bb_border_style_none\" data-bt-override-class=\"null\"><\/div><div class=\"bt_bb_link\"><a href=\"http:\/\/esraaslanlaw.com\/miras-hukuku\/\" target=\"_self\" class=\"bt_bb_link_content\" title=\"V\u0259r\u0259s\u0259lik h\u00fcququ\"><span class=\"bt_bb_link_text\">V\u0259r\u0259s\u0259lik h\u00fcququ<\/span><\/a><\/div><div class=\"bt_bb_separator bt_bb_border_style_none\" data-bt-override-class=\"null\"><\/div><div class=\"bt_bb_link\"><a href=\"http:\/\/esraaslanlaw.com\/sigorta-ve-tazminat-hukuku\/\" target=\"_self\" class=\"bt_bb_link_content\" title=\"S\u0131\u011forta v\u0259 Kompensasiyalar Qanunu\"><span class=\"bt_bb_link_text\">S\u0131\u011forta v\u0259 Kompensasiyalar Qanunu<\/span><\/a><\/div><div class=\"bt_bb_separator bt_bb_border_style_none\" data-bt-override-class=\"null\"><\/div><div class=\"bt_bb_link\"><a href=\"http:\/\/esraaslanlaw.com\/ticaret-hukuku\/\" target=\"_self\" class=\"bt_bb_link_content\" title=\"ticar\u0259t h\u00fcququ\"><span class=\"bt_bb_link_text\">ticar\u0259t h\u00fcququ<\/span><\/a><\/div><div class=\"bt_bb_separator bt_bb_border_style_none\" data-bt-override-class=\"null\"><\/div><\/div><\/div><\/div><\/div><\/div><\/div><!-- cell_inner --><\/div><!-- cell --><\/div><!-- port --><\/section>","protected":false},"excerpt":{"rendered":"","protected":false},"author":1,"featured_media":0,"parent":0,"menu_order":0,"comment_status":"closed","ping_status":"closed","template":"","meta":[],"yoast_head":"<!-- This site is optimized with the Yoast SEO plugin v20.12 - https:\/\/yoast.com\/wordpress\/plugins\/seo\/ -->\n<title>ticar\u0259t h\u00fcququ - Avukat Esra Aslan<\/title>\n<meta name=\"robots\" content=\"index, follow, max-snippet:-1, max-image-preview:large, max-video-preview:-1\" \/>\n<link rel=\"canonical\" href=\"https:\/\/esraaslanlaw.com\/ticar\u0259t-huququ\/\" \/>\n<meta property=\"og:locale\" content=\"az_AZ\" \/>\n<meta property=\"og:type\" content=\"article\" \/>\n<meta property=\"og:title\" content=\"ticar\u0259t h\u00fcququ - Avukat Esra Aslan\" \/>\n<meta property=\"og:url\" content=\"https:\/\/esraaslanlaw.com\/ticar\u0259t-huququ\/\" \/>\n<meta property=\"og:site_name\" content=\"Avukat Esra Aslan\" \/>\n<meta name=\"twitter:card\" content=\"summary_large_image\" \/>\n<meta name=\"twitter:label1\" content=\"Est. reading time\" \/>\n\t<meta name=\"twitter:data1\" content=\"14 minutes\" \/>\n<script type=\"application\/ld+json\" class=\"yoast-schema-graph\">{\"@context\":\"https:\/\/schema.org\",\"@graph\":[{\"@type\":\"WebPage\",\"@id\":\"https:\/\/esraaslanlaw.com\/ticar%c9%99t-huququ\/\",\"url\":\"https:\/\/esraaslanlaw.com\/ticar%c9%99t-huququ\/\",\"name\":\"ticar\u0259t h\u00fcququ - Avukat Esra Aslan\",\"isPartOf\":{\"@id\":\"https:\/\/esraaslanlaw.com\/#website\"},\"datePublished\":\"2023-01-10T06:59:08+00:00\",\"dateModified\":\"2023-01-10T06:59:08+00:00\",\"breadcrumb\":{\"@id\":\"https:\/\/esraaslanlaw.com\/ticar%c9%99t-huququ\/#breadcrumb\"},\"inLanguage\":\"az\",\"potentialAction\":[{\"@type\":\"ReadAction\",\"target\":[\"https:\/\/esraaslanlaw.com\/ticar%c9%99t-huququ\/\"]}]},{\"@type\":\"BreadcrumbList\",\"@id\":\"https:\/\/esraaslanlaw.com\/ticar%c9%99t-huququ\/#breadcrumb\",\"itemListElement\":[{\"@type\":\"ListItem\",\"position\":1,\"name\":\"Anasayfa\",\"item\":\"https:\/\/esraaslanlaw.com\/az\/\"},{\"@type\":\"ListItem\",\"position\":2,\"name\":\"ticar\u0259t h\u00fcququ\"}]},{\"@type\":\"WebSite\",\"@id\":\"https:\/\/esraaslanlaw.com\/#website\",\"url\":\"https:\/\/esraaslanlaw.com\/\",\"name\":\"Avukat Esra Aslan\",\"description\":\"\",\"publisher\":{\"@id\":\"https:\/\/esraaslanlaw.com\/#organization\"},\"potentialAction\":[{\"@type\":\"SearchAction\",\"target\":{\"@type\":\"EntryPoint\",\"urlTemplate\":\"https:\/\/esraaslanlaw.com\/?s={search_term_string}\"},\"query-input\":\"required name=search_term_string\"}],\"inLanguage\":\"az\"},{\"@type\":\"Organization\",\"@id\":\"https:\/\/esraaslanlaw.com\/#organization\",\"name\":\"Avukat Esra Aslan\",\"url\":\"https:\/\/esraaslanlaw.com\/\",\"logo\":{\"@type\":\"ImageObject\",\"inLanguage\":\"az\",\"@id\":\"https:\/\/esraaslanlaw.com\/#\/schema\/logo\/image\/\",\"url\":\"http:\/\/esraaslanlaw.com\/wp-content\/uploads\/2022\/12\/logo-aslan-demir-hukuk.png\",\"contentUrl\":\"http:\/\/esraaslanlaw.com\/wp-content\/uploads\/2022\/12\/logo-aslan-demir-hukuk.png\",\"width\":531,\"height\":190,\"caption\":\"Avukat Esra Aslan\"},\"image\":{\"@id\":\"https:\/\/esraaslanlaw.com\/#\/schema\/logo\/image\/\"}}]}<\/script>\n<!-- \/ Yoast SEO plugin. -->","yoast_head_json":{"title":"ticar\u0259t h\u00fcququ - Avukat Esra Aslan","robots":{"index":"index","follow":"follow","max-snippet":"max-snippet:-1","max-image-preview":"max-image-preview:large","max-video-preview":"max-video-preview:-1"},"canonical":"https:\/\/esraaslanlaw.com\/ticar\u0259t-huququ\/","og_locale":"az_AZ","og_type":"article","og_title":"ticar\u0259t h\u00fcququ - Avukat Esra Aslan","og_url":"https:\/\/esraaslanlaw.com\/ticar\u0259t-huququ\/","og_site_name":"Avukat Esra Aslan","twitter_card":"summary_large_image","twitter_misc":{"Est. reading time":"14 minutes"},"schema":{"@context":"https:\/\/schema.org","@graph":[{"@type":"WebPage","@id":"https:\/\/esraaslanlaw.com\/ticar%c9%99t-huququ\/","url":"https:\/\/esraaslanlaw.com\/ticar%c9%99t-huququ\/","name":"ticar\u0259t h\u00fcququ - Avukat Esra Aslan","isPartOf":{"@id":"https:\/\/esraaslanlaw.com\/#website"},"datePublished":"2023-01-10T06:59:08+00:00","dateModified":"2023-01-10T06:59:08+00:00","breadcrumb":{"@id":"https:\/\/esraaslanlaw.com\/ticar%c9%99t-huququ\/#breadcrumb"},"inLanguage":"az","potentialAction":[{"@type":"ReadAction","target":["https:\/\/esraaslanlaw.com\/ticar%c9%99t-huququ\/"]}]},{"@type":"BreadcrumbList","@id":"https:\/\/esraaslanlaw.com\/ticar%c9%99t-huququ\/#breadcrumb","itemListElement":[{"@type":"ListItem","position":1,"name":"Anasayfa","item":"https:\/\/esraaslanlaw.com\/az\/"},{"@type":"ListItem","position":2,"name":"ticar\u0259t h\u00fcququ"}]},{"@type":"WebSite","@id":"https:\/\/esraaslanlaw.com\/#website","url":"https:\/\/esraaslanlaw.com\/","name":"Avukat Esra Aslan","description":"","publisher":{"@id":"https:\/\/esraaslanlaw.com\/#organization"},"potentialAction":[{"@type":"SearchAction","target":{"@type":"EntryPoint","urlTemplate":"https:\/\/esraaslanlaw.com\/?s={search_term_string}"},"query-input":"required name=search_term_string"}],"inLanguage":"az"},{"@type":"Organization","@id":"https:\/\/esraaslanlaw.com\/#organization","name":"Avukat Esra Aslan","url":"https:\/\/esraaslanlaw.com\/","logo":{"@type":"ImageObject","inLanguage":"az","@id":"https:\/\/esraaslanlaw.com\/#\/schema\/logo\/image\/","url":"http:\/\/esraaslanlaw.com\/wp-content\/uploads\/2022\/12\/logo-aslan-demir-hukuk.png","contentUrl":"http:\/\/esraaslanlaw.com\/wp-content\/uploads\/2022\/12\/logo-aslan-demir-hukuk.png","width":531,"height":190,"caption":"Avukat Esra Aslan"},"image":{"@id":"https:\/\/esraaslanlaw.com\/#\/schema\/logo\/image\/"}}]}},"_links":{"self":[{"href":"https:\/\/esraaslanlaw.com\/az\/wp-json\/wp\/v2\/pages\/6635"}],"collection":[{"href":"https:\/\/esraaslanlaw.com\/az\/wp-json\/wp\/v2\/pages"}],"about":[{"href":"https:\/\/esraaslanlaw.com\/az\/wp-json\/wp\/v2\/types\/page"}],"author":[{"embeddable":true,"href":"https:\/\/esraaslanlaw.com\/az\/wp-json\/wp\/v2\/users\/1"}],"replies":[{"embeddable":true,"href":"https:\/\/esraaslanlaw.com\/az\/wp-json\/wp\/v2\/comments?post=6635"}],"version-history":[{"count":0,"href":"https:\/\/esraaslanlaw.com\/az\/wp-json\/wp\/v2\/pages\/6635\/revisions"}],"wp:attachment":[{"href":"https:\/\/esraaslanlaw.com\/az\/wp-json\/wp\/v2\/media?parent=6635"}],"curies":[{"name":"wp","href":"https:\/\/api.w.org\/{rel}","templated":true}]}}