{"id":6632,"date":"2022-07-07T12:23:24","date_gmt":"2022-07-07T12:23:24","guid":{"rendered":"https:\/\/esraaslanlaw.com\/v%c9%99r%c9%99s%c9%99lik-huququ\/"},"modified":"2023-07-05T10:42:40","modified_gmt":"2023-07-05T10:42:40","slug":"v%c9%99r%c9%99s%c9%99lik-huququ","status":"publish","type":"page","link":"https:\/\/esraaslanlaw.com\/az\/v%c9%99r%c9%99s%c9%99lik-huququ\/","title":{"rendered":"V\u0259r\u0259s\u0259lik h\u00fcququ"},"content":{"rendered":"<section id=\"bt_bb_section69e3442a2bf7c\" class=\"bt_bb_section bt_bb_color_scheme_10 bt_bb_layout_boxed_1200 bt_bb_vertical_align_top bt_bb_top_spacing_large bt_bb_bottom_spacing_large\" style=\"; --section-primary-color:#ffffff; --section-secondary-color:#343b57;\" data-bt-override-class=\"null\"><div class=\"bt_bb_background_image_holder_wrapper\"><div class=\"bt_bb_background_image_holder btLazyLoadBackground\"  data-background_image_src=\"https:\/\/esraaslanlaw.com\/wp-content\/uploads\/2019\/10\/hero_about.jpg\" data-parallax-zoom-start=\"1\" data-parallax-zoom-end=\"1\" data-parallax-blur-start=\"0\" data-parallax-blur-end=\"0\" data-parallax-opacity-start=\"1\" data-parallax-opacity-end=\"1\" style=\" background-image: url(&#039;https:\/\/esraaslanlaw.com\/wp-content\/plugins\/bold-page-builder\/img\/blank.gif&#039;);\"><\/div><\/div><div class=\"bt_bb_port\"><div class=\"bt_bb_cell\"><div class=\"bt_bb_cell_inner\"><div class=\"bt_bb_row_wrapper\"><div  class=\"bt_bb_row\"  data-bt-override-class=\"{}\"><div  class=\"bt_bb_column col-md-12 col-ms-12 bt_bb_align_center bt_bb_animation_fade_in animate bt_bb_padding_normal bt_bb_animation_fade_in animate\"  data-width=\"12\"><div class=\"bt_bb_column_content bt_bb_vertical_align_top\"><div class=\"bt_bb_column_content_inner\"><div class=\"bt_bb_separator bt_bb_border_style_none bt_bb_bottom_spacing_medium bt_bb_hidden_xs bt_bb_hidden_ms bt_bb_hidden_sm\" data-bt-override-class=\"null\"><\/div><header class=\"bt_bb_headline bt_bb_color_scheme_6 bt_bb_dash_none bt_bb_size_extralarge bt_bb_align_inherit\" style=\"; --primary-color:#ffffff; --secondary-color:#367eb5;\" data-bt-override-class=\"{&quot;bt_bb_align_&quot;:{&quot;current_class&quot;:&quot;bt_bb_align_inherit&quot;,&quot;xxl&quot;:&quot;inherit&quot;,&quot;xl&quot;:&quot;inherit&quot;}}\"><h1 class=\"bt_bb_headline_tag\"><span class=\"bt_bb_headline_content\"><span>Miras Davalar\u0131<\/span><\/span><\/h1><\/header><div class=\"bt_bb_separator bt_bb_border_style_none bt_bb_bottom_spacing_normal bt_bb_hidden_xs bt_bb_hidden_ms bt_bb_hidden_sm\" data-bt-override-class=\"null\"><\/div><\/div><\/div><\/div><\/div><\/div><\/div><!-- cell_inner --><\/div><!-- cell --><\/div><!-- port --><\/section><section id=\"bt_bb_section69e3442a2c430\" class=\"bt_bb_section bt_bb_layout_boxed_1200 bt_bb_vertical_align_top bt_bb_top_spacing_normal bt_bb_bottom_spacing_normal bt_bb_negative_margin_large\"  data-bt-override-class=\"null\"><div class=\"bt_bb_port\"><div class=\"bt_bb_cell\"><div class=\"bt_bb_cell_inner\"><div class=\"bt_bb_row_wrapper\"><div  class=\"bt_bb_row\"  data-bt-override-class=\"{}\"><div  class=\"bt_bb_column col-md-12 col-ms-12 bt_bb_align_left bt_bb_padding_normal\"  data-width=\"12\"><div class=\"bt_bb_column_content bt_bb_vertical_align_top\"><div class=\"bt_bb_column_content_inner\"><div class=\"bt_bb_separator bt_bb_border_style_none bt_bb_bottom_spacing_large bt_bb_hidden_xs bt_bb_hidden_ms bt_bb_hidden_sm\" data-bt-override-class=\"null\"><\/div><\/div><\/div><\/div><\/div><\/div><div class=\"bt_bb_row_wrapper\"><div  class=\"bt_bb_row bt_bb_layout_special btOverlapLeft\"  data-bt-override-class=\"{}\"><div  class=\"bt_bb_column col-md-8 col-ms-12 bt_bb_align_left bt_bb_animation_fade_in animate bt_bb_padding_normal bt_bb_animation_fade_in animate\"  data-width=\"8\"><div class=\"bt_bb_column_content bt_bb_vertical_align_top\"><div class=\"bt_bb_column_content_inner\"><div class=\"bt_bb_separator bt_bb_border_style_none bt_bb_bottom_spacing_normal\" data-bt-override-class=\"null\"><\/div><div  class=\"bt_bb_text\" ><p><strong>Ail\u0259 miras\u0131<\/strong>, \u00d6l\u0259n \u015f\u0259xsin gerid\u0259 qoydu\u011fu maddi d\u0259y\u0259ri olan da\u015f\u0131nmaz \u0259mlak v\u0259 pul kimi mallar\u0131n payla\u015f\u0131lmas\u0131nda varisl\u0259r aras\u0131nda yaranan fikir ayr\u0131l\u0131\u011f\u0131 n\u0259tic\u0259sind\u0259 m\u00fcraci\u0259t edil\u0259n h\u00fcquqi prosesdir.<\/p>\n<p>Borclar M\u0259c\u0259ll\u0259si, T\u00fcrk M\u00fclki M\u0259c\u0259ll\u0259si v\u0259 Torpaq Reyestri Qanununun m\u00fcdd\u0259alar\u0131 il\u0259 n\u0259tic\u0259l\u0259n\u0259n bu iddialar m\u00fcxt\u0259lif n\u00f6vl\u0259rd\u0259 a\u00e7\u0131la bil\u0259r.<\/p>\n<p>V\u0259r\u0259s\u0259lik iddias\u0131 \u00e7\u0259r\u00e7iv\u0259sind\u0259 v\u0259r\u0259s\u0259l\u0259r t\u0259r\u0259find\u0259n a\u015fa\u011f\u0131dak\u0131 iddialar\u0131n a\u00e7\u0131lmas\u0131 m\u00fcmk\u00fcnd\u00fcr;<\/p>\n<ol>\n<li>rasion i\u015fi<\/li>\n<li>Tenkis i\u015fi<\/li>\n<li>S\u0259n\u0259din l\u0259\u011fvi hal\u0131<\/li>\n<li>V\u0259r\u0259s\u0259lik haqq\u0131nda \u015f\u0259had\u0259tnam\u0259nin l\u0259\u011fvi \u00fc\u00e7\u00fcn iddia<\/li>\n<li>V\u0259r\u0259s\u0259lik m\u00fcqavil\u0259sinin l\u0259\u011fvi<\/li>\n<li>Taksim v\u0259 \u0130zale-i \u015euyu davalar\u0131<\/li>\n<\/ol>\n<p><strong>Esra Aslan h\u00fcquq firmas\u0131<\/strong> ziyar\u0259t etm\u0259kl\u0259 <strong>ail\u0259 miras hallar\u0131<\/strong>M\u0259s\u0259l\u0259 il\u0259 ba\u011fl\u0131 daha \u00e7ox m\u0259lumat \u0259ld\u0259 ed\u0259 v\u0259 etibarnam\u0259 verm\u0259kl\u0259 i\u015finizin \u0259n uy\u011fun \u015f\u0259rtl\u0259rl\u0259 izl\u0259nilm\u0259sini t\u0259min ed\u0259 bil\u0259rsiniz.<\/p>\n<p><strong>V\u0259r\u0259s\u0259lik iddialar\u0131n\u0131 hans\u0131 m\u0259s\u0259l\u0259l\u0259r \u0259hat\u0259 edir?<\/strong><\/p>\n<p><strong>Ail\u0259 miras hallar\u0131 <\/strong>Geni\u015f struktura malikdir. X\u00fcsusil\u0259, bu, \u0259n uzun hallardan biridir. Bu \u00e7\u0259r\u00e7iv\u0259d\u0259 \u0259hat\u0259 olunan m\u00f6vzular a\u015fa\u011f\u0131dak\u0131lard\u0131r;<\/p>\n<ol>\n<li>V\u0259siyy\u0259t ed\u0259n t\u0259r\u0259find\u0259n v\u0259r\u0259s\u0259likd\u0259n m\u0259hrum edil\u0259n v\u0259r\u0259s\u0259l\u0259rin olub-olmamas\u0131<\/li>\n<li>Muris ile miras\u00e7\u0131lar aras\u0131nda, miras reddinin bulunup bulunmad\u0131\u011f\u0131<\/li>\n<li>V\u0259r\u0259s\u0259l\u0259rd\u0259n v\u0259 ya \u00fc\u00e7\u00fcnc\u00fc \u015f\u0259xsl\u0259rd\u0259n h\u0259r hans\u0131 birinin \u0259mlak\u0131 mirasdan o\u011furlay\u0131b-o\u011furlamas\u0131.<\/li>\n<li>Qanuni varisl\u0259r kiml\u0259rdir, h\u0259r pay n\u0259 q\u0259d\u0259rdir<\/li>\n<li>V\u0259siyy\u0259t ed\u0259n\u0259 miras qalm\u0131\u015f \u0259mlak\u0131n \u00fcmumi d\u0259y\u0259ri<\/li>\n<li>V\u0259r\u0259s\u0259nin s\u0259hh\u0259tind\u0259 v\u0259r\u0259s\u0259l\u0259rd\u0259n birin\u0259 ke\u00e7ib-ke\u00e7m\u0259m\u0259si<\/li>\n<\/ol>\n<p>V\u0259r\u0259s\u0259lik h\u00fcququ geni\u015f \u0259hat\u0259 dair\u0259sin\u0259 malik oldu\u011fundan v\u0259r\u0259s\u0259lik i\u015fl\u0259rind\u0259 m\u00fcbahis\u0259l\u0259rin s\u0259b\u0259bin\u0259 g\u00f6r\u0259 m\u00fcxt\u0259lif v\u0259r\u0259s\u0259lik iddialar\u0131 qald\u0131r\u0131la bil\u0259r.<\/p>\n<p><strong>V\u0259r\u0259s\u0259lik iddialar\u0131n\u0131n n\u00f6vl\u0259ri hans\u0131lard\u0131r?<\/strong><\/p>\n<p><strong>Ail\u0259 miras hallar\u0131 <\/strong>m\u00fcxt\u0259lif n\u00f6vl\u0259rd\u0259 a\u00e7\u0131la bil\u0259r. Bununla bel\u0259, \u0259n \u00e7ox yay\u0131lm\u0131\u015f n\u00f6vl\u0259r a\u015fa\u011f\u0131dak\u0131lard\u0131r;<\/p>\n<ol>\n<li>V\u0259r\u0259s\u0259l\u0259rin iddia\u00e7\u0131lara olan h\u00fcquqlar\u0131n\u0131 qorumaq \u00fc\u00e7\u00fcn qald\u0131r\u0131la bil\u0259n v\u0259r\u0259s\u0259lik iddias\u0131 i\u015fi<\/li>\n<li>\u018fmlak qa\u00e7aqmal\u00e7\u0131l\u0131\u011f\u0131 hal\u0131nda a\u00e7\u0131la bil\u0259n s\u0259n\u0259din l\u0259\u011fvi v\u0259 qeydiyyat\u0131<\/li>\n<li>V\u0259r\u0259s\u0259lik m\u00fcqavil\u0259si v\u0259 ya v\u0259siyy\u0259tnam\u0259y\u0259 g\u00f6r\u0259 v\u0259r\u0259s\u0259liy\u0259 qada\u011fa qoyulmas\u0131 s\u0259b\u0259bind\u0259n a\u00e7\u0131la bil\u0259n miras\u0131n l\u0259\u011fvi iddias\u0131<\/li>\n<li>\u0130ddialarda qalan ehtiyat paylar b\u00f6y\u00fck olduqda etiraza g\u00f6r\u0259 a\u00e7\u0131lan Miras Qanununun l\u0259\u011fvi i\u015fi<\/li>\n<li>V\u0259r\u0259s\u0259lik \u015f\u0259had\u0259tnam\u0259sinin l\u0259\u011fvi haqq\u0131nda i\u015f, v\u0259siyy\u0259t ed\u0259nin \u00f6l\u00fcm\u00fcnd\u0259n sonra v\u0259r\u0259s\u0259lik \u015f\u0259had\u0259tnam\u0259si olmayanlar t\u0259r\u0259find\u0259n a\u00e7\u0131la bil\u0259r.<\/li>\n<li>V\u0259r\u0259s\u0259lik m\u00fcqavil\u0259sind\u0259ki ziddiyy\u0259tl\u0259r\u0259 g\u00f6r\u0259 qald\u0131r\u0131la bil\u0259n v\u0259r\u0259s\u0259lik m\u00fcqavil\u0259l\u0259rinin l\u0259\u011fvi \u00fc\u00e7\u00fcn iddia<\/li>\n<\/ol>\n<p><strong>Ail\u0259 miras hallar\u0131 <\/strong>S\u0259lahiyy\u0259tli yurisdiksiya birinci instansiya m\u0259hk\u0259m\u0259sidir. Bu i\u015fl\u0259r uzun m\u00fcdd\u0259t \u00e7\u0259k\u0259 bil\u0259c\u0259yi \u00fc\u00e7\u00fcn t\u0259cr\u00fcb\u0259li h\u00fcquq firmalar\u0131 il\u0259 i\u015fl\u0259m\u0259k daha yax\u015f\u0131 n\u0259tic\u0259l\u0259r \u0259ld\u0259 etm\u0259y\u0259 k\u00f6m\u0259k ed\u0259 bil\u0259r.<\/p>\n<p><strong>V\u0259r\u0259s\u0259lik h\u00fcququnda kiml\u0259r varis ola bil\u0259r?<\/strong><\/p>\n<p>V\u0259r\u0259s\u0259lik i\u015fl\u0259rind\u0259 kimin v\u0259r\u0259s\u0259 ola bil\u0259c\u0259yi \u00e7ox vaxt diqq\u0259t \u00e7\u0259k\u0259n m\u0259s\u0259l\u0259l\u0259r s\u0131ras\u0131ndad\u0131r. <strong>\u0130nsan \u00f6z miras\u0131n\u0131 ist\u0259diyi \u015f\u0259xs\u0259 buraxa bil\u0259rmi? <\/strong>V\u0259r\u0259s\u0259lik i\u015fl\u0259rind\u0259 kimin v\u0259r\u0259s\u0259 ola bil\u0259c\u0259yi \u00e7ox vaxt diqq\u0259t \u00e7\u0259k\u0259n m\u0259s\u0259l\u0259l\u0259r s\u0131ras\u0131ndad\u0131r. Qanuni varisl\u0259r b\u00fct\u00fcn hallarda pay al\u0131rlar. M\u00fclki M\u0259c\u0259ll\u0259 \u00e7\u0259r\u00e7iv\u0259sind\u0259 \u015f\u0259xs \u00f6lm\u0259zd\u0259n \u0259vv\u0259l v\u0259siyy\u0259t ed\u0259r\u0259k \u00f6z miras\u0131n\u0131 ist\u0259nil\u0259n \u015f\u0259xs\u0259\/\u015f\u0259xsl\u0259r\u0259 buraxa bil\u0259r.<\/p>\n<p>\u00d6l\u0259nd\u0259n qalan miras d\u0259r\u0259c\u0259 sistemi il\u0259 b\u00f6l\u00fc\u015fd\u00fcr\u00fcl\u00fcr. Bu bax\u0131mdan birinci, ikinci v\u0259 \u00fc\u00e7\u00fcnc\u00fc kimi 3 f\u0259rqli t\u0259snifat var;<\/p>\n<ol>\n<li>Birinci sinfin u\u015faqlar\u0131 v\u0259 n\u0259v\u0259l\u0259ri var.<\/li>\n<li>\u0130kinci yerd\u0259 ana, ata, bac\u0131-qarda\u015f v\u0259 qarda\u015f\u0131 o\u011fullar\u0131d\u0131r.<\/li>\n<li>\u00dc\u00e7\u00fcnc\u00fc yerd\u0259 onun babas\u0131 v\u0259 n\u0259n\u0259si dayan\u0131r.<\/li>\n<\/ol>\n<p>Lakin <strong>Ail\u0259 miras hallar\u0131 <\/strong>Qeyd etdiyimiz kimi, bilinm\u0259li olan odur ki, ba\u015fqa v\u0259r\u0259s\u0259 t\u0259yin oluna bil\u0259r.<\/p>\n<p><strong>V\u0259r\u0259s\u0259lik v\u0259 q\u0259yyumluq qanununa \u0259sas\u0259n hans\u0131 iddialar \u0259hat\u0259 olunur?<\/strong><\/p>\n<p>V\u0259r\u0259s\u0259lik h\u00fcququ \u00e7ox geni\u015f anlay\u0131\u015fd\u0131r. Ona g\u00f6r\u0259 d\u0259 bu \u00e7\u0259r\u00e7iv\u0259d\u0259 m\u00fcxt\u0259lif iddialar qald\u0131r\u0131la bil\u0259r. Bunlardan b\u0259zil\u0259ri a\u015fa\u011f\u0131dak\u0131lard\u0131r;<\/p>\n<ol>\n<li>v\u0259r\u0259s\u0259lik h\u00fcququndan m\u0259hrum etm\u0259 hal\u0131<\/li>\n<li>V\u0259r\u0259s\u0259likd\u0259n imtina il\u0259 ba\u011fl\u0131 i\u015fl\u0259r<\/li>\n<li>V\u0259r\u0259s\u0259likl\u0259 ba\u011fl\u0131 iddialar<\/li>\n<li>Tenkis hallar\u0131<\/li>\n<li>\u018fmlak\u0131n a\u015fkarlanmas\u0131 v\u0259 idar\u0259 edilm\u0259si<\/li>\n<li>V\u0259r\u0259s\u0259lik m\u00fcqavil\u0259si<\/li>\n<li>\u0130rad\u0259<\/li>\n<li>\u00d6l\u00fcml\u0259 ba\u011fl\u0131 \u0259man\u0259tl\u0259rin l\u0259\u011fvi<\/li>\n<li>V\u0259r\u0259s\u0259likd\u0259n imtina m\u00fcqavil\u0259si<\/li>\n<li>V\u0259r\u0259s\u0259likd\u0259n imtina m\u00fcqavil\u0259si<\/li>\n<\/ol>\n<p><strong>Ail\u0259 miras hallar\u0131 <\/strong>bu kontekstd\u0259 ola bil\u0259r.<\/p>\n<p><strong>V\u0259r\u0259s\u0259lik iddialar\u0131nda qanuni varisl\u0259r kiml\u0259rdir?<\/strong><\/p>\n<p>\u0130nsan\u0131n \u00f6l\u00fcm\u00fcnd\u0259n sonra gerid\u0259 qalan debitor borclar\u0131na v\u0259 mallar\u0131na miras deyilir. V\u0259r\u0259s\u0259l\u0259r aras\u0131nda b\u00f6l\u00fc\u015fd\u00fcr\u00fcls\u0259 d\u0259, b\u0259zi hallarda probleml\u0259r yarana bil\u0259r. <strong>Ail\u0259 miras hallar\u0131 <\/strong>h\u00fcquq\u015f\u00fcnaslar v\u0259 h\u00fcquq firmalar\u0131 da burada rol oynay\u0131r.<\/p>\n<p>V\u0259r\u0259s\u0259l\u0259r h\u00fcquqda iki sinf\u0259 b\u00f6l\u00fcn\u00fcr. Bunlar t\u0259yin edilmi\u015f v\u0259 qanuni varisl\u0259r \u015f\u0259klind\u0259dir,<\/p>\n<ol>\n<li>N\u0259v\u0259,<\/li>\n<li>U\u015faq,<\/li>\n<li>Baba v\u0259 ya n\u0259n\u0259,<\/li>\n<li>H\u0259yat yolda\u015f\u0131,<\/li>\n<li>Ata,<\/li>\n<li>Ana,<\/li>\n<li>Qarda\u015flar qanuni varisl\u0259r t\u0259\u015fkil edirl\u0259r.<\/li>\n<\/ol>\n<p>Bununla bel\u0259, t\u0259yin edilmi\u015f v\u0259r\u0259s\u0259l\u0259r d\u0259 ola bil\u0259r.<\/p>\n<p><strong>V\u0259r\u0259s\u0259lik i\u015fl\u0259rind\u0259 v\u0259siyy\u0259tnam\u0259 n\u0259dir?<\/strong><\/p>\n<p>\u0130nsanlar canlar\u0131n\u0131 itirm\u0259mi\u015fd\u0259n \u0259vv\u0259l pullar\u0131n\u0131, qiym\u0259tlil\u0259rini v\u0259 ya da\u015f\u0131nmaz \u0259mlaklar\u0131n\u0131 v\u0259siyy\u0259tnam\u0259 il\u0259 ist\u0259dikl\u0259ri \u015f\u0259xs\u0259\/\u015f\u0259xsl\u0259r\u0259 qoya bil\u0259rl\u0259r. V\u0259siyy\u0259tnam\u0259 verilm\u0259dikd\u0259 h\u00fcquqi \u015f\u0259xsl\u0259r\u0259 verilir.<\/p>\n<p>V\u0259siyy\u0259tnam\u0259ni 15 ya\u015f\u0131ndan yuxar\u0131 v\u0259 sa\u011flam d\u00fc\u015f\u00fcnc\u0259li h\u0259r k\u0259s haz\u0131rlaya bil\u0259r. T\u00fcrk M\u00fclki M\u0259c\u0259ll\u0259sind\u0259 531. M\u0259qal\u0259d\u0259 deyilir ki, v\u0259zif\u0259li \u015f\u0259xs v\u0259siyy\u0259t ed\u0259n \u015f\u0259xs t\u0259r\u0259find\u0259n \u0259lyazma v\u0259 ya \u015fifahi \u015f\u0259kild\u0259 edil\u0259 bil\u0259r.<\/p>\n<p>R\u0259smi v\u0259siyy\u0259tnam\u0259 notarius, magistratura v\u0259 ya s\u0259lahiyy\u0259tli m\u0259mur qar\u015f\u0131s\u0131nda edilir. \u018flyazma irad\u0259si is\u0259 insan\u0131n \u00f6z\u00fc t\u0259r\u0259find\u0259n haz\u0131rlanm\u0131\u015f v\u0259siyy\u0259tnam\u0259dir. Bunun \u00fc\u00e7\u00fcn \u00f6z yaz\u0131s\u0131n\u0131, tarixini yazmal\u0131 v\u0259 \u00f6z yaz\u0131s\u0131nda yenid\u0259n imzalamal\u0131d\u0131r.<\/p>\n<p>\u015eifahi v\u0259siyy\u0259tnam\u0259 is\u0259 m\u00fcharib\u0259 v\u0259 ya a\u011f\u0131r x\u0259st\u0259lik kimi f\u00f6vq\u0259lad\u0259 v\u0259ziyy\u0259tl\u0259rd\u0259, dig\u0259r iki n\u00f6v\u00fcn edil\u0259 bilm\u0259diyi hallarda haz\u0131rlan\u0131r. Payla\u015f\u0131mda problem olarsa, <strong>\u018fg\u0259r miras aras\u0131nda fikir ayr\u0131l\u0131\u011f\u0131 olarsa n\u0259 olar? <\/strong>m\u0259hk\u0259m\u0259 \u00e7\u0259ki\u015fm\u0259l\u0259ri apar\u0131la bil\u0259r.<\/p>\n<p><strong>V\u0259r\u0259s\u0259lik hans\u0131 \u015f\u0259rtl\u0259rd\u0259 payla\u015f\u0131l\u0131r?<\/strong><\/p>\n<p><strong>Ail\u0259 miras hallar\u0131 <\/strong>miras\u0131n hans\u0131 \u015f\u0259rtl\u0259r alt\u0131nda payla\u015f\u0131laca\u011f\u0131 b\u00f6y\u00fck sual i\u015far\u0259sidir. Bu, \u015f\u0259xsin v\u0259siyy\u0259t edib-etm\u0259m\u0259sind\u0259n as\u0131l\u0131 olaraq f\u0259rql\u0259nir. \u018fg\u0259r v\u0259siyy\u0259tnam\u0259 qalmam\u0131\u015fsa, v\u0259r\u0259s\u0259nin h\u0259yat yolda\u015f\u0131 sa\u011fd\u0131rsa v\u0259 onun \u00f6vladlar\u0131 il\u0259 v\u0259r\u0259s\u0259dirs\u0259, \u00bc hiss\u0259si sa\u011f qalan h\u0259yat yolda\u015f\u0131na, qalan \u00be hiss\u0259si is\u0259 u\u015faqlar aras\u0131nda b\u0259rab\u0259r b\u00f6l\u00fcn\u00fcr.<\/p>\n<p>\u018fg\u0259r d\u00fczg\u00fcn h\u0259yat yolda\u015f\u0131 v\u0259r\u0259s\u0259nin valideynl\u0259ri il\u0259 v\u0259r\u0259s\u0259dirs\u0259, yar\u0131s\u0131 h\u0259yat yolda\u015f\u0131na, yar\u0131s\u0131 valideynl\u0259r\u0259. Sa\u011f qalan \u0259r v\u0259r\u0259s\u0259lik ed\u0259nin babas\u0131 v\u0259 n\u0259n\u0259si il\u0259 birlikd\u0259 miras al\u0131rsa, \u0259r-arvad\u0131n \u00be hiss\u0259si n\u0259n\u0259 v\u0259 baba aras\u0131nda b\u0259rab\u0259r b\u00f6l\u00fcn\u00fcr.<\/p>\n<p>\u018fg\u0259r h\u0259yat yolda\u015f\u0131 sa\u011f deyils\u0259, n\u0259sil varsa n\u0259sill\u0259r aras\u0131nda, n\u0259sil yoxdursa yuxar\u0131 n\u0259sill\u0259r aras\u0131nda b\u0259rab\u0259r b\u00f6l\u00fcn\u00fcr.<\/p>\n<\/div><\/div><\/div><\/div><div  class=\"bt_bb_column col-md-4 col-ms-12 bt_bb_align_left bt_bb_animation_fade_in animate bt_bb_icon_color_scheme_6 bt_bb_padding_normal bt_bb_animation_fade_in animate\"  data-width=\"4\"><div class=\"bt_bb_column_content bt_bb_vertical_align_top\"><div class=\"bt_bb_column_content_inner\"><header class=\"bt_bb_headline bt_bb_color_scheme_14 bt_bb_dash_none bt_bb_size_normal bt_bb_align_inherit\" style=\"; --primary-color:#343b57; --secondary-color:#367eb5;\" data-bt-override-class=\"{&quot;bt_bb_align_&quot;:{&quot;current_class&quot;:&quot;bt_bb_align_inherit&quot;,&quot;xxl&quot;:&quot;inherit&quot;,&quot;xl&quot;:&quot;inherit&quot;}}\"><h5 class=\"bt_bb_headline_tag\"><span class=\"bt_bb_headline_content\"><span>Di\u011fer Hizmetlerimiz<\/span><\/span><\/h5><\/header><div class=\"bt_bb_separator bt_bb_border_style_none bt_bb_bottom_spacing_small\" data-bt-override-class=\"null\"><\/div><div class=\"bt_bb_link\"><a href=\"http:\/\/esraaslanlaw.com\/aile-hukuku\/\" target=\"_self\" class=\"bt_bb_link_content\" title=\"Ail\u0259 h\u00fcququ\"><span class=\"bt_bb_link_text\">Ail\u0259 h\u00fcququ<\/span><\/a><\/div><div class=\"bt_bb_separator bt_bb_border_style_none\" data-bt-override-class=\"null\"><\/div><div class=\"bt_bb_link\"><a href=\"http:\/\/esraaslanlaw.com\/ceza-hukuku\/\" target=\"_self\" class=\"bt_bb_link_content\" title=\"Cinay\u0259t h\u00fcququ\"><span class=\"bt_bb_link_text\">Cinay\u0259t h\u00fcququ<\/span><\/a><\/div><div class=\"bt_bb_separator bt_bb_border_style_none\" data-bt-override-class=\"null\"><\/div><div class=\"bt_bb_link\"><a href=\"http:\/\/esraaslanlaw.com\/gayrimenkul-hukuku\/\" target=\"_self\" class=\"bt_bb_link_content\" title=\"Da\u015f\u0131nmaz \u018fmlak Qanunu\"><span class=\"bt_bb_link_text\">Da\u015f\u0131nmaz \u018fmlak Qanunu<\/span><\/a><\/div><div class=\"bt_bb_separator bt_bb_border_style_none\" data-bt-override-class=\"null\"><\/div><div class=\"bt_bb_link\"><a href=\"http:\/\/esraaslanlaw.com\/idare-hukuku\/\" target=\"_self\" class=\"bt_bb_link_content\" title=\"\u0130nzibati h\u00fcquq\"><span class=\"bt_bb_link_text\">\u0130nzibati h\u00fcquq<\/span><\/a><\/div><div class=\"bt_bb_separator bt_bb_border_style_none\" data-bt-override-class=\"null\"><\/div><div class=\"bt_bb_link\"><a href=\"http:\/\/esraaslanlaw.com\/is-hukuku\/\" target=\"_self\" class=\"bt_bb_link_content\" title=\"Biznes qanunu\"><span class=\"bt_bb_link_text\">Biznes qanunu<\/span><\/a><\/div><div class=\"bt_bb_separator bt_bb_border_style_none\" data-bt-override-class=\"null\"><\/div><div class=\"bt_bb_link\"><a href=\"http:\/\/esraaslanlaw.com\/miras-hukuku\/\" target=\"_self\" class=\"bt_bb_link_content\" title=\"V\u0259r\u0259s\u0259lik h\u00fcququ\"><span class=\"bt_bb_link_text\">V\u0259r\u0259s\u0259lik h\u00fcququ<\/span><\/a><\/div><div class=\"bt_bb_separator bt_bb_border_style_none\" data-bt-override-class=\"null\"><\/div><div class=\"bt_bb_link\"><a href=\"http:\/\/esraaslanlaw.com\/sigorta-ve-tazminat-hukuku\/\" target=\"_self\" class=\"bt_bb_link_content\" title=\"S\u0131\u011forta v\u0259 Kompensasiyalar Qanunu\"><span class=\"bt_bb_link_text\">S\u0131\u011forta v\u0259 Kompensasiyalar Qanunu<\/span><\/a><\/div><div class=\"bt_bb_separator bt_bb_border_style_none\" data-bt-override-class=\"null\"><\/div><div class=\"bt_bb_link\"><a href=\"http:\/\/esraaslanlaw.com\/ticaret-hukuku\/\" target=\"_self\" class=\"bt_bb_link_content\" title=\"ticar\u0259t h\u00fcququ\"><span class=\"bt_bb_link_text\">ticar\u0259t h\u00fcququ<\/span><\/a><\/div><div class=\"bt_bb_separator bt_bb_border_style_none\" data-bt-override-class=\"null\"><\/div><\/div><\/div><\/div><\/div><\/div><\/div><!-- cell_inner --><\/div><!-- cell --><\/div><!-- port --><\/section>","protected":false},"excerpt":{"rendered":"","protected":false},"author":1,"featured_media":0,"parent":0,"menu_order":0,"comment_status":"closed","ping_status":"closed","template":"","meta":[],"yoast_head":"<!-- This site is optimized with the Yoast SEO plugin v20.12 - https:\/\/yoast.com\/wordpress\/plugins\/seo\/ -->\n<title>V\u0259r\u0259s\u0259lik h\u00fcququ - Avukat Esra Aslan<\/title>\n<meta name=\"robots\" content=\"index, follow, max-snippet:-1, max-image-preview:large, max-video-preview:-1\" \/>\n<link rel=\"canonical\" href=\"https:\/\/esraaslanlaw.com\/az\/v\u0259r\u0259s\u0259lik-huququ\/\" \/>\n<meta property=\"og:locale\" content=\"az_AZ\" \/>\n<meta property=\"og:type\" content=\"article\" \/>\n<meta property=\"og:title\" content=\"V\u0259r\u0259s\u0259lik h\u00fcququ - Avukat Esra Aslan\" \/>\n<meta property=\"og:url\" content=\"https:\/\/esraaslanlaw.com\/az\/v\u0259r\u0259s\u0259lik-huququ\/\" \/>\n<meta property=\"og:site_name\" content=\"Avukat Esra Aslan\" \/>\n<meta property=\"article:modified_time\" content=\"2023-07-05T10:42:40+00:00\" \/>\n<meta name=\"twitter:card\" content=\"summary_large_image\" \/>\n<meta name=\"twitter:label1\" content=\"Est. reading time\" \/>\n\t<meta name=\"twitter:data1\" content=\"14 minutes\" \/>\n<script type=\"application\/ld+json\" class=\"yoast-schema-graph\">{\"@context\":\"https:\/\/schema.org\",\"@graph\":[{\"@type\":\"WebPage\",\"@id\":\"https:\/\/esraaslanlaw.com\/az\/v%c9%99r%c9%99s%c9%99lik-huququ\/\",\"url\":\"https:\/\/esraaslanlaw.com\/az\/v%c9%99r%c9%99s%c9%99lik-huququ\/\",\"name\":\"V\u0259r\u0259s\u0259lik h\u00fcququ - Avukat Esra Aslan\",\"isPartOf\":{\"@id\":\"https:\/\/esraaslanlaw.com\/#website\"},\"datePublished\":\"2022-07-07T12:23:24+00:00\",\"dateModified\":\"2023-07-05T10:42:40+00:00\",\"breadcrumb\":{\"@id\":\"https:\/\/esraaslanlaw.com\/az\/v%c9%99r%c9%99s%c9%99lik-huququ\/#breadcrumb\"},\"inLanguage\":\"az\",\"potentialAction\":[{\"@type\":\"ReadAction\",\"target\":[\"https:\/\/esraaslanlaw.com\/az\/v%c9%99r%c9%99s%c9%99lik-huququ\/\"]}]},{\"@type\":\"BreadcrumbList\",\"@id\":\"https:\/\/esraaslanlaw.com\/az\/v%c9%99r%c9%99s%c9%99lik-huququ\/#breadcrumb\",\"itemListElement\":[{\"@type\":\"ListItem\",\"position\":1,\"name\":\"Anasayfa\",\"item\":\"https:\/\/esraaslanlaw.com\/az\/\"},{\"@type\":\"ListItem\",\"position\":2,\"name\":\"V\u0259r\u0259s\u0259lik h\u00fcququ\"}]},{\"@type\":\"WebSite\",\"@id\":\"https:\/\/esraaslanlaw.com\/#website\",\"url\":\"https:\/\/esraaslanlaw.com\/\",\"name\":\"Avukat Esra Aslan\",\"description\":\"\",\"publisher\":{\"@id\":\"https:\/\/esraaslanlaw.com\/#organization\"},\"potentialAction\":[{\"@type\":\"SearchAction\",\"target\":{\"@type\":\"EntryPoint\",\"urlTemplate\":\"https:\/\/esraaslanlaw.com\/?s={search_term_string}\"},\"query-input\":\"required name=search_term_string\"}],\"inLanguage\":\"az\"},{\"@type\":\"Organization\",\"@id\":\"https:\/\/esraaslanlaw.com\/#organization\",\"name\":\"Avukat Esra Aslan\",\"url\":\"https:\/\/esraaslanlaw.com\/\",\"logo\":{\"@type\":\"ImageObject\",\"inLanguage\":\"az\",\"@id\":\"https:\/\/esraaslanlaw.com\/#\/schema\/logo\/image\/\",\"url\":\"http:\/\/esraaslanlaw.com\/wp-content\/uploads\/2022\/12\/logo-aslan-demir-hukuk.png\",\"contentUrl\":\"http:\/\/esraaslanlaw.com\/wp-content\/uploads\/2022\/12\/logo-aslan-demir-hukuk.png\",\"width\":531,\"height\":190,\"caption\":\"Avukat Esra Aslan\"},\"image\":{\"@id\":\"https:\/\/esraaslanlaw.com\/#\/schema\/logo\/image\/\"}}]}<\/script>\n<!-- \/ Yoast SEO plugin. -->","yoast_head_json":{"title":"V\u0259r\u0259s\u0259lik h\u00fcququ - Avukat Esra Aslan","robots":{"index":"index","follow":"follow","max-snippet":"max-snippet:-1","max-image-preview":"max-image-preview:large","max-video-preview":"max-video-preview:-1"},"canonical":"https:\/\/esraaslanlaw.com\/az\/v\u0259r\u0259s\u0259lik-huququ\/","og_locale":"az_AZ","og_type":"article","og_title":"V\u0259r\u0259s\u0259lik h\u00fcququ - Avukat Esra Aslan","og_url":"https:\/\/esraaslanlaw.com\/az\/v\u0259r\u0259s\u0259lik-huququ\/","og_site_name":"Avukat Esra Aslan","article_modified_time":"2023-07-05T10:42:40+00:00","twitter_card":"summary_large_image","twitter_misc":{"Est. reading time":"14 minutes"},"schema":{"@context":"https:\/\/schema.org","@graph":[{"@type":"WebPage","@id":"https:\/\/esraaslanlaw.com\/az\/v%c9%99r%c9%99s%c9%99lik-huququ\/","url":"https:\/\/esraaslanlaw.com\/az\/v%c9%99r%c9%99s%c9%99lik-huququ\/","name":"V\u0259r\u0259s\u0259lik h\u00fcququ - Avukat Esra Aslan","isPartOf":{"@id":"https:\/\/esraaslanlaw.com\/#website"},"datePublished":"2022-07-07T12:23:24+00:00","dateModified":"2023-07-05T10:42:40+00:00","breadcrumb":{"@id":"https:\/\/esraaslanlaw.com\/az\/v%c9%99r%c9%99s%c9%99lik-huququ\/#breadcrumb"},"inLanguage":"az","potentialAction":[{"@type":"ReadAction","target":["https:\/\/esraaslanlaw.com\/az\/v%c9%99r%c9%99s%c9%99lik-huququ\/"]}]},{"@type":"BreadcrumbList","@id":"https:\/\/esraaslanlaw.com\/az\/v%c9%99r%c9%99s%c9%99lik-huququ\/#breadcrumb","itemListElement":[{"@type":"ListItem","position":1,"name":"Anasayfa","item":"https:\/\/esraaslanlaw.com\/az\/"},{"@type":"ListItem","position":2,"name":"V\u0259r\u0259s\u0259lik h\u00fcququ"}]},{"@type":"WebSite","@id":"https:\/\/esraaslanlaw.com\/#website","url":"https:\/\/esraaslanlaw.com\/","name":"Avukat Esra Aslan","description":"","publisher":{"@id":"https:\/\/esraaslanlaw.com\/#organization"},"potentialAction":[{"@type":"SearchAction","target":{"@type":"EntryPoint","urlTemplate":"https:\/\/esraaslanlaw.com\/?s={search_term_string}"},"query-input":"required name=search_term_string"}],"inLanguage":"az"},{"@type":"Organization","@id":"https:\/\/esraaslanlaw.com\/#organization","name":"Avukat Esra Aslan","url":"https:\/\/esraaslanlaw.com\/","logo":{"@type":"ImageObject","inLanguage":"az","@id":"https:\/\/esraaslanlaw.com\/#\/schema\/logo\/image\/","url":"http:\/\/esraaslanlaw.com\/wp-content\/uploads\/2022\/12\/logo-aslan-demir-hukuk.png","contentUrl":"http:\/\/esraaslanlaw.com\/wp-content\/uploads\/2022\/12\/logo-aslan-demir-hukuk.png","width":531,"height":190,"caption":"Avukat Esra Aslan"},"image":{"@id":"https:\/\/esraaslanlaw.com\/#\/schema\/logo\/image\/"}}]}},"_links":{"self":[{"href":"https:\/\/esraaslanlaw.com\/az\/wp-json\/wp\/v2\/pages\/6632"}],"collection":[{"href":"https:\/\/esraaslanlaw.com\/az\/wp-json\/wp\/v2\/pages"}],"about":[{"href":"https:\/\/esraaslanlaw.com\/az\/wp-json\/wp\/v2\/types\/page"}],"author":[{"embeddable":true,"href":"https:\/\/esraaslanlaw.com\/az\/wp-json\/wp\/v2\/users\/1"}],"replies":[{"embeddable":true,"href":"https:\/\/esraaslanlaw.com\/az\/wp-json\/wp\/v2\/comments?post=6632"}],"version-history":[{"count":1,"href":"https:\/\/esraaslanlaw.com\/az\/wp-json\/wp\/v2\/pages\/6632\/revisions"}],"predecessor-version":[{"id":6633,"href":"https:\/\/esraaslanlaw.com\/az\/wp-json\/wp\/v2\/pages\/6632\/revisions\/6633"}],"wp:attachment":[{"href":"https:\/\/esraaslanlaw.com\/az\/wp-json\/wp\/v2\/media?parent=6632"}],"curies":[{"name":"wp","href":"https:\/\/api.w.org\/{rel}","templated":true}]}}