{"id":6621,"date":"2022-07-07T12:09:26","date_gmt":"2022-07-07T12:09:26","guid":{"rendered":"https:\/\/esraaslanlaw.com\/biznes-qanunu\/"},"modified":"2023-07-05T08:38:14","modified_gmt":"2023-07-05T08:38:14","slug":"biznes-qanunu","status":"publish","type":"page","link":"https:\/\/esraaslanlaw.com\/az\/biznes-qanunu\/","title":{"rendered":"Biznes qanunu"},"content":{"rendered":"<section id=\"bt_bb_section69e4cedfbf0e7\" class=\"bt_bb_section bt_bb_color_scheme_10 bt_bb_layout_boxed_1200 bt_bb_vertical_align_top bt_bb_top_spacing_large bt_bb_bottom_spacing_large\" style=\"; --section-primary-color:#ffffff; --section-secondary-color:#343b57;\" data-bt-override-class=\"null\"><div class=\"bt_bb_background_image_holder_wrapper\"><div class=\"bt_bb_background_image_holder btLazyLoadBackground\"  data-background_image_src=\"https:\/\/esraaslanlaw.com\/wp-content\/uploads\/2019\/10\/hero_about.jpg\" data-parallax-zoom-start=\"1\" data-parallax-zoom-end=\"1\" data-parallax-blur-start=\"0\" data-parallax-blur-end=\"0\" data-parallax-opacity-start=\"1\" data-parallax-opacity-end=\"1\" style=\" background-image: url(&#039;https:\/\/esraaslanlaw.com\/wp-content\/plugins\/bold-page-builder\/img\/blank.gif&#039;);\"><\/div><\/div><div class=\"bt_bb_port\"><div class=\"bt_bb_cell\"><div class=\"bt_bb_cell_inner\"><div class=\"bt_bb_row_wrapper\"><div  class=\"bt_bb_row\"  data-bt-override-class=\"{}\"><div  class=\"bt_bb_column col-md-12 col-ms-12 bt_bb_align_center bt_bb_animation_fade_in animate bt_bb_padding_normal bt_bb_animation_fade_in animate\"  data-width=\"12\"><div class=\"bt_bb_column_content bt_bb_vertical_align_top\"><div class=\"bt_bb_column_content_inner\"><div class=\"bt_bb_separator bt_bb_border_style_none bt_bb_bottom_spacing_medium bt_bb_hidden_xs bt_bb_hidden_ms bt_bb_hidden_sm\" data-bt-override-class=\"null\"><\/div><header class=\"bt_bb_headline bt_bb_color_scheme_6 bt_bb_dash_none bt_bb_size_extralarge bt_bb_align_inherit\" style=\"; --primary-color:#ffffff; --secondary-color:#367eb5;\" data-bt-override-class=\"{&quot;bt_bb_align_&quot;:{&quot;current_class&quot;:&quot;bt_bb_align_inherit&quot;,&quot;xxl&quot;:&quot;inherit&quot;,&quot;xl&quot;:&quot;inherit&quot;}}\"><h1 class=\"bt_bb_headline_tag\"><span class=\"bt_bb_headline_content\"><span>\u0130\u015f Hukuku<\/span><\/span><\/h1><\/header><div class=\"bt_bb_separator bt_bb_border_style_none bt_bb_bottom_spacing_normal bt_bb_hidden_xs bt_bb_hidden_ms bt_bb_hidden_sm\" data-bt-override-class=\"null\"><\/div><\/div><\/div><\/div><\/div><\/div><\/div><!-- cell_inner --><\/div><!-- cell --><\/div><!-- port --><\/section><section id=\"bt_bb_section69e4cedfbf8be\" class=\"bt_bb_section bt_bb_layout_boxed_1200 bt_bb_vertical_align_top bt_bb_top_spacing_normal bt_bb_bottom_spacing_normal bt_bb_negative_margin_large\"  data-bt-override-class=\"null\"><div class=\"bt_bb_port\"><div class=\"bt_bb_cell\"><div class=\"bt_bb_cell_inner\"><div class=\"bt_bb_row_wrapper\"><div  class=\"bt_bb_row\"  data-bt-override-class=\"{}\"><div  class=\"bt_bb_column col-md-12 col-ms-12 bt_bb_align_left bt_bb_padding_normal\"  data-width=\"12\"><div class=\"bt_bb_column_content bt_bb_vertical_align_top\"><div class=\"bt_bb_column_content_inner\"><div class=\"bt_bb_separator bt_bb_border_style_none bt_bb_bottom_spacing_large bt_bb_hidden_xs bt_bb_hidden_ms bt_bb_hidden_sm\" data-bt-override-class=\"null\"><\/div><\/div><\/div><\/div><\/div><\/div><div class=\"bt_bb_row_wrapper\"><div  class=\"bt_bb_row bt_bb_layout_special btOverlapLeft\"  data-bt-override-class=\"{}\"><div  class=\"bt_bb_column col-md-8 col-ms-12 bt_bb_align_left bt_bb_animation_fade_in animate bt_bb_padding_normal bt_bb_animation_fade_in animate\"  data-width=\"8\"><div class=\"bt_bb_column_content bt_bb_vertical_align_top\"><div class=\"bt_bb_column_content_inner\"><div class=\"bt_bb_separator bt_bb_border_style_none bt_bb_bottom_spacing_normal\" data-bt-override-class=\"null\"><\/div><div  class=\"bt_bb_text\" ><p><strong>\u018fm\u0259k h\u00fcququnun t\u0259rifi n\u0259dir<\/strong>? \u00dcmumiyy\u0259tl\u0259, i\u015f\u00e7i il\u0259 i\u015f\u0259g\u00f6t\u00fcr\u0259n aras\u0131nda \u0259laq\u0259ni t\u0259min ed\u0259n, d\u00f6vl\u0259tl\u0259 m\u00fcnasib\u0259tl\u0259ri h\u00fcquq normalar\u0131 \u00e7\u0259r\u00e7iv\u0259sind\u0259 ara\u015fd\u0131ran h\u00fcquqi \u00f6hd\u0259liyin sah\u0259si \u0259m\u0259k h\u00fcququ adlan\u0131r. Bu, \u0259m\u0259k h\u00fcququ kimi d\u0259 tan\u0131n\u0131r.<\/p>\n<p>\u018fm\u0259k h\u00fcququ t\u0259kc\u0259 xidm\u0259t m\u00fcqavil\u0259si t\u0259r\u0259fl\u0259ri daxilind\u0259 olan m\u00fcnasib\u0259tl\u0259ri t\u0259nziml\u0259mir. O, h\u0259m\u00e7inin t\u0259r\u0259fl\u0259rin h\u0259r birinin \u00fczv ola bil\u0259c\u0259yi t\u0259\u015fkilatlarla m\u00fcnasib\u0259tind\u0259n b\u0259hs edir. Buna g\u00f6r\u0259 d\u0259 iki f\u0259rqli n\u00f6v var, f\u0259rdi v\u0259 kollektiv \u0259m\u0259k h\u00fcququ.<\/p>\n<p><strong>Esra Aslan H\u00fcquq B\u00fcrosu<\/strong> \u0130nternet s\u0259hif\u0259sin\u0259 daxil olaraq \u0259m\u0259k h\u00fcququ il\u0259 ba\u011fl\u0131 daha \u0259trafl\u0131 m\u0259lumat \u0259ld\u0259 ed\u0259 v\u0259 etibarnam\u0259 ver\u0259r\u0259k i\u015finizin \u0259n uy\u011fun \u015f\u0259rtl\u0259rl\u0259 izl\u0259nilm\u0259sini t\u0259min ed\u0259 bil\u0259rsiniz.<\/p>\n<p><strong>\u018fm\u0259k Qanunu hans\u0131 iddialar\u0131 \u0259hat\u0259 edir?<\/strong><\/p>\n<p><strong>\u018fm\u0259k h\u00fcququ n\u0259dir <\/strong>geni\u015f \u0259hat\u0259 dair\u0259sin\u0259 malikdir. Bu bax\u0131mdan \u0259m\u0259k v\u0259 i\u015f\u00e7il\u0259rin debitor borclar\u0131 da bu m\u00f6vzuya daxildir. Bu kontekstd\u0259 bel\u0259 hallar:<\/p>\n<ol>\n<li>\u0130\u015fd\u0259n \u00e7\u0131xma haqq\u0131 davas\u0131<\/li>\n<li>Kompensasiya haqq\u0131nda bildiri\u015f<\/li>\n<li>Mobbing\u0259 g\u00f6r\u0259 kompensasiya i\u015fi<\/li>\n<li>Yenid\u0259n i\u015f\u0259 g\u00f6t\u00fcr\u00fclm\u0259 m\u0259hk\u0259m\u0259si<\/li>\n<li>Z\u0259r\u0259rli T\u0259zminat M\u0259hk\u0259m\u0259si<\/li>\n<li>Balans M\u00fcdd\u0259ti Haqq\u0131 Davas\u0131<\/li>\n<li>B\u0259rab\u0259r M\u00fcalic\u0259 Kompensasiyas\u0131 \u0130\u015fi<\/li>\n<li>Bo\u015f vaxt\u0131n kompensasiyas\u0131 i\u015fi<\/li>\n<li>\u0130\u015fd\u0259n \u00e7\u0131xar\u0131lma kompensasiyas\u0131 \u00fc\u00e7\u00fcn m\u0259hk\u0259m\u0259 \u00e7\u0259ki\u015fm\u0259si<\/li>\n<li>H\u0259mkarlar \u0130ttifaq\u0131n\u0131n Kompensasiya \u0130\u015fi<\/li>\n<li>R\u00fcsum \u0130ddialar\u0131 Davas\u0131<\/li>\n<li>H\u0259ddind\u0259n art\u0131q \u0259m\u0259k haqq\u0131 m\u0259hk\u0259m\u0259si<\/li>\n<li>\u0130llik m\u0259zuniyy\u0259t haqq\u0131 davas\u0131<\/li>\n<li>Yol v\u0259 yem\u0259k haqq\u0131 m\u0259hk\u0259m\u0259si<\/li>\n<li>Premium \u00d6d\u0259ni\u015f M\u0259hk\u0259m\u0259si<\/li>\n<li>Milli Bayram v\u0259 \u00dcmumi Bayram ( UBGT ) haqq\u0131 hal\u0131<\/li>\n<li>Evliliy\u0259 g\u00f6r\u0259 kompensasiya i\u015fi<\/li>\n<li>H\u0259rbi t\u0259zminat i\u015fi<\/li>\n<li>Pensiya kompensasiyas\u0131 i\u015fi<\/li>\n<li>Yeni \u0130\u015f Axtar\u0131\u015f \u0130caz\u0259si<\/li>\n<\/ol>\n<p><strong>\u018fm\u0259k h\u00fcququ n\u0259dir<\/strong>O, h\u0259m\u00e7inin \u018fm\u0259k Qanununun A\u015fkarlanmas\u0131 hallar\u0131na malikdir. Bu kontekstd\u0259, Xidm\u0259t M\u00fc\u0259yy\u0259netm\u0259 Davas\u0131, \u018fsas \u018fsas Qazanc M\u00fc\u0259yy\u0259netm\u0259 Davas\u0131 v\u0259 dig\u0259r t\u0259yinetm\u0259 hallar\u0131 daxildir. Eynil\u0259, istehsalatda b\u0259db\u0259xt hadis\u0259l\u0259r v\u0259 pe\u015f\u0259 x\u0259st\u0259likl\u0259ri n\u0259tic\u0259sind\u0259 yaranan bir s\u0131ra hallar var. Bunlar\u0131 da bel\u0259 t\u0259hlil etm\u0259k olar;<\/p>\n<ol>\n<li>\u018flillik d\u0259r\u0259c\u0259sinin m\u00fc\u0259yy\u0259n edilm\u0259si i\u015fi<\/li>\n<li>Qurum t\u0259r\u0259find\u0259n m\u00fc\u0259yy\u0259n edil\u0259n \u018flillik d\u0259r\u0259c\u0259sin\u0259 etiraz<\/li>\n<li>\u00d6l\u00fcml\u0259 n\u0259tic\u0259l\u0259n\u0259n i\u015f q\u0259zas\u0131 il\u0259 \u0259laq\u0259dar d\u0259st\u0259kd\u0259n m\u0259hrum olma hal\u0131<\/li>\n<li>\u0130\u015f q\u0259zas\u0131 il\u0259 \u0259laq\u0259dar reress m\u0259hk\u0259m\u0259l\u0259ri<\/li>\n<li>\u0130\u015f q\u0259zas\u0131 il\u0259 \u0259laq\u0259dar maddi kompensasiya i\u015fi<\/li>\n<li>Daimi \u0259m\u0259k qabiliyy\u0259tinin itirilm\u0259si d\u0259r\u0259c\u0259sinin m\u00fc\u0259yy\u0259n edilm\u0259si i\u015fi<\/li>\n<li>\u0130\u015f q\u0259zas\u0131na g\u00f6r\u0259 m\u0259n\u0259vi t\u0259zminat iddias\u0131<\/li>\n<\/ol>\n<p><strong>\u018fm\u0259k Qanunu n\u0259dir? <\/strong>F\u0259rdi v\u0259 kollektiv \u0259m\u0259k h\u00fcququ formas\u0131nda iki sinif var. Bundan \u0259lav\u0259, \u018fm\u0259k Qanunu \u00e7\u0259r\u00e7iv\u0259sind\u0259 g\u00f6r\u00fcl\u0259n i\u015fl\u0259r d\u0259 bu \u015f\u0259kild\u0259dir.<\/p>\n<p><strong>Biznes H\u00fcququ Filiallar\u0131 n\u0259dir?<\/strong><\/p>\n<p><strong>\u018fm\u0259k Qanunu n\u0259dir? <\/strong>\u0259sas\u0259n iki ayr\u0131 sinifi \u0259hat\u0259 edir v\u0259 h\u0259r ikisi f\u0259rqlidir. F\u0259rdi Biznes Qanunu ki\u00e7ik biznesi \u0259hat\u0259 edir. M\u00fcqavil\u0259 il\u0259 m\u00fc\u0259yy\u0259n edilmi\u015f \u00f6d\u0259ni\u015fl\u0259,<\/p>\n<ol>\n<li>\u0130\u015f \u015f\u0259raiti,<\/li>\n<li>Premium,<\/li>\n<li>Bonus,<\/li>\n<li>sosial h\u00fcquqlar,<\/li>\n<li>i\u015fd\u0259n \u00e7\u0131xmaq,<\/li>\n<li>Kompensasiya kimi m\u0259s\u0259l\u0259l\u0259r t\u0259hsil sah\u0259sini t\u0259\u015fkil edir.<\/li>\n<\/ol>\n<p>Kollektiv \u018fm\u0259k Qanunu is\u0259 iri m\u00fc\u0259ssis\u0259l\u0259rd\u0259 h\u0259mkarlar ittifaq\u0131 il\u0259 i\u015f\u00e7ini t\u0259msil ed\u0259n i\u015f\u0259g\u00f6t\u00fcr\u0259n aras\u0131nda h\u00fcquqi m\u00fcnasib\u0259tl\u0259ri ehtiva edir. Bu bax\u0131mdan <strong>\u0259m\u0259k h\u00fcququ n\u0259dir<\/strong>, filiallar\u0131na g\u00f6r\u0259 f\u0259rql\u0259nir. Kollektivd\u0259 is\u0259 birlik yaratmaq, \u00fczv olmaq kimi m\u0259s\u0259l\u0259l\u0259r daxildir.<\/p>\n<p><strong>\u018fm\u0259k Qanununa \u0259sas\u0259n hans\u0131 xidm\u0259tl\u0259r t\u0259klif olunur?<\/strong><\/p>\n<p>\u018fm\u0259k h\u00fcququ f\u0259rdi v\u0259 korporativ m\u00fc\u015ft\u0259ril\u0259rin \u0259m\u0259k qanunvericiliyind\u0259n ir\u0259li g\u0259l\u0259n b\u00fct\u00fcn m\u00fcbahis\u0259l\u0259rinin qanunvericilik \u00e7\u0259r\u00e7iv\u0259sind\u0259 h\u0259llind\u0259 m\u00fc\u015ft\u0259ril\u0259ri t\u0259msil edir. Bu kontekstd\u0259 i\u015f\u00e7i-i\u015f\u0259g\u00f6t\u00fcr\u0259n xidm\u0259t m\u00fcnasib\u0259tin\u0259 \u0259sas\u0259n a\u015fa\u011f\u0131dak\u0131 kimi xidm\u0259tl\u0259r t\u0259qdim olunur;<\/p>\n<ol>\n<li>\u0130st\u0259nil\u0259n audit \u00e7\u0259r\u00e7iv\u0259si il\u0259 ba\u011fl\u0131 m\u00fcbahis\u0259l\u0259rin h\u0259lli<\/li>\n<li>\u018fm\u0259yin m\u00fchafiz\u0259si v\u0259 t\u0259hl\u00fck\u0259sizliyi \u00e7\u0259r\u00e7iv\u0259sind\u0259 i\u015f yerind\u0259 q\u0259zalardan sonra d\u0259ymi\u015f ziyan\u0131n t\u0259qibi<\/li>\n<li>T\u0259till\u0259r v\u0259 lokavtlar kimi prosesl\u0259rd\u0259 i\u015f\u00e7i v\u0259 ya i\u015f\u0259g\u00f6t\u00fcr\u0259n ad\u0131ndan dan\u0131\u015f\u0131qlar\u0131n davam etdirilm\u0259si<\/li>\n<li>\u0130\u015f\u0259g\u00f6t\u00fcr\u0259n\u0259 qar\u015f\u0131 t\u0259tbiq edil\u0259n c\u0259rim\u0259l\u0259r\u0259 h\u0259r c\u00fcr etiraz etm\u0259k<\/li>\n<li>X\u0259b\u0259rdarl\u0131q \u00f6d\u0259ni\u015fi, i\u015fd\u0259n \u00e7\u0131xma haqq\u0131, \u0259lav\u0259 i\u015f haqq\u0131, \u00fcmumi m\u0259zuniyy\u0259t v\u0259 haqs\u0131z olaraq i\u015fd\u0259n \u00e7\u0131xar\u0131lma s\u0259b\u0259bind\u0259n illik \u00f6d\u0259ni\u015fli m\u0259zuniyy\u0259t kimi kompensasiyalar\u0131n t\u0259qibi<\/li>\n<li>\u018fm\u0259k m\u00fcqavil\u0259sin\u0259 haqs\u0131z olaraq xitam verildikd\u0259, i\u015f\u0259 b\u0259rpa iddias\u0131 qald\u0131rd\u0131qda v\u0259 sonra<\/li>\n<li>\u0130\u015f\u0259g\u00f6t\u00fcr\u0259n v\u0259 i\u015f\u00e7i aras\u0131nda m\u00fcqavil\u0259 v\u0259 h\u00fcquqi \u00f6hd\u0259likl\u0259rd\u0259n ir\u0259li g\u0259l\u0259n m\u00fcbahis\u0259l\u0259rin h\u0259lli<\/li>\n<li>\u0130\u015f\u0259g\u00f6t\u00fcr\u0259n-i\u015f\u00e7i m\u00fcnasib\u0259tl\u0259ri \u00e7\u0259r\u00e7iv\u0259sind\u0259 \u0259m\u0259k m\u00fcqavil\u0259sinin yarad\u0131lmas\u0131<\/li>\n<\/ol>\n<p>kollektiv v\u0259 <strong>F\u0259rdi \u0259m\u0259k h\u00fcququ<\/strong> Esra Aslan H\u00fcquq B\u00fcrosu il\u0259 \u0259laq\u0259 saxlasan\u0131z \u0259trafl\u0131 m\u0259lumat ala bil\u0259rsiniz.<\/p>\n<p><strong>\u018fm\u0259k h\u00fcququnun x\u00fcsusiyy\u0259tl\u0259ri hans\u0131lard\u0131r?<\/strong><\/p>\n<p>\u018fm\u0259k Qanununda i\u015f\u0259g\u00f6t\u00fcr\u0259n t\u0259r\u0259find\u0259n i\u015f\u0259 g\u00f6t\u00fcr\u00fcl\u0259n i\u015f\u00e7inin \u00f6z \u0259m\u0259yinin n\u0259tic\u0259sini almas\u0131 \u00fc\u00e7\u00fcn layiq oldu\u011fu \u0259m\u0259k haqq\u0131n\u0131n laqeyd qalmamas\u0131 i\u015f\u00e7inin h\u00fcquqlar\u0131n\u0131n qorunmas\u0131n\u0131n \u0259sas qaydas\u0131d\u0131r. <strong>\u018fm\u0259k h\u00fcququnun x\u00fcsusiyy\u0259tl\u0259ri hans\u0131lard\u0131r<\/strong>bundan ba\u015fqa, olduqca geni\u015fdir.<\/p>\n<p>Bu kontekstd\u0259 q\u0259rar q\u0259bul ed\u0259n \u015f\u0259xs h\u0259r hans\u0131 bir v\u0259ziyy\u0259td\u0259 fikir ayr\u0131l\u0131\u011f\u0131 v\u0259 ya t\u0259r\u0259dd\u00fcd hal\u0131nda i\u015f\u00e7inin lehin\u0259 \u015f\u0259rh ver\u0259 bilm\u0259lidir. \u0130\u015f\u00e7inin \u015f\u0259xsiyy\u0259tin\u0259 \u00fcst\u00fcnl\u00fck verilir v\u0259 bu halda i\u015f\u0259g\u00f6t\u00fcr\u0259nl\u0259 i\u015f\u00e7inin qar\u015f\u0131l\u0131ql\u0131 \u00f6hd\u0259likl\u0259rin\u0259 \u0259saslanan m\u00fcqavil\u0259 \u00e7\u0259r\u00e7iv\u0259sind\u0259 m\u00fcqavil\u0259 davam edir.<\/p>\n<p>\u018fm\u0259k h\u00fcququ \u00fcmumiyy\u0259tl\u0259 \u00f6z\u0259l h\u00fcquq meyarlar\u0131n\u0131 ehtiva edir. Bunlardan ba\u015fqa i\u015f\u00e7il\u0259rin debitor borclar\u0131 da var. Bunun toplanmas\u0131 \u00fc\u00e7\u00fcn m\u0259hk\u0259m\u0259y\u0259 m\u00fcraci\u0259t etm\u0259d\u0259n vasit\u0259\u00e7ilik prosedurlar\u0131n\u0131n apar\u0131lmas\u0131 m\u0259cburidir.<\/p>\n<p>Bu kontekstd\u0259 g\u00fcz\u0259\u015ft\u0259 getm\u0259y\u0259 \u00e7al\u0131\u015f\u0131lmal\u0131d\u0131r. Lakin bu m\u00fcsb\u0259t n\u0259tic\u0259 verm\u0259s\u0259, m\u0259hk\u0259m\u0259y\u0259 veril\u0259 bil\u0259r. \u00dcmumiyy\u0259tl\u0259, m\u0259hk\u0259m\u0259 prosesinin m\u0259rh\u0259l\u0259l\u0259ri i\u015f yerind\u0259 m\u00f6vcud olan \u015fahidl\u0259r v\u0259 ya i\u015f yeri qeydl\u0259ri n\u0259z\u0259r\u0259 al\u0131nmaqla h\u0259yata ke\u00e7iril\u0259 bil\u0259r.<\/p>\n<p><strong>\u018fm\u0259k h\u00fcququnun \u0259sas prinsipl\u0259ri hans\u0131lard\u0131r?<\/strong><\/p>\n<p><strong>\u018fm\u0259k h\u00fcququnun \u0259sas anlay\u0131\u015flar\u0131 hans\u0131lard\u0131r <\/strong>kifay\u0259t q\u0259d\u0259r geni\u015fdir. \u0130\u015f\u00e7inin h\u00fcquqlar\u0131n\u0131 qorumaq \u00fc\u00e7\u00fcn \u018fm\u0259k Qanunu ortaya \u00e7\u0131xd\u0131. Bundan \u0259lav\u0259, sosial \u0259dal\u0259t v\u0259 sosial fayda kimi m\u0259qs\u0259dl\u0259ri d\u0259 var. Bunlar bir ne\u00e7\u0259 ba\u015fl\u0131q alt\u0131nda qrupla\u015fd\u0131r\u0131l\u0131b ki, bunlardan b\u0259zil\u0259ri i\u015f\u00e7inin m\u00fcdafi\u0259si, i\u015f\u00e7inin xeyrin\u0259 \u015f\u0259rh v\u0259 f\u0259hl\u0259 \u015f\u0259xsiyy\u0259tinin m\u00fc\u0259yy\u0259n edilm\u0259sidir.<\/p>\n<p>V\u0259 h\u0259m\u00e7inin <strong>4857 sayl\u0131 \u018fm\u0259k Qanunu<\/strong> 2-d\u0259. M\u0259qal\u0259d\u0259 i\u015f\u00e7i, i\u015f\u0259g\u00f6t\u00fcr\u0259n, i\u015f yeri, i\u015f m\u00fcnasib\u0259tl\u0259ri, i\u015f\u0259g\u00f6t\u00fcr\u0259n n\u00fcmay\u0259nd\u0259si, \u0259sas i\u015f\u0259g\u00f6t\u00fcr\u0259n-sub-i\u015f\u0259g\u00f6t\u00fcr\u0259n m\u00fcnasib\u0259tl\u0259ri kimi m\u00f6vzulara toxunulub. Esra Aslan H\u00fcquq B\u00fcrosunu ziyar\u0259t ed\u0259r\u0259k, \u0259m\u0259k h\u00fcququ il\u0259 ba\u011fl\u0131 daha \u0259trafl\u0131 m\u0259lumat \u0259ld\u0259 ed\u0259, etibarnam\u0259 ver\u0259r\u0259k, i\u015finizin \u0259n uy\u011fun \u015f\u0259rtl\u0259rl\u0259 izl\u0259nilm\u0259sini t\u0259min ed\u0259 bil\u0259rsiniz.<\/p>\n<\/div><\/div><\/div><\/div><div  class=\"bt_bb_column col-md-4 col-ms-12 bt_bb_align_left bt_bb_animation_fade_in animate bt_bb_icon_color_scheme_6 bt_bb_padding_normal bt_bb_animation_fade_in animate\"  data-width=\"4\"><div class=\"bt_bb_column_content bt_bb_vertical_align_top\"><div class=\"bt_bb_column_content_inner\"><header class=\"bt_bb_headline bt_bb_color_scheme_14 bt_bb_dash_none bt_bb_size_normal bt_bb_align_inherit\" style=\"; --primary-color:#343b57; --secondary-color:#367eb5;\" data-bt-override-class=\"{&quot;bt_bb_align_&quot;:{&quot;current_class&quot;:&quot;bt_bb_align_inherit&quot;,&quot;xxl&quot;:&quot;inherit&quot;,&quot;xl&quot;:&quot;inherit&quot;}}\"><h5 class=\"bt_bb_headline_tag\"><span class=\"bt_bb_headline_content\"><span>Di\u011fer Hizmetlerimiz<\/span><\/span><\/h5><\/header><div class=\"bt_bb_separator bt_bb_border_style_none bt_bb_bottom_spacing_small\" data-bt-override-class=\"null\"><\/div><div class=\"bt_bb_link\"><a href=\"http:\/\/esraaslanlaw.com\/aile-hukuku\/\" target=\"_self\" class=\"bt_bb_link_content\" title=\"Ail\u0259 h\u00fcququ\"><span class=\"bt_bb_link_text\">Ail\u0259 h\u00fcququ<\/span><\/a><\/div><div class=\"bt_bb_separator bt_bb_border_style_none\" data-bt-override-class=\"null\"><\/div><div class=\"bt_bb_link\"><a href=\"http:\/\/esraaslanlaw.com\/ceza-hukuku\/\" target=\"_self\" class=\"bt_bb_link_content\" title=\"Cinay\u0259t h\u00fcququ\"><span class=\"bt_bb_link_text\">Cinay\u0259t h\u00fcququ<\/span><\/a><\/div><div class=\"bt_bb_separator bt_bb_border_style_none\" data-bt-override-class=\"null\"><\/div><div class=\"bt_bb_link\"><a href=\"http:\/\/esraaslanlaw.com\/gayrimenkul-hukuku\/\" target=\"_self\" class=\"bt_bb_link_content\" title=\"Da\u015f\u0131nmaz \u018fmlak Qanunu\"><span class=\"bt_bb_link_text\">Da\u015f\u0131nmaz \u018fmlak Qanunu<\/span><\/a><\/div><div class=\"bt_bb_separator bt_bb_border_style_none\" data-bt-override-class=\"null\"><\/div><div class=\"bt_bb_link\"><a href=\"http:\/\/esraaslanlaw.com\/idare-hukuku\/\" target=\"_self\" class=\"bt_bb_link_content\" title=\"\u0130nzibati h\u00fcquq\"><span class=\"bt_bb_link_text\">\u0130nzibati h\u00fcquq<\/span><\/a><\/div><div class=\"bt_bb_separator bt_bb_border_style_none\" data-bt-override-class=\"null\"><\/div><div class=\"bt_bb_link\"><a href=\"http:\/\/esraaslanlaw.com\/is-hukuku\/\" target=\"_self\" class=\"bt_bb_link_content\" title=\"Biznes qanunu\"><span class=\"bt_bb_link_text\">Biznes qanunu<\/span><\/a><\/div><div class=\"bt_bb_separator bt_bb_border_style_none\" data-bt-override-class=\"null\"><\/div><div class=\"bt_bb_link\"><a href=\"http:\/\/esraaslanlaw.com\/miras-hukuku\/\" target=\"_self\" class=\"bt_bb_link_content\" title=\"V\u0259r\u0259s\u0259lik h\u00fcququ\"><span class=\"bt_bb_link_text\">V\u0259r\u0259s\u0259lik h\u00fcququ<\/span><\/a><\/div><div class=\"bt_bb_separator bt_bb_border_style_none\" data-bt-override-class=\"null\"><\/div><div class=\"bt_bb_link\"><a href=\"http:\/\/esraaslanlaw.com\/sigorta-ve-tazminat-hukuku\/\" target=\"_self\" class=\"bt_bb_link_content\" title=\"S\u0131\u011forta v\u0259 Kompensasiyalar Qanunu\"><span class=\"bt_bb_link_text\">S\u0131\u011forta v\u0259 Kompensasiyalar Qanunu<\/span><\/a><\/div><div class=\"bt_bb_separator bt_bb_border_style_none\" data-bt-override-class=\"null\"><\/div><div class=\"bt_bb_link\"><a href=\"http:\/\/esraaslanlaw.com\/ticaret-hukuku\/\" target=\"_self\" class=\"bt_bb_link_content\" title=\"ticar\u0259t h\u00fcququ\"><span class=\"bt_bb_link_text\">ticar\u0259t h\u00fcququ<\/span><\/a><\/div><div class=\"bt_bb_separator bt_bb_border_style_none\" data-bt-override-class=\"null\"><\/div><\/div><\/div><\/div><\/div><\/div><\/div><!-- cell_inner --><\/div><!-- cell --><\/div><!-- port --><\/section>","protected":false},"excerpt":{"rendered":"","protected":false},"author":1,"featured_media":0,"parent":0,"menu_order":0,"comment_status":"closed","ping_status":"closed","template":"","meta":[],"yoast_head":"<!-- This site is optimized with the Yoast SEO plugin v20.12 - https:\/\/yoast.com\/wordpress\/plugins\/seo\/ -->\n<title>Biznes qanunu - Avukat Esra Aslan<\/title>\n<meta name=\"robots\" content=\"index, follow, max-snippet:-1, max-image-preview:large, max-video-preview:-1\" \/>\n<link rel=\"canonical\" href=\"https:\/\/esraaslanlaw.com\/az\/biznes-qanunu\/\" \/>\n<meta property=\"og:locale\" content=\"az_AZ\" \/>\n<meta property=\"og:type\" content=\"article\" \/>\n<meta property=\"og:title\" content=\"Biznes qanunu - Avukat Esra Aslan\" \/>\n<meta property=\"og:url\" content=\"https:\/\/esraaslanlaw.com\/az\/biznes-qanunu\/\" \/>\n<meta property=\"og:site_name\" content=\"Avukat Esra Aslan\" \/>\n<meta property=\"article:modified_time\" content=\"2023-07-05T08:38:14+00:00\" \/>\n<meta name=\"twitter:card\" content=\"summary_large_image\" \/>\n<meta name=\"twitter:label1\" content=\"Est. reading time\" \/>\n\t<meta name=\"twitter:data1\" content=\"13 minutes\" \/>\n<script type=\"application\/ld+json\" class=\"yoast-schema-graph\">{\"@context\":\"https:\/\/schema.org\",\"@graph\":[{\"@type\":\"WebPage\",\"@id\":\"https:\/\/esraaslanlaw.com\/az\/biznes-qanunu\/\",\"url\":\"https:\/\/esraaslanlaw.com\/az\/biznes-qanunu\/\",\"name\":\"Biznes qanunu - Avukat Esra Aslan\",\"isPartOf\":{\"@id\":\"https:\/\/esraaslanlaw.com\/#website\"},\"datePublished\":\"2022-07-07T12:09:26+00:00\",\"dateModified\":\"2023-07-05T08:38:14+00:00\",\"breadcrumb\":{\"@id\":\"https:\/\/esraaslanlaw.com\/az\/biznes-qanunu\/#breadcrumb\"},\"inLanguage\":\"az\",\"potentialAction\":[{\"@type\":\"ReadAction\",\"target\":[\"https:\/\/esraaslanlaw.com\/az\/biznes-qanunu\/\"]}]},{\"@type\":\"BreadcrumbList\",\"@id\":\"https:\/\/esraaslanlaw.com\/az\/biznes-qanunu\/#breadcrumb\",\"itemListElement\":[{\"@type\":\"ListItem\",\"position\":1,\"name\":\"Anasayfa\",\"item\":\"https:\/\/esraaslanlaw.com\/az\/\"},{\"@type\":\"ListItem\",\"position\":2,\"name\":\"Biznes qanunu\"}]},{\"@type\":\"WebSite\",\"@id\":\"https:\/\/esraaslanlaw.com\/#website\",\"url\":\"https:\/\/esraaslanlaw.com\/\",\"name\":\"Avukat Esra Aslan\",\"description\":\"\",\"publisher\":{\"@id\":\"https:\/\/esraaslanlaw.com\/#organization\"},\"potentialAction\":[{\"@type\":\"SearchAction\",\"target\":{\"@type\":\"EntryPoint\",\"urlTemplate\":\"https:\/\/esraaslanlaw.com\/?s={search_term_string}\"},\"query-input\":\"required name=search_term_string\"}],\"inLanguage\":\"az\"},{\"@type\":\"Organization\",\"@id\":\"https:\/\/esraaslanlaw.com\/#organization\",\"name\":\"Avukat Esra Aslan\",\"url\":\"https:\/\/esraaslanlaw.com\/\",\"logo\":{\"@type\":\"ImageObject\",\"inLanguage\":\"az\",\"@id\":\"https:\/\/esraaslanlaw.com\/#\/schema\/logo\/image\/\",\"url\":\"http:\/\/esraaslanlaw.com\/wp-content\/uploads\/2022\/12\/logo-aslan-demir-hukuk.png\",\"contentUrl\":\"http:\/\/esraaslanlaw.com\/wp-content\/uploads\/2022\/12\/logo-aslan-demir-hukuk.png\",\"width\":531,\"height\":190,\"caption\":\"Avukat Esra Aslan\"},\"image\":{\"@id\":\"https:\/\/esraaslanlaw.com\/#\/schema\/logo\/image\/\"}}]}<\/script>\n<!-- \/ Yoast SEO plugin. -->","yoast_head_json":{"title":"Biznes qanunu - Avukat Esra Aslan","robots":{"index":"index","follow":"follow","max-snippet":"max-snippet:-1","max-image-preview":"max-image-preview:large","max-video-preview":"max-video-preview:-1"},"canonical":"https:\/\/esraaslanlaw.com\/az\/biznes-qanunu\/","og_locale":"az_AZ","og_type":"article","og_title":"Biznes qanunu - Avukat Esra Aslan","og_url":"https:\/\/esraaslanlaw.com\/az\/biznes-qanunu\/","og_site_name":"Avukat Esra Aslan","article_modified_time":"2023-07-05T08:38:14+00:00","twitter_card":"summary_large_image","twitter_misc":{"Est. reading time":"13 minutes"},"schema":{"@context":"https:\/\/schema.org","@graph":[{"@type":"WebPage","@id":"https:\/\/esraaslanlaw.com\/az\/biznes-qanunu\/","url":"https:\/\/esraaslanlaw.com\/az\/biznes-qanunu\/","name":"Biznes qanunu - Avukat Esra Aslan","isPartOf":{"@id":"https:\/\/esraaslanlaw.com\/#website"},"datePublished":"2022-07-07T12:09:26+00:00","dateModified":"2023-07-05T08:38:14+00:00","breadcrumb":{"@id":"https:\/\/esraaslanlaw.com\/az\/biznes-qanunu\/#breadcrumb"},"inLanguage":"az","potentialAction":[{"@type":"ReadAction","target":["https:\/\/esraaslanlaw.com\/az\/biznes-qanunu\/"]}]},{"@type":"BreadcrumbList","@id":"https:\/\/esraaslanlaw.com\/az\/biznes-qanunu\/#breadcrumb","itemListElement":[{"@type":"ListItem","position":1,"name":"Anasayfa","item":"https:\/\/esraaslanlaw.com\/az\/"},{"@type":"ListItem","position":2,"name":"Biznes qanunu"}]},{"@type":"WebSite","@id":"https:\/\/esraaslanlaw.com\/#website","url":"https:\/\/esraaslanlaw.com\/","name":"Avukat Esra Aslan","description":"","publisher":{"@id":"https:\/\/esraaslanlaw.com\/#organization"},"potentialAction":[{"@type":"SearchAction","target":{"@type":"EntryPoint","urlTemplate":"https:\/\/esraaslanlaw.com\/?s={search_term_string}"},"query-input":"required name=search_term_string"}],"inLanguage":"az"},{"@type":"Organization","@id":"https:\/\/esraaslanlaw.com\/#organization","name":"Avukat Esra Aslan","url":"https:\/\/esraaslanlaw.com\/","logo":{"@type":"ImageObject","inLanguage":"az","@id":"https:\/\/esraaslanlaw.com\/#\/schema\/logo\/image\/","url":"http:\/\/esraaslanlaw.com\/wp-content\/uploads\/2022\/12\/logo-aslan-demir-hukuk.png","contentUrl":"http:\/\/esraaslanlaw.com\/wp-content\/uploads\/2022\/12\/logo-aslan-demir-hukuk.png","width":531,"height":190,"caption":"Avukat Esra Aslan"},"image":{"@id":"https:\/\/esraaslanlaw.com\/#\/schema\/logo\/image\/"}}]}},"_links":{"self":[{"href":"https:\/\/esraaslanlaw.com\/az\/wp-json\/wp\/v2\/pages\/6621"}],"collection":[{"href":"https:\/\/esraaslanlaw.com\/az\/wp-json\/wp\/v2\/pages"}],"about":[{"href":"https:\/\/esraaslanlaw.com\/az\/wp-json\/wp\/v2\/types\/page"}],"author":[{"embeddable":true,"href":"https:\/\/esraaslanlaw.com\/az\/wp-json\/wp\/v2\/users\/1"}],"replies":[{"embeddable":true,"href":"https:\/\/esraaslanlaw.com\/az\/wp-json\/wp\/v2\/comments?post=6621"}],"version-history":[{"count":1,"href":"https:\/\/esraaslanlaw.com\/az\/wp-json\/wp\/v2\/pages\/6621\/revisions"}],"predecessor-version":[{"id":6622,"href":"https:\/\/esraaslanlaw.com\/az\/wp-json\/wp\/v2\/pages\/6621\/revisions\/6622"}],"wp:attachment":[{"href":"https:\/\/esraaslanlaw.com\/az\/wp-json\/wp\/v2\/media?parent=6621"}],"curies":[{"name":"wp","href":"https:\/\/api.w.org\/{rel}","templated":true}]}}