{"id":6617,"date":"2023-01-10T06:00:03","date_gmt":"2023-01-10T06:00:03","guid":{"rendered":"https:\/\/esraaslanlaw.com\/inzibati-huquq\/"},"modified":"2023-07-05T08:21:40","modified_gmt":"2023-07-05T08:21:40","slug":"inzibati-huquq","status":"publish","type":"page","link":"https:\/\/esraaslanlaw.com\/az\/inzibati-huquq\/","title":{"rendered":"\u0130nzibati h\u00fcquq"},"content":{"rendered":"<section id=\"bt_bb_section69f225a2c69eb\" class=\"bt_bb_section bt_bb_color_scheme_10 bt_bb_layout_boxed_1200 bt_bb_vertical_align_top bt_bb_top_spacing_large bt_bb_bottom_spacing_large\" style=\"; --section-primary-color:#ffffff; --section-secondary-color:#343b57;\" data-bt-override-class=\"null\"><div class=\"bt_bb_background_image_holder_wrapper\"><div class=\"bt_bb_background_image_holder btLazyLoadBackground\"  data-background_image_src=\"https:\/\/esraaslanlaw.com\/wp-content\/uploads\/2019\/10\/hero_about.jpg\" data-parallax-zoom-start=\"1\" data-parallax-zoom-end=\"1\" data-parallax-blur-start=\"0\" data-parallax-blur-end=\"0\" data-parallax-opacity-start=\"1\" data-parallax-opacity-end=\"1\" style=\" background-image: url(&#039;https:\/\/esraaslanlaw.com\/wp-content\/plugins\/bold-page-builder\/img\/blank.gif&#039;);\"><\/div><\/div><div class=\"bt_bb_port\"><div class=\"bt_bb_cell\"><div class=\"bt_bb_cell_inner\"><div class=\"bt_bb_row_wrapper\"><div  class=\"bt_bb_row\"  data-bt-override-class=\"{}\"><div  class=\"bt_bb_column col-md-12 col-ms-12 bt_bb_align_center bt_bb_animation_fade_in animate bt_bb_padding_normal bt_bb_animation_fade_in animate\"  data-width=\"12\"><div class=\"bt_bb_column_content bt_bb_vertical_align_top\"><div class=\"bt_bb_column_content_inner\"><div class=\"bt_bb_separator bt_bb_border_style_none bt_bb_bottom_spacing_medium bt_bb_hidden_xs bt_bb_hidden_ms bt_bb_hidden_sm\" data-bt-override-class=\"null\"><\/div><header class=\"bt_bb_headline bt_bb_color_scheme_6 bt_bb_dash_none bt_bb_size_extralarge bt_bb_align_inherit\" style=\"; --primary-color:#ffffff; --secondary-color:#367eb5;\" data-bt-override-class=\"{&quot;bt_bb_align_&quot;:{&quot;current_class&quot;:&quot;bt_bb_align_inherit&quot;,&quot;xxl&quot;:&quot;inherit&quot;,&quot;xl&quot;:&quot;inherit&quot;}}\"><h1 class=\"bt_bb_headline_tag\"><span class=\"bt_bb_headline_content\"><span>\u0130dare Hukuku<\/span><\/span><\/h1><\/header><div class=\"bt_bb_separator bt_bb_border_style_none bt_bb_bottom_spacing_normal bt_bb_hidden_xs bt_bb_hidden_ms bt_bb_hidden_sm\" data-bt-override-class=\"null\"><\/div><\/div><\/div><\/div><\/div><\/div><\/div><!-- cell_inner --><\/div><!-- cell --><\/div><!-- port --><\/section><section id=\"bt_bb_section69f225a2c72ab\" class=\"bt_bb_section bt_bb_layout_boxed_1200 bt_bb_vertical_align_top bt_bb_top_spacing_normal bt_bb_bottom_spacing_normal bt_bb_negative_margin_large\"  data-bt-override-class=\"null\"><div class=\"bt_bb_port\"><div class=\"bt_bb_cell\"><div class=\"bt_bb_cell_inner\"><div class=\"bt_bb_row_wrapper\"><div  class=\"bt_bb_row\"  data-bt-override-class=\"{}\"><div  class=\"bt_bb_column col-md-12 col-ms-12 bt_bb_align_left bt_bb_padding_normal\"  data-width=\"12\"><div class=\"bt_bb_column_content bt_bb_vertical_align_top\"><div class=\"bt_bb_column_content_inner\"><div class=\"bt_bb_separator bt_bb_border_style_none bt_bb_bottom_spacing_large bt_bb_hidden_xs bt_bb_hidden_ms bt_bb_hidden_sm\" data-bt-override-class=\"null\"><\/div><\/div><\/div><\/div><\/div><\/div><div class=\"bt_bb_row_wrapper\"><div  class=\"bt_bb_row bt_bb_layout_special btOverlapLeft\"  data-bt-override-class=\"{}\"><div  class=\"bt_bb_column col-md-8 col-ms-12 bt_bb_align_left bt_bb_animation_fade_in animate bt_bb_padding_normal bt_bb_animation_fade_in animate\"  data-width=\"8\"><div class=\"bt_bb_column_content bt_bb_vertical_align_top\"><div class=\"bt_bb_column_content_inner\"><div class=\"bt_bb_separator bt_bb_border_style_none bt_bb_bottom_spacing_normal\" data-bt-override-class=\"null\"><\/div><div  class=\"bt_bb_text\" ><p><strong>\u0130nzibati h\u00fcquq<\/strong>,D\u00f6vl\u0259t qurumlar\u0131n\u0131n idar\u0259 edilm\u0259sini v\u0259 f\u0259aliyy\u0259tini t\u0259nziml\u0259y\u0259n h\u00fcquq sah\u0259sidir v\u0259 buna g\u00f6r\u0259 d\u0259 vacibdir. \u0130nzibati h\u00fcquq d\u00f6vl\u0259t orqanlar\u0131n\u0131n idar\u0259 edilm\u0259sini v\u0259 f\u0259aliyy\u0259tini t\u0259nziml\u0259yir. M\u0259s\u0259l\u0259n, inzibati h\u00fcquq d\u00f6vl\u0259t qurumlar\u0131n\u0131n nec\u0259 idar\u0259 olundu\u011funu, onlar\u0131n pulu nec\u0259 x\u0259rcl\u0259diyini, kadrlar\u0131 nec\u0259 i\u015f\u0259 g\u00f6t\u00fcrd\u00fcy\u00fcn\u00fc v\u0259 nec\u0259 f\u0259aliyy\u0259t g\u00f6st\u0259rdiyini t\u0259nziml\u0259yir. Bununla da d\u00f6vl\u0259t qurumlar\u0131n\u0131n f\u0259aliyy\u0259ti \u0259dal\u0259tli v\u0259 nizaml\u0131 \u015f\u0259kild\u0259 h\u0259yata ke\u00e7irilir.<\/p>\n<p><strong>\u0130nzibati h\u00fcquq<\/strong>, O, m\u00fch\u00fcm h\u00fcquq sah\u0259sidir v\u0259 d\u00f6vl\u0259t qurumlar\u0131n\u0131n idar\u0259 edilm\u0259sini v\u0259 f\u0259aliyy\u0259tini t\u0259nziml\u0259yir. \u0130nzibati h\u00fcquq d\u00f6vl\u0259t orqanlar\u0131 t\u0259r\u0259find\u0259n apar\u0131lan \u0259m\u0259liyyatlar\u0131n qanuniliyin\u0259 d\u0259 n\u0259zar\u0259t edir v\u0259 \u0259g\u0259r \u0259m\u0259liyyat qanunsuzdursa, onu qanunil\u0259\u015fdirm\u0259y\u0259 \u00e7al\u0131\u015f\u0131r. Bununla da d\u00f6vl\u0259t qurumlar\u0131n\u0131n f\u0259aliyy\u0259ti \u0259dal\u0259tli v\u0259 nizam-intizamla h\u0259yata ke\u00e7irilir, qanuni nizam v\u0259 \u0259dal\u0259t t\u0259min edilir.<\/p>\n<h2>\u0130nzibati h\u00fcquq x\u00fcsusiyy\u0259tl\u0259ri<\/h2>\n<p>\u0130nzibati h\u00fcquq d\u00f6vl\u0259t qurumlar\u0131n\u0131n idar\u0259 edilm\u0259sini v\u0259 f\u0259aliyy\u0259tini t\u0259nziml\u0259y\u0259n h\u00fcquq sah\u0259sidir v\u0259 buna g\u00f6r\u0259 d\u0259 vacibdir. \u0130nzibati h\u00fcquq b\u0259zi x\u00fcsusiyy\u0259tl\u0259ri olan bir h\u00fcquq sah\u0259sidir v\u0259 bu x\u00fcsusiyy\u0259tl\u0259r a\u015fa\u011f\u0131dak\u0131lard\u0131r:<\/p>\n<ul>\n<li>\u015e\u0259xsi h\u00fcquqla ayr\u0131lm\u0131\u015fd\u0131r. \u0130nzibati h\u00fcquq \u00f6z\u0259l h\u00fcquqdan ayr\u0131laraq d\u00f6vl\u0259t orqanlar\u0131n\u0131n idar\u0259 edilm\u0259sini v\u0259 f\u0259aliyy\u0259tini t\u0259nziml\u0259yir. \u015e\u0259xsi h\u00fcquq is\u0259 f\u0259rdi \u015f\u0259xsl\u0259r aras\u0131nda h\u00fcquqi \u0259m\u0259liyyatlar\u0131 t\u0259nziml\u0259yir.<\/li>\n<li>F\u0259rdil\u0259\u015fdirm\u0259 yoxdur. \u0130nzibati h\u00fcquq \u00f6z\u0259l h\u00fcquq kimi \u00f6z\u0259ll\u0259\u015fdiril\u0259 bilm\u0259z. X\u00fcsusi h\u00fcquqda oldu\u011fu kimi, inzibati h\u00fcquq m\u0259s\u0259l\u0259l\u0259rind\u0259 d\u0259 x\u00fcsusi h\u00fcquq normalar\u0131 t\u0259tbiq edil\u0259 bilm\u0259z.<\/li>\n<li>X\u00fcsusi h\u00fcquq normalar\u0131n\u0131n t\u0259tbiqi. \u0130nzibati h\u00fcquqa \u00f6z\u0259l h\u00fcquq normalar\u0131 daxildir, ona g\u00f6r\u0259 d\u0259 x\u00fcsusi h\u00fcquq normalar\u0131 da inzibati h\u00fcququn \u0259hat\u0259 dair\u0259sin\u0259 daxildir.<\/li>\n<li>\u0130nzibati h\u00fcquq m\u00fcst\u0259qil h\u00fcquq sah\u0259sidir.<\/li>\n<li>\u0130nzibati h\u00fcququn m\u0259qs\u0259di ictimai m\u0259nafeyi qorumaqd\u0131r.<\/li>\n<li>Bu h\u00fcquq sah\u0259si b\u0259rab\u0259rsizlik \u00fcz\u0259rind\u0259 qurulub.<\/li>\n<\/ul>\n<h2>\u0130nzibati H\u00fcquq Resurslar\u0131<\/h2>\n<p>\u0130nzibati h\u00fcquq d\u00f6vl\u0259t qurumlar\u0131n\u0131n idar\u0259 edilm\u0259sini v\u0259 f\u0259aliyy\u0259tini t\u0259nziml\u0259y\u0259n h\u00fcquq sah\u0259sidir v\u0259 buna g\u00f6r\u0259 d\u0259 vacibdir. \u0130nzibati h\u00fcquq m\u00fc\u0259yy\u0259n resurslara malik h\u00fcquq sah\u0259sidir v\u0259 bu resurslar a\u015fa\u011f\u0131dak\u0131lard\u0131r:<\/p>\n<ol>\n<li><strong>Konstitusiya<\/strong>: Konstitusiya inzibati h\u00fcquq \u00fc\u00e7\u00fcn \u0259n m\u00fch\u00fcm m\u0259nb\u0259dir v\u0259 inzibati h\u00fcquq m\u0259s\u0259l\u0259l\u0259rind\u0259 konstitusiya m\u00fcdd\u0259alar\u0131 t\u0259tbiq edilir.<\/li>\n<li><strong>Qanunlar:<\/strong>Qanunlar inzibati h\u00fcquq \u00fc\u00e7\u00fcn m\u00fch\u00fcm m\u0259nb\u0259l\u0259rdir v\u0259 inzibati h\u00fcquq m\u0259s\u0259l\u0259l\u0259rind\u0259 h\u00fcquqi m\u00fcdd\u0259alar t\u0259tbiq edilir.<\/li>\n<li><strong>Qaydalar:<\/strong> \u018fsasnam\u0259l\u0259r inzibati h\u00fcquq \u00fc\u00e7\u00fcn m\u00fch\u00fcm m\u0259nb\u0259l\u0259rdir v\u0259 inzibati h\u00fcquq m\u0259s\u0259l\u0259l\u0259rind\u0259 t\u0259nziml\u0259m\u0259 m\u00fcdd\u0259alar\u0131 t\u0259tbiq edilir.<\/li>\n<li><strong>Nizamnam\u0259:<\/strong> Nizamnam\u0259l\u0259r inzibati h\u00fcquq \u00fc\u00e7\u00fcn m\u00fch\u00fcm m\u0259nb\u0259l\u0259rdir v\u0259 nizamnam\u0259nin m\u00fcdd\u0259alar\u0131 inzibati h\u00fcquq m\u0259s\u0259l\u0259l\u0259rind\u0259 t\u0259tbiq edilir.<\/li>\n<li><strong>\u0130nzibati m\u0259hk\u0259m\u0259 q\u0259rarlar\u0131:<\/strong>\u0130nzibati m\u0259hk\u0259m\u0259 q\u0259rarlar\u0131 inzibati h\u00fcquq \u00fc\u00e7\u00fcn m\u00fch\u00fcm m\u0259nb\u0259l\u0259rdir v\u0259 inzibati h\u00fcquq m\u0259s\u0259l\u0259l\u0259rind\u0259 inzibati m\u0259hk\u0259m\u0259 q\u0259rarlar\u0131 t\u0259tbiq edilir.<\/li>\n<li><strong>Beyn\u0259lxalq m\u00fcqavil\u0259l\u0259r:<\/strong> Beyn\u0259lxalq m\u00fcqavil\u0259l\u0259r inzibati h\u00fcquq \u00fc\u00e7\u00fcn m\u00fch\u00fcm m\u0259nb\u0259l\u0259rdir v\u0259 inzibati h\u00fcquq m\u0259s\u0259l\u0259l\u0259rind\u0259 beyn\u0259lxalq m\u00fcqavil\u0259l\u0259r t\u0259tbiq olunur.<\/li>\n<li><strong>\u0130nzibati h\u00fcquq \u0259d\u0259biyyat\u0131:<\/strong> \u0130nzibati h\u00fcquq \u0259d\u0259biyyat\u0131 inzibati h\u00fcquq \u00fc\u00e7\u00fcn m\u00fch\u00fcm m\u0259nb\u0259dir v\u0259 inzibati h\u00fcquq m\u0259s\u0259l\u0259l\u0259rind\u0259 inzibati h\u00fcquq \u0259d\u0259biyyat\u0131ndan istifad\u0259 olunur.<\/li>\n<\/ol>\n<p>Bu m\u0259nb\u0259l\u0259r inzibati h\u00fcquq \u00fc\u00e7\u00fcn m\u00fch\u00fcm m\u0259nb\u0259l\u0259rdir.<\/p>\n<h2>\u0130nzibati i\u015fl\u0259r \u00fczr\u0259 h\u00fcquq\u015f\u00fcnas<\/h2>\n<p><strong>\u0130nzibati i\u015fl\u0259r \u00fczr\u0259 h\u00fcquq\u015f\u00fcnas<\/strong>, O, inzibati h\u00fcquq m\u0259s\u0259l\u0259l\u0259ri \u00fczr\u0259 m\u0259sl\u0259h\u0259t v\u0259 m\u00fcdafi\u0259 xidm\u0259tl\u0259ri g\u00f6st\u0259r\u0259n h\u00fcquq\u015f\u00fcnasd\u0131r. \u0130nzibati h\u00fcquq \u00fczr\u0259 v\u0259kil d\u00f6vl\u0259t orqanlar\u0131na inzibati h\u00fcquq m\u0259s\u0259l\u0259l\u0259ri \u00fczr\u0259 m\u0259sl\u0259h\u0259t xidm\u0259tl\u0259ri g\u00f6st\u0259rir. Bununla da d\u00f6vl\u0259t qurumlar\u0131 inzibati h\u00fcquq m\u0259s\u0259l\u0259l\u0259rind\u0259 d\u00fczg\u00fcn q\u0259rarlar q\u0259bul edir v\u0259 qanuna uy\u011fun f\u0259aliyy\u0259t g\u00f6st\u0259rirl\u0259r. \u0130nzibati h\u00fcquq v\u0259kili h\u0259m\u00e7inin inzibati h\u00fcquq m\u0259s\u0259l\u0259l\u0259rind\u0259 m\u00fcdafi\u0259 xidm\u0259tl\u0259ri g\u00f6st\u0259rir. M\u0259s\u0259l\u0259n, inzibati h\u00fcquq \u00fczr\u0259 v\u0259kil inzibati h\u00fcquq m\u0259s\u0259l\u0259l\u0259ri \u00fczr\u0259 m\u0259hk\u0259m\u0259 i\u015fl\u0259rind\u0259 m\u00fcdafi\u0259 xidm\u0259tl\u0259ri g\u00f6st\u0259rir. Bununla da inzibati h\u00fcquq m\u0259s\u0259l\u0259l\u0259ri \u00fczr\u0259 h\u00fcquqi i\u015fl\u0259rd\u0259 \u0259dal\u0259tli n\u0259tic\u0259 \u0259ld\u0259 edilir.<\/p>\n<h2>\u0130nzibati yurisdiksiyada m\u0259hk\u0259m\u0259 \u00e7\u0259ki\u015fm\u0259l\u0259rinin n\u00f6vl\u0259ri<\/h2>\n<p>\u0130nzibati yurisdiksiyada olan i\u015fl\u0259rin n\u00f6vl\u0259ri inzibati yurisdiksiyada qald\u0131r\u0131lan m\u0259hk\u0259m\u0259 i\u015fl\u0259rinin n\u00f6vl\u0259rini m\u00fc\u0259yy\u0259n edir. \u0130nzibati m\u0259hk\u0259m\u0259 i\u015fl\u0259rinin n\u00f6vl\u0259ri bunlard\u0131r:<\/p>\n<ul>\n<li>\u0130nzibati h\u0259r\u0259k\u0259tl\u0259rin l\u0259\u011fv edilm\u0259sin\u0259 dair iddia: \u0130nzibati h\u0259r\u0259k\u0259tl\u0259rin l\u0259\u011fvi haqq\u0131nda iddia m\u00fcdiriyy\u0259tin h\u0259r\u0259k\u0259tl\u0259rinin qanuna uy\u011fun olub-olmamas\u0131n\u0131n yoxlan\u0131ld\u0131\u011f\u0131 hald\u0131r. M\u00fcdiriyy\u0259t t\u0259r\u0259find\u0259n edil\u0259n \u0259m\u0259liyyat qanuna uy\u011fun deyils\u0259, bu \u0259m\u0259liyyat l\u0259\u011fv edilir.<\/li>\n<li>H\u00fcquq-m\u00fchafiz\u0259 i\u015fi: H\u00fcquqi sanksiya i\u015fi administrasiyan\u0131n h\u0259r\u0259k\u0259tl\u0259rinin qanuna uy\u011fun olub-olmamas\u0131n\u0131n yoxlan\u0131ld\u0131\u011f\u0131 hald\u0131r. \u018fg\u0259r administrasiyan\u0131n g\u00f6rd\u00fcy\u00fc t\u0259dbir qanuna uy\u011fun g\u0259lmirs\u0259, bu h\u0259r\u0259k\u0259t\u0259 sanksiya t\u0259tbiq olunacaq.<\/li>\n<li>\u0130nzibati c\u0259rim\u0259 i\u015fi:<\/li>\n<\/ul>\n<h2>\u0130nzibati M\u0259hk\u0259m\u0259 Q\u0259rar Sistemi n\u0259dir?<\/h2>\n<p>\u0130nzibati m\u0259hk\u0259m\u0259 inzibati h\u00fcquq m\u0259s\u0259l\u0259l\u0259ri \u00fczr\u0259 m\u0259hk\u0259m\u0259 i\u015fl\u0259rin\u0259 baxan m\u0259hk\u0259m\u0259 orqan\u0131d\u0131r.<\/p>\n<p>\u0130nzibati M\u0259hk\u0259m\u0259nin Q\u0259rar Sistemi a\u015fa\u011f\u0131dak\u0131 kimidir:<\/p>\n<ol>\n<li>\u0130ddia verilir: \u0130nzibati h\u00fcquq m\u0259s\u0259l\u0259l\u0259ri il\u0259 ba\u011fl\u0131 iddia qald\u0131r\u0131l\u0131r v\u0259 bu iddia \u0130nzibati M\u0259hk\u0259m\u0259y\u0259 g\u00f6nd\u0259rilir.<\/li>\n<li>\u0130\u015f\u0259 bax\u0131l\u0131r: \u0130\u015fin materiallar\u0131 \u0130nzibati M\u0259hk\u0259m\u0259d\u0259 ara\u015fd\u0131r\u0131l\u0131r v\u0259 t\u0259r\u0259fl\u0259rin m\u00fcdafi\u0259si dinl\u0259nilir.<\/li>\n<li>M\u0259hk\u0259m\u0259 q\u0259rar verir: \u0130nzibati m\u0259hk\u0259m\u0259 i\u015f \u00fczr\u0259 q\u0259rar q\u0259bul edir v\u0259 bu q\u0259rar t\u0259r\u0259fl\u0259r\u0259 bildirilir.<\/li>\n<li>Q\u0259rardan \u015fikay\u0259t veril\u0259 bil\u0259r: \u0130nzibati M\u0259hk\u0259m\u0259nin q\u0259rar\u0131ndan Dan\u0131\u015ftay, \u0130nzibati M\u0259hk\u0259m\u0259nin ali q\u0259rar\u0131ndan \u015fikay\u0259t veril\u0259 bil\u0259r.<\/li>\n<\/ol>\n<p>\u0130nzibati M\u0259hk\u0259m\u0259 Q\u0259rar Sistemi inzibati h\u00fcquq m\u0259s\u0259l\u0259l\u0259rin\u0259 dair m\u0259hk\u0259m\u0259 i\u015fl\u0259rin\u0259 baxan m\u0259hk\u0259m\u0259 orqan\u0131d\u0131r v\u0259 iddia qald\u0131r\u0131l\u0131r, i\u015fl\u0259r\u0259 bax\u0131l\u0131r, M\u0259hk\u0259m\u0259 q\u0259rar \u00e7\u0131xar\u0131r v\u0259 q\u0259rardan \u015fikay\u0259t veril\u0259 bil\u0259r. Bu m\u0259hk\u0259m\u0259 sistemi say\u0259sind\u0259 inzibati h\u00fcquq m\u0259s\u0259l\u0259l\u0259rind\u0259 \u0259dal\u0259tli m\u00fchakim\u0259 apar\u0131l\u0131r v\u0259 \u0259dal\u0259t t\u0259min edilir.<\/p>\n<h2>\u0130nzibati t\u0259dbirin elementl\u0259ri hans\u0131lard\u0131r?<\/h2>\n<p>\u0130nzibati t\u0259dbir administrasiya t\u0259r\u0259find\u0259n g\u00f6r\u00fcl\u0259n h\u00fcquqi t\u0259dbirdir v\u0259 inzibati h\u0259r\u0259k\u0259tl\u0259rin qanuna uy\u011fun olub-olmamas\u0131 yoxlan\u0131l\u0131r. \u0130nzibati h\u0259r\u0259k\u0259t\u0259 a\u015fa\u011f\u0131dak\u0131 elementl\u0259r daxildir:<\/p>\n<ol>\n<li>\u0130dar\u0259nin qurulmas\u0131: \u0130nzibati t\u0259dbir administrasiya t\u0259r\u0259find\u0259n h\u0259yata ke\u00e7iril\u0259n qanuni h\u0259r\u0259k\u0259tdir. M\u0259s\u0259l\u0259n, bir b\u0259l\u0259diyy\u0259nin qada\u011fa elan etm\u0259si inzibati t\u0259dbirdir.<\/li>\n<li>H\u00fcquqi xarakter: \u0130nzibati h\u0259r\u0259k\u0259t h\u00fcquqi xarakter da\u015f\u0131y\u0131r v\u0259 ona g\u00f6r\u0259 d\u0259 onun qanuna uy\u011fun olub-olmamas\u0131 ara\u015fd\u0131r\u0131l\u0131r.<\/li>\n<li>Qaydalar: \u0130nzibati t\u0259dbirl\u0259r nizamnam\u0259l\u0259r \u00e7\u0259r\u00e7iv\u0259sind\u0259 h\u0259yata ke\u00e7irilir v\u0259 bu qaydalar qanuna uy\u011fun olmal\u0131d\u0131r.<\/li>\n<li>Administrasiyan\u0131n s\u0259lahiyy\u0259tl\u0259ri: \u0130nzibati h\u0259r\u0259k\u0259tl\u0259r administrasiyan\u0131n qanuni s\u0259lahiyy\u0259tl\u0259ri \u00e7\u0259r\u00e7iv\u0259sind\u0259 h\u0259yata ke\u00e7irilir.<\/li>\n<li>H\u00fcquqi \u00e7\u0259r\u00e7iv\u0259: \u0130nzibati t\u0259dbirl\u0259r qanunvericilik \u00e7\u0259r\u00e7iv\u0259sind\u0259 h\u0259yata ke\u00e7irilir.<\/li>\n<\/ol>\n<\/div><\/div><\/div><\/div><div  class=\"bt_bb_column col-md-4 col-ms-12 bt_bb_align_left bt_bb_animation_fade_in animate bt_bb_icon_color_scheme_6 bt_bb_padding_normal bt_bb_animation_fade_in animate\"  data-width=\"4\"><div class=\"bt_bb_column_content bt_bb_vertical_align_top\"><div class=\"bt_bb_column_content_inner\"><header class=\"bt_bb_headline bt_bb_color_scheme_14 bt_bb_dash_none bt_bb_size_normal bt_bb_align_inherit\" style=\"; --primary-color:#343b57; --secondary-color:#367eb5;\" data-bt-override-class=\"{&quot;bt_bb_align_&quot;:{&quot;current_class&quot;:&quot;bt_bb_align_inherit&quot;,&quot;xxl&quot;:&quot;inherit&quot;,&quot;xl&quot;:&quot;inherit&quot;}}\"><h5 class=\"bt_bb_headline_tag\"><span class=\"bt_bb_headline_content\"><span>Di\u011fer Hizmetlerimiz<\/span><\/span><\/h5><\/header><div class=\"bt_bb_separator bt_bb_border_style_none bt_bb_bottom_spacing_small\" data-bt-override-class=\"null\"><\/div><div class=\"bt_bb_link\"><a href=\"http:\/\/esraaslanlaw.com\/aile-hukuku\/\" target=\"_self\" class=\"bt_bb_link_content\" title=\"Ail\u0259 h\u00fcququ\"><span class=\"bt_bb_link_text\">Ail\u0259 h\u00fcququ<\/span><\/a><\/div><div class=\"bt_bb_separator bt_bb_border_style_none\" data-bt-override-class=\"null\"><\/div><div class=\"bt_bb_link\"><a href=\"http:\/\/esraaslanlaw.com\/ceza-hukuku\/\" target=\"_self\" class=\"bt_bb_link_content\" title=\"Cinay\u0259t h\u00fcququ\"><span class=\"bt_bb_link_text\">Cinay\u0259t h\u00fcququ<\/span><\/a><\/div><div class=\"bt_bb_separator bt_bb_border_style_none\" data-bt-override-class=\"null\"><\/div><div class=\"bt_bb_link\"><a href=\"http:\/\/esraaslanlaw.com\/gayrimenkul-hukuku\/\" target=\"_self\" class=\"bt_bb_link_content\" title=\"Da\u015f\u0131nmaz \u018fmlak Qanunu\"><span class=\"bt_bb_link_text\">Da\u015f\u0131nmaz \u018fmlak Qanunu<\/span><\/a><\/div><div class=\"bt_bb_separator bt_bb_border_style_none\" data-bt-override-class=\"null\"><\/div><div class=\"bt_bb_link\"><a href=\"http:\/\/esraaslanlaw.com\/idare-hukuku\/\" target=\"_self\" class=\"bt_bb_link_content\" title=\"\u0130nzibati h\u00fcquq\"><span class=\"bt_bb_link_text\">\u0130nzibati h\u00fcquq<\/span><\/a><\/div><div class=\"bt_bb_separator bt_bb_border_style_none\" data-bt-override-class=\"null\"><\/div><div class=\"bt_bb_link\"><a href=\"http:\/\/esraaslanlaw.com\/is-hukuku\/\" target=\"_self\" class=\"bt_bb_link_content\" title=\"Biznes qanunu\"><span class=\"bt_bb_link_text\">Biznes qanunu<\/span><\/a><\/div><div class=\"bt_bb_separator bt_bb_border_style_none\" data-bt-override-class=\"null\"><\/div><div class=\"bt_bb_link\"><a href=\"http:\/\/esraaslanlaw.com\/miras-hukuku\/\" target=\"_self\" class=\"bt_bb_link_content\" title=\"V\u0259r\u0259s\u0259lik h\u00fcququ\"><span class=\"bt_bb_link_text\">V\u0259r\u0259s\u0259lik h\u00fcququ<\/span><\/a><\/div><div class=\"bt_bb_separator bt_bb_border_style_none\" data-bt-override-class=\"null\"><\/div><div class=\"bt_bb_link\"><a href=\"http:\/\/esraaslanlaw.com\/sigorta-ve-tazminat-hukuku\/\" target=\"_self\" class=\"bt_bb_link_content\" title=\"S\u0131\u011forta v\u0259 Kompensasiyalar Qanunu\"><span class=\"bt_bb_link_text\">S\u0131\u011forta v\u0259 Kompensasiyalar Qanunu<\/span><\/a><\/div><div class=\"bt_bb_separator bt_bb_border_style_none\" data-bt-override-class=\"null\"><\/div><div class=\"bt_bb_link\"><a href=\"http:\/\/esraaslanlaw.com\/ticaret-hukuku\/\" target=\"_self\" class=\"bt_bb_link_content\" title=\"ticar\u0259t h\u00fcququ\"><span class=\"bt_bb_link_text\">ticar\u0259t h\u00fcququ<\/span><\/a><\/div><div class=\"bt_bb_separator bt_bb_border_style_none\" data-bt-override-class=\"null\"><\/div><\/div><\/div><\/div><\/div><\/div><\/div><!-- cell_inner --><\/div><!-- cell --><\/div><!-- port --><\/section>","protected":false},"excerpt":{"rendered":"","protected":false},"author":1,"featured_media":0,"parent":0,"menu_order":0,"comment_status":"closed","ping_status":"closed","template":"","meta":[],"yoast_head":"<!-- This site is optimized with the Yoast SEO plugin v20.12 - https:\/\/yoast.com\/wordpress\/plugins\/seo\/ -->\n<title>\u0130nzibati h\u00fcquq - Avukat Esra Aslan<\/title>\n<meta name=\"robots\" content=\"index, follow, max-snippet:-1, max-image-preview:large, max-video-preview:-1\" \/>\n<link rel=\"canonical\" href=\"https:\/\/esraaslanlaw.com\/az\/inzibati-huquq\/\" \/>\n<meta property=\"og:locale\" content=\"az_AZ\" \/>\n<meta property=\"og:type\" content=\"article\" \/>\n<meta property=\"og:title\" content=\"\u0130nzibati h\u00fcquq - Avukat Esra Aslan\" \/>\n<meta property=\"og:url\" content=\"https:\/\/esraaslanlaw.com\/az\/inzibati-huquq\/\" \/>\n<meta property=\"og:site_name\" content=\"Avukat Esra Aslan\" \/>\n<meta property=\"article:modified_time\" content=\"2023-07-05T08:21:40+00:00\" \/>\n<meta name=\"twitter:card\" content=\"summary_large_image\" \/>\n<meta name=\"twitter:label1\" content=\"Est. reading time\" \/>\n\t<meta name=\"twitter:data1\" content=\"14 minutes\" \/>\n<script type=\"application\/ld+json\" class=\"yoast-schema-graph\">{\"@context\":\"https:\/\/schema.org\",\"@graph\":[{\"@type\":\"WebPage\",\"@id\":\"https:\/\/esraaslanlaw.com\/az\/inzibati-huquq\/\",\"url\":\"https:\/\/esraaslanlaw.com\/az\/inzibati-huquq\/\",\"name\":\"\u0130nzibati h\u00fcquq - Avukat Esra Aslan\",\"isPartOf\":{\"@id\":\"https:\/\/esraaslanlaw.com\/#website\"},\"datePublished\":\"2023-01-10T06:00:03+00:00\",\"dateModified\":\"2023-07-05T08:21:40+00:00\",\"breadcrumb\":{\"@id\":\"https:\/\/esraaslanlaw.com\/az\/inzibati-huquq\/#breadcrumb\"},\"inLanguage\":\"az\",\"potentialAction\":[{\"@type\":\"ReadAction\",\"target\":[\"https:\/\/esraaslanlaw.com\/az\/inzibati-huquq\/\"]}]},{\"@type\":\"BreadcrumbList\",\"@id\":\"https:\/\/esraaslanlaw.com\/az\/inzibati-huquq\/#breadcrumb\",\"itemListElement\":[{\"@type\":\"ListItem\",\"position\":1,\"name\":\"Anasayfa\",\"item\":\"https:\/\/esraaslanlaw.com\/az\/\"},{\"@type\":\"ListItem\",\"position\":2,\"name\":\"\u0130nzibati h\u00fcquq\"}]},{\"@type\":\"WebSite\",\"@id\":\"https:\/\/esraaslanlaw.com\/#website\",\"url\":\"https:\/\/esraaslanlaw.com\/\",\"name\":\"Avukat Esra Aslan\",\"description\":\"\",\"publisher\":{\"@id\":\"https:\/\/esraaslanlaw.com\/#organization\"},\"potentialAction\":[{\"@type\":\"SearchAction\",\"target\":{\"@type\":\"EntryPoint\",\"urlTemplate\":\"https:\/\/esraaslanlaw.com\/?s={search_term_string}\"},\"query-input\":\"required name=search_term_string\"}],\"inLanguage\":\"az\"},{\"@type\":\"Organization\",\"@id\":\"https:\/\/esraaslanlaw.com\/#organization\",\"name\":\"Avukat Esra Aslan\",\"url\":\"https:\/\/esraaslanlaw.com\/\",\"logo\":{\"@type\":\"ImageObject\",\"inLanguage\":\"az\",\"@id\":\"https:\/\/esraaslanlaw.com\/#\/schema\/logo\/image\/\",\"url\":\"http:\/\/esraaslanlaw.com\/wp-content\/uploads\/2022\/12\/logo-aslan-demir-hukuk.png\",\"contentUrl\":\"http:\/\/esraaslanlaw.com\/wp-content\/uploads\/2022\/12\/logo-aslan-demir-hukuk.png\",\"width\":531,\"height\":190,\"caption\":\"Avukat Esra Aslan\"},\"image\":{\"@id\":\"https:\/\/esraaslanlaw.com\/#\/schema\/logo\/image\/\"}}]}<\/script>\n<!-- \/ Yoast SEO plugin. -->","yoast_head_json":{"title":"\u0130nzibati h\u00fcquq - Avukat Esra Aslan","robots":{"index":"index","follow":"follow","max-snippet":"max-snippet:-1","max-image-preview":"max-image-preview:large","max-video-preview":"max-video-preview:-1"},"canonical":"https:\/\/esraaslanlaw.com\/az\/inzibati-huquq\/","og_locale":"az_AZ","og_type":"article","og_title":"\u0130nzibati h\u00fcquq - Avukat Esra Aslan","og_url":"https:\/\/esraaslanlaw.com\/az\/inzibati-huquq\/","og_site_name":"Avukat Esra Aslan","article_modified_time":"2023-07-05T08:21:40+00:00","twitter_card":"summary_large_image","twitter_misc":{"Est. reading time":"14 minutes"},"schema":{"@context":"https:\/\/schema.org","@graph":[{"@type":"WebPage","@id":"https:\/\/esraaslanlaw.com\/az\/inzibati-huquq\/","url":"https:\/\/esraaslanlaw.com\/az\/inzibati-huquq\/","name":"\u0130nzibati h\u00fcquq - Avukat Esra Aslan","isPartOf":{"@id":"https:\/\/esraaslanlaw.com\/#website"},"datePublished":"2023-01-10T06:00:03+00:00","dateModified":"2023-07-05T08:21:40+00:00","breadcrumb":{"@id":"https:\/\/esraaslanlaw.com\/az\/inzibati-huquq\/#breadcrumb"},"inLanguage":"az","potentialAction":[{"@type":"ReadAction","target":["https:\/\/esraaslanlaw.com\/az\/inzibati-huquq\/"]}]},{"@type":"BreadcrumbList","@id":"https:\/\/esraaslanlaw.com\/az\/inzibati-huquq\/#breadcrumb","itemListElement":[{"@type":"ListItem","position":1,"name":"Anasayfa","item":"https:\/\/esraaslanlaw.com\/az\/"},{"@type":"ListItem","position":2,"name":"\u0130nzibati h\u00fcquq"}]},{"@type":"WebSite","@id":"https:\/\/esraaslanlaw.com\/#website","url":"https:\/\/esraaslanlaw.com\/","name":"Avukat Esra Aslan","description":"","publisher":{"@id":"https:\/\/esraaslanlaw.com\/#organization"},"potentialAction":[{"@type":"SearchAction","target":{"@type":"EntryPoint","urlTemplate":"https:\/\/esraaslanlaw.com\/?s={search_term_string}"},"query-input":"required name=search_term_string"}],"inLanguage":"az"},{"@type":"Organization","@id":"https:\/\/esraaslanlaw.com\/#organization","name":"Avukat Esra Aslan","url":"https:\/\/esraaslanlaw.com\/","logo":{"@type":"ImageObject","inLanguage":"az","@id":"https:\/\/esraaslanlaw.com\/#\/schema\/logo\/image\/","url":"http:\/\/esraaslanlaw.com\/wp-content\/uploads\/2022\/12\/logo-aslan-demir-hukuk.png","contentUrl":"http:\/\/esraaslanlaw.com\/wp-content\/uploads\/2022\/12\/logo-aslan-demir-hukuk.png","width":531,"height":190,"caption":"Avukat Esra Aslan"},"image":{"@id":"https:\/\/esraaslanlaw.com\/#\/schema\/logo\/image\/"}}]}},"_links":{"self":[{"href":"https:\/\/esraaslanlaw.com\/az\/wp-json\/wp\/v2\/pages\/6617"}],"collection":[{"href":"https:\/\/esraaslanlaw.com\/az\/wp-json\/wp\/v2\/pages"}],"about":[{"href":"https:\/\/esraaslanlaw.com\/az\/wp-json\/wp\/v2\/types\/page"}],"author":[{"embeddable":true,"href":"https:\/\/esraaslanlaw.com\/az\/wp-json\/wp\/v2\/users\/1"}],"replies":[{"embeddable":true,"href":"https:\/\/esraaslanlaw.com\/az\/wp-json\/wp\/v2\/comments?post=6617"}],"version-history":[{"count":1,"href":"https:\/\/esraaslanlaw.com\/az\/wp-json\/wp\/v2\/pages\/6617\/revisions"}],"predecessor-version":[{"id":6618,"href":"https:\/\/esraaslanlaw.com\/az\/wp-json\/wp\/v2\/pages\/6617\/revisions\/6618"}],"wp:attachment":[{"href":"https:\/\/esraaslanlaw.com\/az\/wp-json\/wp\/v2\/media?parent=6617"}],"curies":[{"name":"wp","href":"https:\/\/api.w.org\/{rel}","templated":true}]}}