{"id":6613,"date":"2018-09-10T12:47:51","date_gmt":"2018-09-10T12:47:51","guid":{"rendered":"https:\/\/esraaslanlaw.com\/bizim-haqqimizda\/"},"modified":"2023-07-05T08:12:11","modified_gmt":"2023-07-05T08:12:11","slug":"bizim-haqqimizda","status":"publish","type":"page","link":"https:\/\/esraaslanlaw.com\/az\/bizim-haqqimizda\/","title":{"rendered":"Bizim Haqq\u0131m\u0131zda"},"content":{"rendered":"<section id=\"bt_bb_section69e4cb2c9198f\" class=\"bt_bb_section bt_bb_layout_wide bt_bb_vertical_align_top bt_bb_top_spacing_large bt_bb_bottom_spacing_large\"  data-bt-override-class=\"null\"><div class=\"bt_bb_background_image_holder_wrapper\"><div class=\"bt_bb_background_image_holder btLazyLoadBackground bt_bb_parallax\"  data-background_image_src=\"https:\/\/esraaslanlaw.com\/wp-content\/uploads\/2019\/10\/hero_about.jpg\" data-parallax=\"0.7\" data-parallax-offset=\"0\" data-parallax-zoom-start=\"1\" data-parallax-zoom-end=\"1\" data-parallax-blur-start=\"0\" data-parallax-blur-end=\"0\" data-parallax-opacity-start=\"1\" data-parallax-opacity-end=\"1\" style=\" background-image: url(&#039;https:\/\/esraaslanlaw.com\/wp-content\/plugins\/bold-page-builder\/img\/blank.gif&#039;);\"><\/div><\/div><div class=\"bt_bb_port\"><div class=\"bt_bb_cell\"><div class=\"bt_bb_cell_inner\"><div class=\"bt_bb_row_wrapper\"><div  class=\"bt_bb_row\"  data-bt-override-class=\"{}\"><div  class=\"bt_bb_column col-md-12 col-ms-12 bt_bb_align_center bt_bb_animation_fade_in animate bt_bb_padding_normal bt_bb_animation_fade_in animate\"  data-width=\"12\"><div class=\"bt_bb_column_content bt_bb_vertical_align_top\"><div class=\"bt_bb_column_content_inner\"><div class=\"bt_bb_separator bt_bb_border_style_none bt_bb_bottom_spacing_medium\" data-bt-override-class=\"null\"><\/div><header class=\"bt_bb_headline bt_bb_color_scheme_6 bt_bb_dash_top bt_bb_size_extralarge bt_bb_align_inherit\" style=\"; --primary-color:#ffffff; --secondary-color:#367eb5;\" data-bt-override-class=\"{&quot;bt_bb_align_&quot;:{&quot;current_class&quot;:&quot;bt_bb_align_inherit&quot;,&quot;xxl&quot;:&quot;inherit&quot;,&quot;xl&quot;:&quot;inherit&quot;}}\"><h1 class=\"bt_bb_headline_tag\"><span class=\"bt_bb_headline_content\"><span>Hakk\u0131m\u0131zda<\/span><\/span><\/h1><\/header><div class=\"bt_bb_separator bt_bb_border_style_none bt_bb_bottom_spacing_normal\" data-bt-override-class=\"null\"><\/div><header class=\"bt_bb_headline bt_bb_color_scheme_3 bt_bb_dash_none bt_bb_subheadline bt_bb_size_medium bt_bb_align_inherit btNoHeadline\" style=\"; --primary-color:#367eb5; --secondary-color:#191919;\" data-bt-override-class=\"{&quot;bt_bb_align_&quot;:{&quot;current_class&quot;:&quot;bt_bb_align_inherit&quot;,&quot;xxl&quot;:&quot;inherit&quot;,&quot;xl&quot;:&quot;inherit&quot;}}\"><div class=\"bt_bb_headline_subheadline\"> <strong>Aslan Demir Hukuk B\u00fcrosu<\/strong> <\/div><\/header><\/div><\/div><\/div><\/div><\/div><\/div><!-- cell_inner --><\/div><!-- cell --><\/div><!-- port --><\/section><section id=\"bt_bb_section69e4cb2c91fd4\" class=\"bt_bb_section bt_bb_layout_boxed_1200 bt_bb_vertical_align_top bt_bb_top_spacing_large bt_bb_bottom_spacing_large\"  data-bt-override-class=\"null\"><div class=\"bt_bb_port\"><div class=\"bt_bb_cell\"><div class=\"bt_bb_cell_inner\"><div class=\"bt_bb_row_wrapper\"><div  class=\"bt_bb_row\"  data-bt-override-class=\"{}\"><div  class=\"bt_bb_column col-md-4 col-ms-12 bt_bb_align_left bt_bb_animation_fade_in animate bt_bb_padding_normal bt_bb_animation_fade_in animate\"  data-width=\"4\"><div class=\"bt_bb_column_content bt_bb_vertical_align_top\"><div class=\"bt_bb_column_content_inner\"><header class=\"bt_bb_headline bt_bb_color_scheme_14 bt_bb_dash_none bt_bb_size_normal bt_bb_align_inherit\" style=\"; --primary-color:#343b57; --secondary-color:#367eb5;\" data-bt-override-class=\"{&quot;bt_bb_align_&quot;:{&quot;current_class&quot;:&quot;bt_bb_align_inherit&quot;,&quot;xxl&quot;:&quot;inherit&quot;,&quot;xl&quot;:&quot;inherit&quot;}}\"><h2 class=\"bt_bb_headline_tag\"><span class=\"bt_bb_headline_content\"><span> <strong>Hakk\u0131m\u0131zda<\/strong> <\/span><\/span><\/h2><\/header><div class=\"bt_bb_separator bt_bb_border_style_none bt_bb_bottom_spacing_normal\" data-bt-override-class=\"null\"><\/div><header class=\"bt_bb_headline bt_bb_color_scheme_14 bt_bb_dash_none bt_bb_superheadline bt_bb_size_medium bt_bb_align_inherit btNoHeadline\" style=\"; --primary-color:#343b57; --secondary-color:#367eb5;\" data-bt-override-class=\"{&quot;bt_bb_align_&quot;:{&quot;current_class&quot;:&quot;bt_bb_align_inherit&quot;,&quot;xxl&quot;:&quot;inherit&quot;,&quot;xl&quot;:&quot;inherit&quot;}}\"><h3 class=\"bt_bb_headline_tag\"><span class=\"bt_bb_headline_superheadline\">ESRA ASLAN<\/span><\/h3><\/header><div class=\"bt_bb_separator bt_bb_border_style_none bt_bb_bottom_spacing_extra_small\" data-bt-override-class=\"null\"><\/div><div  class=\"bt_bb_text\" ><p>2017-ci ild\u0259 Ankara Universitetinin H\u00fcquq fak\u00fclt\u0259sini bitirib v\u0259 ingilis dilini orta s\u0259viyy\u0259d\u0259 bilir. V\u0259t\u0259nda\u015fl\u0131q h\u00fcququ, inzibati h\u00fcquq v\u0259 cinay\u0259t h\u00fcququ sah\u0259l\u0259rind\u0259 \u00e7al\u0131\u015f\u0131r.<\/p>\n<p>M\u00fct\u0259x\u0259ssisi oldu\u011fu h\u00fcquq sah\u0259l\u0259rind\u0259 qanunun aliliyi prinsipinin b\u00fct\u00fcn c\u0259miyy\u0259t t\u0259r\u0259find\u0259n q\u0259bul edilm\u0259si v\u0259 m\u0259nims\u0259nilm\u0259si \u00fc\u00e7\u00fcn f\u0259aliyy\u0259tini davam etdir\u0259n Esra Aslan, f\u0259rdi m\u00fc\u015ft\u0259ril\u0259rl\u0259 yana\u015f\u0131, bir \u00e7ox qurum v\u0259 t\u0259\u015fkilatlara h\u00fcquqi m\u0259sl\u0259h\u0259t xidm\u0259tl\u0259ri verm\u0259y\u0259 davam edir.<\/p>\n<p>\u201cGecikmi\u015f \u0259dal\u0259t inkard\u0131r\u201d \u015f\u00fcar\u0131n\u0131 m\u0259nims\u0259y\u0259n Esra Aslan \u00f6hd\u0259sin\u0259 g\u00f6t\u00fcrd\u00fcy\u00fc b\u00fct\u00fcn i\u015fl\u0259rd\u0259 b\u00f6y\u00fck diqq\u0259t v\u0259 s\u0259daq\u0259tl\u0259 \u00e7al\u0131\u015faraq, m\u00fc\u015ft\u0259ril\u0259rinin h\u00fcquqlar\u0131n\u0131 qoruma\u011f\u0131 \u00f6z\u00fcn\u00fcn ba\u015fl\u0131ca v\u0259zif\u0259si hesab edir.<\/p>\n<p>h\u0259mt\u0259sis\u00e7isi<\/p>\n<\/div><div class=\"bt_bb_separator bt_bb_border_style_none bt_bb_bottom_spacing_normal bt_bb_hidden_md bt_bb_hidden_lg\" data-bt-override-class=\"null\"><\/div><\/div><\/div><\/div><div  class=\"bt_bb_column col-md-4 col-ms-12 bt_bb_align_left bt_bb_animation_fade_in animate bt_bb_padding_normal bt_bb_animation_fade_in animate\"  data-width=\"4\"><div class=\"bt_bb_column_content bt_bb_vertical_align_top\"><div class=\"bt_bb_column_content_inner\"><div class=\"bt_bb_separator bt_bb_border_style_none bt_bb_bottom_spacing_medium\" data-bt-override-class=\"null\"><\/div><div class=\"bt_bb_separator bt_bb_border_style_none bt_bb_bottom_spacing_extra_small\" data-bt-override-class=\"null\"><\/div><div class=\"bt_bb_separator bt_bb_border_style_none bt_bb_bottom_spacing_normal bt_bb_hidden_md bt_bb_hidden_lg\" data-bt-override-class=\"null\"><\/div><\/div><\/div><\/div><div  class=\"bt_bb_column col-md-4 col-ms-12 bt_bb_align_left bt_bb_animation_fade_in animate bt_bb_padding_normal bt_bb_animation_fade_in animate\"  data-width=\"4\"><div class=\"bt_bb_column_content bt_bb_vertical_align_top\"><div class=\"bt_bb_column_content_inner\"><div class=\"bt_bb_separator bt_bb_border_style_solid bt_bb_top_spacing_normal bt_bb_bottom_spacing_small bt_bb_color_gray\" data-bt-override-class=\"null\"><\/div><div class=\"bt_bb_service bt_bb_color_scheme_14 bt_bb_title_color_scheme_13 bt_bb_style_borderless bt_bb_size_normal bt_bb_shape_square bt_bb_align_left\"><span  data-ico-icon7stroke=\"&#xe662;\" class=\"bt_bb_icon_holder\"><\/span><div class=\"bt_bb_service_content\"><div class=\"bt_bb_service_content_title\">Bizim Ofis<\/div><div class=\"bt_bb_service_content_text\">\u015ei\u015fli\/\u0130stanbul<\/div><\/div><\/div><div class=\"bt_bb_separator bt_bb_border_style_solid bt_bb_top_spacing_small bt_bb_bottom_spacing_small bt_bb_color_gray\" data-bt-override-class=\"null\"><\/div><div class=\"bt_bb_service bt_bb_color_scheme_14 bt_bb_title_color_scheme_13 bt_bb_style_borderless bt_bb_size_normal bt_bb_shape_square bt_bb_align_left\"><span  data-ico-icon7stroke=\"&#xe63b;\" class=\"bt_bb_icon_holder\"><\/span><div class=\"bt_bb_service_content\"><div class=\"bt_bb_service_content_title\">E-po\u00e7t<\/div><div class=\"bt_bb_service_content_text\">info@aslandemirhukuk.com<\/div><\/div><\/div><div class=\"bt_bb_separator bt_bb_border_style_solid bt_bb_top_spacing_small bt_bb_bottom_spacing_small bt_bb_color_gray\" data-bt-override-class=\"null\"><\/div><div class=\"bt_bb_service bt_bb_color_scheme_14 bt_bb_title_color_scheme_13 bt_bb_style_borderless bt_bb_size_normal bt_bb_shape_square bt_bb_align_left\"><span  data-ico-icon7stroke=\"&#xe670;\" class=\"bt_bb_icon_holder\"><\/span><div class=\"bt_bb_service_content\"><div class=\"bt_bb_service_content_title\">Telefon<\/div><div class=\"bt_bb_service_content_text\">0546 971 1484<\/div><\/div><\/div><div class=\"bt_bb_separator bt_bb_border_style_solid bt_bb_top_spacing_small bt_bb_bottom_spacing_small bt_bb_color_gray\" data-bt-override-class=\"null\"><\/div><div class=\"bt_bb_service bt_bb_color_scheme_14 bt_bb_title_color_scheme_13 bt_bb_style_borderless bt_bb_size_normal bt_bb_shape_square bt_bb_align_left\"><span  data-ico-icon7stroke=\"&#xe67e;\" class=\"bt_bb_icon_holder\"><\/span><div class=\"bt_bb_service_content\"><div class=\"bt_bb_service_content_title\">\u0130\u015f saatlar\u0131m\u0131z<\/div><div class=\"bt_bb_service_content_text\">Bazar ert\u0259si - C\u00fcm\u0259: 09.00 - 18.00<\/div><\/div><\/div><div class=\"bt_bb_separator bt_bb_border_style_solid bt_bb_top_spacing_small bt_bb_color_gray\" data-bt-override-class=\"null\"><\/div><\/div><\/div><\/div><\/div><\/div><\/div><!-- cell_inner --><\/div><!-- cell --><\/div><!-- port --><\/section><section id=\"bt_bb_section69e4cb2c93168\" class=\"bt_bb_section bt_bb_layout_wide bt_bb_vertical_align_top\"  data-bt-override-class=\"null\"><div class=\"bt_bb_port\"><div class=\"bt_bb_cell\"><div class=\"bt_bb_cell_inner\"><div class=\"bt_bb_row_wrapper\"><div  class=\"bt_bb_row bt_bb_layout_special btOverlapRight\"  data-bt-override-class=\"{}\"><div  class=\"bt_bb_column col-md-6 col-sm-12 bt_bb_align_left bt_bb_animation_fade_in animate bt_bb_color_scheme_1 bt_bb_padding_normal bt_bb_animation_fade_in animate\"  data-width=\"6\"><div class=\"bt_bb_column_content bt_bb_vertical_align_top bt_bb_color_scheme_1 bt_bb_column_background_image\" style=\"background-image:url(&#039;&#039;);\"><div class=\"bt_bb_column_content_inner\"><header class=\"bt_bb_headline bt_bb_color_scheme_6 bt_bb_dash_none bt_bb_superheadline bt_bb_size_medium bt_bb_align_inherit\" style=\"; --primary-color:#ffffff; --secondary-color:#367eb5;\" data-bt-override-class=\"{&quot;bt_bb_align_&quot;:{&quot;current_class&quot;:&quot;bt_bb_align_inherit&quot;,&quot;xxl&quot;:&quot;inherit&quot;,&quot;xl&quot;:&quot;inherit&quot;}}\"><h3 class=\"bt_bb_headline_tag\"><span class=\"bt_bb_headline_superheadline\">Uzmanl\u0131k Alanlar\u0131m\u0131z<\/span><span class=\"bt_bb_headline_content\"><span> <strong>Aslan Demir Hukuk B\u00fcrosu<\/strong> Olarak Her Zaman Yan\u0131n\u0131zday\u0131z<\/span><\/span><\/h3><\/header><div class=\"bt_bb_separator bt_bb_border_style_none bt_bb_bottom_spacing_normal\" data-bt-override-class=\"null\"><\/div><div class=\"bt_bb_progress_bar bt_bb_color_scheme_accent bt_bb_style_filled\"><div class=\"bt_bb_progress_bar_text_above\"><div class=\"bt_bb_progress_bar_left_text\"><span>Aile Hukuku<\/span><\/div><div class=\"bt_bb_progress_bar_right_text\"><span>100%<\/span><\/div><\/div><div class=\"bt_bb_progress_bar_bg\"><div class=\"bt_bb_progress_bar_inner animate\" style=\"width:100%\"><\/div><\/div><\/div><div class=\"bt_bb_separator bt_bb_border_style_none bt_bb_bottom_spacing_small\" data-bt-override-class=\"null\"><\/div><div class=\"bt_bb_progress_bar bt_bb_color_scheme_accent bt_bb_style_filled\"><div class=\"bt_bb_progress_bar_text_above\"><div class=\"bt_bb_progress_bar_left_text\"><span>\u0130dare Hukuku<\/span><\/div><div class=\"bt_bb_progress_bar_right_text\"><span>100%<\/span><\/div><\/div><div class=\"bt_bb_progress_bar_bg\"><div class=\"bt_bb_progress_bar_inner animate\" style=\"width:100%\"><\/div><\/div><\/div><div class=\"bt_bb_separator bt_bb_border_style_none bt_bb_bottom_spacing_small\" data-bt-override-class=\"null\"><\/div><div class=\"bt_bb_progress_bar bt_bb_color_scheme_accent bt_bb_style_filled\"><div class=\"bt_bb_progress_bar_text_above\"><div class=\"bt_bb_progress_bar_left_text\"><span>\u0130\u015f Hukuku<\/span><\/div><div class=\"bt_bb_progress_bar_right_text\"><span>100%<\/span><\/div><\/div><div class=\"bt_bb_progress_bar_bg\"><div class=\"bt_bb_progress_bar_inner animate\" style=\"width:100%\"><\/div><\/div><\/div><div class=\"bt_bb_separator bt_bb_border_style_none bt_bb_bottom_spacing_small\" data-bt-override-class=\"null\"><\/div><div class=\"bt_bb_progress_bar bt_bb_color_scheme_accent bt_bb_style_filled\"><div class=\"bt_bb_progress_bar_text_above\"><div class=\"bt_bb_progress_bar_left_text\"><span>Ticaret Hukuku<\/span><\/div><div class=\"bt_bb_progress_bar_right_text\"><span>100%<\/span><\/div><\/div><div class=\"bt_bb_progress_bar_bg\"><div class=\"bt_bb_progress_bar_inner animate\" style=\"width:100%\"><\/div><\/div><\/div><div class=\"bt_bb_separator bt_bb_border_style_none bt_bb_bottom_spacing_normal bt_bb_hidden_md bt_bb_hidden_lg\" data-bt-override-class=\"null\"><\/div><\/div><\/div><\/div><div  class=\"bt_bb_column btWithIcon col-md-6 col-sm-12 bt_bb_align_left bt_bb_animation_fade_in animate bt_bb_icon_color_scheme_6 bt_bb_padding_normal bt_bb_animation_fade_in animate\"  data-width=\"6\"><div class=\"bt_bb_column_content bt_bb_vertical_align_top\"><div class=\"bt_bb_column_icon\"><span  data-ico-icon7stroke=\"&#xe62b;\" class=\"bt_bb_icon_holder\"><\/span><\/div><div class=\"bt_bb_column_content_inner\"><div class=\"bt_bb_row_wrapper\"><div  class=\"bt_bb_row_inner\"  data-bt-override-class=\"{}\"><div  class=\"bt_bb_column_inner col-md-6 col-sm-12 bt_bb_align_left bt_bb_vertical_align_top bt_bb_padding_normal\"  data-width=\"6\"><div class=\"bt_bb_column_inner_content\"><div class=\"bt_bb_service bt_bb_color_scheme_6 bt_bb_title_color_scheme_14 bt_bb_style_filled bt_bb_font_weight_semi-bold bt_bb_size_normal bt_bb_arrow_visible bt_bb_shape_square bt_bb_align_inherit\"><a href=\"#\"  target=\"_self\"  title=\"Cinay\u0259t h\u00fcququ\"  data-ico-law=\"&#xf10c;\" class=\"bt_bb_icon_holder\"><\/a><div class=\"bt_bb_service_content\"><a href=\"#\" target=\"_self\"><div class=\"bt_bb_service_content_title\">Cinay\u0259t h\u00fcququ<\/div><div class=\"bt_bb_service_content_arrow\"><\/div><\/a><\/div><\/div><div class=\"bt_bb_separator bt_bb_border_style_none bt_bb_bottom_spacing_normal\" data-bt-override-class=\"null\"><\/div><div class=\"bt_bb_service bt_bb_color_scheme_6 bt_bb_title_color_scheme_14 bt_bb_style_filled bt_bb_font_weight_semi-bold bt_bb_size_normal bt_bb_arrow_visible bt_bb_shape_square bt_bb_align_inherit\"><a href=\"#\"  target=\"_self\"  title=\"Da\u015f\u0131nmaz \u018fmlak Qanunu\"  data-ico-icon7stroke=\"&#xe648;\" class=\"bt_bb_icon_holder\"><\/a><div class=\"bt_bb_service_content\"><a href=\"#\" target=\"_self\"><div class=\"bt_bb_service_content_title\">Da\u015f\u0131nmaz \u018fmlak Qanunu<\/div><div class=\"bt_bb_service_content_arrow\"><\/div><\/a><\/div><\/div><div class=\"bt_bb_separator bt_bb_border_style_none bt_bb_bottom_spacing_normal\" data-bt-override-class=\"null\"><\/div><div class=\"bt_bb_service bt_bb_color_scheme_6 bt_bb_title_color_scheme_14 bt_bb_style_filled bt_bb_font_weight_semi-bold bt_bb_size_normal bt_bb_arrow_visible bt_bb_shape_square bt_bb_align_inherit\"><a href=\"#\"  target=\"_self\"  title=\"\u0130nzibati h\u00fcquq\"  data-ico-law=\"&#xf117;\" class=\"bt_bb_icon_holder\"><\/a><div class=\"bt_bb_service_content\"><a href=\"#\" target=\"_self\"><div class=\"bt_bb_service_content_title\">\u0130nzibati h\u00fcquq<\/div><div class=\"bt_bb_service_content_arrow\"><\/div><\/a><\/div><\/div><div class=\"bt_bb_separator bt_bb_border_style_none bt_bb_bottom_spacing_normal bt_bb_hidden_md bt_bb_hidden_lg\" data-bt-override-class=\"null\"><\/div><\/div><\/div><div  class=\"bt_bb_column_inner col-md-6 col-sm-12 bt_bb_align_left bt_bb_vertical_align_top bt_bb_padding_normal\"  data-width=\"6\"><div class=\"bt_bb_column_inner_content\"><div class=\"bt_bb_service bt_bb_color_scheme_6 bt_bb_title_color_scheme_14 bt_bb_style_filled bt_bb_font_weight_semi-bold bt_bb_size_normal bt_bb_arrow_visible bt_bb_shape_square bt_bb_align_inherit\"><a href=\"#\"  target=\"_self\"  title=\"Biznes qanunu\"  data-ico-law=\"&#xf12c;\" class=\"bt_bb_icon_holder\"><\/a><div class=\"bt_bb_service_content\"><a href=\"#\" target=\"_self\"><div class=\"bt_bb_service_content_title\">Biznes qanunu<\/div><div class=\"bt_bb_service_content_arrow\"><\/div><\/a><\/div><\/div><div class=\"bt_bb_separator bt_bb_border_style_none bt_bb_bottom_spacing_normal\" data-bt-override-class=\"null\"><\/div><div class=\"bt_bb_service bt_bb_color_scheme_6 bt_bb_title_color_scheme_14 bt_bb_style_filled bt_bb_font_weight_semi-bold bt_bb_size_normal bt_bb_arrow_visible bt_bb_shape_square bt_bb_align_inherit\"><a href=\"#\"  target=\"_self\"  title=\"V\u0259r\u0259s\u0259lik h\u00fcququ\"  data-ico-law=\"&#xf14d;\" class=\"bt_bb_icon_holder\"><\/a><div class=\"bt_bb_service_content\"><a href=\"#\" target=\"_self\"><div class=\"bt_bb_service_content_title\">V\u0259r\u0259s\u0259lik h\u00fcququ<\/div><div class=\"bt_bb_service_content_arrow\"><\/div><\/a><\/div><\/div><div class=\"bt_bb_separator bt_bb_border_style_none bt_bb_bottom_spacing_normal\" data-bt-override-class=\"null\"><\/div><div class=\"bt_bb_service bt_bb_color_scheme_6 bt_bb_title_color_scheme_14 bt_bb_style_filled bt_bb_font_weight_semi-bold bt_bb_size_normal bt_bb_arrow_visible bt_bb_shape_square bt_bb_align_inherit\"><a href=\"#\"  target=\"_self\"  title=\"S\u0131\u011forta v\u0259 Kompensasiyalar Qanunu\"  data-ico-dripicons=\"&#xe945;\" class=\"bt_bb_icon_holder\"><\/a><div class=\"bt_bb_service_content\"><a href=\"#\" target=\"_self\"><div class=\"bt_bb_service_content_title\">S\u0131\u011forta v\u0259 Kompensasiyalar Qanunu<\/div><div class=\"bt_bb_service_content_arrow\"><\/div><\/a><\/div><\/div><div class=\"bt_bb_separator bt_bb_border_style_none bt_bb_bottom_spacing_normal bt_bb_hidden_md bt_bb_hidden_lg\" data-bt-override-class=\"null\"><\/div><\/div><\/div><\/div><\/div><\/div><\/div><\/div><\/div><\/div><\/div><!-- cell_inner --><\/div><!-- cell --><\/div><!-- port --><\/section><section id=\"bt_bb_section69e4cb2c94638\" class=\"bt_bb_section bt_bb_color_scheme_10 bt_bb_layout_wide bt_bb_vertical_align_top bt_bb_top_spacing_large bt_bb_bottom_spacing_large\" style=\"; --section-primary-color:#ffffff; --section-secondary-color:#343b57;\" data-bt-override-class=\"null\"><div class=\"bt_bb_port\"><div class=\"bt_bb_cell\"><div class=\"bt_bb_cell_inner\"><div class=\"bt_bb_row_wrapper\"><div  class=\"bt_bb_row\"  data-bt-override-class=\"{}\"><div  class=\"bt_bb_column col-md-12 col-ms-12 bt_bb_align_center bt_bb_animation_fade_in animate bt_bb_padding_normal bt_bb_animation_fade_in animate\"  data-width=\"12\"><div class=\"bt_bb_column_content bt_bb_vertical_align_top\"><div class=\"bt_bb_column_content_inner\"><header class=\"bt_bb_headline bt_bb_color_scheme_1 bt_bb_dash_top bt_bb_size_normal bt_bb_align_inherit\" style=\"; --primary-color:#ffffff; --secondary-color:#191919;\" data-bt-override-class=\"{&quot;bt_bb_align_&quot;:{&quot;current_class&quot;:&quot;bt_bb_align_inherit&quot;,&quot;xxl&quot;:&quot;inherit&quot;,&quot;xl&quot;:&quot;inherit&quot;}}\"><h3 class=\"bt_bb_headline_tag\"><span class=\"bt_bb_headline_content\"><span> <strong>Aslan Demir Hukuk<\/strong> \u0130le \u0130leti\u015fime Ge\u00e7in<\/span><\/span><\/h3><\/header><div class=\"bt_bb_separator bt_bb_border_style_none bt_bb_bottom_spacing_80\" data-bt-override-class=\"null\"><\/div><div class=\"bt_bb_button bt_bb_color_scheme_6 bt_bb_icon_color_scheme_6 bt_bb_style_outline bt_bb_size_large bt_bb_width_inline bt_bb_shape_square btWithIcon\"><a href=\"tel:+905469711484\" target=\"_self\" class=\"bt_bb_link\" title=\"0546 971 1484\"><div class=\"bt_bb_icon\"><span  data-ico-icon7stroke=\"&#xe670;\" class=\"bt_bb_icon_holder\"><\/span><\/div><div class=\"bt_bb_link\"><span class=\"bt_bb_button_text\">0546 971 1484<\/span><\/div><\/a><\/div><\/div><\/div><\/div><\/div><\/div><\/div><!-- cell_inner --><\/div><!-- cell --><\/div><!-- port --><\/section>","protected":false},"excerpt":{"rendered":"","protected":false},"author":2,"featured_media":0,"parent":0,"menu_order":0,"comment_status":"closed","ping_status":"closed","template":"","meta":[],"yoast_head":"<!-- This site is optimized with the Yoast SEO plugin v20.12 - https:\/\/yoast.com\/wordpress\/plugins\/seo\/ -->\n<title>Bizim Haqq\u0131m\u0131zda - Avukat Esra Aslan<\/title>\n<meta name=\"robots\" content=\"index, follow, max-snippet:-1, max-image-preview:large, max-video-preview:-1\" \/>\n<link rel=\"canonical\" href=\"https:\/\/esraaslanlaw.com\/az\/bizim-haqqimizda\/\" \/>\n<meta property=\"og:locale\" content=\"az_AZ\" \/>\n<meta property=\"og:type\" content=\"article\" \/>\n<meta property=\"og:title\" content=\"Bizim Haqq\u0131m\u0131zda - Avukat Esra Aslan\" \/>\n<meta property=\"og:url\" content=\"https:\/\/esraaslanlaw.com\/az\/bizim-haqqimizda\/\" \/>\n<meta property=\"og:site_name\" content=\"Avukat Esra Aslan\" \/>\n<meta property=\"article:modified_time\" content=\"2023-07-05T08:12:11+00:00\" \/>\n<meta name=\"twitter:card\" content=\"summary_large_image\" \/>\n<meta name=\"twitter:label1\" content=\"Est. reading time\" \/>\n\t<meta name=\"twitter:data1\" content=\"14 minutes\" \/>\n<script type=\"application\/ld+json\" class=\"yoast-schema-graph\">{\"@context\":\"https:\/\/schema.org\",\"@graph\":[{\"@type\":\"WebPage\",\"@id\":\"https:\/\/esraaslanlaw.com\/az\/bizim-haqqimizda\/\",\"url\":\"https:\/\/esraaslanlaw.com\/az\/bizim-haqqimizda\/\",\"name\":\"Bizim Haqq\u0131m\u0131zda - Avukat Esra Aslan\",\"isPartOf\":{\"@id\":\"https:\/\/esraaslanlaw.com\/#website\"},\"datePublished\":\"2018-09-10T12:47:51+00:00\",\"dateModified\":\"2023-07-05T08:12:11+00:00\",\"breadcrumb\":{\"@id\":\"https:\/\/esraaslanlaw.com\/az\/bizim-haqqimizda\/#breadcrumb\"},\"inLanguage\":\"az\",\"potentialAction\":[{\"@type\":\"ReadAction\",\"target\":[\"https:\/\/esraaslanlaw.com\/az\/bizim-haqqimizda\/\"]}]},{\"@type\":\"BreadcrumbList\",\"@id\":\"https:\/\/esraaslanlaw.com\/az\/bizim-haqqimizda\/#breadcrumb\",\"itemListElement\":[{\"@type\":\"ListItem\",\"position\":1,\"name\":\"Anasayfa\",\"item\":\"https:\/\/esraaslanlaw.com\/az\/\"},{\"@type\":\"ListItem\",\"position\":2,\"name\":\"Bizim Haqq\u0131m\u0131zda\"}]},{\"@type\":\"WebSite\",\"@id\":\"https:\/\/esraaslanlaw.com\/#website\",\"url\":\"https:\/\/esraaslanlaw.com\/\",\"name\":\"Avukat Esra Aslan\",\"description\":\"\",\"publisher\":{\"@id\":\"https:\/\/esraaslanlaw.com\/#organization\"},\"potentialAction\":[{\"@type\":\"SearchAction\",\"target\":{\"@type\":\"EntryPoint\",\"urlTemplate\":\"https:\/\/esraaslanlaw.com\/?s={search_term_string}\"},\"query-input\":\"required name=search_term_string\"}],\"inLanguage\":\"az\"},{\"@type\":\"Organization\",\"@id\":\"https:\/\/esraaslanlaw.com\/#organization\",\"name\":\"Avukat Esra Aslan\",\"url\":\"https:\/\/esraaslanlaw.com\/\",\"logo\":{\"@type\":\"ImageObject\",\"inLanguage\":\"az\",\"@id\":\"https:\/\/esraaslanlaw.com\/#\/schema\/logo\/image\/\",\"url\":\"http:\/\/esraaslanlaw.com\/wp-content\/uploads\/2022\/12\/logo-aslan-demir-hukuk.png\",\"contentUrl\":\"http:\/\/esraaslanlaw.com\/wp-content\/uploads\/2022\/12\/logo-aslan-demir-hukuk.png\",\"width\":531,\"height\":190,\"caption\":\"Avukat Esra Aslan\"},\"image\":{\"@id\":\"https:\/\/esraaslanlaw.com\/#\/schema\/logo\/image\/\"}}]}<\/script>\n<!-- \/ Yoast SEO plugin. -->","yoast_head_json":{"title":"Bizim Haqq\u0131m\u0131zda - Avukat Esra Aslan","robots":{"index":"index","follow":"follow","max-snippet":"max-snippet:-1","max-image-preview":"max-image-preview:large","max-video-preview":"max-video-preview:-1"},"canonical":"https:\/\/esraaslanlaw.com\/az\/bizim-haqqimizda\/","og_locale":"az_AZ","og_type":"article","og_title":"Bizim Haqq\u0131m\u0131zda - Avukat Esra Aslan","og_url":"https:\/\/esraaslanlaw.com\/az\/bizim-haqqimizda\/","og_site_name":"Avukat Esra Aslan","article_modified_time":"2023-07-05T08:12:11+00:00","twitter_card":"summary_large_image","twitter_misc":{"Est. reading time":"14 minutes"},"schema":{"@context":"https:\/\/schema.org","@graph":[{"@type":"WebPage","@id":"https:\/\/esraaslanlaw.com\/az\/bizim-haqqimizda\/","url":"https:\/\/esraaslanlaw.com\/az\/bizim-haqqimizda\/","name":"Bizim Haqq\u0131m\u0131zda - Avukat Esra Aslan","isPartOf":{"@id":"https:\/\/esraaslanlaw.com\/#website"},"datePublished":"2018-09-10T12:47:51+00:00","dateModified":"2023-07-05T08:12:11+00:00","breadcrumb":{"@id":"https:\/\/esraaslanlaw.com\/az\/bizim-haqqimizda\/#breadcrumb"},"inLanguage":"az","potentialAction":[{"@type":"ReadAction","target":["https:\/\/esraaslanlaw.com\/az\/bizim-haqqimizda\/"]}]},{"@type":"BreadcrumbList","@id":"https:\/\/esraaslanlaw.com\/az\/bizim-haqqimizda\/#breadcrumb","itemListElement":[{"@type":"ListItem","position":1,"name":"Anasayfa","item":"https:\/\/esraaslanlaw.com\/az\/"},{"@type":"ListItem","position":2,"name":"Bizim Haqq\u0131m\u0131zda"}]},{"@type":"WebSite","@id":"https:\/\/esraaslanlaw.com\/#website","url":"https:\/\/esraaslanlaw.com\/","name":"Avukat Esra Aslan","description":"","publisher":{"@id":"https:\/\/esraaslanlaw.com\/#organization"},"potentialAction":[{"@type":"SearchAction","target":{"@type":"EntryPoint","urlTemplate":"https:\/\/esraaslanlaw.com\/?s={search_term_string}"},"query-input":"required name=search_term_string"}],"inLanguage":"az"},{"@type":"Organization","@id":"https:\/\/esraaslanlaw.com\/#organization","name":"Avukat Esra Aslan","url":"https:\/\/esraaslanlaw.com\/","logo":{"@type":"ImageObject","inLanguage":"az","@id":"https:\/\/esraaslanlaw.com\/#\/schema\/logo\/image\/","url":"http:\/\/esraaslanlaw.com\/wp-content\/uploads\/2022\/12\/logo-aslan-demir-hukuk.png","contentUrl":"http:\/\/esraaslanlaw.com\/wp-content\/uploads\/2022\/12\/logo-aslan-demir-hukuk.png","width":531,"height":190,"caption":"Avukat Esra Aslan"},"image":{"@id":"https:\/\/esraaslanlaw.com\/#\/schema\/logo\/image\/"}}]}},"_links":{"self":[{"href":"https:\/\/esraaslanlaw.com\/az\/wp-json\/wp\/v2\/pages\/6613"}],"collection":[{"href":"https:\/\/esraaslanlaw.com\/az\/wp-json\/wp\/v2\/pages"}],"about":[{"href":"https:\/\/esraaslanlaw.com\/az\/wp-json\/wp\/v2\/types\/page"}],"author":[{"embeddable":true,"href":"https:\/\/esraaslanlaw.com\/az\/wp-json\/wp\/v2\/users\/2"}],"replies":[{"embeddable":true,"href":"https:\/\/esraaslanlaw.com\/az\/wp-json\/wp\/v2\/comments?post=6613"}],"version-history":[{"count":1,"href":"https:\/\/esraaslanlaw.com\/az\/wp-json\/wp\/v2\/pages\/6613\/revisions"}],"predecessor-version":[{"id":6614,"href":"https:\/\/esraaslanlaw.com\/az\/wp-json\/wp\/v2\/pages\/6613\/revisions\/6614"}],"wp:attachment":[{"href":"https:\/\/esraaslanlaw.com\/az\/wp-json\/wp\/v2\/media?parent=6613"}],"curies":[{"name":"wp","href":"https:\/\/api.w.org\/{rel}","templated":true}]}}