{"id":6609,"date":"2022-07-07T11:00:41","date_gmt":"2022-07-07T11:00:41","guid":{"rendered":"https:\/\/esraaslanlaw.com\/cinay%c9%99t-huququ\/"},"modified":"2023-07-05T07:48:08","modified_gmt":"2023-07-05T07:48:08","slug":"cinay%c9%99t-huququ","status":"publish","type":"page","link":"https:\/\/esraaslanlaw.com\/az\/cinay%c9%99t-huququ\/","title":{"rendered":"Cinay\u0259t h\u00fcququ"},"content":{"rendered":"<section id=\"bt_bb_section69f17f585251e\" class=\"bt_bb_section bt_bb_color_scheme_10 bt_bb_layout_boxed_1200 bt_bb_vertical_align_top bt_bb_top_spacing_large bt_bb_bottom_spacing_large\" style=\"; --section-primary-color:#ffffff; --section-secondary-color:#343b57;\" data-bt-override-class=\"null\"><div class=\"bt_bb_background_image_holder_wrapper\"><div class=\"bt_bb_background_image_holder btLazyLoadBackground\"  data-background_image_src=\"https:\/\/esraaslanlaw.com\/wp-content\/uploads\/2019\/10\/hero_about.jpg\" data-parallax-zoom-start=\"1\" data-parallax-zoom-end=\"1\" data-parallax-blur-start=\"0\" data-parallax-blur-end=\"0\" data-parallax-opacity-start=\"1\" data-parallax-opacity-end=\"1\" style=\" background-image: url(&#039;https:\/\/esraaslanlaw.com\/wp-content\/plugins\/bold-page-builder\/img\/blank.gif&#039;);\"><\/div><\/div><div class=\"bt_bb_port\"><div class=\"bt_bb_cell\"><div class=\"bt_bb_cell_inner\"><div class=\"bt_bb_row_wrapper\"><div  class=\"bt_bb_row\"  data-bt-override-class=\"{}\"><div  class=\"bt_bb_column col-md-12 col-ms-12 bt_bb_align_center bt_bb_animation_fade_in animate bt_bb_padding_normal bt_bb_animation_fade_in animate\"  data-width=\"12\"><div class=\"bt_bb_column_content bt_bb_vertical_align_top\"><div class=\"bt_bb_column_content_inner\"><div class=\"bt_bb_separator bt_bb_border_style_none bt_bb_bottom_spacing_medium bt_bb_hidden_xs bt_bb_hidden_ms bt_bb_hidden_sm\" data-bt-override-class=\"null\"><\/div><header class=\"bt_bb_headline bt_bb_color_scheme_6 bt_bb_dash_none bt_bb_size_extralarge bt_bb_align_inherit\" style=\"; --primary-color:#ffffff; --secondary-color:#367eb5;\" data-bt-override-class=\"{&quot;bt_bb_align_&quot;:{&quot;current_class&quot;:&quot;bt_bb_align_inherit&quot;,&quot;xxl&quot;:&quot;inherit&quot;,&quot;xl&quot;:&quot;inherit&quot;}}\"><h1 class=\"bt_bb_headline_tag\"><span class=\"bt_bb_headline_content\"><span>Ceza Davalar\u0131<\/span><\/span><\/h1><\/header><div class=\"bt_bb_separator bt_bb_border_style_none bt_bb_bottom_spacing_normal bt_bb_hidden_xs bt_bb_hidden_ms bt_bb_hidden_sm\" data-bt-override-class=\"null\"><\/div><\/div><\/div><\/div><\/div><\/div><\/div><!-- cell_inner --><\/div><!-- cell --><\/div><!-- port --><\/section><section id=\"bt_bb_section69f17f5852a3d\" class=\"bt_bb_section bt_bb_layout_boxed_1200 bt_bb_vertical_align_top bt_bb_top_spacing_normal bt_bb_bottom_spacing_normal bt_bb_negative_margin_large\"  data-bt-override-class=\"null\"><div class=\"bt_bb_port\"><div class=\"bt_bb_cell\"><div class=\"bt_bb_cell_inner\"><div class=\"bt_bb_row_wrapper\"><div  class=\"bt_bb_row\"  data-bt-override-class=\"{}\"><div  class=\"bt_bb_column col-md-12 col-ms-12 bt_bb_align_left bt_bb_padding_normal\"  data-width=\"12\"><div class=\"bt_bb_column_content bt_bb_vertical_align_top\"><div class=\"bt_bb_column_content_inner\"><div class=\"bt_bb_separator bt_bb_border_style_none bt_bb_bottom_spacing_large bt_bb_hidden_xs bt_bb_hidden_ms bt_bb_hidden_sm\" data-bt-override-class=\"null\"><\/div><\/div><\/div><\/div><\/div><\/div><div class=\"bt_bb_row_wrapper\"><div  class=\"bt_bb_row bt_bb_layout_special btOverlapLeft\"  data-bt-override-class=\"{}\"><div  class=\"bt_bb_column col-md-8 col-ms-12 bt_bb_align_left bt_bb_animation_fade_in animate bt_bb_padding_normal bt_bb_animation_fade_in animate\"  data-width=\"8\"><div class=\"bt_bb_column_content bt_bb_vertical_align_top\"><div class=\"bt_bb_column_content_inner\"><div class=\"bt_bb_separator bt_bb_border_style_none bt_bb_bottom_spacing_normal\" data-bt-override-class=\"null\"><\/div><div  class=\"bt_bb_text\" ><p><strong>\u0130stanbul cinay\u0259t i\u015fl\u0259ri<\/strong> haqq\u0131nda; Cinay\u0259t i\u015fl\u0259ri ittiham akt\u0131 il\u0259 birlikd\u0259 \u015f\u0259xsin cinay\u0259t t\u00f6r\u0259tm\u0259sin\u0259 kifay\u0259t q\u0259d\u0259r \u015f\u00fcbh\u0259 v\u0259 s\u00fcbuta malik olan \u015f\u0259xsl\u0259rin cinay\u0259t m\u0259suliyy\u0259tin\u0259 c\u0259lb edilm\u0259si \u00fc\u00e7\u00fcn prokurorluq t\u0259r\u0259find\u0259n qald\u0131r\u0131lan ictimai i\u015f kimi izah oluna bil\u0259r. Cinay\u0259t i\u015finin xarakterind\u0259n as\u0131l\u0131 olmayaraq, qald\u0131r\u0131lan b\u00fct\u00fcn cinay\u0259t i\u015fl\u0259ri ictimai i\u015f kimi apar\u0131l\u0131r. Buna s\u0259b\u0259b odur ki, prokurorluq \u015f\u0259rait olarsa, i\u015f a\u00e7mal\u0131d\u0131r. Cinay\u0259t i\u015fl\u0259rin\u0259 baxan m\u0259hk\u0259m\u0259l\u0259r a\u011f\u0131r c\u0259zalar v\u0259 birinci instansiya c\u0259zalar\u0131na b\u00f6l\u00fcn\u0259n cinay\u0259t i\u015fl\u0259rin\u0259 ayr\u0131ca bax\u0131r. Bu m\u0259hk\u0259m\u0259l\u0259r; A\u011f\u0131r Cinay\u0259tl\u0259r M\u0259hk\u0259m\u0259si v\u0259 Birinci \u0130nstansiya Cinay\u0259t M\u0259hk\u0259m\u0259si. Bu \u00fcmumi m\u0259hk\u0259m\u0259l\u0259rd\u0259n ba\u015fqa cinay\u0259ti t\u00f6r\u0259d\u0259nin ad\u0131na v\u0259 cinay\u0259tin x\u00fcsusiyy\u0259tin\u0259 g\u00f6r\u0259 cinay\u0259t i\u015fl\u0259rin\u0259 baxan ba\u015fqa x\u00fcsusi m\u0259hk\u0259m\u0259l\u0259r d\u0259 m\u00f6vcuddur. Bunlar;<\/p>\n<ul>\n<li>yetkinlik ya\u015f\u0131na \u00e7atmayanlar\u0131n i\u015fl\u0259ri \u00fczr\u0259 m\u0259hk\u0259m\u0259<\/li>\n<li>yetkinlik ya\u015f\u0131na \u00e7atmayanlar m\u0259hk\u0259m\u0259si<\/li>\n<li>\u018fqli v\u0259 S\u0259naye H\u00fcquqlar\u0131 \u00fczr\u0259 Cinay\u0259t M\u0259hk\u0259m\u0259si<\/li>\n<\/ul>\n<p>N\u0259hay\u0259t, h\u0259l\u0259 istintaq m\u0259rh\u0259l\u0259sind\u0259 olmayan v\u0259 cinay\u0259t i\u015fi a\u00e7\u0131lmayan istintaq h\u0259r\u0259k\u0259tl\u0259ri il\u0259 ba\u011fl\u0131 q\u0259rarlar S\u00fclh C\u0259za M\u0259hk\u0259m\u0259si t\u0259r\u0259find\u0259n verilir v\u0259 proses bu \u015f\u0259kild\u0259 gedir. Aslan Demir olaraq biz \u0130stanbulda insanlar\u0131n h\u0259r c\u00fcr cinay\u0259t i\u015fi xarakteri da\u015f\u0131yan cinay\u0259t i\u015fl\u0259rind\u0259 xidm\u0259t g\u00f6st\u0259ririk.<\/p>\n<h2><strong>Cinay\u0259t i\u015fl\u0259ri hans\u0131lard\u0131r?<\/strong><\/h2>\n<p><strong>Cinay\u0259t i\u015fl\u0259ri hans\u0131lard\u0131r?<\/strong> \u015e\u0259xsl\u0259rin t\u0259qsirkar v\u0259 ya z\u0259r\u0259r\u00e7\u0259kmi\u015f oldu\u011fu iki n\u00f6v cinay\u0259t i\u015fi var. Bunlar A\u011f\u0131r C\u0259zalar v\u0259 Birinci \u0130nstansiya Cinay\u0259tl\u0259ri kimi iki yer\u0259 b\u00f6l\u00fcn\u00fcr. H\u00fcquq b\u00fcromuz bu i\u015fl\u0259rin h\u00fcquqi prosesl\u0259rind\u0259 b\u00fct\u00fcn laz\u0131mi xidm\u0259tl\u0259ri g\u00f6st\u0259rir. Xidm\u0259t etdiyimiz v\u0259 cinay\u0259t i\u015fl\u0259rin\u0259 daxil etdiyimiz cinay\u0259t i\u015fl\u0259ri a\u015fa\u011f\u0131dak\u0131lard\u0131r;<\/p>\n<p>A\u011f\u0131r Cinay\u0259t \u0130\u015fl\u0259ri;<\/p>\n<ul>\n<li>Cinsi \u0130stismar v\u0259 ya Cinsi T\u0259cav\u00fcz Davas\u0131<\/li>\n<li>Q\u0259sd\u0259n adam \u00f6ld\u00fcrm\u0259 i\u015fi<\/li>\n<li>Pul F\u0131r\u0131ldaql\u0131\u011f\u0131 Davas\u0131<\/li>\n<li>Q\u0259tl\u0259 c\u0259hd i\u015fi<\/li>\n<li>Q\u0259nim\u0259t v\u0259 ya q\u0259sb i\u015fi<\/li>\n<li>Bacar\u0131ql\u0131 F\u0131r\u0131ldaq\u00e7\u0131l\u0131q M\u0259hk\u0259m\u0259si<\/li>\n<li>Ehtiyats\u0131z Davran\u0131\u015fla \u00d6l\u00fcm\u0259 S\u0259b\u0259b Olma \u0130\u015fi<\/li>\n<li>R\u0259smi S\u0259n\u0259din Saxtalanmas\u0131 \u0130\u015fi<\/li>\n<li>Ehtiyats\u0131z \u00d6ld\u00fcrm\u0259 Davas\u0131<\/li>\n<li>Niyy\u0259ti a\u015faraq adam \u00f6ld\u00fcrm\u0259 i\u015fi<\/li>\n<li>R\u00fc\u015fv\u0259t i\u015fi<\/li>\n<li>Terror t\u0259\u015fkilat\u0131 yaratma, terror t\u0259\u015fkilat\u0131nda r\u0259hb\u0259r v\u0259zif\u0259d\u0259 olma v\u0259 terror t\u0259\u015fkilat\u0131na \u00fczv olma hallar\u0131<\/li>\n<li>M\u0259nims\u0259m\u0259 i\u015fi<\/li>\n<li>Narkotik vasit\u0259l\u0259rin istehsal\u0131 v\u0259 qanunsuz d\u00f6vriyy\u0259si cinay\u0259t i\u015fi<\/li>\n<li>Q\u0259sb i\u015fi<\/li>\n<\/ul>\n<p>Birinci instansiyan\u0131n cinay\u0259t i\u015fl\u0259ri;<\/p>\n<ul>\n<li>Q\u0259sd\u0259n x\u0259sar\u0259t i\u015fi<\/li>\n<li>\u015e\u0259xsi h\u0259yat\u0131n m\u0259xfiliyinin pozulmas\u0131na g\u00f6r\u0259 i\u015f<\/li>\n<li>Ehtiyats\u0131zl\u0131qdan Yaralanma<\/li>\n<li>Cinsi T\u0259cav\u00fcz Cinay\u0259ti \u0130\u015fi<\/li>\n<li>O\u011furluq i\u015fi<\/li>\n<li>Azadl\u0131qdan m\u0259hrumetm\u0259 i\u015fi<\/li>\n<li>Kiber Cinay\u0259tl\u0259r Davas\u0131<\/li>\n<li>T\u0259hdid M\u0259hk\u0259m\u0259si<\/li>\n<li>\u015eantaj cinay\u0259t i\u015fi<\/li>\n<li>Sad\u0259 F\u0131r\u0131ldaq\u00e7\u0131l\u0131q Davas\u0131<\/li>\n<li>Narkomaniya Davas\u0131<\/li>\n<li>Sui-istifad\u0259 hal\u0131<\/li>\n<li>Diffamasiya i\u015fi<\/li>\n<li>Yetkinlik ya\u015f\u0131na \u00e7atmayan u\u015faqla cinsi \u0259laq\u0259 hal\u0131<\/li>\n<li>M\u0259nzil toxunulmazl\u0131\u011f\u0131n\u0131n pozulmas\u0131na g\u00f6r\u0259 i\u015f<\/li>\n<li>\u018fm\u0259k v\u0259 \u0259m\u0259k azadl\u0131\u011f\u0131n\u0131n pozulmas\u0131 il\u0259 ba\u011fl\u0131 m\u0259hk\u0259m\u0259 iddias\u0131<\/li>\n<li>Yalan\u00e7\u0131 \u015eahid i\u015fi<\/li>\n<li>\u015e\u0259xsi S\u0259n\u0259dd\u0259 F\u0131r\u0131ldaq \u0130\u015fi<\/li>\n<li>Tender Korrupsiya Cinay\u0259t \u0130\u015fi<\/li>\n<li>diffamasiya iddias\u0131<\/li>\n<li>\u018fmlak\u0131n z\u0259d\u0259l\u0259nm\u0259si il\u0259 ba\u011fl\u0131 cinay\u0259t i\u015fi<\/li>\n<\/ul>\n<h2><strong>Cinay\u0259t i\u015fini nec\u0259 a\u00e7maq olar?<\/strong><\/h2>\n<p><strong>Cinay\u0259t i\u015fini nec\u0259 a\u00e7maq olar?<\/strong> Bu haqda m\u0259lumat almaq ist\u0259yirsinizs\u0259; Bu i\u015fl\u0259rin a\u00e7\u0131lmas\u0131 t\u00f6r\u0259dil\u0259n cinay\u0259tin xarakterin\u0259 g\u00f6r\u0259 d\u0259yi\u015fir. \u015eikay\u0259t\u00e7i, z\u0259r\u0259r\u00e7\u0259kmi\u015f v\u0259 ya z\u0259r\u0259r\u00e7\u0259kmi\u015f \u015f\u0259xs t\u0259r\u0259find\u0259n \u015fikay\u0259t edilm\u0259dikd\u0259, prokurorluq bu i\u015fl\u0259ri t\u0259kba\u015f\u0131na a\u00e7a, ara\u015fd\u0131rma apara bilm\u0259z. Lakin \u015fikay\u0259t \u0259sas\u0131nda istintaq\u0131 apar\u0131lmayan b\u00fct\u00fcn dig\u0259r cinay\u0259tl\u0259rd\u0259 prokurorluq t\u0259kba\u015f\u0131na ara\u015fd\u0131rma apararaq cinay\u0259t i\u015fi a\u00e7a bil\u0259r. Prokurorlu\u011fa \u015fikay\u0259t, danonsasiya v\u0259 ya cinay\u0259tin ba\u015fqa \u00fcsulla t\u00f6r\u0259dilm\u0259si bar\u0259d\u0259 m\u0259lumat verildikd\u0259, o, avtomatik olaraq istintaqa ba\u015flaya bil\u0259r. Bu cinay\u0259t i\u015fi \u00fczr\u0259 \u015fikay\u0259t\u00e7i olmasa bel\u0259, onun s\u00fcbut toplamaq imkan\u0131 var.<\/p>\n<p><strong>cinay\u0259t i\u015fi<\/strong> Proses t\u0259msil etdikl\u0259ri v\u0259kill\u0259, h\u0259min c\u0259zaya s\u0259lahiyy\u0259tli v\u0259 m\u0259sul olan cinay\u0259t m\u0259hk\u0259m\u0259sind\u0259 ittiham akt\u0131 t\u0259qdim etm\u0259kl\u0259 ba\u015flay\u0131r. S\u0259lahiyy\u0259tli m\u0259hk\u0259m\u0259l\u0259rin Prokurorlu\u011fu is\u0259 \u015fikay\u0259t edil\u0259n cinay\u0259tl\u0259r \u00fczr\u0259 verilmi\u015f \u015fikay\u0259t \u00fczr\u0259 v\u0259 ya cinay\u0259t haqq\u0131nda m\u0259lumat v\u0259 \u015fikay\u0259t \u0259sas\u0131nda, h\u0259tta \u015fikay\u0259t edilm\u0259s\u0259 bel\u0259, kort\u0259bii f\u0259aliyy\u0259t g\u00f6st\u0259r\u0259 bil\u0259r. Cinay\u0259t i\u015fl\u0259rind\u0259 cinay\u0259tin ba\u015f verib-verm\u0259m\u0259si, cinay\u0259t t\u00f6r\u0259dilibs\u0259, bu cinay\u0259tin kiml\u0259r t\u0259r\u0259find\u0259n t\u00f6r\u0259dildiyi v\u0259 hans\u0131 cinay\u0259tin t\u00f6r\u0259dildiyi ara\u015fd\u0131r\u0131l\u0131r v\u0259 proses davam etdirilir.<\/p>\n<p>Prokurorluq t\u0259r\u0259find\u0259n apar\u0131lan istintaqa xitam verildikd\u0259, ibtidai ara\u015fd\u0131rma zaman\u0131 toplanm\u0131\u015f v\u0259 \u0259ld\u0259 edilmi\u015f s\u00fcbutlardan cinay\u0259tin t\u00f6r\u0259dildiyi a\u015fkar edildikd\u0259, prokurorluq t\u0259r\u0259find\u0259n cinay\u0259t i\u015fi a\u00e7\u0131l\u0131r. Prokurorluq bununla ba\u011fl\u0131 apard\u0131\u011f\u0131 b\u00fct\u00fcn ara\u015fd\u0131rmalar n\u0259tic\u0259sind\u0259 cinay\u0259tin t\u00f6r\u0259dildiyi q\u0259na\u0259tin\u0259 g\u0259ldikd\u0259, ittiham akt\u0131 haz\u0131rlay\u0131r v\u0259 cinay\u0259t i\u015finin icraat\u0131na ba\u015flay\u0131r. Bu ittihamnam\u0259 say\u0259sind\u0259 \u015f\u00fcbh\u0259linin cinay\u0259t t\u0259\u015fkil ed\u0259n \u0259m\u0259ll\u0259 qanun \u00e7\u0259r\u00e7iv\u0259sind\u0259 \u0259ld\u0259 edil\u0259n b\u00fct\u00fcn s\u00fcbutlarla \u0259laq\u0259l\u0259ndiril\u0259r\u0259k M\u0259hk\u0259m\u0259 t\u0259r\u0259find\u0259n m\u00fchakim\u0259 olunmas\u0131 ist\u0259nilir v\u0259 bu prosesd\u0259 g\u00fcnahkarlar\u0131n m\u0259hk\u0259m\u0259 prosesi ba\u015flay\u0131r. Prokurorluq t\u0259r\u0259find\u0259n \u0130ttiham akt\u0131n\u0131n verilm\u0259si subyektin cinay\u0259t t\u0259rkibinin olmas\u0131n\u0131n v\u0259 cinay\u0259tin t\u00f6r\u0259dilm\u0259sin\u0259 kifay\u0259t q\u0259d\u0259r \u015f\u00fcbh\u0259nin olmas\u0131n\u0131n ifad\u0259sidir. Kifay\u0259t q\u0259d\u0259r \u015f\u00fcbh\u0259li ittiham aktlar\u0131nda cinay\u0259td\u0259 \u015f\u00fcbh\u0259li bilin\u0259n \u015f\u0259xs m\u00fchakim\u0259 olunarsa, m\u00fchakim\u0259 olunma ehtimal\u0131 b\u0259ra\u0259t qazanma ehtimal\u0131ndan y\u00fcks\u0259kdir. Prokurorluq t\u0259r\u0259find\u0259n apar\u0131lan ara\u015fd\u0131rma n\u0259tic\u0259sind\u0259 kifay\u0259t q\u0259d\u0259r s\u00fcbut v\u0259 kifay\u0259t q\u0259d\u0259r \u015f\u00fcbh\u0259 yaranmad\u0131qda, cinay\u0259td\u0259 \u015f\u00fcbh\u0259li bilin\u0259n \u015f\u0259xsl\u0259r bar\u0259sind\u0259 cinay\u0259t m\u0259suliyy\u0259tin\u0259 c\u0259lb edilm\u0259m\u0259si bar\u0259d\u0259 q\u0259rar \u00e7\u0131xar\u0131l\u0131r.<\/p>\n<p>Prokurorluq t\u0259r\u0259find\u0259n yaz\u0131lm\u0131\u015f ittiham akt\u0131 il\u0259 birlikd\u0259 qald\u0131r\u0131lan cinay\u0259t i\u015fi \u00fczr\u0259 prokurorluq t\u0259r\u0259find\u0259n t\u0259qdim edilmi\u015f ittiham akt\u0131nda \u00e7at\u0131\u015fmazl\u0131qlar olduqda, q\u0259rar \u00e7\u0131xaran s\u0259lahiyy\u0259tli m\u0259hk\u0259m\u0259 ittiham akt\u0131 m\u0259hk\u0259m\u0259y\u0259 \u00e7atd\u0131qdan sonra 15 g\u00fcn m\u00fcdd\u0259tind\u0259 prokurorlu\u011fa qaytar\u0131l\u0131r. Prokurorluq m\u0259hk\u0259m\u0259nin \u00e7\u0131xard\u0131\u011f\u0131 bu ekstradisiya q\u0259rar\u0131na etiraz ed\u0259 bil\u0259r, lakin eyni zamanda yenid\u0259n ittiham akt\u0131 \u00e7\u0131xararaq kifay\u0259t q\u0259d\u0259r s\u00fcbut \u0259ld\u0259 ed\u0259r\u0259k h\u0259min i\u015fi yenid\u0259n a\u00e7\u0131r. Bu ittiham akt\u0131 m\u0259hk\u0259m\u0259 t\u0259r\u0259find\u0259n q\u0259bul olunarsa, iclasa haz\u0131rl\u0131q g\u00f6r\u00fcl\u00fcr v\u0259 m\u0259hk\u0259m\u0259 g\u00fcn\u00fc t\u0259yin edilir v\u0259 t\u0259qsirkar v\u0259 z\u0259r\u0259r\u00e7\u0259kmi\u015f \u015f\u0259xsl\u0259rin v\u0259kill\u0259ri il\u0259 birlikd\u0259 \u00e7a\u011f\u0131r\u0131lmas\u0131 il\u0259 m\u0259hk\u0259m\u0259 prosesi ba\u015flay\u0131r.<\/p>\n<p><strong>Esra Aslan Qanunu<\/strong> Biz olaraq, b\u00fct\u00fcn h\u00fcquqi prosesl\u0259rinizd\u0259 b\u00f6y\u00fck f\u0259dakarl\u0131q v\u0259 s\u0259yl\u0259 siz\u0259 xidm\u0259t edirik. Biz\u0259 ba\u015f \u00e7\u0259k\u0259r\u0259k v\u0259 ya \u0259laq\u0259 saxlayaraq cinay\u0259t i\u015fi il\u0259 ba\u011fl\u0131 bizd\u0259n \u0259trafl\u0131 m\u0259lumat ala v\u0259 ilkin m\u00fcsahib\u0259 apara bil\u0259rsiniz. Esra Aslan Hukuk olaraq, ya\u015fad\u0131\u011f\u0131n\u0131z h\u00fcquqi v\u0259ziyy\u0259t \u00fc\u00e7\u00fcn biz\u0259 etibarnam\u0259 ver\u0259r\u0259k, i\u015finizin \u0259n uy\u011fun \u015f\u0259rtl\u0259rl\u0259 izl\u0259nilm\u0259sini v\u0259 yekunla\u015fd\u0131r\u0131lmas\u0131n\u0131 t\u0259min ed\u0259r\u0259k, xo\u015fb\u0259xtlikl\u0259 ayr\u0131la bil\u0259rsiniz.<\/p>\n<\/div><\/div><\/div><\/div><div  class=\"bt_bb_column col-md-4 col-ms-12 bt_bb_align_left bt_bb_animation_fade_in animate bt_bb_icon_color_scheme_6 bt_bb_padding_normal bt_bb_animation_fade_in animate\"  data-width=\"4\"><div class=\"bt_bb_column_content bt_bb_vertical_align_top\"><div class=\"bt_bb_column_content_inner\"><header class=\"bt_bb_headline bt_bb_color_scheme_14 bt_bb_dash_none bt_bb_size_normal bt_bb_align_inherit\" style=\"; --primary-color:#343b57; --secondary-color:#367eb5;\" data-bt-override-class=\"{&quot;bt_bb_align_&quot;:{&quot;current_class&quot;:&quot;bt_bb_align_inherit&quot;,&quot;xxl&quot;:&quot;inherit&quot;,&quot;xl&quot;:&quot;inherit&quot;}}\"><h5 class=\"bt_bb_headline_tag\"><span class=\"bt_bb_headline_content\"><span>Di\u011fer Hizmetlerimiz<\/span><\/span><\/h5><\/header><div class=\"bt_bb_separator bt_bb_border_style_none bt_bb_bottom_spacing_small\" data-bt-override-class=\"null\"><\/div><div class=\"bt_bb_link\"><a href=\"http:\/\/esraaslanlaw.com\/aile-hukuku\/\" target=\"_self\" class=\"bt_bb_link_content\" title=\"Ail\u0259 h\u00fcququ\"><span class=\"bt_bb_link_text\">Ail\u0259 h\u00fcququ<\/span><\/a><\/div><div class=\"bt_bb_separator bt_bb_border_style_none\" data-bt-override-class=\"null\"><\/div><div class=\"bt_bb_link\"><a href=\"http:\/\/esraaslanlaw.com\/ceza-hukuku\/\" target=\"_self\" class=\"bt_bb_link_content\" title=\"Cinay\u0259t h\u00fcququ\"><span class=\"bt_bb_link_text\">Cinay\u0259t h\u00fcququ<\/span><\/a><\/div><div class=\"bt_bb_separator bt_bb_border_style_none\" data-bt-override-class=\"null\"><\/div><div class=\"bt_bb_link\"><a href=\"http:\/\/esraaslanlaw.com\/gayrimenkul-hukuku\/\" target=\"_self\" class=\"bt_bb_link_content\" title=\"Da\u015f\u0131nmaz \u018fmlak Qanunu\"><span class=\"bt_bb_link_text\">Da\u015f\u0131nmaz \u018fmlak Qanunu<\/span><\/a><\/div><div class=\"bt_bb_separator bt_bb_border_style_none\" data-bt-override-class=\"null\"><\/div><div class=\"bt_bb_link\"><a href=\"http:\/\/esraaslanlaw.com\/idare-hukuku\/\" target=\"_self\" class=\"bt_bb_link_content\" title=\"\u0130nzibati h\u00fcquq\"><span class=\"bt_bb_link_text\">\u0130nzibati h\u00fcquq<\/span><\/a><\/div><div class=\"bt_bb_separator bt_bb_border_style_none\" data-bt-override-class=\"null\"><\/div><div class=\"bt_bb_link\"><a href=\"http:\/\/esraaslanlaw.com\/is-hukuku\/\" target=\"_self\" class=\"bt_bb_link_content\" title=\"Biznes qanunu\"><span class=\"bt_bb_link_text\">Biznes qanunu<\/span><\/a><\/div><div class=\"bt_bb_separator bt_bb_border_style_none\" data-bt-override-class=\"null\"><\/div><div class=\"bt_bb_link\"><a href=\"http:\/\/esraaslanlaw.com\/miras-hukuku\/\" target=\"_self\" class=\"bt_bb_link_content\" title=\"V\u0259r\u0259s\u0259lik h\u00fcququ\"><span class=\"bt_bb_link_text\">V\u0259r\u0259s\u0259lik h\u00fcququ<\/span><\/a><\/div><div class=\"bt_bb_separator bt_bb_border_style_none\" data-bt-override-class=\"null\"><\/div><div class=\"bt_bb_link\"><a href=\"http:\/\/esraaslanlaw.com\/sigorta-ve-tazminat-hukuku\/\" target=\"_self\" class=\"bt_bb_link_content\" title=\"S\u0131\u011forta v\u0259 Kompensasiyalar Qanunu\"><span class=\"bt_bb_link_text\">S\u0131\u011forta v\u0259 Kompensasiyalar Qanunu<\/span><\/a><\/div><div class=\"bt_bb_separator bt_bb_border_style_none\" data-bt-override-class=\"null\"><\/div><div class=\"bt_bb_link\"><a href=\"http:\/\/esraaslanlaw.com\/ticaret-hukuku\/\" target=\"_self\" class=\"bt_bb_link_content\" title=\"ticar\u0259t h\u00fcququ\"><span class=\"bt_bb_link_text\">ticar\u0259t h\u00fcququ<\/span><\/a><\/div><div class=\"bt_bb_separator bt_bb_border_style_none\" data-bt-override-class=\"null\"><\/div><\/div><\/div><\/div><\/div><\/div><\/div><!-- cell_inner --><\/div><!-- cell --><\/div><!-- port --><\/section>","protected":false},"excerpt":{"rendered":"","protected":false},"author":1,"featured_media":0,"parent":0,"menu_order":0,"comment_status":"closed","ping_status":"closed","template":"","meta":[],"yoast_head":"<!-- This site is optimized with the Yoast SEO plugin v20.12 - https:\/\/yoast.com\/wordpress\/plugins\/seo\/ -->\n<title>Cinay\u0259t h\u00fcququ - Avukat Esra Aslan<\/title>\n<meta name=\"robots\" content=\"index, follow, max-snippet:-1, max-image-preview:large, max-video-preview:-1\" \/>\n<link rel=\"canonical\" href=\"https:\/\/esraaslanlaw.com\/az\/cinay\u0259t-huququ\/\" \/>\n<meta property=\"og:locale\" content=\"az_AZ\" \/>\n<meta property=\"og:type\" content=\"article\" \/>\n<meta property=\"og:title\" content=\"Cinay\u0259t h\u00fcququ - Avukat Esra Aslan\" \/>\n<meta property=\"og:url\" content=\"https:\/\/esraaslanlaw.com\/az\/cinay\u0259t-huququ\/\" \/>\n<meta property=\"og:site_name\" content=\"Avukat Esra Aslan\" \/>\n<meta property=\"article:modified_time\" content=\"2023-07-05T07:48:08+00:00\" \/>\n<meta name=\"twitter:card\" content=\"summary_large_image\" \/>\n<meta name=\"twitter:label1\" content=\"Est. reading time\" \/>\n\t<meta name=\"twitter:data1\" content=\"14 minutes\" \/>\n<script type=\"application\/ld+json\" class=\"yoast-schema-graph\">{\"@context\":\"https:\/\/schema.org\",\"@graph\":[{\"@type\":\"WebPage\",\"@id\":\"https:\/\/esraaslanlaw.com\/az\/cinay%c9%99t-huququ\/\",\"url\":\"https:\/\/esraaslanlaw.com\/az\/cinay%c9%99t-huququ\/\",\"name\":\"Cinay\u0259t h\u00fcququ - Avukat Esra Aslan\",\"isPartOf\":{\"@id\":\"https:\/\/esraaslanlaw.com\/#website\"},\"datePublished\":\"2022-07-07T11:00:41+00:00\",\"dateModified\":\"2023-07-05T07:48:08+00:00\",\"breadcrumb\":{\"@id\":\"https:\/\/esraaslanlaw.com\/az\/cinay%c9%99t-huququ\/#breadcrumb\"},\"inLanguage\":\"az\",\"potentialAction\":[{\"@type\":\"ReadAction\",\"target\":[\"https:\/\/esraaslanlaw.com\/az\/cinay%c9%99t-huququ\/\"]}]},{\"@type\":\"BreadcrumbList\",\"@id\":\"https:\/\/esraaslanlaw.com\/az\/cinay%c9%99t-huququ\/#breadcrumb\",\"itemListElement\":[{\"@type\":\"ListItem\",\"position\":1,\"name\":\"Anasayfa\",\"item\":\"https:\/\/esraaslanlaw.com\/az\/\"},{\"@type\":\"ListItem\",\"position\":2,\"name\":\"Cinay\u0259t h\u00fcququ\"}]},{\"@type\":\"WebSite\",\"@id\":\"https:\/\/esraaslanlaw.com\/#website\",\"url\":\"https:\/\/esraaslanlaw.com\/\",\"name\":\"Avukat Esra Aslan\",\"description\":\"\",\"publisher\":{\"@id\":\"https:\/\/esraaslanlaw.com\/#organization\"},\"potentialAction\":[{\"@type\":\"SearchAction\",\"target\":{\"@type\":\"EntryPoint\",\"urlTemplate\":\"https:\/\/esraaslanlaw.com\/?s={search_term_string}\"},\"query-input\":\"required name=search_term_string\"}],\"inLanguage\":\"az\"},{\"@type\":\"Organization\",\"@id\":\"https:\/\/esraaslanlaw.com\/#organization\",\"name\":\"Avukat Esra Aslan\",\"url\":\"https:\/\/esraaslanlaw.com\/\",\"logo\":{\"@type\":\"ImageObject\",\"inLanguage\":\"az\",\"@id\":\"https:\/\/esraaslanlaw.com\/#\/schema\/logo\/image\/\",\"url\":\"http:\/\/esraaslanlaw.com\/wp-content\/uploads\/2022\/12\/logo-aslan-demir-hukuk.png\",\"contentUrl\":\"http:\/\/esraaslanlaw.com\/wp-content\/uploads\/2022\/12\/logo-aslan-demir-hukuk.png\",\"width\":531,\"height\":190,\"caption\":\"Avukat Esra Aslan\"},\"image\":{\"@id\":\"https:\/\/esraaslanlaw.com\/#\/schema\/logo\/image\/\"}}]}<\/script>\n<!-- \/ Yoast SEO plugin. -->","yoast_head_json":{"title":"Cinay\u0259t h\u00fcququ - Avukat Esra Aslan","robots":{"index":"index","follow":"follow","max-snippet":"max-snippet:-1","max-image-preview":"max-image-preview:large","max-video-preview":"max-video-preview:-1"},"canonical":"https:\/\/esraaslanlaw.com\/az\/cinay\u0259t-huququ\/","og_locale":"az_AZ","og_type":"article","og_title":"Cinay\u0259t h\u00fcququ - Avukat Esra Aslan","og_url":"https:\/\/esraaslanlaw.com\/az\/cinay\u0259t-huququ\/","og_site_name":"Avukat Esra Aslan","article_modified_time":"2023-07-05T07:48:08+00:00","twitter_card":"summary_large_image","twitter_misc":{"Est. reading time":"14 minutes"},"schema":{"@context":"https:\/\/schema.org","@graph":[{"@type":"WebPage","@id":"https:\/\/esraaslanlaw.com\/az\/cinay%c9%99t-huququ\/","url":"https:\/\/esraaslanlaw.com\/az\/cinay%c9%99t-huququ\/","name":"Cinay\u0259t h\u00fcququ - Avukat Esra Aslan","isPartOf":{"@id":"https:\/\/esraaslanlaw.com\/#website"},"datePublished":"2022-07-07T11:00:41+00:00","dateModified":"2023-07-05T07:48:08+00:00","breadcrumb":{"@id":"https:\/\/esraaslanlaw.com\/az\/cinay%c9%99t-huququ\/#breadcrumb"},"inLanguage":"az","potentialAction":[{"@type":"ReadAction","target":["https:\/\/esraaslanlaw.com\/az\/cinay%c9%99t-huququ\/"]}]},{"@type":"BreadcrumbList","@id":"https:\/\/esraaslanlaw.com\/az\/cinay%c9%99t-huququ\/#breadcrumb","itemListElement":[{"@type":"ListItem","position":1,"name":"Anasayfa","item":"https:\/\/esraaslanlaw.com\/az\/"},{"@type":"ListItem","position":2,"name":"Cinay\u0259t h\u00fcququ"}]},{"@type":"WebSite","@id":"https:\/\/esraaslanlaw.com\/#website","url":"https:\/\/esraaslanlaw.com\/","name":"Avukat Esra Aslan","description":"","publisher":{"@id":"https:\/\/esraaslanlaw.com\/#organization"},"potentialAction":[{"@type":"SearchAction","target":{"@type":"EntryPoint","urlTemplate":"https:\/\/esraaslanlaw.com\/?s={search_term_string}"},"query-input":"required name=search_term_string"}],"inLanguage":"az"},{"@type":"Organization","@id":"https:\/\/esraaslanlaw.com\/#organization","name":"Avukat Esra Aslan","url":"https:\/\/esraaslanlaw.com\/","logo":{"@type":"ImageObject","inLanguage":"az","@id":"https:\/\/esraaslanlaw.com\/#\/schema\/logo\/image\/","url":"http:\/\/esraaslanlaw.com\/wp-content\/uploads\/2022\/12\/logo-aslan-demir-hukuk.png","contentUrl":"http:\/\/esraaslanlaw.com\/wp-content\/uploads\/2022\/12\/logo-aslan-demir-hukuk.png","width":531,"height":190,"caption":"Avukat Esra Aslan"},"image":{"@id":"https:\/\/esraaslanlaw.com\/#\/schema\/logo\/image\/"}}]}},"_links":{"self":[{"href":"https:\/\/esraaslanlaw.com\/az\/wp-json\/wp\/v2\/pages\/6609"}],"collection":[{"href":"https:\/\/esraaslanlaw.com\/az\/wp-json\/wp\/v2\/pages"}],"about":[{"href":"https:\/\/esraaslanlaw.com\/az\/wp-json\/wp\/v2\/types\/page"}],"author":[{"embeddable":true,"href":"https:\/\/esraaslanlaw.com\/az\/wp-json\/wp\/v2\/users\/1"}],"replies":[{"embeddable":true,"href":"https:\/\/esraaslanlaw.com\/az\/wp-json\/wp\/v2\/comments?post=6609"}],"version-history":[{"count":1,"href":"https:\/\/esraaslanlaw.com\/az\/wp-json\/wp\/v2\/pages\/6609\/revisions"}],"predecessor-version":[{"id":6610,"href":"https:\/\/esraaslanlaw.com\/az\/wp-json\/wp\/v2\/pages\/6609\/revisions\/6610"}],"wp:attachment":[{"href":"https:\/\/esraaslanlaw.com\/az\/wp-json\/wp\/v2\/media?parent=6609"}],"curies":[{"name":"wp","href":"https:\/\/api.w.org\/{rel}","templated":true}]}}