{"id":6602,"date":"2023-01-10T06:41:45","date_gmt":"2023-01-10T06:41:45","guid":{"rendered":"https:\/\/esraaslanlaw.com\/ail%c9%99-huququ\/"},"modified":"2023-07-05T07:34:55","modified_gmt":"2023-07-05T07:34:55","slug":"ail%c9%99-huququ","status":"publish","type":"page","link":"https:\/\/esraaslanlaw.com\/az\/ail%c9%99-huququ\/","title":{"rendered":"Ail\u0259 h\u00fcququ"},"content":{"rendered":"<section id=\"bt_bb_section69e4c9d5e69b0\" class=\"bt_bb_section bt_bb_color_scheme_10 bt_bb_layout_boxed_1200 bt_bb_vertical_align_top bt_bb_top_spacing_large bt_bb_bottom_spacing_large\" style=\"; --section-primary-color:#ffffff; --section-secondary-color:#343b57;\" data-bt-override-class=\"null\"><div class=\"bt_bb_background_image_holder_wrapper\"><div class=\"bt_bb_background_image_holder btLazyLoadBackground\"  data-background_image_src=\"https:\/\/esraaslanlaw.com\/wp-content\/uploads\/2019\/10\/hero_about.jpg\" data-parallax-zoom-start=\"1\" data-parallax-zoom-end=\"1\" data-parallax-blur-start=\"0\" data-parallax-blur-end=\"0\" data-parallax-opacity-start=\"1\" data-parallax-opacity-end=\"1\" style=\" background-image: url(&#039;https:\/\/esraaslanlaw.com\/wp-content\/plugins\/bold-page-builder\/img\/blank.gif&#039;);\"><\/div><\/div><div class=\"bt_bb_port\"><div class=\"bt_bb_cell\"><div class=\"bt_bb_cell_inner\"><div class=\"bt_bb_row_wrapper\"><div  class=\"bt_bb_row\"  data-bt-override-class=\"{}\"><div  class=\"bt_bb_column col-md-12 col-ms-12 bt_bb_align_center bt_bb_animation_fade_in animate bt_bb_padding_normal bt_bb_animation_fade_in animate\"  data-width=\"12\"><div class=\"bt_bb_column_content bt_bb_vertical_align_top\"><div class=\"bt_bb_column_content_inner\"><div class=\"bt_bb_separator bt_bb_border_style_none bt_bb_bottom_spacing_medium bt_bb_hidden_xs bt_bb_hidden_ms bt_bb_hidden_sm\" data-bt-override-class=\"null\"><\/div><header class=\"bt_bb_headline bt_bb_color_scheme_6 bt_bb_dash_none bt_bb_size_extralarge bt_bb_align_inherit\" style=\"; --primary-color:#ffffff; --secondary-color:#367eb5;\" data-bt-override-class=\"{&quot;bt_bb_align_&quot;:{&quot;current_class&quot;:&quot;bt_bb_align_inherit&quot;,&quot;xxl&quot;:&quot;inherit&quot;,&quot;xl&quot;:&quot;inherit&quot;}}\"><h1 class=\"bt_bb_headline_tag\"><span class=\"bt_bb_headline_content\"><span>Aile Hukuku<\/span><\/span><\/h1><\/header><div class=\"bt_bb_separator bt_bb_border_style_none bt_bb_bottom_spacing_normal bt_bb_hidden_xs bt_bb_hidden_ms bt_bb_hidden_sm\" data-bt-override-class=\"null\"><\/div><\/div><\/div><\/div><\/div><\/div><\/div><!-- cell_inner --><\/div><!-- cell --><\/div><!-- port --><\/section><section id=\"bt_bb_section69e4c9d5e6f44\" class=\"bt_bb_section bt_bb_layout_boxed_1200 bt_bb_vertical_align_top bt_bb_top_spacing_normal bt_bb_bottom_spacing_normal bt_bb_negative_margin_large\"  data-bt-override-class=\"null\"><div class=\"bt_bb_port\"><div class=\"bt_bb_cell\"><div class=\"bt_bb_cell_inner\"><div class=\"bt_bb_row_wrapper\"><div  class=\"bt_bb_row\"  data-bt-override-class=\"{}\"><div  class=\"bt_bb_column col-md-12 col-ms-12 bt_bb_align_left bt_bb_padding_normal\"  data-width=\"12\"><div class=\"bt_bb_column_content bt_bb_vertical_align_top\"><div class=\"bt_bb_column_content_inner\"><div class=\"bt_bb_separator bt_bb_border_style_none bt_bb_bottom_spacing_large bt_bb_hidden_xs bt_bb_hidden_ms bt_bb_hidden_sm\" data-bt-override-class=\"null\"><\/div><\/div><\/div><\/div><\/div><\/div><div class=\"bt_bb_row_wrapper\"><div  class=\"bt_bb_row bt_bb_layout_special btOverlapLeft\"  data-bt-override-class=\"{}\"><div  class=\"bt_bb_column col-md-8 col-ms-12 bt_bb_align_left bt_bb_animation_fade_in animate bt_bb_padding_normal bt_bb_animation_fade_in animate\"  data-width=\"8\"><div class=\"bt_bb_column_content bt_bb_vertical_align_top\"><div class=\"bt_bb_column_content_inner\"><div class=\"bt_bb_separator bt_bb_border_style_none bt_bb_bottom_spacing_normal\" data-bt-override-class=\"null\"><\/div><div  class=\"bt_bb_text\" ><p><strong>Ail\u0259 h\u00fcququ<\/strong>,Ail\u0259 daxilind\u0259 ba\u015f ver\u0259n h\u00fcquqi \u0259m\u0259liyyatlar\u0131n idar\u0259 edilm\u0259sini v\u0259 h\u0259llini \u0259hat\u0259 ed\u0259n bir sah\u0259dir. Ail\u0259 h\u00fcququna nikah, bo\u015fanma, v\u0259r\u0259s\u0259lik, u\u015faqlar v\u0259 dig\u0259r ail\u0259 m\u00fcnasib\u0259tl\u0259ri kimi m\u00f6vzular daxildir.<\/p>\n<p>Bu m\u0259tnd\u0259 <strong>Ail\u0259 h\u00fcququ<\/strong> F\u0259nl\u0259r, <strong>Ail\u0259 H\u00fcququ V\u0259kili,<\/strong> Ail\u0259 Qanununa \u0259sas\u0259n T\u0259qdim olunan xidm\u0259tl\u0259rin v\u0259 Ail\u0259 Qanununun \u00d6n\u0259mi N\u0259dir? Bel\u0259 \u015feyl\u0259rd\u0259n dan\u0131\u015faca\u011f\u0131q. \u018flav\u0259 m\u0259lumat \u00fc\u00e7\u00fcn m\u0259qal\u0259ni oxuma\u011fa davam ed\u0259 bil\u0259rsiniz.<\/p>\n<h2>Ail\u0259 h\u00fcququ m\u00f6vzular\u0131<\/h2>\n<p><strong>Ail\u0259 h\u00fcququ hans\u0131 m\u00f6vzular\u0131 \u0259hat\u0259 edir<\/strong>: Ail\u0259 h\u00fcququ ail\u0259 daxilind\u0259 ba\u015f ver\u0259n h\u00fcquqi \u0259m\u0259liyyatlar\u0131n idar\u0259 edilm\u0259sini v\u0259 h\u0259llini \u0259hat\u0259 ed\u0259n bir sah\u0259dir. Ail\u0259 h\u00fcququna nikah, bo\u015fanma, v\u0259r\u0259s\u0259lik, u\u015faqlar v\u0259 dig\u0259r ail\u0259 m\u00fcnasib\u0259tl\u0259ri kimi m\u00f6vzular daxildir. Ail\u0259 h\u00fcququ nikah, bo\u015fanma, v\u0259r\u0259s\u0259lik, u\u015faqlar v\u0259 dig\u0259r ail\u0259 m\u00fcnasib\u0259tl\u0259ri kimi m\u00f6vzular\u0131 \u0259hat\u0259 edir.<\/p>\n<ol>\n<li>Evlilik:<\/li>\n<\/ol>\n<p>Evlilik iki insan\u0131n bir araya g\u0259l\u0259r\u0259k ortaq h\u0259yat qurdu\u011fu bir m\u00fcqavil\u0259dir. Evliliyin bir \u00e7ox h\u00fcquqi n\u0259tic\u0259l\u0259ri var v\u0259 nikah zaman\u0131 ba\u011flanan m\u00fcqavil\u0259 qanuni q\u00fcvv\u0259y\u0259 malikdir.<\/p>\n<ol start=\"2\">\n<li>Bo\u015fanma:<\/li>\n<\/ol>\n<p>Bo\u015fanma nikah m\u00fcqavil\u0259sinin l\u0259\u011fvi kimi d\u0259 d\u00fc\u015f\u00fcn\u00fcl\u0259 bil\u0259r. Bo\u015fanma nikah m\u00fcqavil\u0259sinin l\u0259\u011fvi kimi qiym\u0259tl\u0259ndiril\u0259 bil\u0259r v\u0259 bo\u015fanma zaman\u0131 u\u015faqlar\u0131n g\u0259l\u0259c\u0259yi, c\u00fctl\u00fckl\u0259r aras\u0131nda qalan \u0259mlak\u0131n b\u00f6l\u00fcnm\u0259si kimi m\u0259s\u0259l\u0259l\u0259r h\u0259ll edilm\u0259lidir.<\/p>\n<ol start=\"3\">\n<li>\u0130rs:<\/li>\n<\/ol>\n<p>V\u0259r\u0259s\u0259lik, \u015f\u0259xsin \u00f6l\u00fcm\u00fcnd\u0259n sonra ona qalan \u0259mlak\u0131n b\u00f6l\u00fc\u015fd\u00fcr\u00fclm\u0259si prosesidir. V\u0259r\u0259s\u0259lik m\u0259s\u0259l\u0259si ail\u0259 h\u00fcququ sah\u0259sind\u0259 m\u00fch\u00fcm m\u0259s\u0259l\u0259dir v\u0259 miras\u0131n nec\u0259 b\u00f6l\u00fc\u015fd\u00fcr\u00fclm\u0259si il\u0259 ba\u011fl\u0131 qanunlar m\u00f6vcuddur.<\/p>\n<ol start=\"4\">\n<li>U\u015faqlar:<\/li>\n<\/ol>\n<p>Ail\u0259 h\u00fcququ probleml\u0259ri aras\u0131nda \u0259n m\u00fch\u00fcm m\u0259s\u0259l\u0259l\u0259rd\u0259n biri d\u0259 u\u015faqlard\u0131r. Ail\u0259 h\u00fcququ sah\u0259sind\u0259 u\u015fa\u011fa q\u0259yyumluq, qay\u011f\u0131 v\u0259 t\u0259hsil kimi m\u0259s\u0259l\u0259l\u0259r\u0259 bax\u0131l\u0131r.<\/p>\n<ol start=\"5\">\n<li>Dig\u0259r ail\u0259 m\u00fcnasib\u0259tl\u0259ri:<\/li>\n<\/ol>\n<p><strong>ail\u0259 h\u00fcququ<\/strong>,Buraya dig\u0259r ail\u0259 m\u00fcnasib\u0259tl\u0259ri d\u0259 daxildir. M\u0259s\u0259l\u0259n, ail\u0259 h\u00fcququ sah\u0259sind\u0259 valideyn-qarda\u015f m\u00fcnasib\u0259tl\u0259ri kimi m\u0259s\u0259l\u0259l\u0259r ara\u015fd\u0131r\u0131l\u0131r.<\/p>\n<p>Bunlar ail\u0259 h\u00fcququ sah\u0259sind\u0259 \u00f6yr\u0259nil\u0259n m\u00fch\u00fcm m\u00f6vzulard\u0131r. Ail\u0259 h\u00fcquq\u015f\u00fcnas\u0131 ail\u0259 h\u00fcququ \u00fczr\u0259 ixtisasla\u015fm\u0131\u015f h\u00fcquq\u015f\u00fcnasd\u0131r v\u0259 ail\u0259 h\u00fcququ m\u0259s\u0259l\u0259l\u0259ri \u00fczr\u0259 m\u0259sl\u0259h\u0259tl\u0259r verir.<\/p>\n<h2>Ail\u0259 H\u00fcququ V\u0259kili<\/h2>\n<p>Ail\u0259 h\u00fcququ v\u0259kili ail\u0259 h\u00fcququ \u00fczr\u0259 ixtisasla\u015fm\u0131\u015f h\u00fcquq\u015f\u00fcnasd\u0131r. Ail\u0259 h\u00fcquq\u015f\u00fcnas\u0131 ail\u0259 h\u00fcququ m\u0259s\u0259l\u0259l\u0259ri \u00fczr\u0259 m\u0259sl\u0259h\u0259tl\u0259r verir v\u0259 ail\u0259 h\u00fcququ i\u015fl\u0259rini izl\u0259yir. Ail\u0259 h\u00fcquq\u015f\u00fcnas\u0131 ail\u0259 h\u00fcququ i\u015fl\u0259rini izl\u0259yir.<\/p>\n<p><strong>Ail\u0259 h\u00fcquq\u015f\u00fcnas\u0131n\u0131n v\u0259zif\u0259l\u0259rin\u0259 a\u015fa\u011f\u0131dak\u0131lar daxildir:<\/strong><\/p>\n<ul>\n<li><strong>Ail\u0259 h\u00fcququ m\u0259s\u0259l\u0259l\u0259ri \u00fczr\u0259 m\u0259sl\u0259h\u0259tl\u0259r:<\/strong> Ail\u0259 h\u00fcquq\u015f\u00fcnas\u0131 ail\u0259 h\u00fcququ m\u0259s\u0259l\u0259l\u0259ri il\u0259 ba\u011fl\u0131 m\u0259sl\u0259h\u0259tl\u0259r verir v\u0259 c\u00fctl\u00fckl\u0259r\u0259 ail\u0259 h\u00fcququ m\u0259s\u0259l\u0259l\u0259ri haqq\u0131nda m\u0259lumatl\u0131 olma\u011fa k\u00f6m\u0259k edir.<\/li>\n<li><strong>Ail\u0259 h\u00fcququ il\u0259 ba\u011fl\u0131 a\u015fa\u011f\u0131dak\u0131 hallar:<\/strong>Ail\u0259 h\u00fcquq\u015f\u00fcnas\u0131 ail\u0259 h\u00fcququ i\u015fl\u0259rini izl\u0259yir v\u0259 bu hallarda m\u00fc\u015ft\u0259ril\u0259rin\u0259 h\u00fcquqi yard\u0131m g\u00f6st\u0259rir.<\/li>\n<li><strong>Ail\u0259 h\u00fcququ m\u0259s\u0259l\u0259l\u0259ri \u00fczr\u0259 t\u0259liml\u0259rin ke\u00e7irilm\u0259si:<\/strong> Ail\u0259 h\u00fcquq\u015f\u00fcnas\u0131 ail\u0259 h\u00fcququ m\u0259s\u0259l\u0259l\u0259ri \u00fczr\u0259 t\u0259liml\u0259r t\u0259\u015fkil edir v\u0259 c\u00fctl\u00fckl\u0259r\u0259 ail\u0259 h\u00fcququ m\u0259s\u0259l\u0259l\u0259ri haqq\u0131nda daha \u00e7ox m\u0259lumat \u0259ld\u0259 etm\u0259y\u0259 k\u00f6m\u0259k edir.<\/li>\n<li><strong>Ail\u0259 h\u00fcququ probleml\u0259ri il\u0259 ba\u011fl\u0131 ara\u015fd\u0131rmalar\u0131n apar\u0131lmas\u0131:<\/strong> Ail\u0259 h\u00fcquq\u015f\u00fcnas\u0131 ail\u0259 h\u00fcququ m\u0259s\u0259l\u0259l\u0259ri il\u0259 ba\u011fl\u0131 ara\u015fd\u0131rma apar\u0131r v\u0259 c\u00fctl\u00fckl\u0259r\u0259 ail\u0259 h\u00fcququ m\u0259s\u0259l\u0259l\u0259ri haqq\u0131nda daha \u00e7ox m\u0259lumat \u0259ld\u0259 etm\u0259y\u0259 k\u00f6m\u0259k edir.<\/li>\n<\/ul>\n<p>Bu v\u0259zif\u0259l\u0259r ail\u0259 h\u00fcquq\u015f\u00fcnas\u0131n\u0131n g\u00f6rd\u00fcy\u00fc m\u00fch\u00fcm i\u015fl\u0259rdir.<\/p>\n<h2>Ail\u0259 Qanununa \u0259sas\u0259n g\u00f6st\u0259ril\u0259n xidm\u0259tl\u0259r<\/h2>\n<p>Ail\u0259 h\u00fcququ ail\u0259 daxilind\u0259 ba\u015f ver\u0259n h\u00fcquqi \u0259m\u0259liyyatlar\u0131n idar\u0259 edilm\u0259sini v\u0259 h\u0259llini \u0259hat\u0259 ed\u0259n bir sah\u0259dir. Ail\u0259 h\u00fcququna nikah, bo\u015fanma, v\u0259r\u0259s\u0259lik, u\u015faqlar v\u0259 dig\u0259r ail\u0259 m\u00fcnasib\u0259tl\u0259ri kimi m\u00f6vzular daxildir. Ail\u0259 h\u00fcququ \u00e7\u0259r\u00e7iv\u0259sind\u0259 g\u00f6st\u0259ril\u0259n xidm\u0259tl\u0259r d\u0259 bu m\u0259s\u0259l\u0259l\u0259r\u0259 diqq\u0259t yetirir.<\/p>\n<ul>\n<li>Nikah xidm\u0259tl\u0259ri: <strong>ail\u0259 h\u00fcququ v\u0259kill\u0259ri<\/strong>, \u00e7iftlerin evlilik i\u015flemlerini y\u00fcr\u00fct\u00fcr ve evlilik s\u00f6zle\u015fmelerini haz\u0131rlar. Bundan \u0259lav\u0259, c\u00fctl\u00fckl\u0259rin nikah prosedurlar\u0131n\u0131 t\u0259nziml\u0259y\u0259n qanunlar\u0131 t\u0259svir edir v\u0259 bu qanunlara uy\u011fun olaraq nikah prosedurunu h\u0259yata ke\u00e7irir.<\/li>\n<li>Bo\u015fanma xidm\u0259tl\u0259ri: Ail\u0259 h\u00fcquq\u015f\u00fcnaslar\u0131 c\u00fctl\u00fckl\u0259rin bo\u015fanma prosesl\u0259rin\u0259 bax\u0131r v\u0259 bo\u015fanma zaman\u0131 u\u015faqlar\u0131n g\u0259l\u0259c\u0259yi, c\u00fctl\u0259r aras\u0131nda qalan \u0259mlak\u0131n b\u00f6l\u00fcnm\u0259si kimi m\u0259s\u0259l\u0259l\u0259r\u0259 h\u0259ll yollar\u0131 t\u0259qdim edir.<\/li>\n<li>V\u0259r\u0259s\u0259lik xidm\u0259tl\u0259ri: Ail\u0259 h\u00fcququ v\u0259kill\u0259ri miras\u0131n b\u00f6l\u00fcnm\u0259si v\u0259 miras \u0259m\u0259liyyatlar\u0131n\u0131n idar\u0259 edilm\u0259si il\u0259 ba\u011fl\u0131 qanunlar\u0131 izah edir.<\/li>\n<li>U\u015faq xidm\u0259tl\u0259ri: Ail\u0259 h\u00fcquq\u015f\u00fcnaslar\u0131 u\u015faqlar\u0131n q\u0259yyumlu\u011fu, onlara qulluq v\u0259 t\u0259hsil kimi m\u0259s\u0259l\u0259l\u0259ri h\u0259ll edir.<\/li>\n<li>Dig\u0259r ail\u0259 m\u00fcnasib\u0259tl\u0259ri xidm\u0259tl\u0259ri: Ail\u0259 h\u00fcquq\u015f\u00fcnaslar\u0131 valideynl\u0259r v\u0259 bac\u0131-qarda\u015flar aras\u0131ndak\u0131 m\u00fcnasib\u0259tl\u0259r kimi dig\u0259r ail\u0259 m\u00fcnasib\u0259tl\u0259rini d\u0259 h\u0259ll edirl\u0259r.<\/li>\n<\/ul>\n<p>Bu xidm\u0259tl\u0259r ail\u0259 h\u00fcququ sah\u0259sind\u0259 m\u00fch\u00fcm xidm\u0259tl\u0259rdir. Ail\u0259 h\u00fcququ v\u0259kill\u0259ri bu xidm\u0259tl\u0259ri g\u00f6st\u0259rir v\u0259 ail\u0259 h\u00fcququ m\u0259s\u0259l\u0259l\u0259ri il\u0259 ba\u011fl\u0131 m\u0259sl\u0259h\u0259tl\u0259r verir.<\/p>\n<h2>Ail\u0259 h\u00fcququnun \u0259h\u0259miyy\u0259ti n\u0259dir?<\/h2>\n<p><strong>Ail\u0259 h\u00fcququ<\/strong>,Ail\u0259 daxilind\u0259 ba\u015f ver\u0259n h\u00fcquqi \u0259m\u0259liyyatlar\u0131n idar\u0259 edilm\u0259sini v\u0259 h\u0259llini \u0259hat\u0259 ed\u0259n bir sah\u0259dir. Bu yolla ail\u0259 daxilind\u0259 \u0259dal\u0259tli v\u0259 nizaml\u0131 i\u015f m\u00fchiti yarad\u0131r. Ail\u0259 h\u00fcququna nikah, bo\u015fanma, v\u0259r\u0259s\u0259lik, u\u015faqlar v\u0259 dig\u0259r ail\u0259 m\u00fcnasib\u0259tl\u0259ri kimi m\u00f6vzular daxildir. Ail\u0259 h\u00fcququ ail\u0259 daxilind\u0259 ba\u015f ver\u0259n h\u00fcquqi \u0259m\u0259liyyatlar\u0131n idar\u0259 edilm\u0259sini v\u0259 h\u0259llini \u0259hat\u0259 ed\u0259n bir sah\u0259dir v\u0259 buna g\u00f6r\u0259 d\u0259 vacibdir.<\/p>\n<h2>Ail\u0259 h\u00fcququndan ir\u0259li g\u0259l\u0259n \u00f6hd\u0259liyin pozulmas\u0131<\/h2>\n<p>Ail\u0259 h\u00fcququ m\u0259s\u0259l\u0259l\u0259rind\u0259n ir\u0259li g\u0259l\u0259n \u00f6hd\u0259likl\u0259rin pozulmas\u0131 ail\u0259d\u0259 asayi\u015fi v\u0259 \u0259dal\u0259ti poza bil\u0259r. M\u0259s\u0259l\u0259n, nikah zaman\u0131 ba\u011flanm\u0131\u015f m\u00fcqavil\u0259nin m\u00fcdd\u0259alar\u0131na \u0259m\u0259l edilm\u0259dikd\u0259, bu m\u00fcqavil\u0259nin m\u00fcdd\u0259alar\u0131na \u0259m\u0259l ed\u0259n t\u0259r\u0259f z\u0259r\u0259r g\u00f6r\u0259 bil\u0259r. Benzer \u015fekilde, \u00e7ocuklar\u0131n velayeti, bak\u0131m\u0131 ve e\u011fitimi gibi konularda yap\u0131lan y\u00fck\u00fcml\u00fcl\u00fckler ihlal edilirse, \u00e7ocuklar zarar g\u00f6rebilir.<\/p>\n<p>Ona g\u00f6r\u0259 d\u0259 ail\u0259 h\u00fcququ m\u0259s\u0259l\u0259l\u0259rind\u0259n ir\u0259li g\u0259l\u0259n \u00f6hd\u0259likl\u0259rin pozulmas\u0131 m\u00fch\u00fcm m\u0259s\u0259l\u0259dir v\u0259 ona g\u00f6r\u0259 d\u0259 bu \u00f6hd\u0259likl\u0259rin pozulmas\u0131n\u0131n qar\u015f\u0131s\u0131 al\u0131nmal\u0131d\u0131r. Ail\u0259 h\u00fcququ m\u0259s\u0259l\u0259l\u0259rind\u0259n ir\u0259li g\u0259l\u0259n \u00f6hd\u0259likl\u0259rin pozulmas\u0131n\u0131n qar\u015f\u0131s\u0131 al\u0131narsa, ail\u0259daxili asayi\u015f v\u0259 \u0259dal\u0259t t\u0259min olunar, ail\u0259daxili m\u00fcnaqi\u015f\u0259 v\u0259 g\u0259rginlik azalar.<\/p>\n<\/div><\/div><\/div><\/div><div  class=\"bt_bb_column col-md-4 col-ms-12 bt_bb_align_left bt_bb_animation_fade_in animate bt_bb_icon_color_scheme_6 bt_bb_padding_normal bt_bb_animation_fade_in animate\"  data-width=\"4\"><div class=\"bt_bb_column_content bt_bb_vertical_align_top\"><div class=\"bt_bb_column_content_inner\"><header class=\"bt_bb_headline bt_bb_color_scheme_14 bt_bb_dash_none bt_bb_size_normal bt_bb_align_inherit\" style=\"; --primary-color:#343b57; --secondary-color:#367eb5;\" data-bt-override-class=\"{&quot;bt_bb_align_&quot;:{&quot;current_class&quot;:&quot;bt_bb_align_inherit&quot;,&quot;xxl&quot;:&quot;inherit&quot;,&quot;xl&quot;:&quot;inherit&quot;}}\"><h5 class=\"bt_bb_headline_tag\"><span class=\"bt_bb_headline_content\"><span>Di\u011fer Hizmetlerimiz<\/span><\/span><\/h5><\/header><div class=\"bt_bb_separator bt_bb_border_style_none bt_bb_bottom_spacing_small\" data-bt-override-class=\"null\"><\/div><div class=\"bt_bb_link\"><a href=\"http:\/\/esraaslanlaw.com\/aile-hukuku\/\" target=\"_self\" class=\"bt_bb_link_content\" title=\"Ail\u0259 h\u00fcququ\"><span class=\"bt_bb_link_text\">Ail\u0259 h\u00fcququ<\/span><\/a><\/div><div class=\"bt_bb_separator bt_bb_border_style_none\" data-bt-override-class=\"null\"><\/div><div class=\"bt_bb_link\"><a href=\"http:\/\/esraaslanlaw.com\/ceza-hukuku\/\" target=\"_self\" class=\"bt_bb_link_content\" title=\"Cinay\u0259t h\u00fcququ\"><span class=\"bt_bb_link_text\">Cinay\u0259t h\u00fcququ<\/span><\/a><\/div><div class=\"bt_bb_separator bt_bb_border_style_none\" data-bt-override-class=\"null\"><\/div><div class=\"bt_bb_link\"><a href=\"http:\/\/esraaslanlaw.com\/gayrimenkul-hukuku\/\" target=\"_self\" class=\"bt_bb_link_content\" title=\"Da\u015f\u0131nmaz \u018fmlak Qanunu\"><span class=\"bt_bb_link_text\">Da\u015f\u0131nmaz \u018fmlak Qanunu<\/span><\/a><\/div><div class=\"bt_bb_separator bt_bb_border_style_none\" data-bt-override-class=\"null\"><\/div><div class=\"bt_bb_link\"><a href=\"http:\/\/esraaslanlaw.com\/idare-hukuku\/\" target=\"_self\" class=\"bt_bb_link_content\" title=\"\u0130nzibati h\u00fcquq\"><span class=\"bt_bb_link_text\">\u0130nzibati h\u00fcquq<\/span><\/a><\/div><div class=\"bt_bb_separator bt_bb_border_style_none\" data-bt-override-class=\"null\"><\/div><div class=\"bt_bb_link\"><a href=\"http:\/\/esraaslanlaw.com\/is-hukuku\/\" target=\"_self\" class=\"bt_bb_link_content\" title=\"Biznes qanunu\"><span class=\"bt_bb_link_text\">Biznes qanunu<\/span><\/a><\/div><div class=\"bt_bb_separator bt_bb_border_style_none\" data-bt-override-class=\"null\"><\/div><div class=\"bt_bb_link\"><a href=\"http:\/\/esraaslanlaw.com\/miras-hukuku\/\" target=\"_self\" class=\"bt_bb_link_content\" title=\"V\u0259r\u0259s\u0259lik h\u00fcququ\"><span class=\"bt_bb_link_text\">V\u0259r\u0259s\u0259lik h\u00fcququ<\/span><\/a><\/div><div class=\"bt_bb_separator bt_bb_border_style_none\" data-bt-override-class=\"null\"><\/div><div class=\"bt_bb_link\"><a href=\"http:\/\/esraaslanlaw.com\/sigorta-ve-tazminat-hukuku\/\" target=\"_self\" class=\"bt_bb_link_content\" title=\"S\u0131\u011forta v\u0259 Kompensasiyalar Qanunu\"><span class=\"bt_bb_link_text\">S\u0131\u011forta v\u0259 Kompensasiyalar Qanunu<\/span><\/a><\/div><div class=\"bt_bb_separator bt_bb_border_style_none\" data-bt-override-class=\"null\"><\/div><div class=\"bt_bb_link\"><a href=\"http:\/\/esraaslanlaw.com\/ticaret-hukuku\/\" target=\"_self\" class=\"bt_bb_link_content\" title=\"ticar\u0259t h\u00fcququ\"><span class=\"bt_bb_link_text\">ticar\u0259t h\u00fcququ<\/span><\/a><\/div><div class=\"bt_bb_separator bt_bb_border_style_none\" data-bt-override-class=\"null\"><\/div><\/div><\/div><\/div><\/div><\/div><\/div><!-- cell_inner --><\/div><!-- cell --><\/div><!-- port --><\/section>","protected":false},"excerpt":{"rendered":"","protected":false},"author":1,"featured_media":0,"parent":0,"menu_order":0,"comment_status":"closed","ping_status":"closed","template":"","meta":[],"yoast_head":"<!-- This site is optimized with the Yoast SEO plugin v20.12 - https:\/\/yoast.com\/wordpress\/plugins\/seo\/ -->\n<title>Ail\u0259 h\u00fcququ - Avukat Esra Aslan<\/title>\n<meta name=\"robots\" content=\"index, follow, max-snippet:-1, max-image-preview:large, max-video-preview:-1\" \/>\n<link rel=\"canonical\" href=\"https:\/\/esraaslanlaw.com\/az\/ail\u0259-huququ\/\" \/>\n<meta property=\"og:locale\" content=\"az_AZ\" \/>\n<meta property=\"og:type\" content=\"article\" \/>\n<meta property=\"og:title\" content=\"Ail\u0259 h\u00fcququ - Avukat Esra Aslan\" \/>\n<meta property=\"og:url\" content=\"https:\/\/esraaslanlaw.com\/az\/ail\u0259-huququ\/\" \/>\n<meta property=\"og:site_name\" content=\"Avukat Esra Aslan\" \/>\n<meta property=\"article:modified_time\" content=\"2023-07-05T07:34:55+00:00\" \/>\n<meta name=\"twitter:card\" content=\"summary_large_image\" \/>\n<meta name=\"twitter:label1\" content=\"Est. reading time\" \/>\n\t<meta name=\"twitter:data1\" content=\"13 minutes\" \/>\n<script type=\"application\/ld+json\" class=\"yoast-schema-graph\">{\"@context\":\"https:\/\/schema.org\",\"@graph\":[{\"@type\":\"WebPage\",\"@id\":\"https:\/\/esraaslanlaw.com\/az\/ail%c9%99-huququ\/\",\"url\":\"https:\/\/esraaslanlaw.com\/az\/ail%c9%99-huququ\/\",\"name\":\"Ail\u0259 h\u00fcququ - Avukat Esra Aslan\",\"isPartOf\":{\"@id\":\"https:\/\/esraaslanlaw.com\/#website\"},\"datePublished\":\"2023-01-10T06:41:45+00:00\",\"dateModified\":\"2023-07-05T07:34:55+00:00\",\"breadcrumb\":{\"@id\":\"https:\/\/esraaslanlaw.com\/az\/ail%c9%99-huququ\/#breadcrumb\"},\"inLanguage\":\"az\",\"potentialAction\":[{\"@type\":\"ReadAction\",\"target\":[\"https:\/\/esraaslanlaw.com\/az\/ail%c9%99-huququ\/\"]}]},{\"@type\":\"BreadcrumbList\",\"@id\":\"https:\/\/esraaslanlaw.com\/az\/ail%c9%99-huququ\/#breadcrumb\",\"itemListElement\":[{\"@type\":\"ListItem\",\"position\":1,\"name\":\"Anasayfa\",\"item\":\"https:\/\/esraaslanlaw.com\/az\/\"},{\"@type\":\"ListItem\",\"position\":2,\"name\":\"Ail\u0259 h\u00fcququ\"}]},{\"@type\":\"WebSite\",\"@id\":\"https:\/\/esraaslanlaw.com\/#website\",\"url\":\"https:\/\/esraaslanlaw.com\/\",\"name\":\"Avukat Esra Aslan\",\"description\":\"\",\"publisher\":{\"@id\":\"https:\/\/esraaslanlaw.com\/#organization\"},\"potentialAction\":[{\"@type\":\"SearchAction\",\"target\":{\"@type\":\"EntryPoint\",\"urlTemplate\":\"https:\/\/esraaslanlaw.com\/?s={search_term_string}\"},\"query-input\":\"required name=search_term_string\"}],\"inLanguage\":\"az\"},{\"@type\":\"Organization\",\"@id\":\"https:\/\/esraaslanlaw.com\/#organization\",\"name\":\"Avukat Esra Aslan\",\"url\":\"https:\/\/esraaslanlaw.com\/\",\"logo\":{\"@type\":\"ImageObject\",\"inLanguage\":\"az\",\"@id\":\"https:\/\/esraaslanlaw.com\/#\/schema\/logo\/image\/\",\"url\":\"http:\/\/esraaslanlaw.com\/wp-content\/uploads\/2022\/12\/logo-aslan-demir-hukuk.png\",\"contentUrl\":\"http:\/\/esraaslanlaw.com\/wp-content\/uploads\/2022\/12\/logo-aslan-demir-hukuk.png\",\"width\":531,\"height\":190,\"caption\":\"Avukat Esra Aslan\"},\"image\":{\"@id\":\"https:\/\/esraaslanlaw.com\/#\/schema\/logo\/image\/\"}}]}<\/script>\n<!-- \/ Yoast SEO plugin. -->","yoast_head_json":{"title":"Ail\u0259 h\u00fcququ - Avukat Esra Aslan","robots":{"index":"index","follow":"follow","max-snippet":"max-snippet:-1","max-image-preview":"max-image-preview:large","max-video-preview":"max-video-preview:-1"},"canonical":"https:\/\/esraaslanlaw.com\/az\/ail\u0259-huququ\/","og_locale":"az_AZ","og_type":"article","og_title":"Ail\u0259 h\u00fcququ - Avukat Esra Aslan","og_url":"https:\/\/esraaslanlaw.com\/az\/ail\u0259-huququ\/","og_site_name":"Avukat Esra Aslan","article_modified_time":"2023-07-05T07:34:55+00:00","twitter_card":"summary_large_image","twitter_misc":{"Est. reading time":"13 minutes"},"schema":{"@context":"https:\/\/schema.org","@graph":[{"@type":"WebPage","@id":"https:\/\/esraaslanlaw.com\/az\/ail%c9%99-huququ\/","url":"https:\/\/esraaslanlaw.com\/az\/ail%c9%99-huququ\/","name":"Ail\u0259 h\u00fcququ - Avukat Esra Aslan","isPartOf":{"@id":"https:\/\/esraaslanlaw.com\/#website"},"datePublished":"2023-01-10T06:41:45+00:00","dateModified":"2023-07-05T07:34:55+00:00","breadcrumb":{"@id":"https:\/\/esraaslanlaw.com\/az\/ail%c9%99-huququ\/#breadcrumb"},"inLanguage":"az","potentialAction":[{"@type":"ReadAction","target":["https:\/\/esraaslanlaw.com\/az\/ail%c9%99-huququ\/"]}]},{"@type":"BreadcrumbList","@id":"https:\/\/esraaslanlaw.com\/az\/ail%c9%99-huququ\/#breadcrumb","itemListElement":[{"@type":"ListItem","position":1,"name":"Anasayfa","item":"https:\/\/esraaslanlaw.com\/az\/"},{"@type":"ListItem","position":2,"name":"Ail\u0259 h\u00fcququ"}]},{"@type":"WebSite","@id":"https:\/\/esraaslanlaw.com\/#website","url":"https:\/\/esraaslanlaw.com\/","name":"Avukat Esra Aslan","description":"","publisher":{"@id":"https:\/\/esraaslanlaw.com\/#organization"},"potentialAction":[{"@type":"SearchAction","target":{"@type":"EntryPoint","urlTemplate":"https:\/\/esraaslanlaw.com\/?s={search_term_string}"},"query-input":"required name=search_term_string"}],"inLanguage":"az"},{"@type":"Organization","@id":"https:\/\/esraaslanlaw.com\/#organization","name":"Avukat Esra Aslan","url":"https:\/\/esraaslanlaw.com\/","logo":{"@type":"ImageObject","inLanguage":"az","@id":"https:\/\/esraaslanlaw.com\/#\/schema\/logo\/image\/","url":"http:\/\/esraaslanlaw.com\/wp-content\/uploads\/2022\/12\/logo-aslan-demir-hukuk.png","contentUrl":"http:\/\/esraaslanlaw.com\/wp-content\/uploads\/2022\/12\/logo-aslan-demir-hukuk.png","width":531,"height":190,"caption":"Avukat Esra Aslan"},"image":{"@id":"https:\/\/esraaslanlaw.com\/#\/schema\/logo\/image\/"}}]}},"_links":{"self":[{"href":"https:\/\/esraaslanlaw.com\/az\/wp-json\/wp\/v2\/pages\/6602"}],"collection":[{"href":"https:\/\/esraaslanlaw.com\/az\/wp-json\/wp\/v2\/pages"}],"about":[{"href":"https:\/\/esraaslanlaw.com\/az\/wp-json\/wp\/v2\/types\/page"}],"author":[{"embeddable":true,"href":"https:\/\/esraaslanlaw.com\/az\/wp-json\/wp\/v2\/users\/1"}],"replies":[{"embeddable":true,"href":"https:\/\/esraaslanlaw.com\/az\/wp-json\/wp\/v2\/comments?post=6602"}],"version-history":[{"count":1,"href":"https:\/\/esraaslanlaw.com\/az\/wp-json\/wp\/v2\/pages\/6602\/revisions"}],"predecessor-version":[{"id":6603,"href":"https:\/\/esraaslanlaw.com\/az\/wp-json\/wp\/v2\/pages\/6602\/revisions\/6603"}],"wp:attachment":[{"href":"https:\/\/esraaslanlaw.com\/az\/wp-json\/wp\/v2\/media?parent=6602"}],"curies":[{"name":"wp","href":"https:\/\/api.w.org\/{rel}","templated":true}]}}